{"id":1769,"date":"2025-11-04T13:06:33","date_gmt":"2025-11-04T13:06:33","guid":{"rendered":"https:\/\/shgotopharm.com\/?post_type=product&#038;p=1769"},"modified":"2025-12-12T18:05:24","modified_gmt":"2025-12-12T18:05:24","slug":"buy-drostanolone-enanthate","status":"publish","type":"product","link":"https:\/\/shgotopharm.com\/pl\/product\/buy-drostanolone-enanthate\/","title":{"rendered":"Kup Drostanolone Enanthate (Masteron Enanthate)"},"content":{"rendered":"<h2><a href=\"https:\/\/shgotopharm.com\/pl\/product\/buy-drostanolone-enanthate\/\">Kup Drostanolone Enanthate (Masteron Enanthate)<\/a><\/h2>\n<p>Drostanolon, powszechnie znany pod nazw\u0105 handlow\u0105 Masteron, jest sterydem anabolicznym pochodz\u0105cym z dihydrotestosteronu (DHT). Dzi\u0119ki niewielkiej modyfikacji chemicznej, Drostanolone wykazuje silniejsze dzia\u0142anie anaboliczne w por\u00f3wnaniu do samego DHT.<\/p>\n<p>Obie wersje zawieraj\u0105 ten sam aktywny hormon, ale r\u00f3\u017cni\u0105 si\u0119 przy\u0142\u0105czonym estrem, kt\u00f3ry wp\u0142ywa na to, jak szybko steryd jest uwalniany do krwiobiegu i jak d\u0142ugo pozostaje aktywny w organizmie. Ester nie zmienia rzeczywistej funkcji Drostanolone - po od\u0142\u0105czeniu czysty hormon skutecznie zapewnia swoje dzia\u0142anie.<\/p>\n<h3>Kup Drostanolone Enanthate (Masteron Enanthate)<\/h3>\n<p>Masteron Enanthate, czyli Drostanolone Enanthate, wyr\u00f3\u017cnia si\u0119 tym, \u017ce jest jednym z niewielu steryd\u00f3w anabolicznych o silnych w\u0142a\u015bciwo\u015bciach antyestrogennych. To czyni go ulubionym w cyklach kulturystycznych przed zawodami, w kt\u00f3rych sportowcy d\u0105\u017c\u0105 do zwi\u0119kszenia twardo\u015bci i definicji mi\u0119\u015bni przy jednoczesnym zminimalizowaniu retencji wody.<\/p>\n<p>Chocia\u017c jego dzia\u0142anie jest stosunkowo \u0142agodne, gdy jest stosowany samodzielnie, Masteron Enanthate dzia\u0142a synergistycznie z innymi zwi\u0105zkami anabolicznymi, aby promowa\u0107 szczuplejsz\u0105, g\u0119stsz\u0105 i bardziej wyrze\u017abion\u0105 sylwetk\u0119. Jest szczeg\u00f3lnie ceniony przez kulturyst\u00f3w wyczynowych i rekreacyjnych podczas faz ci\u0119cia. Kup Drostanolone Enanthate<\/p>\n<h3>Masteron Enanthate: Kluczowe szczeg\u00f3\u0142y<\/h3>\n<p>Zwi\u0105zek podstawowy: Dihydrotestosteron (DHT)<\/p>\n<p>Kategoria: Sterydy anaboliczno-androgenne (AAS)<\/p>\n<p>Podstawowe zastosowanie: Ci\u0119cie i przygotowanie do zawod\u00f3w<\/p>\n<p>Godna uwagi cecha: Dzia\u0142anie antyestrogenowe - pomaga zmniejszy\u0107 skutki uboczne zwi\u0105zane z estrogenami<\/p>\n<p>Posta\u0107: Do wstrzykiwa\u0144<\/p>\n<p>Masteron Enanthate pierwotnie ewoluowa\u0142 jako podziemna modyfikacja wycofanego obecnie propionianu drostanolonu, oferuj\u0105c d\u0142u\u017cszy \u0142a\u0144cuch estrowy dla przed\u0142u\u017conej aktywno\u015bci i rzadszych zastrzyk\u00f3w.<\/p>\n<h3>Typowe dawkowanie Masteron Enanthate<\/h3>\n<p>W przypadku wi\u0119kszo\u015bci m\u0119\u017cczyzn za standardowy zakres dawkowania uwa\u017ca si\u0119 400-500 mg tygodniowo.<br \/>\nCa\u0142kowita tygodniowa dawka jest zwykle dzielona na dwa wstrzykni\u0119cia - na przyk\u0142ad:<\/p>\n<p>Poniedzia\u0142ek: Pierwsza dawka<\/p>\n<p>Czwartek: Druga dawka<\/p>\n<p>Typowy cykl trwa od 6 do 12 tygodni, w zale\u017cno\u015bci od indywidualnych cel\u00f3w, poziomu do\u015bwiadczenia i og\u00f3lnego sk\u0142adu cyklu.<\/p>\n<h3>Przemy\u015blenia ko\u0144cowe<\/h3>\n<p>Drostanolone Enanthate (Masteron Enanthate) pozostaje kamieniem w\u0119gielnym dla kulturyst\u00f3w poszukuj\u0105cych suchego, twardego wygl\u0105du przy minimalnej aktywno\u015bci estrogenowej. Jego kompatybilno\u015b\u0107 z innymi sterydami anabolicznymi czyni go skutecznym dodatkiem do cykli ci\u0119cia i przygotowania do zawod\u00f3w, szczeg\u00f3lnie dla sportowc\u00f3w d\u0105\u017c\u0105cych do uzyskania dodatkowej przewagi w definicji mi\u0119\u015bni. Kup Drostanolone Enanthate<\/p>","protected":false},"excerpt":{"rendered":"<h2><a href=\"https:\/\/shgotopharm.com\/pl\/product\/buy-drostanolone-enanthate\/\">Kup Drostanolone Enanthate (Masteron Enanthate)<\/a><\/h2>\n<p>Drostanolon, powszechnie znany pod nazw\u0105 handlow\u0105 Masteron, jest sterydem anabolicznym pochodz\u0105cym z dihydrotestosteronu (DHT)<\/p>","protected":false},"featured_media":1770,"comment_status":"open","ping_status":"closed","template":"","meta":[],"product_brand":[],"product_cat":[390],"product_tag":[935,944,934,949,945,938,933,756,757,932,943,758,759,760,761,762,764,755,763,939,931,754,940,937,948,936,946,947,942,941],"class_list":{"0":"post-1769","1":"product","2":"type-product","3":"status-publish","4":"has-post-thumbnail","6":"product_cat-oral-steroids","7":"product_tag-aas-poland","8":"product_tag-aas-raw-materials-australia","9":"product_tag-aas-raws","10":"product_tag-anabolic-steroid-manufacturer-canada","11":"product_tag-anabolic-steroid-powders-online","12":"product_tag-best-steroid-powder-supplier-usa","13":"product_tag-buy-aas-raws-online","14":"product_tag-buy-drostanolone-enanthate","15":"product_tag-buy-drostanolone-enanthate-powder","16":"product_tag-buy-raw-steroid-powders-online","17":"product_tag-buy-raw-steroids-china","18":"product_tag-drostanolone-enanthate","19":"product_tag-drostanolone-enanthate-200","20":"product_tag-drostanolone-enanthate-200mg","21":"product_tag-drostanolone-enanthate-bodybuilding","22":"product_tag-drostanolone-enanthate-raw-powder","23":"product_tag-drostanolone-powder-australia","24":"product_tag-drostanolone-powder-drostanolone-masteron-raws-anabolic-steroid-hormone","25":"product_tag-drostanolone-powder-usa","26":"product_tag-high-purity-anabolic-steroids-canada","27":"product_tag-raw-steroids-for-sale","28":"product_tag-steroid-raw","29":"product_tag-steroid-raw-material-factory-europe","30":"product_tag-steroid-raws-online","31":"product_tag-steroid-raws-supplier-florida","32":"product_tag-supplier-usa","33":"product_tag-testosterone-raw-powder-poland","34":"product_tag-trenbolone-powder-thailand","35":"product_tag-trusted-steroid-raw-supplier-worldwide","36":"product_tag-wholesale-steroid-powders-australia","38":"first","39":"instock","40":"shipping-taxable","41":"product-type-simple"},"_links":{"self":[{"href":"https:\/\/shgotopharm.com\/pl\/wp-json\/wp\/v2\/product\/1769","targetHints":{"allow":["GET"]}}],"collection":[{"href":"https:\/\/shgotopharm.com\/pl\/wp-json\/wp\/v2\/product"}],"about":[{"href":"https:\/\/shgotopharm.com\/pl\/wp-json\/wp\/v2\/types\/product"}],"replies":[{"embeddable":true,"href":"https:\/\/shgotopharm.com\/pl\/wp-json\/wp\/v2\/comments?post=1769"}],"wp:featuredmedia":[{"embeddable":true,"href":"https:\/\/shgotopharm.com\/pl\/wp-json\/wp\/v2\/media\/1770"}],"wp:attachment":[{"href":"https:\/\/shgotopharm.com\/pl\/wp-json\/wp\/v2\/media?parent=1769"}],"wp:term":[{"taxonomy":"product_brand","embeddable":true,"href":"https:\/\/shgotopharm.com\/pl\/wp-json\/wp\/v2\/product_brand?post=1769"},{"taxonomy":"product_cat","embeddable":true,"href":"https:\/\/shgotopharm.com\/pl\/wp-json\/wp\/v2\/product_cat?post=1769"},{"taxonomy":"product_tag","embeddable":true,"href":"https:\/\/shgotopharm.com\/pl\/wp-json\/wp\/v2\/product_tag?post=1769"}],"curies":[{"name":"wp","href":"https:\/\/api.w.org\/{rel}","templated":true}]}}