{"id":1775,"date":"2025-11-05T02:19:07","date_gmt":"2025-11-05T02:19:07","guid":{"rendered":"https:\/\/shgotopharm.com\/?post_type=product&#038;p=1775"},"modified":"2025-11-10T10:04:34","modified_gmt":"2025-11-10T10:04:34","slug":"raw-nandrolone-decanoate","status":"publish","type":"product","link":"https:\/\/shgotopharm.com\/pl\/product\/raw-nandrolone-decanoate\/","title":{"rendered":"Surowy dekanian nandrolonu (Deca Durabolin)"},"content":{"rendered":"<h2 data-start=\"373\" data-end=\"430\"><a href=\"https:\/\/shgotopharm.com\/pl\/product\/raw-nandrolone-decanoate\/\"><strong data-start=\"376\" data-end=\"430\">Surowy dekanian nandrolonu (Deca Durabolin)\u00a0<\/strong><\/a><\/h2>\n<p data-start=\"432\" data-end=\"811\"><strong data-start=\"432\" data-end=\"460\">Surowy dekanian nandrolonu<\/strong>, powszechnie znany pod nazw\u0105 handlow\u0105 <strong data-start=\"495\" data-end=\"513\">Deca Durabolin<\/strong>, jest jednym z najbardziej rozpoznawalnych i szeroko stosowanych steryd\u00f3w anabolicznych w kulturystyce i spo\u0142eczno\u015bci sportowej. Znany ze swojej zdolno\u015bci do zwi\u0119kszania <strong data-start=\"656\" data-end=\"711\">wzrost mi\u0119\u015bni, regeneracja staw\u00f3w i og\u00f3lna si\u0142a<\/strong>, Ta mieszanka jest pot\u0119\u017cnym wyborem zar\u00f3wno dla profesjonalnych sportowc\u00f3w, jak i powa\u017cnych entuzjast\u00f3w fitnessu.<\/p>\n<hr data-start=\"813\" data-end=\"816\" \/>\n<h2 data-start=\"818\" data-end=\"869\"><strong data-start=\"821\" data-end=\"869\">Informacje o produkcie Raw Nandrolone Decanoate<\/strong><\/h2>\n<ul data-start=\"871\" data-end=\"1275\">\n<li data-start=\"871\" data-end=\"913\">\n<p data-start=\"873\" data-end=\"913\"><strong data-start=\"873\" data-end=\"890\">Nazwa produktu:<\/strong> Dekanian nandrolonu<\/p>\n<\/li>\n<li data-start=\"914\" data-end=\"950\">\n<p data-start=\"916\" data-end=\"950\"><strong data-start=\"916\" data-end=\"932\">Inne nazwy:<\/strong> Deca, Durabolin<\/p>\n<\/li>\n<li data-start=\"951\" data-end=\"979\">\n<p data-start=\"953\" data-end=\"979\"><strong data-start=\"953\" data-end=\"968\">Numer CAS:<\/strong> 360-70-3<\/p>\n<\/li>\n<li data-start=\"980\" data-end=\"1005\">\n<p data-start=\"982\" data-end=\"1005\"><strong data-start=\"982\" data-end=\"993\">EINECS:<\/strong> 206-639-3<\/p>\n<\/li>\n<li data-start=\"1006\" data-end=\"1041\">\n<p data-start=\"1008\" data-end=\"1041\"><strong data-start=\"1008\" data-end=\"1030\">Wz\u00f3r cz\u0105steczkowy:<\/strong> C\u2082\u2088H\u2084\u2084O\u2083<\/p>\n<\/li>\n<li data-start=\"1042\" data-end=\"1074\">\n<p data-start=\"1044\" data-end=\"1074\"><strong data-start=\"1044\" data-end=\"1065\">Masa cz\u0105steczkowa:<\/strong> 428.65<\/p>\n<\/li>\n<li data-start=\"1075\" data-end=\"1102\">\n<p data-start=\"1077\" data-end=\"1102\"><strong data-start=\"1077\" data-end=\"1088\">Czysto\u015b\u0107:<\/strong> 99% minimum<\/p>\n<\/li>\n<li data-start=\"1103\" data-end=\"1147\">\n<p data-start=\"1105\" data-end=\"1147\"><strong data-start=\"1105\" data-end=\"1120\">Wygl\u0105d:<\/strong> Bia\u0142y krystaliczny proszek<\/p>\n<\/li>\n<li data-start=\"1148\" data-end=\"1217\">\n<p data-start=\"1150\" data-end=\"1217\"><strong data-start=\"1150\" data-end=\"1164\">Opakowanie:<\/strong> Worek z folii aluminiowej 1 kg (dost\u0119pne opakowanie niestandardowe)<\/p>\n<\/li>\n<li data-start=\"1218\" data-end=\"1275\">\n<p data-start=\"1220\" data-end=\"1275\"><strong data-start=\"1220\" data-end=\"1230\">Zastosowanie:<\/strong> Materia\u0142y farmaceutyczne i badawcze<\/p>\n<\/li>\n<\/ul>\n<hr data-start=\"1277\" data-end=\"1280\" \/>\n<h2 data-start=\"1282\" data-end=\"1315\"><strong data-start=\"1285\" data-end=\"1315\">Opis i kontekst<\/strong><\/h2>\n<p data-start=\"1317\" data-end=\"1584\"><strong data-start=\"1317\" data-end=\"1341\">Dekanian nandrolonu<\/strong>, lub <strong data-start=\"1346\" data-end=\"1364\">Deca Durabolin<\/strong>, jest d\u0142ugo dzia\u0142aj\u0105cym <strong data-start=\"1383\" data-end=\"1420\">steryd anaboliczno-androgenny (AAS)<\/strong> pochodz\u0105cy z testosteronu. Po raz pierwszy wprowadzony w latach 60-tych, od tego czasu sta\u0142 si\u0119 podstaw\u0105 dla os\u00f3b d\u0105\u017c\u0105cych do <strong data-start=\"1534\" data-end=\"1581\">zwi\u0119kszaj\u0105 rozmiar, si\u0142\u0119 i regeneracj\u0119 mi\u0119\u015bni<\/strong>.<\/p>\n<p data-start=\"1586\" data-end=\"1924\">Z medycznego punktu widzenia, <strong data-start=\"1597\" data-end=\"1621\">Dekanian nandrolonu<\/strong> jest przepisywany w leczeniu <strong data-start=\"1645\" data-end=\"1700\">niedokrwisto\u015b\u0107, osteoporoza i choroby wyniszczaj\u0105ce mi\u0119\u015bnie<\/strong>, Pomaga organizmowi odbudowa\u0107 tkanki os\u0142abione w wyniku choroby lub urazu. W sporcie i fitnessie podziwiana jest za swoje <strong data-start=\"1825\" data-end=\"1853\">dzia\u0142anie ochronne na stawy<\/strong> oraz <strong data-start=\"1858\" data-end=\"1896\">zdolno\u015b\u0107 do zwi\u0119kszania bezt\u0142uszczowej masy cia\u0142a<\/strong> bez nadmiernego przyrostu tkanki t\u0142uszczowej.<\/p>\n<p data-start=\"1926\" data-end=\"2181\">Ten zwi\u0105zek ma <strong data-start=\"1946\" data-end=\"1986\">okres p\u00f3\u0142trwania oko\u0142o 6-12 dni<\/strong>, dzi\u0119ki czemu idealnie nadaje si\u0119 do <strong data-start=\"2008\" data-end=\"2035\">Cotygodniowe cykle wtrysku<\/strong>. Promuje <strong data-start=\"2049\" data-end=\"2071\">retencja azotu<\/strong> oraz <strong data-start=\"2076\" data-end=\"2105\">produkcja czerwonych krwinek<\/strong>, co prowadzi do poprawy wytrzyma\u0142o\u015bci, regeneracji i og\u00f3lnej wydajno\u015bci sportowej.<\/p>\n<hr data-start=\"2183\" data-end=\"2186\" \/>\n<h2 data-start=\"2188\" data-end=\"2235\"><strong data-start=\"2191\" data-end=\"2235\">Kluczowe zalety surowego dekanianu nandrolonu<\/strong><\/h2>\n<ul data-start=\"2237\" data-end=\"2764\">\n<li data-start=\"2237\" data-end=\"2324\">\n<p data-start=\"2239\" data-end=\"2324\"><strong data-start=\"2239\" data-end=\"2266\">Wspomaga wzrost mi\u0119\u015bni:<\/strong> Zwi\u0119ksza syntez\u0119 bia\u0142ek i rozw\u00f3j bezt\u0142uszczowej masy mi\u0119\u015bniowej.<\/p>\n<\/li>\n<li data-start=\"2325\" data-end=\"2416\">\n<p data-start=\"2327\" data-end=\"2416\"><strong data-start=\"2327\" data-end=\"2361\">Zwi\u0119ksza si\u0142\u0119 i wytrzyma\u0142o\u015b\u0107:<\/strong> Poprawia wydolno\u015b\u0107 treningow\u0105 i wyniki sportowe.<\/p>\n<\/li>\n<li data-start=\"2417\" data-end=\"2506\">\n<p data-start=\"2419\" data-end=\"2506\"><strong data-start=\"2419\" data-end=\"2445\">Wspomaga zdrowie staw\u00f3w:<\/strong> Znany ze swojego dzia\u0142ania smaruj\u0105cego i ochronnego na stawy.<\/p>\n<\/li>\n<li data-start=\"2507\" data-end=\"2583\">\n<p data-start=\"2509\" data-end=\"2583\"><strong data-start=\"2509\" data-end=\"2544\">Zwi\u0119ksza liczb\u0119 czerwonych krwinek:<\/strong> Zwi\u0119ksza dostarczanie tlenu do mi\u0119\u015bni.<\/p>\n<\/li>\n<li data-start=\"2584\" data-end=\"2662\">\n<p data-start=\"2586\" data-end=\"2662\"><strong data-start=\"2586\" data-end=\"2604\">Wspomaga regeneracj\u0119:<\/strong> Przyspiesza gojenie po intensywnych treningach i urazach.<\/p>\n<\/li>\n<li data-start=\"2663\" data-end=\"2764\">\n<p data-start=\"2665\" data-end=\"2764\"><strong data-start=\"2665\" data-end=\"2701\">Minimalne androgenne skutki uboczne:<\/strong> Ni\u017csze ryzyko wypadania w\u0142os\u00f3w i tr\u0105dziku w por\u00f3wnaniu z innymi sterydami.<\/p>\n<\/li>\n<\/ul>\n<p data-start=\"2766\" data-end=\"2971\">Sportowcy cz\u0119sto zg\u0142aszaj\u0105 <strong data-start=\"2788\" data-end=\"2812\">lepszy komfort staw\u00f3w<\/strong> oraz <strong data-start=\"2817\" data-end=\"2843\">skr\u00f3cony czas odzyskiwania<\/strong> podczas stosowania niskich dawek <strong data-start=\"2870\" data-end=\"2898\">Surowy dekanian nandrolonu<\/strong>, dzi\u0119ki czemu jest cennym dodatkiem zar\u00f3wno do schemat\u00f3w \u0142\u0105czenia, jak i terapeutycznych.<\/p>\n<hr data-start=\"2973\" data-end=\"2976\" \/>\n<h2 data-start=\"2978\" data-end=\"3023\"><strong data-start=\"2981\" data-end=\"3023\">Sugerowane dawkowanie i informacje o cyklu<\/strong><\/h2>\n<h3 data-start=\"3025\" data-end=\"3056\"><strong data-start=\"3029\" data-end=\"3056\">Dla kulturyst\u00f3w (m\u0119\u017cczyzn):<\/strong><\/h3>\n<ul data-start=\"3057\" data-end=\"3287\">\n<li data-start=\"3057\" data-end=\"3125\">\n<p data-start=\"3059\" data-end=\"3125\"><strong data-start=\"3059\" data-end=\"3089\">Zalecane tygodniowe dawkowanie:<\/strong> 1,8-3 mg na funt masy cia\u0142a<\/p>\n<\/li>\n<li data-start=\"3126\" data-end=\"3173\">\n<p data-start=\"3128\" data-end=\"3173\"><strong data-start=\"3128\" data-end=\"3151\">Dawkowanie terapeutyczne:<\/strong> 100-200 mg na tydzie\u0144<\/p>\n<\/li>\n<li data-start=\"3174\" data-end=\"3211\">\n<p data-start=\"3176\" data-end=\"3211\"><strong data-start=\"3176\" data-end=\"3201\">Minimalna d\u0142ugo\u015b\u0107 cyklu:<\/strong> 8 tygodni<\/p>\n<\/li>\n<li data-start=\"3212\" data-end=\"3248\">\n<p data-start=\"3214\" data-end=\"3248\"><strong data-start=\"3214\" data-end=\"3237\">Idealna d\u0142ugo\u015b\u0107 cyklu:<\/strong> 12 tygodni<\/p>\n<\/li>\n<li data-start=\"3249\" data-end=\"3287\">\n<p data-start=\"3251\" data-end=\"3287\"><strong data-start=\"3251\" data-end=\"3276\">Maksymalna d\u0142ugo\u015b\u0107 cyklu:<\/strong> 16 tygodni<\/p>\n<\/li>\n<\/ul>\n<h3 data-start=\"3289\" data-end=\"3307\"><strong data-start=\"3293\" data-end=\"3307\">Dla kobiet:<\/strong><\/h3>\n<ul data-start=\"3308\" data-end=\"3395\">\n<li data-start=\"3308\" data-end=\"3395\">\n<p data-start=\"3310\" data-end=\"3395\"><strong data-start=\"3310\" data-end=\"3346\">Og\u00f3lnie nie zaleca si\u0119 stosowania<\/strong> ze wzgl\u0119du na mo\u017cliwo\u015b\u0107 wyst\u0105pienia efekt\u00f3w wirylizacji.<\/p>\n<\/li>\n<\/ul>\n<hr data-start=\"3397\" data-end=\"3400\" \/>\n<h2 data-start=\"3402\" data-end=\"3445\"><strong data-start=\"3405\" data-end=\"3445\">Dlaczego warto wybra\u0107 surowy dekanian nandrolonu?<\/strong><\/h2>\n<p data-start=\"3447\" data-end=\"3689\">Nasz <strong data-start=\"3451\" data-end=\"3486\">Surowy proszek dekanianu nandrolonu<\/strong> jest produkowany zgodnie z rygorystycznymi standardami kontroli jako\u015bci, zapewniaj\u0105c <strong data-start=\"3552\" data-end=\"3589\">Czysto\u015b\u0107 i sta\u0142a moc 99%<\/strong>. Jest idealny dla <strong data-start=\"3607\" data-end=\"3677\">badania, formulacja farmaceutyczna i profesjonalne tworzenie mieszanek<\/strong> cele.<\/p>\n<p data-start=\"3691\" data-end=\"3900\">Niezale\u017cnie od tego, czy Twoim celem jest <strong data-start=\"3715\" data-end=\"3780\">zwi\u0119kszaj\u0105 si\u0142\u0119, wspomagaj\u0105 regeneracj\u0119 lub utrzymuj\u0105 tkank\u0119 mi\u0119\u015bniow\u0105<\/strong> podczas fazy ci\u0119cia, <strong data-start=\"3805\" data-end=\"3833\">Surowy dekanian nandrolonu<\/strong> pozostaje jednym z najbardziej zaufanych i skutecznych dost\u0119pnych zwi\u0105zk\u00f3w.<\/p>","protected":false},"excerpt":{"rendered":"<h2 data-start=\"373\" data-end=\"430\"><a href=\"https:\/\/shgotopharm.com\/pl\/product\/raw-nandrolone-decanoate\/\"><strong data-start=\"376\" data-end=\"430\">Surowy dekanian nandrolonu (Deca Durabolin)\u00a0<\/strong><\/a><\/h2>\n<p data-start=\"432\" data-end=\"811\"><strong data-start=\"432\" data-end=\"460\">Surowy dekanian nandrolonu<\/strong>, powszechnie znany pod nazw\u0105 handlow\u0105 <strong data-start=\"495\" data-end=\"513\">Deca Durabolin<\/strong>,<\/p>","protected":false},"featured_media":1776,"comment_status":"open","ping_status":"closed","template":"","meta":[],"product_brand":[],"product_cat":[796],"product_tag":[935,944,934,949,945,268,938,933,841,805,810,814,843,818,823,828,802,807,838,812,833,816,826,831,830,820,825,835,932,943,799,804,840,845,809,813,817,822,827,832,842,837,847,801,806,811,800,815,819,939,281,808,846,829,824,834,839,844,798,803,836,821,797,931,940,937,948,282,936,946,947,942,941],"class_list":{"0":"post-1775","1":"product","2":"type-product","3":"status-publish","4":"has-post-thumbnail","6":"product_cat-nandrolone","7":"product_tag-aas-poland","8":"product_tag-aas-raw-materials-australia","9":"product_tag-aas-raws","10":"product_tag-anabolic-steroid-manufacturer-canada","11":"product_tag-anabolic-steroid-powders-online","12":"product_tag-anabolic-steroids","13":"product_tag-best-steroid-powder-supplier-usa","14":"product_tag-buy-aas-raws-online","15":"product_tag-buy-anabolic-steroids","16":"product_tag-buy-deca-durabolin","17":"product_tag-buy-deca-durabolin-300-mg","18":"product_tag-buy-deca-durabolin-australia","19":"product_tag-buy-deca-durabolin-canada","20":"product_tag-buy-deca-durabolin-injectable","21":"product_tag-buy-deca-durabolin-injectable-uk","22":"product_tag-buy-deca-durabolin-online","23":"product_tag-buy-deca-durabolin-online-canada","24":"product_tag-buy-deca-durabolin-pills-uk","25":"product_tag-buy-deca-durabolin-polan","26":"product_tag-buy-deca-durabolin-powder","27":"product_tag-buy-deca-durabolin-usa","28":"product_tag-buy-deca-durabolin-with-paypal","29":"product_tag-buy-nandrolone-decanoate","30":"product_tag-buy-nandrolone-decanoate-online","31":"product_tag-buy-nandrolone-decanoate-online-uk","32":"product_tag-buy-nandrolone-decanoate-powder","33":"product_tag-buy-nandrolone-decanoate-thailand","34":"product_tag-buy-nandrolone-decanoate-uk","35":"product_tag-buy-raw-steroid-powders-online","36":"product_tag-buy-raw-steroids-china","37":"product_tag-deca","38":"product_tag-deca-durabolin","39":"product_tag-deca-durabolin-buy","40":"product_tag-deca-durabolin-dosage","41":"product_tag-deca-durabolin-for-sale","42":"product_tag-deca-durabolin-gains","43":"product_tag-deca-durabolin-half-life","44":"product_tag-deca-durabolin-manufacturer","45":"product_tag-deca-durabolin-nandrolone-decanoate-buy","46":"product_tag-deca-durabolin-powder","47":"product_tag-deca-durabolin-powder-conversion","48":"product_tag-deca-durabolin-powder-for-sale","49":"product_tag-deca-durabolin-price","50":"product_tag-deca-durabolin-source","51":"product_tag-deca-durabolin-steroids","52":"product_tag-deca-durabolin-suppliers","53":"product_tag-deca-durabolin-sustanon-dianabol","54":"product_tag-deca-durabolin-wholesale","55":"product_tag-deca-powder","56":"product_tag-high-purity-anabolic-steroids-canada","57":"product_tag-hormone","58":"product_tag-how-to-make-deca-durabolin-from-powder","59":"product_tag-nandrolone-decanoate","60":"product_tag-nandrolone-decanoate-200-mg","61":"product_tag-nandrolone-decanoate-for-sale","62":"product_tag-nandrolone-decanoate-powder","63":"product_tag-nandrolone-decanoate-powder-buy","64":"product_tag-nandrolone-decanoate-powder-price","65":"product_tag-nandrolone-decanoate-price","66":"product_tag-nandrolone-decanoate-raw-powder","67":"product_tag-nandrolone-decanoate-steroid","68":"product_tag-nandrolone-powders-aas","69":"product_tag-nandrolone-raw-powders-buy-deca-durabolin-brazil","70":"product_tag-raw-steroids-for-sale","71":"product_tag-steroid-raw-material-factory-europe","72":"product_tag-steroid-raws-online","73":"product_tag-steroid-raws-supplier-florida","74":"product_tag-steroids","75":"product_tag-supplier-usa","76":"product_tag-testosterone-raw-powder-poland","77":"product_tag-trenbolone-powder-thailand","78":"product_tag-trusted-steroid-raw-supplier-worldwide","79":"product_tag-wholesale-steroid-powders-australia","81":"first","82":"instock","83":"shipping-taxable","84":"product-type-simple"},"_links":{"self":[{"href":"https:\/\/shgotopharm.com\/pl\/wp-json\/wp\/v2\/product\/1775","targetHints":{"allow":["GET"]}}],"collection":[{"href":"https:\/\/shgotopharm.com\/pl\/wp-json\/wp\/v2\/product"}],"about":[{"href":"https:\/\/shgotopharm.com\/pl\/wp-json\/wp\/v2\/types\/product"}],"replies":[{"embeddable":true,"href":"https:\/\/shgotopharm.com\/pl\/wp-json\/wp\/v2\/comments?post=1775"}],"wp:featuredmedia":[{"embeddable":true,"href":"https:\/\/shgotopharm.com\/pl\/wp-json\/wp\/v2\/media\/1776"}],"wp:attachment":[{"href":"https:\/\/shgotopharm.com\/pl\/wp-json\/wp\/v2\/media?parent=1775"}],"wp:term":[{"taxonomy":"product_brand","embeddable":true,"href":"https:\/\/shgotopharm.com\/pl\/wp-json\/wp\/v2\/product_brand?post=1775"},{"taxonomy":"product_cat","embeddable":true,"href":"https:\/\/shgotopharm.com\/pl\/wp-json\/wp\/v2\/product_cat?post=1775"},{"taxonomy":"product_tag","embeddable":true,"href":"https:\/\/shgotopharm.com\/pl\/wp-json\/wp\/v2\/product_tag?post=1775"}],"curies":[{"name":"wp","href":"https:\/\/api.w.org\/{rel}","templated":true}]}}