{"id":1777,"date":"2025-11-05T02:35:48","date_gmt":"2025-11-05T02:35:48","guid":{"rendered":"https:\/\/shgotopharm.com\/?post_type=product&#038;p=1777"},"modified":"2025-11-10T10:17:43","modified_gmt":"2025-11-10T10:17:43","slug":"raw-nandrolone-phenylpropionate","status":"publish","type":"product","link":"https:\/\/shgotopharm.com\/pl\/product\/raw-nandrolone-phenylpropionate\/","title":{"rendered":"Kup surowy nandrolon fenylopropionian NPP w proszku"},"content":{"rendered":"<h2 data-start=\"321\" data-end=\"349\">Kup surowy nandrolon fenylopropionian NPP w proszku<\/h2>\n<p data-start=\"351\" data-end=\"699\">Kupowanie surowego fenylopropionianu nandrolonu, <strong data-start=\"351\" data-end=\"366\">SHGOTOPHARM<\/strong> z dum\u0105 oferuje najwy\u017cszej jako\u015bci <strong data-start=\"398\" data-end=\"433\">Fenylopropionian nandrolonu NPP<\/strong>, steryd anaboliczny klasy farmaceutycznej znany ze swojej zdolno\u015bci do zwi\u0119kszania masy mi\u0119\u015bniowej, poprawy regeneracji i poprawy wynik\u00f3w sportowych. Ze zweryfikowan\u0105 czysto\u015bci\u0105 <strong data-start=\"600\" data-end=\"609\">99.3%<\/strong>, Nasz proszek NPP jest idealny do cel\u00f3w badawczych, formu\u0142owania i zwi\u0119kszania wydajno\u015bci.<\/p>\n<hr data-start=\"701\" data-end=\"704\" \/>\n<h3 data-start=\"706\" data-end=\"756\"><strong data-start=\"710\" data-end=\"756\">Czym jest fenylopropionian nandrolonu (NPP)?<\/strong><\/h3>\n<p data-start=\"758\" data-end=\"1083\"><strong data-start=\"758\" data-end=\"795\">Fenylopropionian nandrolonu (NPP)<\/strong>, znany r\u00f3wnie\u017c pod mark\u0105 <strong data-start=\"826\" data-end=\"839\">Durabolin<\/strong>, jest <strong data-start=\"847\" data-end=\"884\">androgenny steryd anaboliczny (AAS)<\/strong> kt\u00f3ry zapewnia zar\u00f3wno korzy\u015bci medyczne, jak i wydajno\u015bciowe. \u015aci\u015ble zwi\u0105zane z <strong data-start=\"957\" data-end=\"988\">Dekanian nandrolonu (Deca)<\/strong>, Ten zwi\u0105zek ma kr\u00f3tszy ester, co skutkuje szybszym uwalnianiem i \u0142atwiejsz\u0105 kontrol\u0105 cyklu.<\/p>\n<p data-start=\"1085\" data-end=\"1330\">Z medycznego punktu widzenia NPP by\u0142 stosowany w leczeniu <strong data-start=\"1123\" data-end=\"1198\">osteoporoza, rak piersi, niedokrwisto\u015b\u0107, HIV i choroby powoduj\u0105ce zanik mi\u0119\u015bni<\/strong>. W sporcie i kulturystyce jest ceniony za promowanie <strong data-start=\"1254\" data-end=\"1329\">rozw\u00f3j bezt\u0142uszczowej masy mi\u0119\u015bniowej, zwi\u0119kszona wytrzyma\u0142o\u015b\u0107 i kr\u00f3tszy czas regeneracji<\/strong>.<\/p>\n<hr data-start=\"1332\" data-end=\"1335\" \/>\n<h3 data-start=\"1337\" data-end=\"1403\"><strong data-start=\"1341\" data-end=\"1403\">Surowy fenylopropionian nandrolonu NPP Specyfikacje produktu<\/strong><\/h3>\n<ul data-start=\"1405\" data-end=\"1613\">\n<li data-start=\"1405\" data-end=\"1433\">\n<p data-start=\"1407\" data-end=\"1433\">Wygl\u0105d: Bia\u0142y proszek<\/p>\n<\/li>\n<li data-start=\"1434\" data-end=\"1459\">\n<p data-start=\"1436\" data-end=\"1459\">Czysto\u015b\u0107 (HPLC): 99,40%<\/p>\n<\/li>\n<li data-start=\"1460\" data-end=\"1485\">\n<p data-start=\"1462\" data-end=\"1485\">Temperatura topnienia: 94-95 \u2103<\/p>\n<\/li>\n<li data-start=\"1486\" data-end=\"1514\">\n<p data-start=\"1488\" data-end=\"1514\">Obr\u00f3t optyczny: +49.3\u00b0<\/p>\n<\/li>\n<li data-start=\"1515\" data-end=\"1540\">\n<p data-start=\"1517\" data-end=\"1540\">Strata podczas suszenia: 0.24%<\/p>\n<\/li>\n<li data-start=\"1541\" data-end=\"1561\">\n<p data-start=\"1543\" data-end=\"1561\">Wolny kwas: 0.31%<\/p>\n<\/li>\n<li data-start=\"1562\" data-end=\"1613\">\n<p data-start=\"1564\" data-end=\"1613\">Wnioski: Spe\u0142nia standardy jako\u015bci SHGOTOPHARM<\/p>\n<\/li>\n<\/ul>\n<hr data-start=\"1615\" data-end=\"1618\" \/>\n<h3 data-start=\"1620\" data-end=\"1677\"><strong data-start=\"1624\" data-end=\"1677\">Kluczowe zalety fenylopropionianu nandrolonu (NPP)<\/strong><\/h3>\n<ul data-start=\"1679\" data-end=\"2067\">\n<li data-start=\"1679\" data-end=\"1740\">\n<p data-start=\"1681\" data-end=\"1740\">Promuje <strong data-start=\"1690\" data-end=\"1719\">sta\u0142y wzrost bezt\u0142uszczowej masy mi\u0119\u015bniowej<\/strong> i przyrost si\u0142y<\/p>\n<\/li>\n<li data-start=\"1741\" data-end=\"1799\">\n<p data-start=\"1743\" data-end=\"1799\">Wzmacnia <strong data-start=\"1752\" data-end=\"1777\">regeneracja potreningowa<\/strong> i zmniejsza zm\u0119czenie<\/p>\n<\/li>\n<li data-start=\"1800\" data-end=\"1868\">\n<p data-start=\"1802\" data-end=\"1868\">Poprawia <strong data-start=\"1811\" data-end=\"1827\">zdrowie staw\u00f3w<\/strong> i smarowanie dla lepszej wydajno\u015bci<\/p>\n<\/li>\n<li data-start=\"1869\" data-end=\"1932\">\n<p data-start=\"1871\" data-end=\"1932\">Zwi\u0119kszenia <strong data-start=\"1881\" data-end=\"1910\">produkcja czerwonych krwinek<\/strong>, zwi\u0119kszaj\u0105c wytrzyma\u0142o\u015b\u0107<\/p>\n<\/li>\n<li data-start=\"1933\" data-end=\"2005\">\n<p data-start=\"1935\" data-end=\"2005\">Kr\u00f3tszy okres p\u00f3\u0142trwania pozwala <strong data-start=\"1960\" data-end=\"2003\">szybsze wyniki i bardziej elastyczne dozowanie<\/strong><\/p>\n<\/li>\n<li data-start=\"2006\" data-end=\"2067\">\n<p data-start=\"2008\" data-end=\"2067\">Zastosowanie terapeutyczne w leczeniu <strong data-start=\"2036\" data-end=\"2065\">zanik mi\u0119\u015bni i niedokrwisto\u015b\u0107<\/strong><\/p>\n<\/li>\n<\/ul>\n<p data-start=\"2069\" data-end=\"2206\">Sportowcy cz\u0119sto preferuj\u0105 NPP ze wzgl\u0119du na jego szybkie dzia\u0142anie i zmniejszon\u0105 retencj\u0119 wody w por\u00f3wnaniu do zwi\u0105zk\u00f3w o d\u0142u\u017cszych estrach, takich jak Deca Durabolin.<\/p>\n<hr data-start=\"2208\" data-end=\"2211\" \/>\n<h3 data-start=\"2213\" data-end=\"2239\"><strong data-start=\"2217\" data-end=\"2239\">Zalecane dawkowanie<\/strong><\/h3>\n<p data-start=\"2241\" data-end=\"2321\"><strong data-start=\"2241\" data-end=\"2253\">Dla m\u0119\u017cczyzn:<\/strong><br data-start=\"2253\" data-end=\"2256\" \/>50-100 mg dziennie dla najlepszych rezultat\u00f3w i poprawy wydajno\u015bci.<\/p>\n<p data-start=\"2323\" data-end=\"2400\"><strong data-start=\"2323\" data-end=\"2337\">Dla kobiet:<\/strong><br data-start=\"2337\" data-end=\"2340\" \/>50-100 mg tygodniowo jest wystarczaj\u0105ce, aby zminimalizowa\u0107 skutki uboczne.<\/p>\n<p data-start=\"2402\" data-end=\"2535\">Dawkowanie nale\u017cy dostosowa\u0107 na podstawie d\u0142ugo\u015bci cyklu i do\u015bwiadczenia. Kr\u00f3tszy ester w NPP zapewnia lepsz\u0105 kontrol\u0119 i szybsze rezultaty.<\/p>\n<hr data-start=\"2537\" data-end=\"2540\" \/>\n<h3 data-start=\"2542\" data-end=\"2574\"><strong data-start=\"2546\" data-end=\"2574\">Przyk\u0142adowe przepisy na piwo domowe<\/strong><\/h3>\n<p data-start=\"2576\" data-end=\"2603\"><strong data-start=\"2576\" data-end=\"2601\">200 mg\/ml - partia 20 ml<\/strong><\/p>\n<ul data-start=\"2604\" data-end=\"2675\">\n<li data-start=\"2604\" data-end=\"2621\">\n<p data-start=\"2606\" data-end=\"2621\">4 g proszku NPP<\/p>\n<\/li>\n<li data-start=\"2622\" data-end=\"2639\">\n<p data-start=\"2624\" data-end=\"2639\">0,4 ml BA (2%)<\/p>\n<\/li>\n<li data-start=\"2640\" data-end=\"2656\">\n<p data-start=\"2642\" data-end=\"2656\">4ml BB (20%)<\/p>\n<\/li>\n<li data-start=\"2657\" data-end=\"2675\">\n<p data-start=\"2659\" data-end=\"2675\">12,6 ml 100% EO<\/p>\n<\/li>\n<\/ul>\n<p data-start=\"2677\" data-end=\"2705\"><strong data-start=\"2677\" data-end=\"2703\">100 mg\/ml - partia 100 ml<\/strong><\/p>\n<ul data-start=\"2706\" data-end=\"2804\">\n<li data-start=\"2706\" data-end=\"2724\">\n<p data-start=\"2708\" data-end=\"2724\">10 g proszku NPP<\/p>\n<\/li>\n<li data-start=\"2725\" data-end=\"2740\">\n<p data-start=\"2727\" data-end=\"2740\">30,75 ml GSO<\/p>\n<\/li>\n<li data-start=\"2741\" data-end=\"2756\">\n<p data-start=\"2743\" data-end=\"2756\">3 ml BA (3%)<\/p>\n<\/li>\n<li data-start=\"2757\" data-end=\"2774\">\n<p data-start=\"2759\" data-end=\"2774\">15ml BB (15%)<\/p>\n<\/li>\n<li data-start=\"2775\" data-end=\"2804\">\n<p data-start=\"2777\" data-end=\"2804\">30,75 ml oleinianu etylu (EO)<\/p>\n<\/li>\n<\/ul>\n<hr data-start=\"2806\" data-end=\"2809\" \/>\n<h3 data-start=\"2811\" data-end=\"2873\"><strong data-start=\"2815\" data-end=\"2873\">Dlaczego warto wybra\u0107 SHGOTOPHARM Nandrolone Phenylpropionate NPP<\/strong><\/h3>\n<p data-start=\"2875\" data-end=\"3210\"><strong data-start=\"2875\" data-end=\"2890\">SHGOTOPHARM<\/strong> jest zaufanym dostawc\u0105 <strong data-start=\"2916\" data-end=\"2970\">wysokiej czysto\u015bci proszek Nandrolonu fenylopropionianu NPP<\/strong>, Produkowane zgodnie z rygorystycznymi systemami kontroli jako\u015bci w celu uzyskania sp\u00f3jnych wynik\u00f3w. Nasze produkty s\u0105 przeznaczone do profesjonalnego u\u017cytku w <strong data-start=\"3096\" data-end=\"3151\">Badania, formulacja i zastosowania wydajno\u015bciowe<\/strong>, zapewniaj\u0105c najwy\u017csze standardy niezawodno\u015bci i bezpiecze\u0144stwa.<\/p>\n<p data-start=\"3212\" data-end=\"3429\">Niezale\u017cnie od tego, czy Twoim celem jest <strong data-start=\"3233\" data-end=\"3293\">budowanie mi\u0119\u015bni, zwi\u0119kszona regeneracja lub zaawansowane badania<\/strong>, SHGOTOPHARM dostarcza produkty klasy przemys\u0142owej <strong data-start=\"3331\" data-end=\"3370\">Surowy fenylopropionian nandrolonu NPP<\/strong> kt\u00f3ry spe\u0142nia mi\u0119dzynarodowe standardy jako\u015bci i czysto\u015bci.<\/p>","protected":false},"excerpt":{"rendered":"<p>Buy Raw Nandrolone Phenylpropionate NPP Powder Buying Raw Nandrolone Phenylpropionate, SHGOTOPHARM proudly offers premium-quality Nandrolone Phenylpropionate NPP, a pharmaceutical-grade anabolic steroid known for its ability to increase muscle mass, improve recovery, and enhance athletic performance. With a verified purity of 99.3%, our NPP powder is ideal for research, formulation, and performance enhancement purposes. What Is [&hellip;]<\/p>\n","protected":false},"featured_media":1778,"comment_status":"open","ping_status":"closed","template":"","meta":[],"product_brand":[],"product_cat":[796],"product_tag":[935,944,934,949,945,938,933,851,932,943,939,854,855,864,868,860,861,853,849,863,866,867,850,857,859,852,869,862,858,865,848,856,931,940,937,948,936,946,947,942,941],"class_list":{"0":"post-1777","1":"product","2":"type-product","3":"status-publish","4":"has-post-thumbnail","6":"product_cat-nandrolone","7":"product_tag-aas-poland","8":"product_tag-aas-raw-materials-australia","9":"product_tag-aas-raws","10":"product_tag-anabolic-steroid-manufacturer-canada","11":"product_tag-anabolic-steroid-powders-online","12":"product_tag-best-steroid-powder-supplier-usa","13":"product_tag-buy-aas-raws-online","14":"product_tag-buy-nandrolone-phenylpropionate-powder","15":"product_tag-buy-raw-steroid-powders-online","16":"product_tag-buy-raw-steroids-china","17":"product_tag-high-purity-anabolic-steroids-canada","18":"product_tag-nandrolone","19":"product_tag-nandrolone-phenylpropionate-bodybuilding","20":"product_tag-nandrolone-phenylpropionate-brazil","21":"product_tag-nandrolone-phenylpropionate-buy-online","22":"product_tag-nandrolone-phenylpropionate-canada","23":"product_tag-nandrolone-phenylpropionate-dosage-for-bodybuilding","24":"product_tag-nandrolone-phenylpropionate-effects","25":"product_tag-nandrolone-phenylpropionate-factory","26":"product_tag-nandrolone-phenylpropionate-half-life","27":"product_tag-nandrolone-phenylpropionate-new-zealand","28":"product_tag-nandrolone-phenylpropionate-price","29":"product_tag-nandrolone-phenylpropionate-raw-powder","30":"product_tag-nandrolone-phenylpropionate-recipe","31":"product_tag-nandrolone-phenylpropionate-stack","32":"product_tag-nandrolone-phenylpropionate-steroids","33":"product_tag-nandrolone-phenylpropionate-supplier","34":"product_tag-nandrolone-phenylpropionate-sweden","35":"product_tag-nandrolone-phenylpropionate-usa","36":"product_tag-nandrolone-phenylpropionate-vs-decanoate","37":"product_tag-nandrolone-powders-nandrolone-phenylpropionate-in-china","38":"product_tag-phenylpropionate-uk","39":"product_tag-raw-steroids-for-sale","40":"product_tag-steroid-raw-material-factory-europe","41":"product_tag-steroid-raws-online","42":"product_tag-steroid-raws-supplier-florida","43":"product_tag-supplier-usa","44":"product_tag-testosterone-raw-powder-poland","45":"product_tag-trenbolone-powder-thailand","46":"product_tag-trusted-steroid-raw-supplier-worldwide","47":"product_tag-wholesale-steroid-powders-australia","49":"first","50":"instock","51":"shipping-taxable","52":"product-type-simple"},"_links":{"self":[{"href":"https:\/\/shgotopharm.com\/pl\/wp-json\/wp\/v2\/product\/1777","targetHints":{"allow":["GET"]}}],"collection":[{"href":"https:\/\/shgotopharm.com\/pl\/wp-json\/wp\/v2\/product"}],"about":[{"href":"https:\/\/shgotopharm.com\/pl\/wp-json\/wp\/v2\/types\/product"}],"replies":[{"embeddable":true,"href":"https:\/\/shgotopharm.com\/pl\/wp-json\/wp\/v2\/comments?post=1777"}],"wp:featuredmedia":[{"embeddable":true,"href":"https:\/\/shgotopharm.com\/pl\/wp-json\/wp\/v2\/media\/1778"}],"wp:attachment":[{"href":"https:\/\/shgotopharm.com\/pl\/wp-json\/wp\/v2\/media?parent=1777"}],"wp:term":[{"taxonomy":"product_brand","embeddable":true,"href":"https:\/\/shgotopharm.com\/pl\/wp-json\/wp\/v2\/product_brand?post=1777"},{"taxonomy":"product_cat","embeddable":true,"href":"https:\/\/shgotopharm.com\/pl\/wp-json\/wp\/v2\/product_cat?post=1777"},{"taxonomy":"product_tag","embeddable":true,"href":"https:\/\/shgotopharm.com\/pl\/wp-json\/wp\/v2\/product_tag?post=1777"}],"curies":[{"name":"wp","href":"https:\/\/api.w.org\/{rel}","templated":true}]}}