{"id":1779,"date":"2025-11-05T02:52:50","date_gmt":"2025-11-05T02:52:50","guid":{"rendered":"https:\/\/shgotopharm.com\/?post_type=product&#038;p=1779"},"modified":"2025-11-10T10:04:07","modified_gmt":"2025-11-10T10:04:07","slug":"kupic-usp-methandrostenolone-dianabol","status":"publish","type":"product","link":"https:\/\/shgotopharm.com\/pl\/product\/buy-usp-methandrostenolone-dianabol\/","title":{"rendered":"Kup proszek USP Methandrostenolone Dianabol"},"content":{"rendered":"<h2 data-start=\"319\" data-end=\"347\"><a href=\"https:\/\/shgotopharm.com\/pl\/product\/kupic-usp-methandrostenolone-dianabol\/\">Kup proszek USP Methandrostenolone Dianabol - SHGOTOPHARM<\/a><\/h2>\n<p data-start=\"349\" data-end=\"754\">Kup USP Methandrostenolone Dianabol,<strong data-start=\"349\" data-end=\"364\"> SHGOTOPHARM<\/strong> oferuje najwy\u017cszej jako\u015bci <strong data-start=\"386\" data-end=\"428\">USP Methandrostenolone Dianabol (Dbol)<\/strong> - jeden z najpot\u0119\u017cniejszych i najbardziej zaufanych steryd\u00f3w anabolicznych, jakie kiedykolwiek opracowano w celu szybkiego wzrostu mi\u0119\u015bni i poprawy wydajno\u015bci. Znany ze swoich szybko dzia\u0142aj\u0105cych w\u0142a\u015bciwo\u015bci, <strong data-start=\"592\" data-end=\"623\">Methandrostenolone Dianabol<\/strong> Zapewnia znaczny przyrost si\u0142y i rozmiaru, dzi\u0119ki czemu jest preferowanym wyborem w\u015br\u00f3d profesjonalnych kulturyst\u00f3w i sportowc\u00f3w na ca\u0142ym \u015bwiecie.<\/p>\n<hr data-start=\"756\" data-end=\"759\" \/>\n<h3 data-start=\"761\" data-end=\"807\"><strong data-start=\"765\" data-end=\"807\">Czym jest Methandrostenolone (Dianabol)?<\/strong><\/h3>\n<p data-start=\"809\" data-end=\"1118\"><strong data-start=\"809\" data-end=\"831\">Metandrostenolon<\/strong>, powszechnie znany jako <strong data-start=\"851\" data-end=\"871\">Dianabol lub Dbol<\/strong>, to klasyk <strong data-start=\"886\" data-end=\"911\">doustny steryd anaboliczny<\/strong> pochodz\u0105cy z testosteronu. By\u0142 to jeden z pierwszych syntetycznych steryd\u00f3w, jakie kiedykolwiek wyprodukowano i szybko zyska\u0142 legendarny status dzi\u0119ki swojej niezwyk\u0142ej zdolno\u015bci do promowania <strong data-start=\"1070\" data-end=\"1115\">hipertrofia mi\u0119\u015bni i retencja azotu<\/strong>.<\/p>\n<p data-start=\"1120\" data-end=\"1316\">Kiedy <strong data-start=\"1129\" data-end=\"1185\">kupi\u0107 USP Methandrostenolone Dianabol od SHGOTOPHARM<\/strong>, otrzymujesz <strong data-start=\"1202\" data-end=\"1234\">jako\u015b\u0107 farmaceutyczna<\/strong> o wyj\u0105tkowej czysto\u015bci i konsystencji - idealny do bada\u0144 i stosowania w formulacjach.<\/p>\n<hr data-start=\"1318\" data-end=\"1321\" \/>\n<h3 data-start=\"1323\" data-end=\"1357\"><strong data-start=\"1327\" data-end=\"1357\">Szczeg\u00f3\u0142y dotycz\u0105ce substancji chemicznych i produkt\u00f3w<\/strong><\/h3>\n<ul data-start=\"1359\" data-end=\"1683\">\n<li data-start=\"1359\" data-end=\"1416\">\n<p data-start=\"1361\" data-end=\"1416\"><strong data-start=\"1361\" data-end=\"1378\">Nazwa produktu:<\/strong> Metandrostenolon (Dianabol, Dbol)<\/p>\n<\/li>\n<li data-start=\"1417\" data-end=\"1444\">\n<p data-start=\"1419\" data-end=\"1444\"><strong data-start=\"1419\" data-end=\"1434\">Numer CAS:<\/strong> 72-63-9<\/p>\n<\/li>\n<li data-start=\"1445\" data-end=\"1480\">\n<p data-start=\"1447\" data-end=\"1480\"><strong data-start=\"1447\" data-end=\"1469\">Wz\u00f3r cz\u0105steczkowy:<\/strong> C20H28O2<\/p>\n<\/li>\n<li data-start=\"1481\" data-end=\"1513\">\n<p data-start=\"1483\" data-end=\"1513\"><strong data-start=\"1483\" data-end=\"1504\">Masa cz\u0105steczkowa:<\/strong> 300.44<\/p>\n<\/li>\n<li data-start=\"1514\" data-end=\"1558\">\n<p data-start=\"1516\" data-end=\"1558\"><strong data-start=\"1516\" data-end=\"1531\">Wygl\u0105d:<\/strong> Bia\u0142y krystaliczny proszek<\/p>\n<\/li>\n<li data-start=\"1559\" data-end=\"1589\">\n<p data-start=\"1561\" data-end=\"1589\"><strong data-start=\"1561\" data-end=\"1572\">Czysto\u015b\u0107:<\/strong> \u226599% USP Grade<\/p>\n<\/li>\n<li data-start=\"1590\" data-end=\"1627\">\n<p data-start=\"1592\" data-end=\"1627\"><strong data-start=\"1592\" data-end=\"1604\">Przechowywanie:<\/strong> 2-8\u00b0C (w lod\u00f3wce)<\/p>\n<\/li>\n<li data-start=\"1628\" data-end=\"1683\">\n<p data-start=\"1630\" data-end=\"1683\"><strong data-start=\"1630\" data-end=\"1644\">Opakowanie:<\/strong> 1 kg \/ worek z folii aluminiowej lub niestandardowy<\/p>\n<\/li>\n<\/ul>\n<hr data-start=\"1685\" data-end=\"1688\" \/>\n<h3 data-start=\"1690\" data-end=\"1735\"><strong data-start=\"1694\" data-end=\"1735\">Jak dzia\u0142a Methandrostenolone Dianabol<\/strong><\/h3>\n<p data-start=\"1737\" data-end=\"2054\">Dianabol dzia\u0142a poprzez zwi\u0119kszenie <strong data-start=\"1765\" data-end=\"1786\">synteza bia\u0142ek<\/strong> i promowanie <strong data-start=\"1801\" data-end=\"1821\">bilans azotu<\/strong>, kt\u00f3re maj\u0105 kluczowe znaczenie dla wzrostu i naprawy mi\u0119\u015bni. Zwi\u0119ksza r\u00f3wnie\u017c glikogenoliz\u0119, prowadz\u0105c do pe\u0142niejszych, twardszych mi\u0119\u015bni. Wielu sportowc\u00f3w u\u017cywa <strong data-start=\"1954\" data-end=\"1962\">Dbol<\/strong> aby rozpocz\u0105\u0107 cykle \u0142\u0105czenia lub pomost mi\u0119dzy sterydami do wstrzykiwa\u0144 w celu utrzymania zysk\u00f3w.<\/p>\n<hr data-start=\"2056\" data-end=\"2059\" \/>\n<h3 data-start=\"2061\" data-end=\"2095\"><strong data-start=\"2065\" data-end=\"2095\">Zalecane dawkowanie i stosowanie<\/strong><\/h3>\n<ul data-start=\"2097\" data-end=\"2351\">\n<li data-start=\"2097\" data-end=\"2137\">\n<p data-start=\"2099\" data-end=\"2137\"><strong data-start=\"2099\" data-end=\"2119\">Dawkowanie dla pocz\u0105tkuj\u0105cych:<\/strong> 10-20 mg dziennie<\/p>\n<\/li>\n<li data-start=\"2138\" data-end=\"2182\">\n<p data-start=\"2140\" data-end=\"2182\"><strong data-start=\"2140\" data-end=\"2164\">Dawkowanie po\u015brednie:<\/strong> 25-40 mg dziennie<\/p>\n<\/li>\n<li data-start=\"2183\" data-end=\"2223\">\n<p data-start=\"2185\" data-end=\"2223\"><strong data-start=\"2185\" data-end=\"2205\">Zaawansowane dawkowanie:<\/strong> 40-50 mg dziennie<\/p>\n<\/li>\n<li data-start=\"2224\" data-end=\"2319\">\n<p data-start=\"2226\" data-end=\"2319\"><strong data-start=\"2226\" data-end=\"2244\">Typowy stos:<\/strong> Cz\u0119sto w po\u0142\u0105czeniu z 500-1000 mg \/ tydzie\u0144 wstrzykiwanych zwi\u0105zk\u00f3w testosteronu<\/p>\n<\/li>\n<li data-start=\"2320\" data-end=\"2351\">\n<p data-start=\"2322\" data-end=\"2351\"><strong data-start=\"2322\" data-end=\"2339\">D\u0142ugo\u015b\u0107 cyklu:<\/strong> 4-6 tygodni<\/p>\n<\/li>\n<\/ul>\n<p data-start=\"2353\" data-end=\"2394\"><strong data-start=\"2353\" data-end=\"2394\">Wy\u0142\u0105cznie do u\u017cytku badawczego i laboratoryjnego.<\/strong><\/p>\n<hr data-start=\"2396\" data-end=\"2399\" \/>\n<h3 data-start=\"2401\" data-end=\"2446\"><strong data-start=\"2405\" data-end=\"2446\">Przyk\u0142adowa receptura doustna - roztw\u00f3r 50 mg\/ml<\/strong><\/h3>\n<p data-start=\"2448\" data-end=\"2477\"><strong data-start=\"2448\" data-end=\"2475\">Sk\u0142adniki (na 20 ml):<\/strong><\/p>\n<ul data-start=\"2478\" data-end=\"2592\">\n<li data-start=\"2478\" data-end=\"2510\">\n<p data-start=\"2480\" data-end=\"2510\">1 g proszku metandrostenolonu<\/p>\n<\/li>\n<li data-start=\"2511\" data-end=\"2592\">\n<p data-start=\"2513\" data-end=\"2592\">19 ml alkoholu zbo\u017cowego 190 Proof<br data-start=\"2541\" data-end=\"2544\" \/><strong data-start=\"2544\" data-end=\"2553\">Uwaga:<\/strong> Nie wymaga PEG (u\u017cyj przepisu bez PEG).<\/p>\n<\/li>\n<\/ul>\n<hr data-start=\"2594\" data-end=\"2597\" \/>\n<h3 data-start=\"2599\" data-end=\"2654\"><strong data-start=\"2603\" data-end=\"2654\">Kluczowe zalety USP Methandrostenolone Dianabol<\/strong><\/h3>\n<ul data-start=\"2656\" data-end=\"2969\">\n<li data-start=\"2656\" data-end=\"2699\">\n<p data-start=\"2658\" data-end=\"2699\">Szybki i widoczny <strong data-start=\"2676\" data-end=\"2697\">przyrost masy mi\u0119\u015bniowej<\/strong><\/p>\n<\/li>\n<li data-start=\"2700\" data-end=\"2739\">\n<p data-start=\"2702\" data-end=\"2739\">Ulepszony <strong data-start=\"2711\" data-end=\"2737\">si\u0142a i wytrzyma\u0142o\u015b\u0107<\/strong><\/p>\n<\/li>\n<li data-start=\"2740\" data-end=\"2795\">\n<p data-start=\"2742\" data-end=\"2795\">Przyspieszony <strong data-start=\"2754\" data-end=\"2776\">metabolizm bia\u0142ek<\/strong> oraz <strong data-start=\"2781\" data-end=\"2793\">odzyskiwanie<\/strong><\/p>\n<\/li>\n<li data-start=\"2796\" data-end=\"2855\">\n<p data-start=\"2798\" data-end=\"2855\">Zachowanie <strong data-start=\"2814\" data-end=\"2829\">bezt\u0142uszczowa tkanka<\/strong> podczas intensywnego treningu<\/p>\n<\/li>\n<li data-start=\"2856\" data-end=\"2912\">\n<p data-start=\"2858\" data-end=\"2912\">Wzmocnienia <strong data-start=\"2865\" data-end=\"2883\">tempo metabolizmu<\/strong> i pomoce <strong data-start=\"2893\" data-end=\"2910\">redukcja t\u0142uszczu<\/strong><\/p>\n<\/li>\n<li data-start=\"2913\" data-end=\"2969\">\n<p data-start=\"2915\" data-end=\"2969\">Doskona\u0142y <strong data-start=\"2925\" data-end=\"2948\">mieszanka startowa<\/strong> dla cykli \u0142\u0105czenia<\/p>\n<\/li>\n<\/ul>\n<hr data-start=\"2971\" data-end=\"2974\" \/>\n<h3 data-start=\"2976\" data-end=\"3007\"><strong data-start=\"2980\" data-end=\"3007\">Dlaczego warto wybra\u0107 SHGOTOPHARM?<\/strong><\/h3>\n<p data-start=\"3009\" data-end=\"3360\">Przy <strong data-start=\"3012\" data-end=\"3027\">SHGOTOPHARM<\/strong>, specjalizujemy si\u0119 w <strong data-start=\"3046\" data-end=\"3081\">surowe proszki sterydowe o wysokiej czysto\u015bci<\/strong> produkowane zgodnie ze \u015bcis\u0142ymi standardami kontroli jako\u015bci i test\u00f3w laboratoryjnych. Nasze <strong data-start=\"3162\" data-end=\"3197\">USP Methandrostenolone Dianabol<\/strong> jest pozyskiwany i produkowany z precyzj\u0105 spe\u0142niaj\u0105c\u0105 globalne wymagania farmaceutyczne - zapewniaj\u0105c, \u017ce ka\u017cda partia dostarcza <strong data-start=\"3312\" data-end=\"3359\">Sta\u0142a moc, czysto\u015b\u0107 i niezawodno\u015b\u0107<\/strong>.<\/p>\n<p data-start=\"3362\" data-end=\"3537\">Niezale\u017cnie od tego, czy chodzi o profesjonalne badania, opracowywanie receptur czy zaawansowany rozw\u00f3j wydajno\u015bci, SHGOTOPHARM pozostaje zaufanym dostawc\u0105 w zakresie <strong data-start=\"3493\" data-end=\"3536\">Dianabol i inne surowe proszki anaboliczne<\/strong>.<\/p>","protected":false},"excerpt":{"rendered":"<h2 data-start=\"319\" data-end=\"347\"><a href=\"https:\/\/shgotopharm.com\/pl\/product\/kupic-usp-methandrostenolone-dianabol\/\">Kup proszek USP Methandrostenolone Dianabol - SHGOTOPHARM<\/a><\/h2>\n<p data-start=\"349\" data-end=\"754\">Kup USP Methandrostenolone Dianabol,<strong data-start=\"349\" data-end=\"364\"> SHGOTOPHARM<\/strong> oferuje najwy\u017cszej jako\u015bci <strong data-start=\"386\" data-end=\"428\">USP Methandrostenolone Dianabol (Dbol)<\/strong><\/p>","protected":false},"featured_media":1780,"comment_status":"open","ping_status":"closed","template":"","meta":[],"product_brand":[],"product_cat":[390],"product_tag":[935,944,934,949,945,938,933,470,493,483,489,509,505,496,502,499,486,504,507,484,932,943,503,500,482,498,506,511,495,501,485,488,492,939,494,481,491,487,508,510,490,479,931,480,940,937,948,936,946,947,942,497,941],"class_list":{"0":"post-1779","1":"product","2":"type-product","3":"status-publish","4":"has-post-thumbnail","6":"product_cat-oral-steroids","7":"product_tag-aas-poland","8":"product_tag-aas-raw-materials-australia","9":"product_tag-aas-raws","10":"product_tag-anabolic-steroid-manufacturer-canada","11":"product_tag-anabolic-steroid-powders-online","12":"product_tag-best-steroid-powder-supplier-usa","13":"product_tag-buy-aas-raws-online","14":"product_tag-buy-dianabol","15":"product_tag-buy-dianabol-in-brazil","16":"product_tag-buy-dianabol-in-canada","17":"product_tag-buy-dianabol-in-europe","18":"product_tag-buy-dianabol-in-france","19":"product_tag-buy-dianabol-in-india","20":"product_tag-buy-dianabol-in-mexico","21":"product_tag-buy-dianabol-in-poland","22":"product_tag-buy-dianabol-in-sweden","23":"product_tag-buy-dianabol-in-switzerland","24":"product_tag-buy-dianabol-in-uk","25":"product_tag-buy-dianabol-in-usa","26":"product_tag-buy-methandrostenolone","27":"product_tag-buy-raw-steroid-powders-online","28":"product_tag-buy-raw-steroids-china","29":"product_tag-dianabol-cutting","30":"product_tag-dianabol-dosage","31":"product_tag-dianabol-pills","32":"product_tag-dianabol-pills-for-sale","33":"product_tag-dianabol-powder","34":"product_tag-dianabol-price","35":"product_tag-dianabol-price-in-dollars","36":"product_tag-dianabol-tablets-10mg","37":"product_tag-dianabol-tablets-amazon","38":"product_tag-dianabol-tablets-online-shopping","39":"product_tag-dianabol-tablets-side-effects","40":"product_tag-high-purity-anabolic-steroids-canada","41":"product_tag-legit-dianabol-source","42":"product_tag-methandrostenolone-buy","43":"product_tag-methandrostenolone-cycle","44":"product_tag-methandrostenolone-dosage","45":"product_tag-methandrostenolone-powder","46":"product_tag-methandrostenolone-price","47":"product_tag-online-dianabol-store","48":"product_tag-oral-steroid-powder","49":"product_tag-raw-steroids-for-sale","50":"product_tag-recent-post-buy-dianabol-in-australia","51":"product_tag-steroid-raw-material-factory-europe","52":"product_tag-steroid-raws-online","53":"product_tag-steroid-raws-supplier-florida","54":"product_tag-supplier-usa","55":"product_tag-testosterone-raw-powder-poland","56":"product_tag-trenbolone-powder-thailand","57":"product_tag-trusted-steroid-raw-supplier-worldwide","58":"product_tag-where-to-buy-dianabol-dianabol-buy","59":"product_tag-wholesale-steroid-powders-australia","61":"first","62":"instock","63":"shipping-taxable","64":"product-type-simple"},"_links":{"self":[{"href":"https:\/\/shgotopharm.com\/pl\/wp-json\/wp\/v2\/product\/1779","targetHints":{"allow":["GET"]}}],"collection":[{"href":"https:\/\/shgotopharm.com\/pl\/wp-json\/wp\/v2\/product"}],"about":[{"href":"https:\/\/shgotopharm.com\/pl\/wp-json\/wp\/v2\/types\/product"}],"replies":[{"embeddable":true,"href":"https:\/\/shgotopharm.com\/pl\/wp-json\/wp\/v2\/comments?post=1779"}],"wp:featuredmedia":[{"embeddable":true,"href":"https:\/\/shgotopharm.com\/pl\/wp-json\/wp\/v2\/media\/1780"}],"wp:attachment":[{"href":"https:\/\/shgotopharm.com\/pl\/wp-json\/wp\/v2\/media?parent=1779"}],"wp:term":[{"taxonomy":"product_brand","embeddable":true,"href":"https:\/\/shgotopharm.com\/pl\/wp-json\/wp\/v2\/product_brand?post=1779"},{"taxonomy":"product_cat","embeddable":true,"href":"https:\/\/shgotopharm.com\/pl\/wp-json\/wp\/v2\/product_cat?post=1779"},{"taxonomy":"product_tag","embeddable":true,"href":"https:\/\/shgotopharm.com\/pl\/wp-json\/wp\/v2\/product_tag?post=1779"}],"curies":[{"name":"wp","href":"https:\/\/api.w.org\/{rel}","templated":true}]}}