{"id":1781,"date":"2025-11-05T03:08:05","date_gmt":"2025-11-05T03:08:05","guid":{"rendered":"https:\/\/shgotopharm.com\/?post_type=product&#038;p=1781"},"modified":"2025-12-13T09:50:43","modified_gmt":"2025-12-13T09:50:43","slug":"buy-oral-turinabol-powder","status":"publish","type":"product","link":"https:\/\/shgotopharm.com\/pl\/product\/buy-oral-turinabol-powder\/","title":{"rendered":"Kup doustny proszek Turinabol"},"content":{"rendered":"<h2 data-start=\"1587\" data-end=\"1657\"><a href=\"https:\/\/shgotopharm.com\/pl\/product\/buy-oral-turinabol-powder\/\">Kup doustny proszek Turinabol<\/a><\/h2>\n<p data-start=\"1659\" data-end=\"2022\"><strong data-start=\"1659\" data-end=\"1677\">Doustny Turinabol<\/strong>, znany r\u00f3wnie\u017c jako <strong data-start=\"1693\" data-end=\"1714\">Turinabol lub Tbol<\/strong>, jest legend\u0105 <strong data-start=\"1731\" data-end=\"1751\">steryd anaboliczny<\/strong> kt\u00f3ry \u0142\u0105czy w sobie w\u0142a\u015bciwo\u015bci chemiczne <strong data-start=\"1792\" data-end=\"1825\">Metandrostenolon (Dianabol)<\/strong> oraz <strong data-start=\"1830\" data-end=\"1843\">Clostebol<\/strong>.<br data-start=\"1844\" data-end=\"1847\" \/>Kiedy <strong data-start=\"1856\" data-end=\"1885\">Kup doustny proszek Turinabol<\/strong> z <strong data-start=\"1891\" data-end=\"1906\">SHGOTOPHARM<\/strong>, otrzymujesz <strong data-start=\"1916\" data-end=\"1951\">surowy proszek o jako\u015bci farmaceutycznej<\/strong> Zaprojektowany z my\u015bl\u0105 o dok\u0142adnych, niezawodnych badaniach i zastosowaniach recepturowych.<\/p>\n<p data-start=\"2024\" data-end=\"2248\">Ta unikalna struktura zapewnia <strong data-start=\"2052\" data-end=\"2081\">Surowy proszek doustny Turinabol<\/strong> silne dzia\u0142anie anaboliczne przy bardzo niskich w\u0142a\u015bciwo\u015bciach androgennych - idealny dla os\u00f3b poszukuj\u0105cych <strong data-start=\"2170\" data-end=\"2201\">szczup\u0142y, zdefiniowany wzrost mi\u0119\u015bni<\/strong> bez zatrzymywania wody i nadmiernych wzd\u0119\u0107.<\/p>\n<hr data-start=\"2250\" data-end=\"2253\" \/>\n<h3 data-start=\"2255\" data-end=\"2303\">\u2697\ufe0f <strong data-start=\"2262\" data-end=\"2303\">Specyfikacje produktu doustnego Turinabol<\/strong><\/h3>\n<ul data-start=\"2305\" data-end=\"2680\">\n<li data-start=\"2305\" data-end=\"2341\">\n<p data-start=\"2307\" data-end=\"2341\"><strong data-start=\"2307\" data-end=\"2324\">Nazwa produktu:<\/strong> Doustny Turinabol<\/p>\n<\/li>\n<li data-start=\"2342\" data-end=\"2398\">\n<p data-start=\"2344\" data-end=\"2398\"><strong data-start=\"2344\" data-end=\"2362\">Nazwa chemiczna:<\/strong> 4-chlorodehydrometylotestosteron<\/p>\n<\/li>\n<li data-start=\"2399\" data-end=\"2428\">\n<p data-start=\"2401\" data-end=\"2428\"><strong data-start=\"2401\" data-end=\"2416\">Numer CAS:<\/strong> 2446-23-3<\/p>\n<\/li>\n<li data-start=\"2429\" data-end=\"2466\">\n<p data-start=\"2431\" data-end=\"2466\"><strong data-start=\"2431\" data-end=\"2453\">Wz\u00f3r cz\u0105steczkowy:<\/strong> C20H27ClO2<\/p>\n<\/li>\n<li data-start=\"2467\" data-end=\"2499\">\n<p data-start=\"2469\" data-end=\"2499\"><strong data-start=\"2469\" data-end=\"2490\">Masa cz\u0105steczkowa:<\/strong> 334.88<\/p>\n<\/li>\n<li data-start=\"2500\" data-end=\"2537\">\n<p data-start=\"2502\" data-end=\"2537\"><strong data-start=\"2502\" data-end=\"2513\">Czysto\u015b\u0107:<\/strong> \u226599% USP\/Pharma Grade<\/p>\n<\/li>\n<li data-start=\"2538\" data-end=\"2582\">\n<p data-start=\"2540\" data-end=\"2582\"><strong data-start=\"2540\" data-end=\"2555\">Wygl\u0105d:<\/strong> Bia\u0142y krystaliczny proszek<\/p>\n<\/li>\n<li data-start=\"2583\" data-end=\"2623\">\n<p data-start=\"2585\" data-end=\"2623\"><strong data-start=\"2585\" data-end=\"2597\">Przechowywanie:<\/strong> 2-8\u00b0C (ch\u0142odne, suche miejsce)<\/p>\n<\/li>\n<li data-start=\"2624\" data-end=\"2680\">\n<p data-start=\"2626\" data-end=\"2680\"><strong data-start=\"2626\" data-end=\"2640\">Opakowanie:<\/strong> 1 kg\/worek z folii aluminiowej lub zgodnie z wymaganiami<\/p>\n<\/li>\n<\/ul>\n<p data-start=\"2682\" data-end=\"2797\">Ka\u017cda partia <strong data-start=\"2697\" data-end=\"2729\">SHGOTOPHARM Turinabol w proszku<\/strong> jest testowany laboratoryjnie, aby zagwarantowa\u0107 niezr\u00f3wnan\u0105 konsystencj\u0119 i czysto\u015b\u0107.<\/p>\n<hr data-start=\"2799\" data-end=\"2802\" \/>\n<h3 data-start=\"2804\" data-end=\"2862\"><strong data-start=\"2811\" data-end=\"2862\">Dlaczego warto kupi\u0107 doustny proszek Turinabol od SHGOTOPHARM?<\/strong><\/h3>\n<ol data-start=\"2864\" data-end=\"3218\">\n<li data-start=\"2864\" data-end=\"2907\">\n<p data-start=\"2867\" data-end=\"2907\"><strong data-start=\"2867\" data-end=\"2883\">Wysoka czysto\u015b\u0107:<\/strong> \u226599% zweryfikowany metod\u0105 HPLC<\/p>\n<\/li>\n<li data-start=\"2908\" data-end=\"2974\">\n<p data-start=\"2911\" data-end=\"2974\"><strong data-start=\"2911\" data-end=\"2938\">Jako\u015b\u0107 farmaceutyczna:<\/strong> Standardy produkcyjne klasy USP<\/p>\n<\/li>\n<li data-start=\"2975\" data-end=\"3047\">\n<p data-start=\"2978\" data-end=\"3047\"><strong data-start=\"2978\" data-end=\"3001\">Sta\u0142e, szczup\u0142e przyrosty:<\/strong> Zwi\u0119ksza wytrzyma\u0142o\u015b\u0107, twardo\u015b\u0107 i definicj\u0119<\/p>\n<\/li>\n<li data-start=\"3048\" data-end=\"3116\">\n<p data-start=\"3051\" data-end=\"3116\"><strong data-start=\"3051\" data-end=\"3077\">Niski wp\u0142yw estrogen\u00f3w:<\/strong> Minimalne zatrzymywanie wody lub opuchlizna<\/p>\n<\/li>\n<li data-start=\"3117\" data-end=\"3218\">\n<p data-start=\"3120\" data-end=\"3218\"><strong data-start=\"3120\" data-end=\"3141\">Zaufany dostawca:<\/strong> SHGOTOPHARM jest profesjonalnym producentem i eksporterem surowego proszku steroidowego<\/p>\n<\/li>\n<\/ol>\n<p data-start=\"3220\" data-end=\"3410\">Decyduj\u0105c si\u0119 na <strong data-start=\"3235\" data-end=\"3264\">Kup doustny proszek Turinabol<\/strong> od SHGOTOPHARM, badacze i eksperci ds. receptur uzyskuj\u0105 dost\u0119p do jednego z najbardziej niezawodnych <strong data-start=\"3358\" data-end=\"3389\">Sterydy anaboliczne Turinabol<\/strong> dost\u0119pne na ca\u0142ym \u015bwiecie.<\/p>\n<hr data-start=\"3412\" data-end=\"3415\" \/>\n<h3 data-start=\"3417\" data-end=\"3452\"><strong data-start=\"3424\" data-end=\"3452\">Jak dzia\u0142a doustny Turinabol<\/strong><\/h3>\n<p data-start=\"3454\" data-end=\"3773\">Doustny Turinabol promuje <strong data-start=\"3478\" data-end=\"3499\">synteza bia\u0142ek<\/strong>, poprawia si\u0119 <strong data-start=\"3510\" data-end=\"3530\">bilans azotu<\/strong>, i zwi\u0119ksza <strong data-start=\"3545\" data-end=\"3574\">produkcja czerwonych krwinek<\/strong>, kt\u00f3re przyspieszaj\u0105 regeneracj\u0119 i wytrzyma\u0142o\u015b\u0107 mi\u0119\u015bni.<br data-start=\"3630\" data-end=\"3633\" \/>W przeciwie\u0144stwie do tradycyjnych \u015brodk\u00f3w wype\u0142niaj\u0105cych, <strong data-start=\"3668\" data-end=\"3697\">Surowy proszek doustny Turinabol<\/strong> zapewnia sta\u0142y wzrost jako\u015bci - idealny do ci\u0119cia lub cykli rekompozycji.<\/p>\n<hr data-start=\"3775\" data-end=\"3778\" \/>\n<h3 data-start=\"3780\" data-end=\"3839\"><strong data-start=\"3787\" data-end=\"3839\">Zalecane dawkowanie badawcze (do u\u017cytku laboratoryjnego)<\/strong><\/h3>\n<ul data-start=\"3841\" data-end=\"3925\">\n<li data-start=\"3841\" data-end=\"3866\">\n<p data-start=\"3843\" data-end=\"3866\"><strong data-start=\"3843\" data-end=\"3851\">M\u0119\u017cczy\u017ani:<\/strong> 20-50 mg\/dob\u0119<\/p>\n<\/li>\n<li data-start=\"3867\" data-end=\"3893\">\n<p data-start=\"3869\" data-end=\"3893\"><strong data-start=\"3869\" data-end=\"3879\">Kobiety:<\/strong> 5-10 mg\/dob\u0119<\/p>\n<\/li>\n<li data-start=\"3894\" data-end=\"3925\">\n<p data-start=\"3896\" data-end=\"3925\"><strong data-start=\"3896\" data-end=\"3913\">D\u0142ugo\u015b\u0107 cyklu:<\/strong> 6-8 tygodni<\/p>\n<\/li>\n<\/ul>\n<p data-start=\"3927\" data-end=\"4011\"><em data-start=\"3927\" data-end=\"4011\">(Wy\u0142\u0105cznie do u\u017cytku laboratoryjnego, analitycznego lub recepturowego - nie do spo\u017cycia przez ludzi).<\/em><\/p>\n<hr data-start=\"4013\" data-end=\"4016\" \/>\n<h3 data-start=\"4018\" data-end=\"4048\"><strong data-start=\"4025\" data-end=\"4048\">T\u0142o i dziedzictwo<\/strong><\/h3>\n<p data-start=\"4050\" data-end=\"4445\">Pierwotnie opracowany w 1962 roku przez <strong data-start=\"4082\" data-end=\"4095\">Jenapharm<\/strong> w Niemczech Wschodnich, <strong data-start=\"4113\" data-end=\"4131\">Doustny Turinabol<\/strong> szybko sta\u0142 si\u0119 s\u0142awny dzi\u0119ki <strong data-start=\"4162\" data-end=\"4185\">Wysoki profil bezpiecze\u0144stwa<\/strong> oraz <strong data-start=\"4190\" data-end=\"4216\">skuteczno\u015b\u0107 kliniczna<\/strong> w utrzymaniu masy mi\u0119\u015bniowej i g\u0119sto\u015bci ko\u015bci.<br data-start=\"4261\" data-end=\"4264\" \/>Jego po\u0142\u0105czenie <strong data-start=\"4283\" data-end=\"4304\">umiarkowany anabolizm<\/strong> oraz <strong data-start=\"4309\" data-end=\"4327\">niski androgeniczny<\/strong> Aktywno\u015b\u0107 sprawi\u0142a, \u017ce by\u0142 on odpowiedni zar\u00f3wno dla m\u0119\u017cczyzn, jak i kobiet w zastosowaniach medycznych, zanim zwr\u00f3ci\u0142 na siebie uwag\u0119 sportowc\u00f3w.<\/p>\n<p data-start=\"4447\" data-end=\"4609\">Dzisiaj, <strong data-start=\"4454\" data-end=\"4486\">SHGOTOPHARM Turinabol w proszku<\/strong> kontynuuje to dziedzictwo precyzji i czysto\u015bci - teraz jest dost\u0119pny do zaawansowanych bada\u0144 i opracowywania receptur na ca\u0142ym \u015bwiecie.<\/p>\n<hr data-start=\"4611\" data-end=\"4614\" \/>\n<h3 data-start=\"4616\" data-end=\"4664\"><strong data-start=\"4623\" data-end=\"4664\">Kluczowe zalety doustnego proszku Turinabol<\/strong><\/h3>\n<ul data-start=\"4666\" data-end=\"4930\">\n<li data-start=\"4666\" data-end=\"4718\">\n<p data-start=\"4668\" data-end=\"4718\">Promuje <strong data-start=\"4677\" data-end=\"4699\">wzrost bezt\u0142uszczowej masy mi\u0119\u015bniowej<\/strong> bez wzd\u0119\u0107<\/p>\n<\/li>\n<li data-start=\"4719\" data-end=\"4765\">\n<p data-start=\"4721\" data-end=\"4765\">Wzmacnia <strong data-start=\"4730\" data-end=\"4763\">si\u0142a, moc i regeneracja<\/strong><\/p>\n<\/li>\n<li data-start=\"4766\" data-end=\"4812\">\n<p data-start=\"4768\" data-end=\"4812\">Wsparcie <strong data-start=\"4777\" data-end=\"4810\">utrata tkanki t\u0142uszczowej i utrzymanie mi\u0119\u015bni<\/strong><\/p>\n<\/li>\n<li data-start=\"4813\" data-end=\"4871\">\n<p data-start=\"4815\" data-end=\"4871\">Zapewnia <strong data-start=\"4824\" data-end=\"4869\">Sta\u0142e i sp\u00f3jne wyniki wydajno\u015bci<\/strong><\/p>\n<\/li>\n<li data-start=\"4872\" data-end=\"4930\">\n<p data-start=\"4874\" data-end=\"4930\">Idealny dla <strong data-start=\"4884\" data-end=\"4928\">cykle badawcze ci\u0119cia lub rekompozycji<\/strong><\/p>\n<\/li>\n<\/ul>\n<hr data-start=\"4932\" data-end=\"4935\" \/>\n<h3 data-start=\"4937\" data-end=\"4970\"><strong data-start=\"4944\" data-end=\"4970\">Dlaczego warto wybra\u0107 SHGOTOPHARM<\/strong><\/h3>\n<p data-start=\"4972\" data-end=\"5310\">Jako \u015bwiatowy lider w <strong data-start=\"4994\" data-end=\"5026\">surowe proszki steryd\u00f3w anabolicznych<\/strong>, <strong data-start=\"5028\" data-end=\"5043\">SHGOTOPHARM<\/strong> zapewnia <strong data-start=\"5052\" data-end=\"5104\">Czysto\u015b\u0107 na poziomie farmaceutycznym, konkurencyjne ceny<\/strong>, oraz <strong data-start=\"5110\" data-end=\"5141\">Niezawodna dostawa na ca\u0142ym \u015bwiecie<\/strong>.<br data-start=\"5142\" data-end=\"5145\" \/>Kiedy <strong data-start=\"5154\" data-end=\"5183\">Kup doustny proszek Turinabol<\/strong> Z SHGOTOPHARM wsp\u00f3\u0142pracujesz z firm\u0105 zajmuj\u0105c\u0105 si\u0119 jako\u015bci\u0105, przejrzysto\u015bci\u0105 i doskona\u0142o\u015bci\u0105 w badaniach wydajno\u015bci.<\/p>","protected":false},"excerpt":{"rendered":"<p>Kup doustny proszek Turinabol od SHGOTOPHARM - 99% czysty anaboliczny surowy proszek do wzrostu bezt\u0142uszczowej masy mi\u0119\u015bniowej, si\u0142y i wydajno\u015bci. Zaufany dostawca surowc\u00f3w Turinabol na ca\u0142ym \u015bwiecie.<\/p>","protected":false},"featured_media":1782,"comment_status":"open","ping_status":"closed","template":"","meta":[],"product_brand":[],"product_cat":[390],"product_tag":[874,935,944,934,949,945,938,933,870,932,943,939,871,876,877,931,872,940,937,948,936,946,947,942,873,880,879,882,875,881,878,941],"class_list":{"0":"post-1781","1":"product","2":"type-product","3":"status-publish","4":"has-post-thumbnail","6":"product_cat-oral-steroids","7":"product_tag-4-chlorodehydromethyltestosterone","8":"product_tag-aas-poland","9":"product_tag-aas-raw-materials-australia","10":"product_tag-aas-raws","11":"product_tag-anabolic-steroid-manufacturer-canada","12":"product_tag-anabolic-steroid-powders-online","13":"product_tag-best-steroid-powder-supplier-usa","14":"product_tag-buy-aas-raws-online","15":"product_tag-buy-oral-turinabol-powder-usa","16":"product_tag-buy-raw-steroid-powders-online","17":"product_tag-buy-raw-steroids-china","18":"product_tag-high-purity-anabolic-steroids-canada","19":"product_tag-oral-turinabol-raw-powder","20":"product_tag-oral-turinabol-supplier","21":"product_tag-raw-steroid-powders-for-research","22":"product_tag-raw-steroids-for-sale","23":"product_tag-shgotopharm-turinabol","24":"product_tag-steroid-raw-material-factory-europe","25":"product_tag-steroid-raws-online","26":"product_tag-steroid-raws-supplier-florida","27":"product_tag-supplier-usa","28":"product_tag-testosterone-raw-powder-poland","29":"product_tag-trenbolone-powder-thailand","30":"product_tag-trusted-steroid-raw-supplier-worldwide","31":"product_tag-turinabol-anabolic-steroid","32":"product_tag-turinabol-australia","33":"product_tag-turinabol-canada","34":"product_tag-turinabol-europe","35":"product_tag-turinabol-for-muscle-growth","36":"product_tag-turinabol-uk","37":"product_tag-turinabol-usa","38":"product_tag-wholesale-steroid-powders-australia","40":"first","41":"instock","42":"shipping-taxable","43":"product-type-simple"},"_links":{"self":[{"href":"https:\/\/shgotopharm.com\/pl\/wp-json\/wp\/v2\/product\/1781","targetHints":{"allow":["GET"]}}],"collection":[{"href":"https:\/\/shgotopharm.com\/pl\/wp-json\/wp\/v2\/product"}],"about":[{"href":"https:\/\/shgotopharm.com\/pl\/wp-json\/wp\/v2\/types\/product"}],"replies":[{"embeddable":true,"href":"https:\/\/shgotopharm.com\/pl\/wp-json\/wp\/v2\/comments?post=1781"}],"wp:featuredmedia":[{"embeddable":true,"href":"https:\/\/shgotopharm.com\/pl\/wp-json\/wp\/v2\/media\/1782"}],"wp:attachment":[{"href":"https:\/\/shgotopharm.com\/pl\/wp-json\/wp\/v2\/media?parent=1781"}],"wp:term":[{"taxonomy":"product_brand","embeddable":true,"href":"https:\/\/shgotopharm.com\/pl\/wp-json\/wp\/v2\/product_brand?post=1781"},{"taxonomy":"product_cat","embeddable":true,"href":"https:\/\/shgotopharm.com\/pl\/wp-json\/wp\/v2\/product_cat?post=1781"},{"taxonomy":"product_tag","embeddable":true,"href":"https:\/\/shgotopharm.com\/pl\/wp-json\/wp\/v2\/product_tag?post=1781"}],"curies":[{"name":"wp","href":"https:\/\/api.w.org\/{rel}","templated":true}]}}