{"id":1722,"date":"2025-10-24T13:09:16","date_gmt":"2025-10-24T13:09:16","guid":{"rendered":"https:\/\/shgotopharm.com\/?post_type=product&#038;p=1722"},"modified":"2025-10-24T13:17:25","modified_gmt":"2025-10-24T13:17:25","slug":"po-base-de-testosterona-em-bruto","status":"publish","type":"product","link":"https:\/\/shgotopharm.com\/pt\/product\/raw-testosterone-base-powder\/","title":{"rendered":"P\u00f3 Base de Testosterona Bruta 99%"},"content":{"rendered":"<p data-rm-block-id=\"block-1\"><a href=\"https:\/\/shgotopharm.com\/pt\/product\/po-base-de-testosterona-em-bruto\/\">P\u00f3 de base de testosterona em bruto<\/a> \u00e9 um esteroide injet\u00e1vel que cont\u00e9m testosterona sem nenhum \u00e9ster ligado a ela. \u00c9 testosterona pura e n\u00e3o tem nenhum \u00e9ster ligado e, portanto, nenhum \u00e9ster cis calculado no peso. Quando 100 mg de um \u00e9ster de testosterona \u00e9 igual a 100 mg menos o peso do \u00e9ster, 100 mg de Testosterone Base cont\u00e9m 100 mg reais do esteroide. Muito potente e muito poderoso.<\/p>\n<h3 data-rm-block-id=\"block-2\">P\u00f3 de base de testosterona em bruto \/ Especifica\u00e7\u00f5es<\/h3>\n<p data-rm-block-id=\"block-3\">Denomina\u00e7\u00e3o qu\u00edmica: 4-Androsten-17\u03b2-ol-3-ona<br \/>\nSin\u00f3nimos:17beta-Hidroxiandrost-4-en-3-ona<br \/>\nCAS: 58-22-0<br \/>\nEINECS: 200-370-5<br \/>\nEnsaio: 99% min.<br \/>\nF\u00f3rmula molecular: C19H28O2<br \/>\nEmbalagem: saco de alum\u00ednio ou lata.<br \/>\nAspeto: p\u00f3 cristalino branco ou esbranqui\u00e7ado<br \/>\nUtiliza\u00e7\u00e3o: Material farmac\u00eautico, hormona esteroide, anabolina. Para terapia de substitui\u00e7\u00e3o de testosterona sem doen\u00e7a, menopausa masculina, impot\u00eancia e tratamento de outras doen\u00e7as.<\/p>\n<h3 data-rm-block-id=\"block-4\">Vantagens de comprar a base de testosterona na SKGOTOPHARM<\/h3>\n<p data-rm-block-id=\"block-5\">Embora seja um composto bastante rudimentar, \u00e9 sem d\u00favida muito, muito eficaz. A testosterona base \u00e9 a hormona anab\u00f3lica mais comum que existe e \u00e9 tamb\u00e9m considerada a mais b\u00e1sica. Devido a isso, os culturistas consideram-na frequentemente o esteroide de base para a maioria dos ciclos. A base de testosterona \u00e9 tanto anab\u00f3lica como androg\u00e9nica por natureza. Os utilizadores deste esteroide notar\u00e3o um ganho dram\u00e1tico em tamanho e for\u00e7a muscular, bem como uma sensa\u00e7\u00e3o geral de bem-estar e um aumento da libido e do desejo sexual.<\/p>\n<p data-rm-block-id=\"block-6\">A base de testosterona aromatiza muito facilmente e, portanto, o ac\u00famulo de estrog\u00eanio e os efeitos colaterais podem se tornar um problema para usu\u00e1rios sens\u00edveis a esses problemas ou aqueles que optam por usar uma dose alta desse composto. Portanto, ao usar a base de testosterona, os fisiculturistas geralmente optam por incorporar um antiestrog\u00eanio, como Anastrozol, Proviron ou Tamoxifeno, para ajudar a reduzir ao m\u00ednimo os efeitos colaterais relacionados ao estrog\u00eanio. Os utilizadores extremamente sens\u00edveis ou que utilizam doses muito elevadas (800-1200) podem achar que os anti-estrog\u00e9nios mais fortes, como o Letrozol ou o Exemestano, s\u00e3o mais adequados.<\/p>\n<h3 data-rm-block-id=\"block-7\">Como o p\u00f3 de base de testosterona crua reage com o corpo<\/h3>\n<p data-rm-block-id=\"block-8\">Efeitos secund\u00e1rios androg\u00e9nicos, como pele oleosa, tamb\u00e9m s\u00e3o poss\u00edveis enquanto se toma Testosterone Base. Os fisiculturistas que procuram aumentar o volume, muitas vezes empilham a base de testosterona com outros ester\u00f3ides, como Deca 250 e \/ ou Boldenona 200. A dosagem deste esteroide para os culturistas masculinos situa-se normalmente no intervalo de 400-1200 mg por semana e a dura\u00e7\u00e3o do ciclo \u00e9 de 8-20 semanas, dependendo, naturalmente, dos objectivos do atleta. As mulheres normalmente v\u00eaem resultados desej\u00e1veis com doses de 50-100 mg por semana. P\u00f3 de base de testosterona crua<\/p>\n<h3 data-rm-block-id=\"block-9\">Usos de Raw Testosterone Base Powder<\/h3>\n<p data-rm-block-id=\"block-10\">A pr\u00e1tica mais popular com a base de testosterona \u00e9 injetar o medicamento todos os dias. A dosagem varia muito, dependendo das necessidades do indiv\u00edduo, mas na maioria das vezes \u00e9 de 50mg a 100mg por inje\u00e7\u00e3o. Na maioria dos casos, os resultados ser\u00e3o surpreendentes. Embora alguns utilizadores se queixem de desconforto quando injectam ester\u00f3ides \u00e0 base de \u00e1gua, a base \u00e9 geralmente bem tolerada.<\/p>\n<p data-rm-block-id=\"block-11\">Como seria de esperar de um androg\u00e9nio forte, a base pode produzir v\u00e1rios efeitos secund\u00e1rios desagrad\u00e1veis. Tal como acontece com qualquer produto de testosterona, haver\u00e1 uma elevada taxa de convers\u00e3o de estrog\u00e9nio. Os n\u00edveis de estrog\u00e9nio, de facto, aumentam muito rapidamente com a base de testosterona, que \u00e9 provavelmente a pior testosterona a usar quando se deseja evitar o incha\u00e7o da \u00e1gua. P\u00f3 de base de testosterona crua<\/p>\n<h3 data-rm-block-id=\"block-12\">Prepara\u00e7\u00f5es em p\u00f3 de base de testosterona em bruto<\/h3>\n<p data-rm-block-id=\"block-13\">A ginecomastia pode tamb\u00e9m desenvolver-se muito rapidamente durante um ciclo e, em muitos casos, este medicamento ser\u00e1 intoler\u00e1vel sem a toma adicional de um anti-estrog\u00e9nio. Uma combina\u00e7\u00e3o de Nolvadex e Proviron \u00e9 uma forma eficaz de evitar tais efeitos secund\u00e1rios, e \u00e9 frequentemente tomada desde o in\u00edcio do ciclo, a fim de prevenir tais ocorr\u00eancias antes de se tornarem um problema. As pessoas sens\u00edveis podem achar mais sensato investir no anti-aromatase Arimidex, Femara ou Aromasin.<\/p>\n<p data-rm-block-id=\"block-14\">Estes medicamentos anti-aromatase s\u00e3o muito mais eficazes no controlo do estrog\u00e9nio. \u00c9 tamb\u00e9m importante que o atleta monitorize de perto a tens\u00e3o arterial e as fun\u00e7\u00f5es renais durante um ciclo pesado, uma vez que a reten\u00e7\u00e3o de \u00e1gua se torna mais pronunciada. P\u00f3 de base de testosterona crua<\/p>\n<p data-rm-block-id=\"block-15\">Legit Steroid Powder Source na China. Compre p\u00f3 de esteroide de base de testosterona crua online China p\u00f3 de testosterona pura para venda.<\/p>","protected":false},"excerpt":{"rendered":"<p><a href=\"https:\/\/shgotopharm.com\/pt\/product\/po-base-de-testosterona-em-bruto\/\">P\u00f3 de base de testosterona em bruto<\/a> \u00e9 um esteroide injet\u00e1vel que cont\u00e9m testosterona sem qualquer \u00e9ster ligado a ela<\/p>","protected":false},"featured_media":1723,"comment_status":"open","ping_status":"closed","template":"","meta":[],"product_brand":[],"product_cat":[213],"product_tag":[247,246,249,250,248,245,243,227,226,244,239,241,236,230,234,238,242,228,232,229,231,240,235,233,237,225],"class_list":{"0":"post-1722","1":"product","2":"type-product","3":"status-publish","4":"has-post-thumbnail","6":"product_cat-testosterone","7":"product_tag-buy-testosterone-australia","8":"product_tag-buy-testosterone-canada","9":"product_tag-buy-testosterone-europe","10":"product_tag-buy-testosterone-mexico","11":"product_tag-buy-testosterone-uk","12":"product_tag-buy-testosterone-usa","13":"product_tag-raw-steroids-powders","14":"product_tag-raw-testosterone-acetate-usa","15":"product_tag-recent-post-buy-testosterone-acetate","16":"product_tag-steroids-australia","17":"product_tag-test-ace-half-life","18":"product_tag-test-ace-steroid","19":"product_tag-testosterone-acetate-benefits","20":"product_tag-testosterone-acetate-china","21":"product_tag-testosterone-acetate-cycle","22":"product_tag-testosterone-acetate-dosage","23":"product_tag-testosterone-acetate-for-sale","24":"product_tag-testosterone-acetate-manufacturer-china","25":"product_tag-testosterone-acetate-powder","26":"product_tag-testosterone-acetate-powder-store","27":"product_tag-testosterone-acetate-price-australia","28":"product_tag-testosterone-acetate-supplier","29":"product_tag-testosterone-acetate-uses","30":"product_tag-testosterone-acetate-vs-enanthate","31":"product_tag-testosterone-acetate-vs-propionate","32":"product_tag-testosterone-powders-uk","34":"first","35":"instock","36":"shipping-taxable","37":"product-type-simple"},"_links":{"self":[{"href":"https:\/\/shgotopharm.com\/pt\/wp-json\/wp\/v2\/product\/1722","targetHints":{"allow":["GET"]}}],"collection":[{"href":"https:\/\/shgotopharm.com\/pt\/wp-json\/wp\/v2\/product"}],"about":[{"href":"https:\/\/shgotopharm.com\/pt\/wp-json\/wp\/v2\/types\/product"}],"replies":[{"embeddable":true,"href":"https:\/\/shgotopharm.com\/pt\/wp-json\/wp\/v2\/comments?post=1722"}],"wp:featuredmedia":[{"embeddable":true,"href":"https:\/\/shgotopharm.com\/pt\/wp-json\/wp\/v2\/media\/1723"}],"wp:attachment":[{"href":"https:\/\/shgotopharm.com\/pt\/wp-json\/wp\/v2\/media?parent=1722"}],"wp:term":[{"taxonomy":"product_brand","embeddable":true,"href":"https:\/\/shgotopharm.com\/pt\/wp-json\/wp\/v2\/product_brand?post=1722"},{"taxonomy":"product_cat","embeddable":true,"href":"https:\/\/shgotopharm.com\/pt\/wp-json\/wp\/v2\/product_cat?post=1722"},{"taxonomy":"product_tag","embeddable":true,"href":"https:\/\/shgotopharm.com\/pt\/wp-json\/wp\/v2\/product_tag?post=1722"}],"curies":[{"name":"wp","href":"https:\/\/api.w.org\/{rel}","templated":true}]}}