{"id":1731,"date":"2025-10-25T04:52:08","date_gmt":"2025-10-25T04:52:08","guid":{"rendered":"https:\/\/shgotopharm.com\/?post_type=product&#038;p=1731"},"modified":"2025-12-13T09:58:16","modified_gmt":"2025-12-13T09:58:16","slug":"comprar-testosterona-sustanon-250-em-po","status":"publish","type":"product","link":"https:\/\/shgotopharm.com\/pt\/product\/buy-testosterone-sustanon-250-powder\/","title":{"rendered":"Comprar Testosterona Sustanon 250 em p\u00f3"},"content":{"rendered":"<p data-rm-block-id=\"block-1\">Quando compra <a href=\"https:\/\/shgotopharm.com\/pt\/product\/testosterone-sustanon-250-powder\/\">Testosterona Sustanon 250 em p\u00f3<\/a>, est\u00e1 a escolher uma mistura de testosterona de renome, concebida para combinar os benef\u00edcios dos \u00e9steres de a\u00e7\u00e3o curta e longa. Originalmente desenvolvida pela Organon, esta formula\u00e7\u00e3o garante n\u00edveis est\u00e1veis de testosterona com menos injec\u00e7\u00f5es, proporcionando resultados r\u00e1pidos e efeitos sustentados. \u00c9 uma solu\u00e7\u00e3o de terapia de substitui\u00e7\u00e3o de testosterona (TRT) de primeira linha, e a SHGOTOPHARM \u00e9 o melhor s\u00edtio para comprar Testosterone Sustanon 250 Powder.<br \/>\nAo integrar quatro \u00e9steres de testosterona distintos - propionato, fenilpropionato, isocaproato e decanoato - o Sustanon 250 minimiza os picos e depress\u00f5es da testosterona de \u00e9ster \u00fanico, criando um perfil de liberta\u00e7\u00e3o equilibrado ideal para fins m\u00e9dicos e de melhoria do desempenho.<br \/>\nComposi\u00e7\u00e3o dos \u00e9steres de Sustanon 250:<\/p>\n<h3 data-rm-block-id=\"block-2\">\nComposi\u00e7\u00e3o de Testosterone Sustanon 250 Powder:<\/h3>\n<p data-rm-block-id=\"block-3\">Propionato de testosterona: 30g<br \/>\nFenilpropionato de testosterona: 60g<br \/>\nIsocaproato de testosterona: 60g<br \/>\nDecanoato de testosterona: 100g<br \/>\nPureza: 98.6%<br \/>\nAspeto: P\u00f3 branco fino<br \/>\nR\u00e1cio: 3:6:6:10<br \/>\nCapacidade de fornecimento: 500 kg\/m\u00eas<\/p>\n<p data-rm-block-id=\"block-4\">\n<p data-rm-block-id=\"block-5\">Propionato de testosterona (30 mg): Um \u00e9ster de a\u00e7\u00e3o r\u00e1pida com uma semi-vida de 3,5 dias, perfeito para resultados r\u00e1pidos. A sua curta dura\u00e7\u00e3o reduz a aromatiza\u00e7\u00e3o, ideal para ciclos mais curtos (8 semanas ou menos).<br \/>\nFenilpropionato de testosterona (60 mg): Com uma semi-vida de 4,5 dias, este \u00e9ster mant\u00e9m os n\u00edveis de testosterona \u00e0 medida que o propionato diminui.<br \/>\nIsocaproato de testosterona (60 mg): Um \u00e9ster de gama m\u00e9dia com uma semi-vida de 9 dias, garantindo uma transi\u00e7\u00e3o suave para componentes de a\u00e7\u00e3o mais longa.<br \/>\nDecanoato de testosterona (100 mg): O \u00e9ster mais longo, com uma semi-vida de 15 dias, proporciona uma liberta\u00e7\u00e3o sustentada de testosterona para efeitos prolongados.<\/p>\n<p data-rm-block-id=\"block-6\">Receitas de Sustanon 250 em p\u00f3:<\/p>\n<p data-rm-block-id=\"block-7\">250mg\/ml @ 100ml:<\/p>\n<p data-rm-block-id=\"block-8\">25g de Sustanon em p\u00f3 (18,75ml)<br \/>\n2% \u00c1lcool benz\u00edlico (2ml)<br \/>\n20% Benzoato de benzilo (20ml)<br \/>\n59,25 ml de \u00f3leo de grainha de uva<\/p>\n<p data-rm-block-id=\"block-9\">\n300mg\/ml @ 100ml:<\/p>\n<p data-rm-block-id=\"block-10\">30 g de Sustanon em p\u00f3 (22,5 ml)<br \/>\n2% \u00c1lcool benz\u00edlico (2ml)<br \/>\n20% Benzoato de benzilo (20ml)<br \/>\n55,5 ml de \u00f3leo de grainha de uva<\/p>\n<p data-rm-block-id=\"block-11\">\n400mg\/ml @ 100ml:<\/p>\n<p data-rm-block-id=\"block-12\">40g de Sustanon em p\u00f3 (30ml)<br \/>\n2% \u00c1lcool benz\u00edlico (2ml)<br \/>\n20% Benzoato de benzilo (20ml)<br \/>\n48 ml de \u00f3leo de grainhas de uva<\/p>\n<p data-rm-block-id=\"block-13\">\n<p data-rm-block-id=\"block-14\">Porque \u00e9 que o Sustanon 250 se destaca:<\/p>\n<p>Quando compra Testosterone Sustanon 250 Powder, obt\u00e9m uma mistura sin\u00e9rgica de \u00e9steres que proporcionam uma liberta\u00e7\u00e3o est\u00e1vel de testosterona. O propionato de a\u00e7\u00e3o curta proporciona um impulso imediato, o fenilpropionato e o isocaproato mant\u00eam os n\u00edveis, e o decanoato assegura efeitos duradouros. Isto faz com que seja uma escolha de topo para TRT e melhoria do desempenho, dispon\u00edvel exclusivamente atrav\u00e9s da SHGOTOPHARM.<\/p>\n<h3 data-rm-block-id=\"block-15\">\nVantagens de desempenho:<\/h3>\n<p data-rm-block-id=\"block-16\">Aumento de volume: Com calorias suficientes, o Sustanon 250 promove ganhos significativos de massa muscular magra e aumentos de for\u00e7a, com redu\u00e7\u00e3o da acumula\u00e7\u00e3o de gordura devido aos benef\u00edcios metab\u00f3licos da testosterona.<br \/>\nCorte: Durante os d\u00e9fices cal\u00f3ricos, preserva a massa muscular magra, aumentando a perda de gordura para um f\u00edsico mais magro.<br \/>\nMelhoria geral: Aumenta a resist\u00eancia, acelera a recupera\u00e7\u00e3o e melhora o desempenho atl\u00e9tico, tornando-o uma op\u00e7\u00e3o vers\u00e1til para todos os objectivos.<\/p>\n<h3 data-rm-block-id=\"block-17\">Dosagem e administra\u00e7\u00e3o de Testosterone Sustanon 250 Powder:<\/h3>\n<p data-rm-block-id=\"block-18\">\nAs dosagens t\u00edpicas variam entre 250 mg e 1500 mg por semana, sendo as mais comuns entre 500 e 750 mg. As injec\u00e7\u00f5es de tr\u00eas em tr\u00eas dias maximizam os benef\u00edcios do \u00e9ster de propionato, embora as injec\u00e7\u00f5es semanais funcionem bem para a maioria dos utilizadores.<\/p>\n<h3 data-rm-block-id=\"block-19\">\nPorqu\u00ea comprar Testosterona Sustanon 250 em p\u00f3 na SHGOTOPHARM?<\/h3>\n<p data-rm-block-id=\"block-20\">Proveniente de um fabricante farmac\u00eautico de confian\u00e7a.<br \/>\nCertificado pelas normas GMP e ISO9001.<br \/>\nPureza garantida superior a 98%.<br \/>\nEntrega fi\u00e1vel atrav\u00e9s de um parceiro log\u00edstico dedicado.<br \/>\nEncomenda m\u00ednima de 10g, com entrega nacional para encomendas superiores a 1kg.<br \/>\nOp\u00e7\u00f5es de pagamento flex\u00edveis: T\/T, Western Union, MoneyGram, Bitcoin.<\/p>\n<p data-rm-block-id=\"block-21\">SHGOTOPHARM \u00e9 o melhor lugar para comprar Testosterona Sustanon 250 em p\u00f3, oferecendo uma mistura poderosa de testosterona com versatilidade incompar\u00e1vel para TRT e objectivos de desempenho. A sua combina\u00e7\u00e3o de \u00e9steres cuidadosamente concebida garante resultados consistentes, tornando-o um favorito entre atletas e culturistas de todo o mundo. Confie na SHGOTOPHARM para obter o Sustanon 250 da mais alta qualidade do mercado.<\/p>","protected":false},"excerpt":{"rendered":"<p>Quando compra <a href=\"https:\/\/shgotopharm.com\/pt\/product\/testosterone-sustanon-250-powder\/\">Testosterona Sustanon 250 em p\u00f3<\/a>, Est\u00e1 a escolher uma mistura de testosterona de renome, concebida para combinar os benef\u00edcios dos \u00e9steres de curta e longa dura\u00e7\u00e3o de a\u00e7\u00e3o<\/p>","protected":false},"featured_media":1732,"comment_status":"open","ping_status":"closed","template":"","meta":[],"product_brand":[],"product_cat":[213],"product_tag":[935,944,934,949,945,268,938,933,932,943,269,270,271,272,273,274,275,276,277,278,279,280,939,281,931,940,937,948,282,936,283,284,285,286,287,288,289,290,291,292,293,294,295,296,297,298,299,300,301,302,303,304,305,306,267,946,307,308,309,310,311,312,313,314,315,947,942,941],"class_list":{"0":"post-1731","1":"product","2":"type-product","3":"status-publish","4":"has-post-thumbnail","6":"product_cat-testosterone","7":"product_tag-aas-poland","8":"product_tag-aas-raw-materials-australia","9":"product_tag-aas-raws","10":"product_tag-anabolic-steroid-manufacturer-canada","11":"product_tag-anabolic-steroid-powders-online","12":"product_tag-anabolic-steroids","13":"product_tag-best-steroid-powder-supplier-usa","14":"product_tag-buy-aas-raws-online","15":"product_tag-buy-raw-steroid-powders-online","16":"product_tag-buy-raw-steroids-china","17":"product_tag-buy-sustanon","18":"product_tag-buy-sustanon-250","19":"product_tag-buy-sustanon-250-australia","20":"product_tag-buy-sustanon-250-canada","21":"product_tag-buy-sustanon-250-cycle","22":"product_tag-buy-sustanon-250-injectable-online","23":"product_tag-buy-sustanon-250-online-with-credit-card","24":"product_tag-buy-sustanon-250-uk","25":"product_tag-buy-sustanon-350","26":"product_tag-buy-sustanon-500","27":"product_tag-buy-sustanon-powder","28":"product_tag-buy-sustanon-steroid","29":"product_tag-high-purity-anabolic-steroids-canada","30":"product_tag-hormone","31":"product_tag-raw-steroids-for-sale","32":"product_tag-steroid-raw-material-factory-europe","33":"product_tag-steroid-raws-online","34":"product_tag-steroid-raws-supplier-florida","35":"product_tag-steroids","36":"product_tag-supplier-usa","37":"product_tag-sustanon","38":"product_tag-sustanon-250","39":"product_tag-sustanon-250-cycle","40":"product_tag-sustanon-250-oral","41":"product_tag-sustanon-250-powder","42":"product_tag-sustanon-250-powder-recipe","43":"product_tag-sustanon-250-price","44":"product_tag-sustanon-250-price-in-mexico","45":"product_tag-sustanon-300","46":"product_tag-sustanon-350","47":"product_tag-sustanon-buy","48":"product_tag-sustanon-dosage","49":"product_tag-sustanon-for-sale","50":"product_tag-sustanon-manufacturer","51":"product_tag-sustanon-powder","52":"product_tag-sustanon-powder-conversion","53":"product_tag-sustanon-powder-price","54":"product_tag-sustanon-powder-recipes","55":"product_tag-sustanon-price","56":"product_tag-sustanon-raw-powder","57":"product_tag-sustanon-source","58":"product_tag-sustanon-steroids","59":"product_tag-sustanon-suppliers","60":"product_tag-sustanon-wholesale","61":"product_tag-testosterone-powders-aas","62":"product_tag-testosterone-raw-powder-poland","63":"product_tag-testosterone-sustanon","64":"product_tag-testosterone-sustanon-250","65":"product_tag-testosterone-sustanon-250-for-sale","66":"product_tag-testosterone-sustanon-250-price","67":"product_tag-testosterone-sustanon-250-side-effects","68":"product_tag-testosterone-sustanon-250-stack","69":"product_tag-testosterone-sustanon-300-mg","70":"product_tag-testosterone-sustanon-400-mg","71":"product_tag-testosterone-sustanon-500","72":"product_tag-trenbolone-powder-thailand","73":"product_tag-trusted-steroid-raw-supplier-worldwide","74":"product_tag-wholesale-steroid-powders-australia","76":"first","77":"instock","78":"shipping-taxable","79":"product-type-simple"},"_links":{"self":[{"href":"https:\/\/shgotopharm.com\/pt\/wp-json\/wp\/v2\/product\/1731","targetHints":{"allow":["GET"]}}],"collection":[{"href":"https:\/\/shgotopharm.com\/pt\/wp-json\/wp\/v2\/product"}],"about":[{"href":"https:\/\/shgotopharm.com\/pt\/wp-json\/wp\/v2\/types\/product"}],"replies":[{"embeddable":true,"href":"https:\/\/shgotopharm.com\/pt\/wp-json\/wp\/v2\/comments?post=1731"}],"wp:featuredmedia":[{"embeddable":true,"href":"https:\/\/shgotopharm.com\/pt\/wp-json\/wp\/v2\/media\/1732"}],"wp:attachment":[{"href":"https:\/\/shgotopharm.com\/pt\/wp-json\/wp\/v2\/media?parent=1731"}],"wp:term":[{"taxonomy":"product_brand","embeddable":true,"href":"https:\/\/shgotopharm.com\/pt\/wp-json\/wp\/v2\/product_brand?post=1731"},{"taxonomy":"product_cat","embeddable":true,"href":"https:\/\/shgotopharm.com\/pt\/wp-json\/wp\/v2\/product_cat?post=1731"},{"taxonomy":"product_tag","embeddable":true,"href":"https:\/\/shgotopharm.com\/pt\/wp-json\/wp\/v2\/product_tag?post=1731"}],"curies":[{"name":"wp","href":"https:\/\/api.w.org\/{rel}","templated":true}]}}