{"id":1737,"date":"2025-10-25T05:51:41","date_gmt":"2025-10-25T05:51:41","guid":{"rendered":"https:\/\/shgotopharm.com\/?post_type=product&#038;p=1737"},"modified":"2025-11-10T10:07:04","modified_gmt":"2025-11-10T10:07:04","slug":"fenilpropionato-de-testosterona-em-bruto","status":"publish","type":"product","link":"https:\/\/shgotopharm.com\/pt\/product\/raw-testosterone-phenylpropionate\/","title":{"rendered":"Fenilpropionato de testosterona em bruto"},"content":{"rendered":"<h2><a href=\"https:\/\/shgotopharm.com\/pt\/product\/fenilpropionato-de-testosterona-em-bruto\/\">Comprar p\u00f3 de fenilpropionato de testosterona em bruto | Vis\u00e3o geral do p\u00f3 de fenilpropionato de testosterona em bruto:<\/a><\/h2>\n<p>Quando compra o p\u00f3 de fenilpropionato de testosterona em bruto da SHGOTOPHARM, est\u00e1 a escolher um esteroide de alta qualidade \u00e0 base de testosterona, conhecido pelas suas propriedades \u00fanicas. Embora possa n\u00e3o produzir os resultados imediatos dos ester\u00f3ides de a\u00e7\u00e3o mais r\u00e1pida, o p\u00f3 de fenilpropionato de testosterona em bruto \u00e9 altamente eficaz quando utilizado corretamente, oferecendo benef\u00edcios significativos para atletas e culturistas que procuram ganhos de massa muscular magra e perda de gordura. Com uma administra\u00e7\u00e3o adequada, este esteroide pode produzir resultados impressionantes, tornando-o uma adi\u00e7\u00e3o valiosa a qualquer regime de melhoria do desempenho.<\/p>\n<h3>Comprar Testosterona Bruta Fenilpropionato em P\u00f3 | Especifica\u00e7\u00f5es:<\/h3>\n<p>Produto: Fenilpropionato de testosterona em p\u00f3<br \/>\nPureza: m\u00ednimo 98%<br \/>\nCAS: 1255-49-8<br \/>\nEINECS: 215-014-4<br \/>\nF\u00f3rmula molecular: C28H36O3<br \/>\nPeso molecular: 420,58<br \/>\nAspeto: P\u00f3 cristalino branco<br \/>\nSin\u00f3nimos: Retandrol; 17\u03b2-hidroxi-androst-4-en-3-ona 3-fenilpropionato<br \/>\nEmbalagem: Saco de alum\u00ednio ou lata<br \/>\nEnvio: Dispon\u00edvel no Canad\u00e1, na Europa e nos EUA<\/p>\n<h3>Sobre o p\u00f3 de fenilpropionato de testosterona em bruto:<\/h3>\n<p>Originalmente derivado de test\u00edculos de touros, o p\u00f3 de fenilpropionato de testosterona bruta \u00e9 agora produzido sinteticamente e apresenta um \u00e9ster de fenilpropionato, o que lhe confere uma semi-vida curta de 1-2 dias. Isto requer injec\u00e7\u00f5es frequentes, normalmente de dois em dois dias, para manter n\u00edveis sangu\u00edneos est\u00e1veis e obter resultados \u00f3ptimos. Quando utilizado de forma consistente, o p\u00f3 de fenilpropionato de testosterona bruta promove o crescimento de massa muscular magra, tornando-o uma escolha preferida para atletas que valorizam a qualidade em vez de ganhos r\u00e1pidos e pesados.<br \/>\nPorqu\u00ea escolher o p\u00f3 de fenilpropionato de testosterona em bruto?<\/p>\n<p>Sem reten\u00e7\u00e3o de \u00e1gua: O \u00e9ster de fenilpropionato minimiza a reten\u00e7\u00e3o de \u00e1gua, permitindo aos utilizadores ganhar massa muscular magra de alta qualidade, ideal para desportos de competi\u00e7\u00e3o e objectivos est\u00e9ticos.<br \/>\nBenef\u00edcios da perda de gordura: Este esteroide suporta a perda de gordura, tornando-o popular entre atletas e indiv\u00edduos que pretendem obter um f\u00edsico mais magro para desempenho ou apar\u00eancia.<br \/>\nEficaz com uma utiliza\u00e7\u00e3o correta: Quando injetado dia sim, dia n\u00e3o e combinado com uma dieta disciplinada e uma rotina de exerc\u00edcio, o p\u00f3 de fenilpropionato de testosterona bruta proporciona uma defini\u00e7\u00e3o muscular e ganhos de for\u00e7a not\u00e1veis.<\/p>\n<h3>Comprar Testosterone Phenylpropionate Powder Online:<\/h3>\n<p>Como subst\u00e2ncia controlada, comprar fenilpropionato de testosterona sem receita m\u00e9dica \u00e9 um desafio, especialmente nos EUA. A forma mais segura e fi\u00e1vel de comprar Fenilpropionato de Testosterona em P\u00f3 em bruto \u00e9 atrav\u00e9s de fornecedores online de confian\u00e7a como a SHGOTOPHARM. Ao contr\u00e1rio das fontes do mercado negro, que muitas vezes fornecem produtos de baixa qualidade ou inseguros, a SHGOTOPHARM garante uma qualidade superior, entrega r\u00e1pida e transac\u00e7\u00f5es seguras. Os ester\u00f3ides de baixa qualidade podem ser ineficazes e prejudiciais, pelo que a escolha de um fornecedor de confian\u00e7a \u00e9 fundamental para alcan\u00e7ar os resultados desejados em seguran\u00e7a.<\/p>\n<h3>Conselhos para uma utiliza\u00e7\u00e3o \u00f3ptima:<\/h3>\n<p>Para maximizar os benef\u00edcios do p\u00f3 de fenilpropionato de testosterona em bruto, combine-o com uma dieta equilibrada e um regime de exerc\u00edcio consistente. Ler as opini\u00f5es dos utilizadores sobre os fornecedores pode ajud\u00e1-lo a tomar uma decis\u00e3o informada e garantir que est\u00e1 a comprar a uma fonte fi\u00e1vel como o SHGOTOPHARM.<\/p>\n<h3>Porqu\u00ea o fenilpropionato de testosterona em p\u00f3 da SHGOTOPHARM?<\/h3>\n<p>Qualidade superior: Certificado pelas normas GMP e ISO9001, com um grau de pureza superior a 98%.<br \/>\nEnvio r\u00e1pido e seguro: Envio no mesmo dia com op\u00e7\u00f5es fi\u00e1veis de envio expresso (FedEx, UPS, DHL, EMS, TNT, HKEMS) ou a\u00e9reo, incluindo entrega nacional para encomendas superiores a 1 kg.<br \/>\nApoio ao cliente: Servi\u00e7o p\u00f3s-venda 24 horas por dia, 7 dias por semana, para responder prontamente a quaisquer quest\u00f5es.<br \/>\nEncomendas flex\u00edveis: Encomenda m\u00ednima de 10g, com pre\u00e7os competitivos e descontos para compras a granel.<br \/>\nPagamentos seguros: As op\u00e7\u00f5es incluem T\/T, Western Union, MoneyGram e Bitcoin.<br \/>\nDisponibilidade global: Servindo clientes nos EUA, Canad\u00e1, Reino Unido, Alemanha, Brasil, Austr\u00e1lia, It\u00e1lia e muito mais.<\/p>\n<p>A SHGOTOPHARM \u00e9 o melhor s\u00edtio para comprar o p\u00f3 de fenilpropionato de testosterona em bruto, oferecendo um produto de alta qualidade em que os atletas de todo o mundo confiam. A sua capacidade de promover o crescimento muscular magro e a perda de gordura, combinada com uma reten\u00e7\u00e3o m\u00ednima de \u00e1gua, torna-o uma excelente escolha para objectivos est\u00e9ticos e de desempenho. Confie na SHGOTOPHARM para uma qualidade superior e um servi\u00e7o fi\u00e1vel<\/p>","protected":false},"excerpt":{"rendered":"<p>Quando compra o p\u00f3 de fenilpropionato de testosterona em bruto da SHGOTOPHARM, est\u00e1 a escolher um esteroide de alta qualidade \u00e0 base de testosterona, conhecido pelas suas propriedades \u00fanicas.<\/p>","protected":false},"featured_media":1738,"comment_status":"open","ping_status":"closed","template":"","meta":[],"product_brand":[],"product_cat":[213],"product_tag":[935,944,934,949,945,362,938,933,932,943,364,363,939,281,931,940,937,948,365,936,367,368,369,370,366,371,372,373,374,375,376,377,378,379,380,381,382,383,384,385,386,387,388,267,946,947,942,941],"class_list":{"0":"post-1737","1":"product","2":"type-product","3":"status-publish","4":"has-post-thumbnail","6":"product_cat-testosterone","7":"product_tag-aas-poland","8":"product_tag-aas-raw-materials-australia","9":"product_tag-aas-raws","10":"product_tag-anabolic-steroid-manufacturer-canada","11":"product_tag-anabolic-steroid-powders-online","12":"product_tag-anabolic-steroids-australia","13":"product_tag-best-steroid-powder-supplier-usa","14":"product_tag-buy-aas-raws-online","15":"product_tag-buy-raw-steroid-powders-online","16":"product_tag-buy-raw-steroids-china","17":"product_tag-buy-testosterone-phenylpropionate-powder","18":"product_tag-buy-testosterone-phenylpropionate-usa","19":"product_tag-high-purity-anabolic-steroids-canada","20":"product_tag-hormone","21":"product_tag-raw-steroids-for-sale","22":"product_tag-steroid-raw-material-factory-europe","23":"product_tag-steroid-raws-online","24":"product_tag-steroid-raws-supplier-florida","25":"product_tag-steroids-uk","26":"product_tag-supplier-usa","27":"product_tag-test-phenylpropionate-cycle","28":"product_tag-test-phenylpropionate-dosage","29":"product_tag-test-phenylpropionate-powder","30":"product_tag-test-phenylpropionate-results","31":"product_tag-test-phenylpropionate-usa","32":"product_tag-test-phenylpropionate-vs-prop","33":"product_tag-test-phenylpropionate-vs-propionate","34":"product_tag-testosterone-phenylpropionate","35":"product_tag-testosterone-phenylpropionate-benefits","36":"product_tag-testosterone-phenylpropionate-buy","37":"product_tag-testosterone-phenylpropionate-dosage","38":"product_tag-testosterone-phenylpropionate-for-sale","39":"product_tag-testosterone-phenylpropionate-half-life","40":"product_tag-testosterone-phenylpropionate-manufacturer","41":"product_tag-testosterone-phenylpropionate-powder","42":"product_tag-testosterone-phenylpropionate-price","43":"product_tag-testosterone-phenylpropionate-recipe","44":"product_tag-testosterone-phenylpropionate-side-effects","45":"product_tag-testosterone-phenylpropionate-source","46":"product_tag-testosterone-phenylpropionate-steroids","47":"product_tag-testosterone-phenylpropionate-suppliers","48":"product_tag-testosterone-phenylpropionate-vs-propionate","49":"product_tag-testosterone-phenylpropionate-wholesale","50":"product_tag-testosterone-powders-aas","51":"product_tag-testosterone-raw-powder-poland","52":"product_tag-trenbolone-powder-thailand","53":"product_tag-trusted-steroid-raw-supplier-worldwide","54":"product_tag-wholesale-steroid-powders-australia","56":"first","57":"instock","58":"shipping-taxable","59":"product-type-simple"},"_links":{"self":[{"href":"https:\/\/shgotopharm.com\/pt\/wp-json\/wp\/v2\/product\/1737","targetHints":{"allow":["GET"]}}],"collection":[{"href":"https:\/\/shgotopharm.com\/pt\/wp-json\/wp\/v2\/product"}],"about":[{"href":"https:\/\/shgotopharm.com\/pt\/wp-json\/wp\/v2\/types\/product"}],"replies":[{"embeddable":true,"href":"https:\/\/shgotopharm.com\/pt\/wp-json\/wp\/v2\/comments?post=1737"}],"wp:featuredmedia":[{"embeddable":true,"href":"https:\/\/shgotopharm.com\/pt\/wp-json\/wp\/v2\/media\/1738"}],"wp:attachment":[{"href":"https:\/\/shgotopharm.com\/pt\/wp-json\/wp\/v2\/media?parent=1737"}],"wp:term":[{"taxonomy":"product_brand","embeddable":true,"href":"https:\/\/shgotopharm.com\/pt\/wp-json\/wp\/v2\/product_brand?post=1737"},{"taxonomy":"product_cat","embeddable":true,"href":"https:\/\/shgotopharm.com\/pt\/wp-json\/wp\/v2\/product_cat?post=1737"},{"taxonomy":"product_tag","embeddable":true,"href":"https:\/\/shgotopharm.com\/pt\/wp-json\/wp\/v2\/product_tag?post=1737"}],"curies":[{"name":"wp","href":"https:\/\/api.w.org\/{rel}","templated":true}]}}