{"id":1755,"date":"2025-10-30T15:25:10","date_gmt":"2025-10-30T15:25:10","guid":{"rendered":"https:\/\/shgotopharm.com\/?post_type=product&#038;p=1755"},"modified":"2025-12-13T09:49:46","modified_gmt":"2025-12-13T09:49:46","slug":"trenbolone-enanthate-powder","status":"publish","type":"product","link":"https:\/\/shgotopharm.com\/pt\/product\/trenbolone-enanthate-powder\/","title":{"rendered":"Comprar Enantato de Trembolona em P\u00f3"},"content":{"rendered":"<h2><a href=\"https:\/\/shgotopharm.com\/pt\/product\/trenbolone-enanthate-powder\/\">Enantato de trembolona em p\u00f3<\/a><\/h2>\n<p>O enantato de trembolona \u00e9 um p\u00f3 esteroide de trembolona de venda quente. O enantato de trembolona \u00e9 um esteroide anab\u00f3lico androg\u00e9nico sint\u00e9tico e injetado. O enantato de trembolona \u00e9 utilizado principalmente para fins de muscula\u00e7\u00e3o, incluindo corte e aumento de volume.<\/p>\n<h3>Trenbolone Enanthate Info:<\/h3>\n<p>Enantato de trembolona CAS 10161-33-8<br \/>\nEnantato de trembolona F\u00f3rmula molecular: C25H34O3<br \/>\nEspecifica\u00e7\u00e3o do enantato de trembolona: Padr\u00e3o da empresa<br \/>\nEnantato de trembolona Descri\u00e7\u00e3o: p\u00f3 cristalino amarelo ou quase amarelo<br \/>\nEnantato de trembolona Nome qu\u00edmico: Enantato de 4,9,11-estratrieno-17beta-ol-3-ona<\/p>\n<h3>Enantato de trembolona em p\u00f3 Usos<\/h3>\n<p>O enantato de trembolona \u00e9 uma mistura subterr\u00e2nea de trembolona criada em laborat\u00f3rio, de liberta\u00e7\u00e3o prolongada. O enantato \u00e9 um \u00e9ster que permite que a trembolona seja libertada lentamente no corpo. Em termos m\u00e9dicos, \u00e9 raramente utilizado para o hipogonadismo prim\u00e1rio, o hipogonadismo hipogonadotr\u00f3pico e o atraso da puberdade nos homens.<br \/>\nNas mulheres, o enantato de trembolona \u00e9 utilizado para tratar o cancro da mama metast\u00e1tico.<\/p>\n<h3>Enantato de trembolona em p\u00f3 em homens e mulheres<\/h3>\n<p>A trembolona \u00e9 bem conhecida por sua capacidade de produzir ganhos musculares secos e de alta qualidade, al\u00e9m de aumentar muito a for\u00e7a. E, ao contr\u00e1rio de outros AASs potentes, como o Dianabol, os ganhos obtidos com este composto s\u00e3o f\u00e1ceis de manter quando o ciclo termina. \u00c9 mais prov\u00e1vel que retenha os ganhos obtidos durante um ciclo de trembolona do que com a maioria dos outros ester\u00f3ides de pot\u00eancia semelhante. Outros benef\u00edcios incluem a dureza, a falta de reten\u00e7\u00e3o de \u00e1gua, a incapacidade de se converter em estrog\u00e9nio, o aumento da queima\/perda de gordura, a melhoria da defini\u00e7\u00e3o e o aumento da agressividade. Estes benef\u00edcios tornam-na uma escolha popular tanto para os culturistas de competi\u00e7\u00e3o como para os recreativos.<\/p>\n<h3>Benef\u00edcios do Enantato de Trembolona:<\/h3>\n<p>O enantato de trembolona ajuda a obter uma melhoria significativa do desempenho energ\u00e9tico.<br \/>\nO enantato de trembolona ajuda a melhorar a densidade \u00f3ssea.<br \/>\nO Enantato de Trembolona ajuda a aumentar a libido (individualmente);<br \/>\nO enantato de trembolona ajuda a reduzir o cortisol natural.<br \/>\nO Enantato de Trembolona ajuda a aumentar o n\u00famero de gl\u00f3bulos vermelhos e de hemoglobina (mais oxig\u00e9nio para os m\u00fasculos e outras c\u00e9lulas).<br \/>\nO enantato de trembolona ajuda a queimar gordura (atrav\u00e9s dos factores da hormona de crescimento IGF-1);<br \/>\nO enantato de trembolona ajuda a melhorar a disposi\u00e7\u00e3o geral e o estado de esp\u00edrito.<br \/>\nO enantato de trembolona ajuda a evitar a reten\u00e7\u00e3o excessiva de \u00e1gua.<br \/>\nO Enantato de Trembolona ajuda a aumentar a atividade cardiovascular (aumento da resist\u00eancia);<\/p>","protected":false},"excerpt":{"rendered":"<h2><a href=\"https:\/\/shgotopharm.com\/pt\/product\/trenbolone-enanthate-powder\/\">Enantato de trembolona em p\u00f3<\/a><\/h2>\n<p>O enantato de trembolona \u00e9 um p\u00f3 esteroide de trembolona muito vendido<\/p>","protected":false},"featured_media":1756,"comment_status":"open","ping_status":"closed","template":"","meta":[],"product_brand":[],"product_cat":[24],"product_tag":[935,944,934,949,945,938,933,932,943,540,544,548,567,562,577,542,585,552,572,582,546,566,557,939,281,550,592,554,570,931,940,937,948,282,936,946,559,564,569,579,539,543,547,551,556,561,581,583,604,586,541,545,603,598,549,605,593,609,597,606,600,608,575,596,580,602,599,590,607,553,558,563,568,573,578,574,584,571,576,594,538,588,560,595,591,589,565,947,555,587,537,942,601,941],"class_list":{"0":"post-1755","1":"product","2":"type-product","3":"status-publish","4":"has-post-thumbnail","6":"product_cat-trenbolone","7":"product_tag-aas-poland","8":"product_tag-aas-raw-materials-australia","9":"product_tag-aas-raws","10":"product_tag-anabolic-steroid-manufacturer-canada","11":"product_tag-anabolic-steroid-powders-online","12":"product_tag-best-steroid-powder-supplier-usa","13":"product_tag-buy-aas-raws-online","14":"product_tag-buy-raw-steroid-powders-online","15":"product_tag-buy-raw-steroids-china","16":"product_tag-buy-tren-enanthate","17":"product_tag-buy-tren-enanthate-uk","18":"product_tag-buy-trenbolone-enanthate","19":"product_tag-buy-trenbolone-enanthate-brazil","20":"product_tag-buy-trenbolone-enanthate-canada","21":"product_tag-buy-trenbolone-enanthate-europe","22":"product_tag-buy-trenbolone-enanthate-mexico","23":"product_tag-buy-trenbolone-enanthate-online","24":"product_tag-buy-trenbolone-enanthate-powder","25":"product_tag-buy-trenbolone-enanthate-spain","26":"product_tag-buy-trenbolone-enanthate-sweden","27":"product_tag-buy-trenbolone-enanthate-switzerland","28":"product_tag-buy-trenbolone-enanthate-uk","29":"product_tag-buy-trenbolone-enanthate-usa","30":"product_tag-high-purity-anabolic-steroids-canada","31":"product_tag-hormone","32":"product_tag-how-to-make-trenbolone-enanthate-from-powder","33":"product_tag-inject-trenbolone-enanthate","34":"product_tag-parabola","35":"product_tag-quality-anabolic-steroid-powder","36":"product_tag-raw-steroids-for-sale","37":"product_tag-steroid-raw-material-factory-europe","38":"product_tag-steroid-raws-online","39":"product_tag-steroid-raws-supplier-florida","40":"product_tag-steroids","41":"product_tag-supplier-usa","42":"product_tag-testosterone-raw-powder-poland","43":"product_tag-tren-e","44":"product_tag-tren-e-powder","45":"product_tag-tren-e-powder-conversion","46":"product_tag-tren-e-powder-recipe","47":"product_tag-tren-enanthate","48":"product_tag-tren-enanthate-200","49":"product_tag-tren-enanthate-200-mg","50":"product_tag-tren-enanthate-cycle","51":"product_tag-tren-enanthate-for-sale-uk","52":"product_tag-tren-enanthate-half-life","53":"product_tag-tren-enanthate-powder","54":"product_tag-tren-enanthate-powder-conversion","55":"product_tag-trenbolone-enanthat-recipe","56":"product_tag-trenbolone-enanthate","57":"product_tag-trenbolone-enanthate-200","58":"product_tag-trenbolone-enanthate-200mg","59":"product_tag-trenbolone-enanthate-benefits","60":"product_tag-trenbolone-enanthate-brazil","61":"product_tag-trenbolone-enanthate-buy","62":"product_tag-trenbolone-enanthate-buy-online","63":"product_tag-trenbolone-enanthate-canada","64":"product_tag-trenbolone-enanthate-china","65":"product_tag-trenbolone-enanthate-cycle","66":"product_tag-trenbolone-enanthate-dosage","67":"product_tag-trenbolone-enanthate-dose","68":"product_tag-trenbolone-enanthate-factory","69":"product_tag-trenbolone-enanthate-for-sale","70":"product_tag-trenbolone-enanthate-hormone","71":"product_tag-trenbolone-enanthate-manufacturer","72":"product_tag-trenbolone-enanthate-melting-point","73":"product_tag-trenbolone-enanthate-new-zealand","74":"product_tag-trenbolone-enanthate-oil","75":"product_tag-trenbolone-enanthate-online","76":"product_tag-trenbolone-enanthate-powder","77":"product_tag-trenbolone-enanthate-powder-conversion","78":"product_tag-trenbolone-enanthate-powder-for-sale","79":"product_tag-trenbolone-enanthate-powder-price","80":"product_tag-trenbolone-enanthate-price","81":"product_tag-trenbolone-enanthate-raw-powder","82":"product_tag-trenbolone-enanthate-results","83":"product_tag-trenbolone-enanthate-reviews","84":"product_tag-trenbolone-enanthate-source","85":"product_tag-trenbolone-enanthate-stack","86":"product_tag-trenbolone-enanthate-steroid","87":"product_tag-trenbolone-enanthate-steroids","88":"product_tag-trenbolone-enanthate-supplier","89":"product_tag-trenbolone-enanthate-suppliers","90":"product_tag-trenbolone-enanthate-sweden","91":"product_tag-trenbolone-enanthate-uk","92":"product_tag-trenbolone-enanthate-usa","93":"product_tag-trenbolone-enanthate-wholesale","94":"product_tag-trenbolone-powder-thailand","95":"product_tag-trenbolone-powders-aas","96":"product_tag-trenbolone-powders-how-to-use-trenbolone-enanthate","97":"product_tag-trenbolone-raw-powders-buy-trenbolone-enanthate-poland","98":"product_tag-trusted-steroid-raw-supplier-worldwide","99":"product_tag-what-is-trenbolone-enanthate","100":"product_tag-wholesale-steroid-powders-australia","102":"first","103":"instock","104":"shipping-taxable","105":"product-type-simple"},"_links":{"self":[{"href":"https:\/\/shgotopharm.com\/pt\/wp-json\/wp\/v2\/product\/1755","targetHints":{"allow":["GET"]}}],"collection":[{"href":"https:\/\/shgotopharm.com\/pt\/wp-json\/wp\/v2\/product"}],"about":[{"href":"https:\/\/shgotopharm.com\/pt\/wp-json\/wp\/v2\/types\/product"}],"replies":[{"embeddable":true,"href":"https:\/\/shgotopharm.com\/pt\/wp-json\/wp\/v2\/comments?post=1755"}],"wp:featuredmedia":[{"embeddable":true,"href":"https:\/\/shgotopharm.com\/pt\/wp-json\/wp\/v2\/media\/1756"}],"wp:attachment":[{"href":"https:\/\/shgotopharm.com\/pt\/wp-json\/wp\/v2\/media?parent=1755"}],"wp:term":[{"taxonomy":"product_brand","embeddable":true,"href":"https:\/\/shgotopharm.com\/pt\/wp-json\/wp\/v2\/product_brand?post=1755"},{"taxonomy":"product_cat","embeddable":true,"href":"https:\/\/shgotopharm.com\/pt\/wp-json\/wp\/v2\/product_cat?post=1755"},{"taxonomy":"product_tag","embeddable":true,"href":"https:\/\/shgotopharm.com\/pt\/wp-json\/wp\/v2\/product_tag?post=1755"}],"curies":[{"name":"wp","href":"https:\/\/api.w.org\/{rel}","templated":true}]}}