{"id":1759,"date":"2025-10-30T16:19:05","date_gmt":"2025-10-30T16:19:05","guid":{"rendered":"https:\/\/shgotopharm.com\/?post_type=product&#038;p=1759"},"modified":"2025-11-10T10:05:57","modified_gmt":"2025-11-10T10:05:57","slug":"lgd-4033-ligandrol-powder","status":"publish","type":"product","link":"https:\/\/shgotopharm.com\/pt\/product\/lgd-4033-ligandrol-powder\/","title":{"rendered":"LGD-4033 Ligandrol em p\u00f3 para perda de gordura"},"content":{"rendered":"<h2 data-start=\"385\" data-end=\"491\"><strong data-start=\"391\" data-end=\"491\">LGD-4033 Ligandrol em p\u00f3 para perda de gordura e muscula\u00e7\u00e3o | F\u00e1brica de p\u00f3 de horm\u00f4nio SARMs Premium<\/strong><\/h2>\n<h3 data-start=\"493\" data-end=\"517\"><strong data-start=\"497\" data-end=\"517\">Vis\u00e3o geral do produto<\/strong><\/h3>\n<p data-start=\"518\" data-end=\"945\"><strong data-start=\"518\" data-end=\"549\">LGD-4033 Ligandrol em p\u00f3<\/strong>, tamb\u00e9m conhecido por <strong data-start=\"565\" data-end=\"579\">Anabolizantes<\/strong>, \u00e9 um <strong data-start=\"586\" data-end=\"661\">modulador seletivo dos receptores androg\u00e9nicos (SARM) de alta pureza, n\u00e3o esteroide<\/strong> conhecido pelo seu potente potencial anab\u00f3lico e pelos seus excepcionais efeitos de preserva\u00e7\u00e3o muscular.<br data-start=\"749\" data-end=\"752\" \/>Com um <strong data-start=\"759\" data-end=\"782\">grau de pureza de 98%<\/strong>, Este composto de qualidade farmac\u00eautica foi concebido para <strong data-start=\"837\" data-end=\"862\">aplica\u00e7\u00f5es de investiga\u00e7\u00e3o<\/strong> explora o desenvolvimento muscular, o tratamento da osteoporose e a melhoria do metabolismo.<\/p>\n<p data-start=\"947\" data-end=\"1245\"><strong data-start=\"947\" data-end=\"978\">LGD-4033 Ligandrol em p\u00f3<\/strong> ganhou aten\u00e7\u00e3o na comunidade cient\u00edfica e de investiga\u00e7\u00e3o de fitness pela sua capacidade de <strong data-start=\"1068\" data-end=\"1160\">estimula o crescimento dos m\u00fasculos magros, melhora a densidade mineral \u00f3ssea e acelera a redu\u00e7\u00e3o da gordura<\/strong> - tudo isto sem os efeitos secund\u00e1rios indesej\u00e1veis tipicamente associados aos ester\u00f3ides anabolizantes.<\/p>\n<hr data-start=\"1247\" data-end=\"1250\" \/>\n<h3 data-start=\"1252\" data-end=\"1277\"><strong data-start=\"1256\" data-end=\"1277\">Informa\u00e7\u00f5es b\u00e1sicas<\/strong><\/h3>\n<div class=\"_tableContainer_1rjym_1\">\n<div class=\"group _tableWrapper_1rjym_13 flex w-fit flex-col-reverse\" tabindex=\"-1\">\n<table class=\"w-fit min-w-(--thread-content-width)\" data-start=\"1278\" data-end=\"2056\">\n<thead data-start=\"1278\" data-end=\"1309\">\n<tr data-start=\"1278\" data-end=\"1309\">\n<th data-start=\"1278\" data-end=\"1294\" data-col-size=\"sm\"><strong data-start=\"1280\" data-end=\"1293\">Par\u00e2metro<\/strong><\/th>\n<th data-start=\"1294\" data-end=\"1309\" data-col-size=\"md\"><strong data-start=\"1296\" data-end=\"1307\">Detalhes<\/strong><\/th>\n<\/tr>\n<\/thead>\n<tbody data-start=\"1343\" data-end=\"2056\">\n<tr data-start=\"1343\" data-end=\"1394\">\n<td data-start=\"1343\" data-end=\"1363\" data-col-size=\"sm\"><strong data-start=\"1345\" data-end=\"1362\">Nome do produto:<\/strong><\/td>\n<td data-col-size=\"md\" data-start=\"1363\" data-end=\"1394\">LGD-4033 (Ligandrol) P\u00f3<\/td>\n<\/tr>\n<tr data-start=\"1395\" data-end=\"1424\">\n<td data-start=\"1395\" data-end=\"1409\" data-col-size=\"sm\"><strong data-start=\"1397\" data-end=\"1408\">Pureza:<\/strong><\/td>\n<td data-col-size=\"md\" data-start=\"1409\" data-end=\"1424\">98% m\u00ednimo<\/td>\n<\/tr>\n<tr data-start=\"1425\" data-end=\"1459\">\n<td data-start=\"1425\" data-end=\"1443\" data-col-size=\"sm\"><strong data-start=\"1427\" data-end=\"1442\">N\u00famero CAS:<\/strong><\/td>\n<td data-col-size=\"md\" data-start=\"1443\" data-end=\"1459\">1165910-22-4<\/td>\n<\/tr>\n<tr data-start=\"1460\" data-end=\"1513\">\n<td data-start=\"1460\" data-end=\"1478\" data-col-size=\"sm\"><strong data-start=\"1462\" data-end=\"1477\">Apar\u00eancia:<\/strong><\/td>\n<td data-col-size=\"md\" data-start=\"1478\" data-end=\"1513\">P\u00f3 cristalino amarelo claro<\/td>\n<\/tr>\n<tr data-start=\"1514\" data-end=\"1543\">\n<td data-start=\"1514\" data-end=\"1532\" data-col-size=\"sm\"><strong data-start=\"1516\" data-end=\"1531\">Prazo de validade:<\/strong><\/td>\n<td data-col-size=\"md\" data-start=\"1532\" data-end=\"1543\">2 anos<\/td>\n<\/tr>\n<tr data-start=\"1544\" data-end=\"1592\">\n<td data-start=\"1544\" data-end=\"1557\" data-col-size=\"sm\"><strong data-start=\"1546\" data-end=\"1556\">Grau:<\/strong><\/td>\n<td data-col-size=\"md\" data-start=\"1557\" data-end=\"1592\">Grau farmac\u00eautico \/ de investiga\u00e7\u00e3o<\/td>\n<\/tr>\n<tr data-start=\"1593\" data-end=\"1629\">\n<td data-start=\"1593\" data-end=\"1617\" data-col-size=\"sm\"><strong data-start=\"1595\" data-end=\"1616\">Norma de qualidade:<\/strong><\/td>\n<td data-col-size=\"md\" data-start=\"1617\" data-end=\"1629\">BP \/ USP<\/td>\n<\/tr>\n<tr data-start=\"1630\" data-end=\"1689\">\n<td data-start=\"1630\" data-end=\"1669\" data-col-size=\"sm\"><strong data-start=\"1632\" data-end=\"1668\">Dose recomendada (para investiga\u00e7\u00e3o):<\/strong><\/td>\n<td data-col-size=\"md\" data-start=\"1669\" data-end=\"1689\">10-20 mg por dia<\/td>\n<\/tr>\n<tr data-start=\"1690\" data-end=\"1788\">\n<td data-start=\"1690\" data-end=\"1718\" data-col-size=\"sm\"><strong data-start=\"1692\" data-end=\"1717\">Aplica\u00e7\u00f5es prim\u00e1rias:<\/strong><\/td>\n<td data-col-size=\"md\" data-start=\"1718\" data-end=\"1788\">Investiga\u00e7\u00e3o sobre osteoporose, perda de massa muscular e desempenho anab\u00f3lico<\/td>\n<\/tr>\n<tr data-start=\"1789\" data-end=\"1851\">\n<td data-start=\"1789\" data-end=\"1815\" data-col-size=\"sm\"><strong data-start=\"1791\" data-end=\"1814\">Pacotes dispon\u00edveis:<\/strong><\/td>\n<td data-col-size=\"md\" data-start=\"1815\" data-end=\"1851\">Sacos de 10 g \/ 50 g \/ 100 g \/ 200 g<\/td>\n<\/tr>\n<tr data-start=\"1852\" data-end=\"1916\">\n<td data-start=\"1852\" data-end=\"1868\" data-col-size=\"sm\"><strong data-start=\"1854\" data-end=\"1867\">Categoria:<\/strong><\/td>\n<td data-col-size=\"md\" data-start=\"1868\" data-end=\"1916\">Modulador seletivo do recetor de androg\u00e9nio (SARM)<\/td>\n<\/tr>\n<tr data-start=\"1917\" data-end=\"1984\">\n<td data-start=\"1917\" data-end=\"1938\" data-col-size=\"sm\"><strong data-start=\"1919\" data-end=\"1937\">Prazo de entrega:<\/strong><\/td>\n<td data-col-size=\"md\" data-start=\"1938\" data-end=\"1984\">No prazo de 12 horas ap\u00f3s a confirma\u00e7\u00e3o do pagamento<\/td>\n<\/tr>\n<tr data-start=\"1985\" data-end=\"2056\">\n<td data-start=\"1985\" data-end=\"2002\" data-col-size=\"sm\"><strong data-start=\"1987\" data-end=\"2001\">Embalagem:<\/strong><\/td>\n<td data-col-size=\"md\" data-start=\"2002\" data-end=\"2056\">Embalagem segura, discreta e protegida contra a humidade<\/td>\n<\/tr>\n<\/tbody>\n<\/table>\n<\/div>\n<\/div>\n<hr data-start=\"2058\" data-end=\"2061\" \/>\n<h3 data-start=\"2063\" data-end=\"2101\"><strong data-start=\"2067\" data-end=\"2101\">Como funciona o ligandrol LGD-4033<\/strong><\/h3>\n<p data-start=\"2102\" data-end=\"2520\"><strong data-start=\"2102\" data-end=\"2126\">LGD-4033 Ligandrol<\/strong>\u00a0funciona por <strong data-start=\"2139\" data-end=\"2189\">liga\u00e7\u00e3o selectiva aos receptores de androg\u00e9nios (AR)<\/strong> em <strong data-start=\"2193\" data-end=\"2219\">tecido muscular e \u00f3sseo<\/strong>, estimulando a atividade anab\u00f3lica sem afetar significativamente outros \u00f3rg\u00e3os como o f\u00edgado ou a pr\u00f3stata.<br data-start=\"2326\" data-end=\"2329\" \/>Este <strong data-start=\"2334\" data-end=\"2366\">mecanismo de a\u00e7\u00e3o espec\u00edfico<\/strong> ajuda os investigadores a estudar a forma como os SARM podem <strong data-start=\"2405\" data-end=\"2478\">aumentar a massa muscular magra, aumentar a for\u00e7a e melhorar a densidade \u00f3ssea<\/strong> minimizando os efeitos secund\u00e1rios androg\u00e9nicos.<\/p>\n<p data-start=\"2522\" data-end=\"2727\">Em estudos, <strong data-start=\"2534\" data-end=\"2553\">LGD-4033 P\u00f3<\/strong> demonstrou um <strong data-start=\"2569\" data-end=\"2614\">elevada afinidade para os RA do m\u00fasculo e do esqueleto<\/strong>, o que o torna ideal para a explora\u00e7\u00e3o de investiga\u00e7\u00e3o <strong data-start=\"2655\" data-end=\"2724\">regenera\u00e7\u00e3o muscular, reabilita\u00e7\u00e3o e otimiza\u00e7\u00e3o do desempenho<\/strong>.<\/p>\n<p data-start=\"2729\" data-end=\"2937\">Al\u00e9m disso, observou-se que o composto <strong data-start=\"2777\" data-end=\"2860\">suprimem temporariamente a testosterona total e a globulina de liga\u00e7\u00e3o \u00e0s hormonas sexuais (SHBG)<\/strong> de uma forma dependente da dose - um comportamento carater\u00edstico dos SARMs mais potentes.<\/p>\n<hr data-start=\"2939\" data-end=\"2942\" \/>\n<h3 data-start=\"2944\" data-end=\"2988\"><strong data-start=\"2948\" data-end=\"2988\">Benef\u00edcios do LGD-4033 Ligandrol em p\u00f3<\/strong><\/h3>\n<p data-start=\"2989\" data-end=\"3083\">Os resultados da investiga\u00e7\u00e3o e os estudos experimentais sugerem que <strong data-start=\"3045\" data-end=\"3076\">LGD-4033 (Ligandrol) P\u00f3<\/strong> pode:<\/p>\n<ul data-start=\"3084\" data-end=\"3587\">\n<li data-start=\"3084\" data-end=\"3175\">\n<p data-start=\"3086\" data-end=\"3175\">Apoio <strong data-start=\"3094\" data-end=\"3121\">crescimento da massa muscular magra<\/strong> e <strong data-start=\"3126\" data-end=\"3146\">reten\u00e7\u00e3o muscular<\/strong> durante a restri\u00e7\u00e3o cal\u00f3rica<\/p>\n<\/li>\n<li data-start=\"3176\" data-end=\"3234\">\n<p data-start=\"3178\" data-end=\"3234\">Promover <strong data-start=\"3186\" data-end=\"3198\">perda de gordura<\/strong> preservando a integridade muscular<\/p>\n<\/li>\n<li data-start=\"3235\" data-end=\"3327\">\n<p data-start=\"3237\" data-end=\"3327\">Melhorar <strong data-start=\"3245\" data-end=\"3282\">resist\u00eancia \u00f3ssea e densidade mineral<\/strong>, tornando-o ideal para a investiga\u00e7\u00e3o da osteoporose<\/p>\n<\/li>\n<li data-start=\"3328\" data-end=\"3402\">\n<p data-start=\"3330\" data-end=\"3402\">Melhorar <strong data-start=\"3338\" data-end=\"3400\">resist\u00eancia, taxa de recupera\u00e7\u00e3o e desempenho f\u00edsico geral<\/strong><\/p>\n<\/li>\n<li data-start=\"3403\" data-end=\"3501\">\n<p data-start=\"3405\" data-end=\"3501\">Colaborar em estudos relacionados com <strong data-start=\"3434\" data-end=\"3471\">atrofia muscular e reabilita\u00e7\u00e3o<\/strong> ap\u00f3s uma les\u00e3o ou doen\u00e7a<\/p>\n<\/li>\n<li data-start=\"3502\" data-end=\"3587\">\n<p data-start=\"3504\" data-end=\"3587\">Melhorar <strong data-start=\"3512\" data-end=\"3543\">concentra\u00e7\u00e3o mental e motiva\u00e7\u00e3o<\/strong>, como observado em v\u00e1rios estudos cognitivos<\/p>\n<\/li>\n<\/ul>\n<hr data-start=\"3589\" data-end=\"3592\" \/>\n<h3 data-start=\"3594\" data-end=\"3640\"><strong data-start=\"3598\" data-end=\"3640\">Porqu\u00ea escolher o p\u00f3 de ligandrol LGD-4033<\/strong><\/h3>\n<ul data-start=\"3641\" data-end=\"3974\">\n<li data-start=\"3641\" data-end=\"3713\">\n<p data-start=\"3643\" data-end=\"3713\"><strong data-start=\"3643\" data-end=\"3681\">Pureza de grau farmac\u00eautico (\u226598%)<\/strong> verificado atrav\u00e9s de testes HPLC<\/p>\n<\/li>\n<li data-start=\"3714\" data-end=\"3770\">\n<p data-start=\"3716\" data-end=\"3770\"><strong data-start=\"3716\" data-end=\"3745\">Est\u00e1vel e de r\u00e1pida absor\u00e7\u00e3o<\/strong> composto n\u00e3o esteroide<\/p>\n<\/li>\n<li data-start=\"3771\" data-end=\"3833\">\n<p data-start=\"3773\" data-end=\"3833\">Ideal para <strong data-start=\"3783\" data-end=\"3831\">ciclos de investiga\u00e7\u00e3o de anabolizantes a curto e m\u00e9dio prazo<\/strong><\/p>\n<\/li>\n<li data-start=\"3834\" data-end=\"3904\">\n<p data-start=\"3836\" data-end=\"3904\"><strong data-start=\"3836\" data-end=\"3862\">Toxicidade hep\u00e1tica m\u00ednima<\/strong> em compara\u00e7\u00e3o com os anabolizantes tradicionais<\/p>\n<\/li>\n<li data-start=\"3905\" data-end=\"3974\">\n<p data-start=\"3907\" data-end=\"3974\"><strong data-start=\"3907\" data-end=\"3934\">Verificado cientificamente<\/strong> Modulador seletivo dos receptores de androg\u00e9nio<\/p>\n<\/li>\n<\/ul>\n<hr data-start=\"3976\" data-end=\"3979\" \/>\n<h3 data-start=\"3981\" data-end=\"4013\"><strong data-start=\"3985\" data-end=\"4013\">Aplica\u00e7\u00f5es na investiga\u00e7\u00e3o<\/strong><\/h3>\n<p data-start=\"4014\" data-end=\"4092\"><strong data-start=\"4014\" data-end=\"4045\">LGD-4033 Ligandrol em p\u00f3<\/strong> continua a ser estudado em laborat\u00f3rios para:<\/p>\n<ul data-start=\"4093\" data-end=\"4277\">\n<li data-start=\"4093\" data-end=\"4137\">\n<p data-start=\"4095\" data-end=\"4137\"><strong data-start=\"4095\" data-end=\"4135\">Modelos de perda de massa muscular e sarcopenia<\/strong><\/p>\n<\/li>\n<li data-start=\"4138\" data-end=\"4183\">\n<p data-start=\"4140\" data-end=\"4183\"><strong data-start=\"4140\" data-end=\"4181\">Estudos de osteoporose e densidade \u00f3ssea<\/strong><\/p>\n<\/li>\n<li data-start=\"4184\" data-end=\"4226\">\n<p data-start=\"4186\" data-end=\"4226\"><strong data-start=\"4186\" data-end=\"4224\">Mecanismos de melhoria do desempenho<\/strong><\/p>\n<\/li>\n<li data-start=\"4227\" data-end=\"4277\">\n<p data-start=\"4229\" data-end=\"4277\"><strong data-start=\"4229\" data-end=\"4275\">Investiga\u00e7\u00e3o sobre o metabolismo das gorduras e o equil\u00edbrio energ\u00e9tico<\/strong><\/p>\n<\/li>\n<\/ul>\n<p data-start=\"4279\" data-end=\"4436\"><strong data-start=\"4279\" data-end=\"4288\">Nota:<\/strong> Este produto \u00e9 vendido exclusivamente para <strong data-start=\"4323\" data-end=\"4375\">apenas para fins laboratoriais e de investiga\u00e7\u00e3o cient\u00edfica<\/strong>. \u00c9 <strong data-start=\"4383\" data-end=\"4435\">n\u00e3o aprovado para consumo humano ou veterin\u00e1rio<\/strong>.<\/p>\n<hr data-start=\"4438\" data-end=\"4441\" \/>\n<h3 data-start=\"4443\" data-end=\"4471\"><strong data-start=\"4447\" data-end=\"4471\">Armazenamento e manuseamento<\/strong><\/h3>\n<ul data-start=\"4472\" data-end=\"4648\">\n<li data-start=\"4472\" data-end=\"4534\">\n<p data-start=\"4474\" data-end=\"4534\">Armazenar num <strong data-start=\"4485\" data-end=\"4504\">local fresco e seco<\/strong>, longe da luz solar direta.<\/p>\n<\/li>\n<li data-start=\"4535\" data-end=\"4584\">\n<p data-start=\"4537\" data-end=\"4584\">Manter o recipiente bem fechado ap\u00f3s cada utiliza\u00e7\u00e3o.<\/p>\n<\/li>\n<li data-start=\"4585\" data-end=\"4648\">\n<p data-start=\"4587\" data-end=\"4648\">Apenas para investiga\u00e7\u00e3o laboratorial - manusear com EPI adequado.<\/p>\n<\/li>\n<\/ul>\n<hr data-start=\"4650\" data-end=\"4653\" \/>\n<h3 data-start=\"4766\" data-end=\"4809\"><\/h3>\n<p data-start=\"4987\" data-end=\"5014\">","protected":false},"excerpt":{"rendered":"<p>Comprar Ligandrol em p\u00f3 LGD-4033 de alta pureza para investiga\u00e7\u00e3o de SARMs. Ideal para estudos sobre crescimento muscular, perda de gordura e atividade anab\u00f3lica. 98% pureza, envio r\u00e1pido.<\/p>","protected":false},"featured_media":1760,"comment_status":"open","ping_status":"closed","template":"","meta":[],"product_brand":[],"product_cat":[391],"product_tag":[935,944,934,949,945,938,933,932,943,691,939,682,704,693,666,670,683,675,685,697,688,677,690,680,687,672,679,660,703,658,931,674,665,681,671,676,694,698,701,659,689,669,662,667,684,700,668,692,696,699,702,663,673,695,686,678,940,937,948,664,282,936,661,946,947,942,941],"class_list":{"0":"post-1759","1":"product","2":"type-product","3":"status-publish","4":"has-post-thumbnail","6":"product_cat-peptides","7":"product_tag-aas-poland","8":"product_tag-aas-raw-materials-australia","9":"product_tag-aas-raws","10":"product_tag-anabolic-steroid-manufacturer-canada","11":"product_tag-anabolic-steroid-powders-online","12":"product_tag-best-steroid-powder-supplier-usa","13":"product_tag-buy-aas-raws-online","14":"product_tag-buy-raw-steroid-powders-online","15":"product_tag-buy-raw-steroids-china","16":"product_tag-china-steroid-powder-supplier","17":"product_tag-high-purity-anabolic-steroids-canada","18":"product_tag-lgd-4033-australia","19":"product_tag-lgd-4033-bodybuilding","20":"product_tag-lgd-4033-brazil","21":"product_tag-lgd-4033-cycle","22":"product_tag-lgd-4033-dosage","23":"product_tag-lgd-4033-factory","24":"product_tag-lgd-4033-for-sale","25":"product_tag-lgd-4033-formula","26":"product_tag-lgd-4033-libido","27":"product_tag-lgd-4033-online","28":"product_tag-lgd-4033-powder","29":"product_tag-lgd-4033-recipe","30":"product_tag-lgd-4033-reviews","31":"product_tag-ligandrol","32":"product_tag-mk-2866","33":"product_tag-oral-sarms","34":"product_tag-peptide","35":"product_tag-peptide-hormone","36":"product_tag-raw-sarms-powders-sarms-liquid","37":"product_tag-raw-steroids-for-sale","38":"product_tag-sarm-receptor","39":"product_tag-sarms","40":"product_tag-sarms-australia","41":"product_tag-sarms-brazil","42":"product_tag-sarms-canada","43":"product_tag-sarms-cycle","44":"product_tag-sarms-for-sale","45":"product_tag-sarms-hormone","46":"product_tag-sarms-liquid-vs-pills","47":"product_tag-sarms-pills","48":"product_tag-sarms-powder","49":"product_tag-sarms-steroid","50":"product_tag-sarms-uk","51":"product_tag-selective-androgen-receptor-modulators","52":"product_tag-ssteroid-hormone","53":"product_tag-steroid-cream","54":"product_tag-steroid-injection","55":"product_tag-steroid-liquid","56":"product_tag-steroid-liquid-oral","57":"product_tag-steroid-oral","58":"product_tag-steroid-powder","59":"product_tag-steroid-powder-canada","60":"product_tag-steroid-powder-conversion-recipe","61":"product_tag-steroid-powder-price","62":"product_tag-steroid-powder-uk","63":"product_tag-steroid-raw-material-factory-europe","64":"product_tag-steroid-raws-online","65":"product_tag-steroid-raws-supplier-florida","66":"product_tag-steroid-semi-finished-liquid","67":"product_tag-steroids","68":"product_tag-supplier-usa","69":"product_tag-synthetic-steroid-lgd-4033","70":"product_tag-testosterone-raw-powder-poland","71":"product_tag-trenbolone-powder-thailand","72":"product_tag-trusted-steroid-raw-supplier-worldwide","73":"product_tag-wholesale-steroid-powders-australia","75":"first","76":"instock","77":"shipping-taxable","78":"product-type-simple"},"_links":{"self":[{"href":"https:\/\/shgotopharm.com\/pt\/wp-json\/wp\/v2\/product\/1759","targetHints":{"allow":["GET"]}}],"collection":[{"href":"https:\/\/shgotopharm.com\/pt\/wp-json\/wp\/v2\/product"}],"about":[{"href":"https:\/\/shgotopharm.com\/pt\/wp-json\/wp\/v2\/types\/product"}],"replies":[{"embeddable":true,"href":"https:\/\/shgotopharm.com\/pt\/wp-json\/wp\/v2\/comments?post=1759"}],"wp:featuredmedia":[{"embeddable":true,"href":"https:\/\/shgotopharm.com\/pt\/wp-json\/wp\/v2\/media\/1760"}],"wp:attachment":[{"href":"https:\/\/shgotopharm.com\/pt\/wp-json\/wp\/v2\/media?parent=1759"}],"wp:term":[{"taxonomy":"product_brand","embeddable":true,"href":"https:\/\/shgotopharm.com\/pt\/wp-json\/wp\/v2\/product_brand?post=1759"},{"taxonomy":"product_cat","embeddable":true,"href":"https:\/\/shgotopharm.com\/pt\/wp-json\/wp\/v2\/product_cat?post=1759"},{"taxonomy":"product_tag","embeddable":true,"href":"https:\/\/shgotopharm.com\/pt\/wp-json\/wp\/v2\/product_tag?post=1759"}],"curies":[{"name":"wp","href":"https:\/\/api.w.org\/{rel}","templated":true}]}}