{"id":1761,"date":"2025-10-30T16:33:50","date_gmt":"2025-10-30T16:33:50","guid":{"rendered":"https:\/\/shgotopharm.com\/?post_type=product&#038;p=1761"},"modified":"2025-11-10T10:05:48","modified_gmt":"2025-11-10T10:05:48","slug":"mk-677-sarms-ibutamoren-powder","status":"publish","type":"product","link":"https:\/\/shgotopharm.com\/pt\/product\/mk-677-sarms-ibutamoren-powder\/","title":{"rendered":"Comprar MK-677 Sarms Ibutamoren em p\u00f3"},"content":{"rendered":"<h2 data-start=\"428\" data-end=\"516\"><strong data-start=\"431\" data-end=\"516\">MK-677 Sarms Ibutamoren Powder | Premium SARMs Hormona de crescimento secretagogo<\/strong><\/h2>\n<h3 data-start=\"518\" data-end=\"549\"><strong data-start=\"522\" data-end=\"549\">Perfil qu\u00edmico do p\u00f3 de Ibutamoren MK-677 Sarms<\/strong><\/h3>\n<div class=\"_tableContainer_1rjym_1\">\n<div class=\"group _tableWrapper_1rjym_13 flex w-fit flex-col-reverse\" tabindex=\"-1\">\n<table class=\"w-fit min-w-(--thread-content-width)\" data-start=\"550\" data-end=\"1133\">\n<thead data-start=\"550\" data-end=\"587\">\n<tr data-start=\"550\" data-end=\"587\">\n<th data-start=\"550\" data-end=\"566\" data-col-size=\"sm\"><strong data-start=\"552\" data-end=\"565\">Par\u00e2metro<\/strong><\/th>\n<th data-start=\"566\" data-end=\"587\" data-col-size=\"md\"><strong data-start=\"568\" data-end=\"585\">Especifica\u00e7\u00e3o<\/strong><\/th>\n<\/tr>\n<\/thead>\n<tbody data-start=\"626\" data-end=\"1133\">\n<tr data-start=\"626\" data-end=\"672\">\n<td data-start=\"626\" data-end=\"639\" data-col-size=\"sm\"><strong data-start=\"628\" data-end=\"638\">Tamb\u00e9m conhecido como:<\/strong><\/td>\n<td data-start=\"639\" data-end=\"672\" data-col-size=\"md\">Mesilato de Ibutamoren, Nutrobal<\/td>\n<\/tr>\n<tr data-start=\"673\" data-end=\"706\">\n<td data-start=\"673\" data-end=\"691\" data-col-size=\"sm\"><strong data-start=\"675\" data-end=\"690\">N\u00famero CAS:<\/strong><\/td>\n<td data-start=\"691\" data-end=\"706\" data-col-size=\"md\">159752-10-0<\/td>\n<\/tr>\n<tr data-start=\"707\" data-end=\"753\">\n<td data-start=\"707\" data-end=\"737\" data-col-size=\"sm\"><strong data-start=\"709\" data-end=\"736\">F\u00f3rmula molecular (MF):<\/strong><\/td>\n<td data-start=\"737\" data-end=\"753\" data-col-size=\"md\">C\u2082\u2088H\u2084\u2080N\u2084O\u2088S\u2082<\/td>\n<\/tr>\n<tr data-start=\"754\" data-end=\"799\">\n<td data-start=\"754\" data-end=\"783\" data-col-size=\"sm\"><strong data-start=\"756\" data-end=\"782\">Peso molecular (MW):<\/strong><\/td>\n<td data-start=\"783\" data-end=\"799\" data-col-size=\"md\">624,77 g\/mol<\/td>\n<\/tr>\n<tr data-start=\"800\" data-end=\"846\">\n<td data-start=\"800\" data-end=\"818\" data-col-size=\"sm\"><strong data-start=\"802\" data-end=\"817\">Apar\u00eancia:<\/strong><\/td>\n<td data-start=\"818\" data-end=\"846\" data-col-size=\"md\">P\u00f3 cristalino branco<\/td>\n<\/tr>\n<tr data-start=\"847\" data-end=\"872\">\n<td data-start=\"847\" data-end=\"861\" data-col-size=\"sm\"><strong data-start=\"849\" data-end=\"860\">Pureza:<\/strong><\/td>\n<td data-start=\"861\" data-end=\"872\" data-col-size=\"md\">\u2265 99,5%<\/td>\n<\/tr>\n<tr data-start=\"873\" data-end=\"959\">\n<td data-start=\"873\" data-end=\"899\" data-col-size=\"sm\"><strong data-start=\"875\" data-end=\"898\">Condi\u00e7\u00f5es de armazenamento:<\/strong><\/td>\n<td data-start=\"899\" data-end=\"959\" data-col-size=\"md\">Armazenar a -20\u00b0C, num ambiente seco e protegido da luz<\/td>\n<\/tr>\n<tr data-start=\"960\" data-end=\"1052\">\n<td data-start=\"960\" data-end=\"993\" data-col-size=\"sm\"><strong data-start=\"962\" data-end=\"992\">Dose de investiga\u00e7\u00e3o recomendada:<\/strong><\/td>\n<td data-start=\"993\" data-end=\"1052\" data-col-size=\"md\">5-25 mg por dia, normalmente durante um per\u00edodo de investiga\u00e7\u00e3o de 10 semanas<\/td>\n<\/tr>\n<tr data-start=\"1053\" data-end=\"1133\">\n<td data-start=\"1053\" data-end=\"1069\" data-col-size=\"sm\"><strong data-start=\"1055\" data-end=\"1068\">Categoria:<\/strong><\/td>\n<td data-start=\"1069\" data-end=\"1133\" data-col-size=\"md\">Secretagogo n\u00e3o pept\u00eddico da hormona de crescimento (composto do tipo SARM)<\/td>\n<\/tr>\n<\/tbody>\n<\/table>\n<\/div>\n<\/div>\n<hr data-start=\"1135\" data-end=\"1138\" \/>\n<h3 data-start=\"1140\" data-end=\"1176\"><strong data-start=\"1144\" data-end=\"1176\">O que \u00e9 o MK-677 (Ibutamoren)?<\/strong><\/h3>\n<p data-start=\"1177\" data-end=\"1740\">MK-677 Sarms Ibutamoren Powder - tamb\u00e9m conhecido como <strong data-start=\"1226\" data-end=\"1238\">Nutrobal<\/strong> - \u00e9 um <strong data-start=\"1246\" data-end=\"1299\">potente secretagogo da hormona do crescimento, ativo por via oral<\/strong> que estimula a liberta\u00e7\u00e3o natural de <strong data-start=\"1339\" data-end=\"1362\">Hormona do crescimento (GH)<\/strong> e <strong data-start=\"1367\" data-end=\"1407\">Fator de crescimento semelhante \u00e0 insulina 1 (IGF-1)<\/strong>.<br data-start=\"1408\" data-end=\"1411\" \/>Ao contr\u00e1rio dos anabolizantes tradicionais, <strong data-start=\"1447\" data-end=\"1464\">MK-677 P\u00f3<\/strong> obras de <strong data-start=\"1474\" data-end=\"1507\">mimetizando a hormona grelina<\/strong> e vincula\u00e7\u00e3o a <strong data-start=\"1523\" data-end=\"1551\">receptores de grelina (GHSR)<\/strong> no c\u00e9rebro e na gl\u00e2ndula pituit\u00e1ria. Esta a\u00e7\u00e3o desencadeia um aumento natural e consistente dos n\u00edveis de GH e IGF-1 - ambos cr\u00edticos para <strong data-start=\"1677\" data-end=\"1739\">crescimento muscular, metabolismo das gorduras, repara\u00e7\u00e3o dos tecidos e recupera\u00e7\u00e3o<\/strong>.<\/p>\n<hr data-start=\"1742\" data-end=\"1745\" \/>\n<h3 data-start=\"1747\" data-end=\"1784\"><strong data-start=\"1751\" data-end=\"1784\">Como funciona o MK-677 Sarms Ibutamoren em p\u00f3<\/strong><\/h3>\n<p data-start=\"1785\" data-end=\"2104\">O <strong data-start=\"1789\" data-end=\"1806\">Recetor GHSR<\/strong>, que o MK-677 ativa, est\u00e1 localizado em v\u00e1rias \u00e1reas-chave do c\u00e9rebro - incluindo regi\u00f5es respons\u00e1veis por <strong data-start=\"1913\" data-end=\"1973\">apetite, regula\u00e7\u00e3o do humor, mem\u00f3ria e equil\u00edbrio cognitivo<\/strong>.<br data-start=\"1974\" data-end=\"1977\" \/>Quando estimulados, estes receptores promovem <strong data-start=\"2018\" data-end=\"2046\">secre\u00e7\u00e3o da hormona do crescimento<\/strong> e influ\u00eancia <strong data-start=\"2061\" data-end=\"2101\">processos metab\u00f3licos e neurol\u00f3gicos<\/strong>.<\/p>\n<p data-start=\"2106\" data-end=\"2426\">Uma das vantagens \u00fanicas do <strong data-start=\"2138\" data-end=\"2148\">MK-677<\/strong> \u00e9 que aumenta <strong data-start=\"2170\" data-end=\"2198\">hormona do crescimento e IGF-1<\/strong> n\u00edveis <strong data-start=\"2206\" data-end=\"2250\">sem afetar significativamente o cortisol<\/strong>. Sabe-se que o cortisol elevado suprime a fun\u00e7\u00e3o imunit\u00e1ria, atrasa a recupera\u00e7\u00e3o e reduz o desempenho cognitivo - problemas que o MK-677 evita, tornando-o um composto de investiga\u00e7\u00e3o favor\u00e1vel.<\/p>\n<hr data-start=\"2428\" data-end=\"2431\" \/>\n<h3 data-start=\"2433\" data-end=\"2473\"><strong data-start=\"2437\" data-end=\"2473\">Percep\u00e7\u00f5es cient\u00edficas e de investiga\u00e7\u00e3o<\/strong><\/h3>\n<p data-start=\"2474\" data-end=\"2834\">MK-677 Sarms Ibutamoren Powder \u00e9 um <strong data-start=\"2503\" data-end=\"2539\">n\u00e3o pept\u00eddico, biodispon\u00edvel por via oral<\/strong> o que o torna particularmente conveniente para estudos a longo prazo.<br data-start=\"2611\" data-end=\"2614\" \/>Funciona atrav\u00e9s de um <strong data-start=\"2632\" data-end=\"2653\">via diferente<\/strong> do que as tradicionais hormonas libertadoras da hormona do crescimento (GHRH), visando antes a <strong data-start=\"2735\" data-end=\"2783\">receptores hipofis\u00e1rios e hipotal\u00e2micos de grelina<\/strong>.<br data-start=\"2784\" data-end=\"2787\" \/>Na investiga\u00e7\u00e3o cl\u00ednica, o MK-677 demonstrou que:<\/p>\n<ul data-start=\"2835\" data-end=\"3161\">\n<li data-start=\"2835\" data-end=\"2903\">\n<p data-start=\"2837\" data-end=\"2903\"><strong data-start=\"2837\" data-end=\"2869\">Aumentar os n\u00edveis de GH e IGF-1<\/strong> de forma consistente com a utiliza\u00e7\u00e3o a longo prazo<\/p>\n<\/li>\n<li data-start=\"2904\" data-end=\"2979\">\n<p data-start=\"2906\" data-end=\"2979\"><strong data-start=\"2906\" data-end=\"2940\">Favorecer o ganho de massa muscular magra<\/strong> e melhorar <strong data-start=\"2953\" data-end=\"2977\">densidade mineral \u00f3ssea<\/strong><\/p>\n<\/li>\n<li data-start=\"2980\" data-end=\"3066\">\n<p data-start=\"2982\" data-end=\"3066\">Apoio <strong data-start=\"2990\" data-end=\"3014\">melhor qualidade de sono<\/strong>, <strong data-start=\"3016\" data-end=\"3037\">recupera\u00e7\u00e3o celular<\/strong>, e <strong data-start=\"3043\" data-end=\"3064\">equil\u00edbrio metab\u00f3lico<\/strong><\/p>\n<\/li>\n<li data-start=\"3067\" data-end=\"3161\">\n<p data-start=\"3069\" data-end=\"3161\">Melhorar <strong data-start=\"3077\" data-end=\"3095\">metabolismo das gorduras<\/strong>, mostrando-se promissor em <strong data-start=\"3116\" data-end=\"3159\">investiga\u00e7\u00e3o sobre obesidade e doen\u00e7as metab\u00f3licas<\/strong><\/p>\n<\/li>\n<\/ul>\n<p data-start=\"3163\" data-end=\"3342\">Devido a estes efeitos, <strong data-start=\"3189\" data-end=\"3212\">Ibutamoren (MK-677)<\/strong> est\u00e1 a ser ativamente investigado como um <strong data-start=\"3248\" data-end=\"3341\">terapia potencial para decl\u00ednio hormonal relacionado com a idade, fragilidade e dist\u00farbios de perda de massa muscular<\/strong>.<\/p>\n<hr data-start=\"3344\" data-end=\"3347\" \/>\n<h3 data-start=\"3349\" data-end=\"3392\"><strong data-start=\"3353\" data-end=\"3392\">MK-677 Sarms Ibutamoren em p\u00f3 Benef\u00edcios<\/strong><\/h3>\n<p data-start=\"3393\" data-end=\"3464\">Estudos e ensaios cl\u00ednicos em curso sugerem que <strong data-start=\"3442\" data-end=\"3459\">MK-677 P\u00f3<\/strong> pode:<\/p>\n<ul data-start=\"3465\" data-end=\"3819\">\n<li data-start=\"3465\" data-end=\"3513\">\n<p data-start=\"3467\" data-end=\"3513\"><strong data-start=\"3467\" data-end=\"3511\">Estimular a secre\u00e7\u00e3o natural de GH e IGF-1<\/strong><\/p>\n<\/li>\n<li data-start=\"3514\" data-end=\"3562\">\n<p data-start=\"3516\" data-end=\"3562\"><strong data-start=\"3516\" data-end=\"3560\">Aumenta o crescimento e a for\u00e7a dos m\u00fasculos magros<\/strong><\/p>\n<\/li>\n<li data-start=\"3563\" data-end=\"3610\">\n<p data-start=\"3565\" data-end=\"3610\"><strong data-start=\"3565\" data-end=\"3608\">Melhorar a densidade \u00f3ssea e a recupera\u00e7\u00e3o das articula\u00e7\u00f5es<\/strong><\/p>\n<\/li>\n<li data-start=\"3611\" data-end=\"3662\">\n<p data-start=\"3613\" data-end=\"3662\"><strong data-start=\"3613\" data-end=\"3660\">Melhorar o metabolismo das gorduras e a composi\u00e7\u00e3o corporal<\/strong><\/p>\n<\/li>\n<li data-start=\"3663\" data-end=\"3709\">\n<p data-start=\"3665\" data-end=\"3709\"><strong data-start=\"3665\" data-end=\"3707\">Aumenta o apetite e a absor\u00e7\u00e3o de nutrientes<\/strong><\/p>\n<\/li>\n<li data-start=\"3710\" data-end=\"3761\">\n<p data-start=\"3712\" data-end=\"3761\"><strong data-start=\"3712\" data-end=\"3759\">Apoia um sono melhor e a recupera\u00e7\u00e3o cognitiva<\/strong><\/p>\n<\/li>\n<li data-start=\"3762\" data-end=\"3819\">\n<p data-start=\"3764\" data-end=\"3819\"><strong data-start=\"3764\" data-end=\"3817\">Ajudar a investiga\u00e7\u00e3o sobre a defici\u00eancia hormonal e o anti-envelhecimento<\/strong><\/p>\n<\/li>\n<\/ul>\n<hr data-start=\"3821\" data-end=\"3824\" \/>\n<h3 data-start=\"3826\" data-end=\"3882\"><strong data-start=\"3830\" data-end=\"3882\">Porqu\u00ea escolher o p\u00f3 de Ibutamoren MK-677 Sarms <\/strong><\/h3>\n<ul data-start=\"3883\" data-end=\"4261\">\n<li data-start=\"3883\" data-end=\"3962\">\n<p data-start=\"3885\" data-end=\"3962\">Elevado <strong data-start=\"3890\" data-end=\"3930\">pureza de grau farmac\u00eautico (\u226599,5%)<\/strong> verificado atrav\u00e9s de testes HPLC<\/p>\n<\/li>\n<li data-start=\"3963\" data-end=\"4036\">\n<p data-start=\"3965\" data-end=\"4036\"><strong data-start=\"3965\" data-end=\"3999\">Est\u00e1vel e biodispon\u00edvel por via oral<\/strong> composto com excelente absor\u00e7\u00e3o<\/p>\n<\/li>\n<li data-start=\"4037\" data-end=\"4122\">\n<p data-start=\"4039\" data-end=\"4122\"><strong data-start=\"4039\" data-end=\"4056\">N\u00e3o ester\u00f3ides<\/strong>, redu\u00e7\u00e3o do risco de toxicidade hep\u00e1tica ou de efeitos secund\u00e1rios androg\u00e9nicos<\/p>\n<\/li>\n<li data-start=\"4123\" data-end=\"4194\">\n<p data-start=\"4125\" data-end=\"4194\">Sustentado <strong data-start=\"4135\" data-end=\"4161\">Eleva\u00e7\u00e3o da GH e do IGF-1<\/strong> com uma resposta m\u00ednima de cortisol<\/p>\n<\/li>\n<li data-start=\"4195\" data-end=\"4261\">\n<p data-start=\"4197\" data-end=\"4261\">Adequado para <strong data-start=\"4210\" data-end=\"4261\">investiga\u00e7\u00e3o sobre o m\u00fasculo, o metabolismo e o sistema neuroend\u00f3crino<\/strong><\/p>\n<\/li>\n<\/ul>\n<hr data-start=\"4263\" data-end=\"4266\" \/>\n<h3 data-start=\"4268\" data-end=\"4311\"><strong data-start=\"4272\" data-end=\"4311\">Aplica\u00e7\u00f5es na investiga\u00e7\u00e3o cient\u00edfica<\/strong><\/h3>\n<p data-start=\"4312\" data-end=\"4388\"><strong data-start=\"4312\" data-end=\"4335\">MK-677 (Ibutamoren)<\/strong> est\u00e1 a ser estudado extensivamente para utiliza\u00e7\u00e3o potencial em:<\/p>\n<ul data-start=\"4389\" data-end=\"4624\">\n<li data-start=\"4389\" data-end=\"4447\">\n<p data-start=\"4391\" data-end=\"4447\"><strong data-start=\"4391\" data-end=\"4420\">Defici\u00eancia da hormona de crescimento<\/strong> (em adultos e crian\u00e7as)<\/p>\n<\/li>\n<li data-start=\"4448\" data-end=\"4485\">\n<p data-start=\"4450\" data-end=\"4485\"><strong data-start=\"4450\" data-end=\"4483\">Perda de massa muscular e sarcop\u00e9nia<\/strong><\/p>\n<\/li>\n<li data-start=\"4486\" data-end=\"4528\">\n<p data-start=\"4488\" data-end=\"4528\"><strong data-start=\"4488\" data-end=\"4526\">Osteoporose e regenera\u00e7\u00e3o \u00f3ssea<\/strong><\/p>\n<\/li>\n<li data-start=\"4529\" data-end=\"4582\">\n<p data-start=\"4531\" data-end=\"4582\"><strong data-start=\"4531\" data-end=\"4580\">Qualidade do sono e regula\u00e7\u00e3o do ritmo circadiano<\/strong><\/p>\n<\/li>\n<li data-start=\"4583\" data-end=\"4624\">\n<p data-start=\"4585\" data-end=\"4624\"><strong data-start=\"4585\" data-end=\"4622\">Perturba\u00e7\u00f5es metab\u00f3licas e cognitivas<\/strong><\/p>\n<\/li>\n<\/ul>\n<hr data-start=\"4626\" data-end=\"4629\" \/>\n<h3 data-start=\"4631\" data-end=\"4655\"><strong data-start=\"4635\" data-end=\"4655\">Seguran\u00e7a e armazenamento<\/strong><\/h3>\n<p data-start=\"4656\" data-end=\"4908\">Loja <strong data-start=\"4662\" data-end=\"4679\">MK-677 P\u00f3<\/strong> em um <strong data-start=\"4685\" data-end=\"4705\">contentor selado<\/strong> em <strong data-start=\"4709\" data-end=\"4718\">-20\u00b0C<\/strong> ao abrigo da humidade e da luz solar.<br data-start=\"4751\" data-end=\"4754\" \/>Este composto destina-se a <strong data-start=\"4780\" data-end=\"4845\">estritamente para fins laboratoriais e de investiga\u00e7\u00e3o cient\u00edfica<\/strong>.<br data-start=\"4846\" data-end=\"4849\" \/>\u00c9 <strong data-start=\"4855\" data-end=\"4907\">n\u00e3o aprovado para consumo humano ou veterin\u00e1rio<\/strong>.<\/p>\n<p data-start=\"5069\" data-end=\"5213\">","protected":false},"excerpt":{"rendered":"<p>MK-677 Sarms Ibutamoren Powder | Premium SARMs Growth Hormone Secretagogue MK-677 Sarms Ibutamoren Powder\u00a0 Chemical Profile Parameter Specification Alias: Ibutamoren Mesylate, Nutrobal CAS Number: 159752-10-0 Molecular Formula (MF): C\u2082\u2088H\u2084\u2080N\u2084O\u2088S\u2082 Molecular Weight (MW): 624.77 g\/mol Appearance: White crystalline powder Purity: \u2265 99.5% Storage Conditions: Store at \u201320\u00b0C, in a dry and light-protected environment Recommended Research Dose: [&hellip;]<\/p>\n","protected":false},"featured_media":1762,"comment_status":"open","ping_status":"closed","template":"","meta":[],"product_brand":[],"product_cat":[391],"product_tag":[935,944,934,949,945,938,933,932,943,706,939,708,713,714,715,716,717,718,719,720,709,721,722,723,724,725,726,727,728,710,729,730,731,732,733,734,735,736,737,931,712,707,711,705,940,937,948,936,946,947,942,941],"class_list":{"0":"post-1761","1":"product","2":"type-product","3":"status-publish","4":"has-post-thumbnail","6":"product_cat-peptides","7":"product_tag-aas-poland","8":"product_tag-aas-raw-materials-australia","9":"product_tag-aas-raws","10":"product_tag-anabolic-steroid-manufacturer-canada","11":"product_tag-anabolic-steroid-powders-online","12":"product_tag-best-steroid-powder-supplier-usa","13":"product_tag-buy-aas-raws-online","14":"product_tag-buy-raw-steroid-powders-online","15":"product_tag-buy-raw-steroids-china","16":"product_tag-china-sarms-powder-supplier","17":"product_tag-high-purity-anabolic-steroids-canada","18":"product_tag-ibutamoren","19":"product_tag-ibutamoren-australia-canada","20":"product_tag-ibutamoren-legal","21":"product_tag-ibutamoren-mesylate-australia","22":"product_tag-ibutamoren-mesylate-bodybuilding","23":"product_tag-ibutamoren-mesylate-for-sale","24":"product_tag-ibutamoren-mesylate-mk-677","25":"product_tag-ibutamoren-mesylate-powder","26":"product_tag-ibutamoren-powder-for-sale","27":"product_tag-mk-677","28":"product_tag-mk-677-buy","29":"product_tag-mk-677-dosage-results-review","30":"product_tag-mk-677-ibutamoren-bulk-powder","31":"product_tag-mk-677-ibutamoren-gains","32":"product_tag-mk-677-ibutamoren-reddit","33":"product_tag-mk-677-ibutamoren-uk-canada","34":"product_tag-mk-677-powder","35":"product_tag-mk-677-powder-for-sale","36":"product_tag-mk677-powder","37":"product_tag-nutrobal-cycle","38":"product_tag-nutrobal-ibutamoren","39":"product_tag-nutrobal-mk-677-for-sale","40":"product_tag-nutrobal-powder","41":"product_tag-nutrobal-powdered-calcium","42":"product_tag-nutrobal-reptile","43":"product_tag-nutrobal-sarm-results-review","44":"product_tag-nutrobal-side-effects","45":"product_tag-nutrobal-tortoise","46":"product_tag-raw-steroids-for-sale","47":"product_tag-sarms-buy-mk-677-ibutamoren-powder","48":"product_tag-sarms-cardarine-powder","49":"product_tag-sarms-mk-677","50":"product_tag-sarms-sarms-powder","51":"product_tag-steroid-raw-material-factory-europe","52":"product_tag-steroid-raws-online","53":"product_tag-steroid-raws-supplier-florida","54":"product_tag-supplier-usa","55":"product_tag-testosterone-raw-powder-poland","56":"product_tag-trenbolone-powder-thailand","57":"product_tag-trusted-steroid-raw-supplier-worldwide","58":"product_tag-wholesale-steroid-powders-australia","60":"first","61":"instock","62":"shipping-taxable","63":"product-type-simple"},"_links":{"self":[{"href":"https:\/\/shgotopharm.com\/pt\/wp-json\/wp\/v2\/product\/1761","targetHints":{"allow":["GET"]}}],"collection":[{"href":"https:\/\/shgotopharm.com\/pt\/wp-json\/wp\/v2\/product"}],"about":[{"href":"https:\/\/shgotopharm.com\/pt\/wp-json\/wp\/v2\/types\/product"}],"replies":[{"embeddable":true,"href":"https:\/\/shgotopharm.com\/pt\/wp-json\/wp\/v2\/comments?post=1761"}],"wp:featuredmedia":[{"embeddable":true,"href":"https:\/\/shgotopharm.com\/pt\/wp-json\/wp\/v2\/media\/1762"}],"wp:attachment":[{"href":"https:\/\/shgotopharm.com\/pt\/wp-json\/wp\/v2\/media?parent=1761"}],"wp:term":[{"taxonomy":"product_brand","embeddable":true,"href":"https:\/\/shgotopharm.com\/pt\/wp-json\/wp\/v2\/product_brand?post=1761"},{"taxonomy":"product_cat","embeddable":true,"href":"https:\/\/shgotopharm.com\/pt\/wp-json\/wp\/v2\/product_cat?post=1761"},{"taxonomy":"product_tag","embeddable":true,"href":"https:\/\/shgotopharm.com\/pt\/wp-json\/wp\/v2\/product_tag?post=1761"}],"curies":[{"name":"wp","href":"https:\/\/api.w.org\/{rel}","templated":true}]}}