{"id":1763,"date":"2025-10-30T16:53:12","date_gmt":"2025-10-30T16:53:12","guid":{"rendered":"https:\/\/shgotopharm.com\/?post_type=product&#038;p=1763"},"modified":"2026-03-22T15:30:54","modified_gmt":"2026-03-22T15:30:54","slug":"buy-semaglutide-peptide","status":"publish","type":"product","link":"https:\/\/shgotopharm.com\/pt\/product\/buy-semaglutide-peptide\/","title":{"rendered":"Comprar Semaglutide Peptide"},"content":{"rendered":"<h2 data-start=\"265\" data-end=\"351\"><strong data-start=\"268\" data-end=\"351\">Comprar Pept\u00eddeo Semaglutide | Agonista do Recetor GLP-1 para Diabetes e Controlo de Peso<\/strong><\/h2>\n<h3 data-start=\"353\" data-end=\"369\"><strong data-start=\"357\" data-end=\"369\">Vis\u00e3o geral<\/strong><\/h3>\n<p data-start=\"370\" data-end=\"820\"><strong data-start=\"370\" data-end=\"393\">Comprar Semaglutide Peptide<\/strong> \u00e9 um produto sint\u00e9tico <strong data-start=\"409\" data-end=\"461\">Agonista dos receptores do GLP-1 (Glucagon-Like Peptide-1)<\/strong> concebido para imitar os efeitos da hormona GLP-1 natural do organismo. Este p\u00e9ptido desempenha um papel fundamental na regula\u00e7\u00e3o <strong data-start=\"573\" data-end=\"636\">secre\u00e7\u00e3o de insulina, n\u00edveis de a\u00e7\u00facar no sangue e controlo do apetite<\/strong>.<br data-start=\"637\" data-end=\"640\" \/>Originalmente desenvolvido para o <strong data-start=\"669\" data-end=\"701\">tratamento da diabetes tipo 2<\/strong>, Desde ent\u00e3o, o semaglutido tem vindo a ser reconhecido pelo seu potencial significativo no <strong data-start=\"777\" data-end=\"819\">gest\u00e3o do peso e sa\u00fade metab\u00f3lica<\/strong>.<\/p>\n<hr data-start=\"822\" data-end=\"825\" \/>\n<h3 data-start=\"827\" data-end=\"856\"><strong data-start=\"831\" data-end=\"856\">Como funciona o Semaglutide<\/strong><\/h3>\n<p data-start=\"857\" data-end=\"941\">Semaglutide funciona por <strong data-start=\"882\" data-end=\"912\">ativa\u00e7\u00e3o dos receptores GLP-1<\/strong> no p\u00e2ncreas e no c\u00e9rebro.<\/p>\n<ul data-start=\"942\" data-end=\"1324\">\n<li data-start=\"942\" data-end=\"1129\">\n<p data-start=\"944\" data-end=\"1129\">No <strong data-start=\"951\" data-end=\"963\">p\u00e2ncreas<\/strong>, Esta estimula\u00e7\u00e3o aumenta <strong data-start=\"991\" data-end=\"1010\">liberta\u00e7\u00e3o de insulina<\/strong> quando os n\u00edveis de a\u00e7\u00facar no sangue est\u00e3o elevados e suprime <strong data-start=\"1063\" data-end=\"1086\">produ\u00e7\u00e3o de glucagon<\/strong>, ajudando a manter os n\u00edveis de glucose est\u00e1veis.<\/p>\n<\/li>\n<li data-start=\"1130\" data-end=\"1324\">\n<p data-start=\"1132\" data-end=\"1324\">No <strong data-start=\"1139\" data-end=\"1169\">c\u00e9rebro e sistema digestivo<\/strong>, abranda <strong data-start=\"1180\" data-end=\"1200\">esvaziamento g\u00e1strico<\/strong> e aumenta <strong data-start=\"1215\" data-end=\"1234\">sinais de saciedade<\/strong>, fazendo com que os indiv\u00edduos se sintam saciados durante mais tempo e reduzindo a ingest\u00e3o total de calorias.<\/p>\n<\/li>\n<\/ul>\n<p data-start=\"1326\" data-end=\"1467\">Ao visar estes mecanismos, <strong data-start=\"1357\" data-end=\"1372\">Semaglutide<\/strong> ajuda eficazmente a regular o apetite, a baixar os n\u00edveis de glucose no sangue e a apoiar uma perda de peso sustent\u00e1vel.<\/p>\n<hr data-start=\"1469\" data-end=\"1472\" \/>\n<h3 data-start=\"1474\" data-end=\"1515\"><strong data-start=\"1478\" data-end=\"1515\">Aplica\u00e7\u00f5es m\u00e9dicas e de investiga\u00e7\u00e3o<\/strong><\/h3>\n<p data-start=\"1516\" data-end=\"1672\">O semaglutido foi aprovado pelo <strong data-start=\"1547\" data-end=\"1590\">Administra\u00e7\u00e3o de Alimentos e Medicamentos dos EUA (FDA)<\/strong> sob v\u00e1rias marcas, incluindo <strong data-start=\"1628\" data-end=\"1639\">Ozempic<\/strong>, <strong data-start=\"1641\" data-end=\"1651\">Wegovy<\/strong>, e <strong data-start=\"1657\" data-end=\"1669\">Rybelsus<\/strong>.<\/p>\n<ul data-start=\"1673\" data-end=\"1978\">\n<li data-start=\"1673\" data-end=\"1776\">\n<p data-start=\"1675\" data-end=\"1776\"><strong data-start=\"1675\" data-end=\"1686\">Ozempic<\/strong> - Injet\u00e1vel uma vez por semana para melhorar o controlo glic\u00e9mico em adultos com diabetes tipo 2.<\/p>\n<\/li>\n<li data-start=\"1777\" data-end=\"1885\">\n<p data-start=\"1779\" data-end=\"1885\"><strong data-start=\"1779\" data-end=\"1789\">Wegovy<\/strong> - Aprovado para <strong data-start=\"1805\" data-end=\"1834\">gest\u00e3o do peso cr\u00f3nico<\/strong> em adultos com obesidade ou excesso de peso.<\/p>\n<\/li>\n<li data-start=\"1886\" data-end=\"1978\">\n<p data-start=\"1888\" data-end=\"1978\"><strong data-start=\"1888\" data-end=\"1900\">Rybelsus<\/strong> - O primeiro <strong data-start=\"1913\" data-end=\"1926\">forma oral<\/strong> de Semaglutide, concebido para o controlo da diabetes.<\/p>\n<\/li>\n<\/ul>\n<p data-start=\"1980\" data-end=\"2181\">Estudos cl\u00ednicos demonstraram que Buy <strong data-start=\"2013\" data-end=\"2036\">P\u00e9ptido de semaglutido<\/strong> pode levar a <strong data-start=\"2049\" data-end=\"2081\">redu\u00e7\u00e3o significativa do peso<\/strong> mesmo em indiv\u00edduos sem diabetes por <strong data-start=\"2122\" data-end=\"2178\">reduzir o apetite e promover uma menor ingest\u00e3o cal\u00f3rica<\/strong>.<\/p>\n<hr data-start=\"2183\" data-end=\"2186\" \/>\n<h3 data-start=\"2188\" data-end=\"2231\"><strong data-start=\"2192\" data-end=\"2231\">Principais benef\u00edcios do p\u00e9ptido semaglutido<\/strong><\/h3>\n<ul data-start=\"2232\" data-end=\"2733\">\n<li data-start=\"2232\" data-end=\"2331\">\n<p data-start=\"2234\" data-end=\"2331\"><strong data-start=\"2234\" data-end=\"2273\">Apoia o controlo da diabetes tipo 2<\/strong> - Melhora a sensibilidade \u00e0 insulina e o controlo do a\u00e7\u00facar no sangue.<\/p>\n<\/li>\n<li data-start=\"2332\" data-end=\"2437\">\n<p data-start=\"2334\" data-end=\"2437\"><strong data-start=\"2334\" data-end=\"2358\">Promove a perda de peso<\/strong> - Diminui a fome e aumenta a saciedade, ajudando a reduzir o consumo de calorias.<\/p>\n<\/li>\n<li data-start=\"2438\" data-end=\"2533\">\n<p data-start=\"2440\" data-end=\"2533\"><strong data-start=\"2440\" data-end=\"2469\">Melhora a sa\u00fade metab\u00f3lica<\/strong> - Contribui para a regula\u00e7\u00e3o do metabolismo da glicose e do equil\u00edbrio lip\u00eddico.<\/p>\n<\/li>\n<li data-start=\"2534\" data-end=\"2628\">\n<p data-start=\"2536\" data-end=\"2628\"><strong data-start=\"2536\" data-end=\"2557\">Dosagem conveniente<\/strong> - Dispon\u00edvel como <strong data-start=\"2573\" data-end=\"2599\">injec\u00e7\u00f5es uma vez por semana<\/strong> ou <strong data-start=\"2603\" data-end=\"2625\">comprimidos orais di\u00e1rios<\/strong>.<\/p>\n<\/li>\n<li data-start=\"2629\" data-end=\"2733\">\n<p data-start=\"2631\" data-end=\"2733\"><strong data-start=\"2631\" data-end=\"2652\">Clinicamente comprovado<\/strong> - Apoiado por uma extensa investiga\u00e7\u00e3o e pela aprova\u00e7\u00e3o da FDA para m\u00faltiplas utiliza\u00e7\u00f5es terap\u00eauticas.<\/p>\n<\/li>\n<\/ul>\n<hr data-start=\"2735\" data-end=\"2738\" \/>\n<h3 data-start=\"2740\" data-end=\"2769\"><strong data-start=\"2744\" data-end=\"2769\">Antecedentes cient\u00edficos<\/strong><\/h3>\n<p data-start=\"2770\" data-end=\"3086\">A estrutura qu\u00edmica do semaglutido \u00e9 muito semelhante \u00e0 do <strong data-start=\"2829\" data-end=\"2846\">GLP-1 natural<\/strong>, mas com um refor\u00e7o <strong data-start=\"2866\" data-end=\"2893\">estabilidade e semi-vida<\/strong>, permitindo <strong data-start=\"2908\" data-end=\"2939\">maior atividade no organismo<\/strong>. Desenvolvido por <strong data-start=\"2954\" data-end=\"2970\">Novo Nordisk<\/strong> em 2012, representa um dos mais avan\u00e7ados an\u00e1logos do GLP-1 dispon\u00edveis para <strong data-start=\"3047\" data-end=\"3083\">investiga\u00e7\u00e3o end\u00f3crina e metab\u00f3lica<\/strong>.<\/p>\n<p data-start=\"3088\" data-end=\"3344\">Para al\u00e9m da diabetes e da obesidade, os investigadores est\u00e3o a explorar os potenciais pap\u00e9is do Semaglutide em <strong data-start=\"3176\" data-end=\"3250\">estudos sobre sa\u00fade cardiovascular, neuroprotec\u00e7\u00e3o e s\u00edndrome metab\u00f3lica<\/strong> devido ao seu impacto favor\u00e1vel sobre <strong data-start=\"3282\" data-end=\"3343\">inflama\u00e7\u00e3o, regula\u00e7\u00e3o do apetite e metabolismo da glucose<\/strong>.<\/p>\n<hr data-start=\"3346\" data-end=\"3349\" \/>\n<h3 data-start=\"3351\" data-end=\"3373\"><strong data-start=\"3355\" data-end=\"3373\">Nota importante<\/strong><\/h3>\n<p data-start=\"3374\" data-end=\"3520\">Este produto \u00e9 fornecido para <strong data-start=\"3403\" data-end=\"3455\">apenas para fins laboratoriais e de investiga\u00e7\u00e3o cient\u00edfica<\/strong>.<br data-start=\"3456\" data-end=\"3459\" \/>\u00c9 <strong data-start=\"3465\" data-end=\"3517\">n\u00e3o se destina ao consumo humano ou veterin\u00e1rio<\/strong>.<\/p>","protected":false},"excerpt":{"rendered":"<p>Buy Semaglutide Peptide | GLP-1 Receptor Agonist for Diabetes and Weight Management Overview Buy Semaglutide Peptide is a synthetic GLP-1 (Glucagon-Like Peptide-1) receptor agonist designed to mimic the effects of the body\u2019s natural GLP-1 hormone. This peptide plays a key role in regulating insulin secretion, blood sugar levels, and appetite control.Originally developed for the treatment [&hellip;]<\/p>\n","protected":false},"featured_media":1764,"comment_status":"open","ping_status":"closed","template":"","meta":[],"product_brand":[],"product_cat":[391],"product_tag":[935,944,934,949,945,739,938,933,932,943,743,744,939,740,745,746,738,742,931,747,940,937,948,936,946,947,942,741,941],"class_list":{"0":"post-1763","1":"product","2":"type-product","3":"status-publish","4":"has-post-thumbnail","6":"product_cat-peptides","7":"product_tag-aas-poland","8":"product_tag-aas-raw-materials-australia","9":"product_tag-aas-raws","10":"product_tag-anabolic-steroid-manufacturer-canada","11":"product_tag-anabolic-steroid-powders-online","12":"product_tag-benefits-of-igf-1-lr3","13":"product_tag-best-steroid-powder-supplier-usa","14":"product_tag-buy-aas-raws-online","15":"product_tag-buy-raw-steroid-powders-online","16":"product_tag-buy-raw-steroids-china","17":"product_tag-hgh","18":"product_tag-hgh-supplements","19":"product_tag-high-purity-anabolic-steroids-canada","20":"product_tag-how-does-igf-1-lr3-work","21":"product_tag-human-growth-hormone","22":"product_tag-human-growth-hormone-for-sale","23":"product_tag-peptide-igf1-lr3","24":"product_tag-peptide-peptides-buy-growth-hormone","25":"product_tag-raw-steroids-for-sale","26":"product_tag-somatropin-growth-hormone","27":"product_tag-steroid-raw-material-factory-europe","28":"product_tag-steroid-raws-online","29":"product_tag-steroid-raws-supplier-florida","30":"product_tag-supplier-usa","31":"product_tag-testosterone-raw-powder-poland","32":"product_tag-trenbolone-powder-thailand","33":"product_tag-trusted-steroid-raw-supplier-worldwide","34":"product_tag-where-can-i-buy-igf-1-lr3","35":"product_tag-wholesale-steroid-powders-australia","37":"first","38":"instock","39":"shipping-taxable","40":"product-type-simple"},"_links":{"self":[{"href":"https:\/\/shgotopharm.com\/pt\/wp-json\/wp\/v2\/product\/1763","targetHints":{"allow":["GET"]}}],"collection":[{"href":"https:\/\/shgotopharm.com\/pt\/wp-json\/wp\/v2\/product"}],"about":[{"href":"https:\/\/shgotopharm.com\/pt\/wp-json\/wp\/v2\/types\/product"}],"replies":[{"embeddable":true,"href":"https:\/\/shgotopharm.com\/pt\/wp-json\/wp\/v2\/comments?post=1763"}],"wp:featuredmedia":[{"embeddable":true,"href":"https:\/\/shgotopharm.com\/pt\/wp-json\/wp\/v2\/media\/1764"}],"wp:attachment":[{"href":"https:\/\/shgotopharm.com\/pt\/wp-json\/wp\/v2\/media?parent=1763"}],"wp:term":[{"taxonomy":"product_brand","embeddable":true,"href":"https:\/\/shgotopharm.com\/pt\/wp-json\/wp\/v2\/product_brand?post=1763"},{"taxonomy":"product_cat","embeddable":true,"href":"https:\/\/shgotopharm.com\/pt\/wp-json\/wp\/v2\/product_cat?post=1763"},{"taxonomy":"product_tag","embeddable":true,"href":"https:\/\/shgotopharm.com\/pt\/wp-json\/wp\/v2\/product_tag?post=1763"}],"curies":[{"name":"wp","href":"https:\/\/api.w.org\/{rel}","templated":true}]}}