{"id":1765,"date":"2025-10-30T17:09:46","date_gmt":"2025-10-30T17:09:46","guid":{"rendered":"https:\/\/shgotopharm.com\/?post_type=product&#038;p=1765"},"modified":"2025-12-13T09:53:32","modified_gmt":"2025-12-13T09:53:32","slug":"jintropin-100iu-hgh","status":"publish","type":"product","link":"https:\/\/shgotopharm.com\/pt\/product\/jintropin-100iu-hgh\/","title":{"rendered":"Jintropin 100iu HGH"},"content":{"rendered":"<h1 class=\"product_h2\">Jintropin 100iu HGH<\/h1>\n<h3 data-start=\"488\" data-end=\"512\"><strong data-start=\"492\" data-end=\"512\">Vis\u00e3o geral do produto<\/strong><\/h3>\n<p data-start=\"513\" data-end=\"864\">O nosso Jintropin 100iu HGH<strong data-start=\"517\" data-end=\"568\">\u00a0Hormona de crescimento humano<\/strong> \u00e9 um produto de qualidade superior <strong data-start=\"588\" data-end=\"611\">p\u00e9ptido recombinante<\/strong> oferecido em <strong data-start=\"623\" data-end=\"647\">forma n\u00e3o rotulada a granel<\/strong> para fins de investiga\u00e7\u00e3o laboratorial e farmac\u00eautica.<br data-start=\"700\" data-end=\"703\" \/>Este <strong data-start=\"708\" data-end=\"736\">p\u00f3 branco liofilizado<\/strong> demonstra\u00e7\u00f5es <strong data-start=\"750\" data-end=\"764\">99% pureza<\/strong>, garantindo uma qualidade e fiabilidade consistentes para estudos biol\u00f3gicos e farmacol\u00f3gicos avan\u00e7ados.<\/p>\n<hr data-start=\"866\" data-end=\"869\" \/>\n<h3 data-start=\"871\" data-end=\"901\"><strong data-start=\"875\" data-end=\"901\">Especifica\u00e7\u00f5es do produto<\/strong><\/h3>\n<div class=\"_tableContainer_1rjym_1\">\n<div class=\"group _tableWrapper_1rjym_13 flex w-fit flex-col-reverse\" tabindex=\"-1\">\n<table class=\"w-fit min-w-(--thread-content-width)\" data-start=\"902\" data-end=\"1366\">\n<thead data-start=\"902\" data-end=\"933\">\n<tr data-start=\"902\" data-end=\"933\">\n<th data-start=\"902\" data-end=\"918\" data-col-size=\"sm\"><strong data-start=\"904\" data-end=\"917\">Par\u00e2metro<\/strong><\/th>\n<th data-start=\"918\" data-end=\"933\" data-col-size=\"sm\"><strong data-start=\"920\" data-end=\"931\">Detalhes<\/strong><\/th>\n<\/tr>\n<\/thead>\n<tbody data-start=\"967\" data-end=\"1366\">\n<tr data-start=\"967\" data-end=\"1026\">\n<td data-start=\"967\" data-end=\"986\" data-col-size=\"sm\"><strong data-start=\"969\" data-end=\"985\">Nome do produto<\/strong><\/td>\n<td data-start=\"986\" data-end=\"1026\" data-col-size=\"sm\">Jintropin 100iu HGH<\/td>\n<\/tr>\n<tr data-start=\"1027\" data-end=\"1047\">\n<td data-start=\"1027\" data-end=\"1040\" data-col-size=\"sm\"><strong data-start=\"1029\" data-end=\"1039\">Pureza<\/strong><\/td>\n<td data-start=\"1040\" data-end=\"1047\" data-col-size=\"sm\">99%<\/td>\n<\/tr>\n<tr data-start=\"1048\" data-end=\"1070\">\n<td data-start=\"1048\" data-end=\"1061\" data-col-size=\"sm\"><strong data-start=\"1050\" data-end=\"1060\">Origem<\/strong><\/td>\n<td data-start=\"1061\" data-end=\"1070\" data-col-size=\"sm\">China<\/td>\n<\/tr>\n<tr data-start=\"1071\" data-end=\"1122\">\n<td data-start=\"1071\" data-end=\"1082\" data-col-size=\"sm\"><strong data-start=\"1073\" data-end=\"1081\">Tipo<\/strong><\/td>\n<td data-start=\"1082\" data-end=\"1122\" data-col-size=\"sm\">Vitaminas, Amino\u00e1cidos e Coenzimas<\/td>\n<\/tr>\n<tr data-start=\"1123\" data-end=\"1179\">\n<td data-start=\"1123\" data-end=\"1144\" data-col-size=\"sm\"><strong data-start=\"1125\" data-end=\"1143\">Grau Padr\u00e3o<\/strong><\/td>\n<td data-start=\"1144\" data-end=\"1179\" data-col-size=\"sm\">Grau farmac\u00eautico\/medicinal<\/td>\n<\/tr>\n<tr data-start=\"1180\" data-end=\"1227\">\n<td data-start=\"1180\" data-end=\"1204\" data-col-size=\"sm\"><strong data-start=\"1182\" data-end=\"1203\">Norma de an\u00e1lise<\/strong><\/td>\n<td data-start=\"1204\" data-end=\"1227\" data-col-size=\"sm\">Norma Empresarial<\/td>\n<\/tr>\n<tr data-start=\"1228\" data-end=\"1273\">\n<td data-start=\"1228\" data-end=\"1245\" data-col-size=\"sm\"><strong data-start=\"1230\" data-end=\"1244\">Apar\u00eancia<\/strong><\/td>\n<td data-start=\"1245\" data-end=\"1273\" data-col-size=\"sm\">P\u00f3 branco liofilizado<\/td>\n<\/tr>\n<tr data-start=\"1274\" data-end=\"1315\">\n<td data-start=\"1274\" data-end=\"1291\" data-col-size=\"sm\"><strong data-start=\"1276\" data-end=\"1290\">N.\u00ba EINECS.<\/strong><\/td>\n<td data-start=\"1291\" data-end=\"1315\" data-col-size=\"sm\">Dispon\u00edvel a pedido<\/td>\n<\/tr>\n<tr data-start=\"1316\" data-end=\"1366\">\n<td data-start=\"1316\" data-end=\"1340\" data-col-size=\"sm\"><strong data-start=\"1318\" data-end=\"1339\">Condi\u00e7\u00e3o de armazenamento<\/strong><\/td>\n<td data-start=\"1340\" data-end=\"1366\" data-col-size=\"sm\">2-8\u00b0C, ao abrigo da luz<\/td>\n<\/tr>\n<\/tbody>\n<\/table>\n<\/div>\n<\/div>\n<hr data-start=\"1368\" data-end=\"1371\" \/>\n<h3 data-start=\"1373\" data-end=\"1392\"><strong data-start=\"1377\" data-end=\"1392\">Descri\u00e7\u00e3o<\/strong><\/h3>\n<p data-start=\"1393\" data-end=\"1764\">Jintropin 100iu HGH, tamb\u00e9m conhecido como <strong data-start=\"1439\" data-end=\"1453\">Somatropina<\/strong>, \u00e9 uma hormona pept\u00eddica produzida naturalmente pelo <strong data-start=\"1502\" data-end=\"1521\">gl\u00e2ndula pituit\u00e1ria<\/strong>.<br data-start=\"1522\" data-end=\"1525\" \/>O nosso <strong data-start=\"1529\" data-end=\"1546\">Tops azuis HGH<\/strong> s\u00e3o formulados para <strong data-start=\"1566\" data-end=\"1591\">aplica\u00e7\u00f5es de investiga\u00e7\u00e3o<\/strong>, que oferece uma sequ\u00eancia bio-id\u00eantica \u00e0 HGH end\u00f3gena. \u00c9 utilizado principalmente em estudos relacionados com <strong data-start=\"1689\" data-end=\"1751\">crescimento muscular, metabolismo, repara\u00e7\u00e3o celular e anti-envelhecimento<\/strong> fun\u00e7\u00f5es.<\/p>\n<p data-start=\"1766\" data-end=\"1971\">Esta hormona do crescimento actua atrav\u00e9s da estimula\u00e7\u00e3o de <strong data-start=\"1814\" data-end=\"1854\">IGF-1 (Fator de crescimento semelhante \u00e0 insulina-1)<\/strong> que desempenham um papel vital na <strong data-start=\"1892\" data-end=\"1915\">regenera\u00e7\u00e3o de tecidos<\/strong>, <strong data-start=\"1917\" data-end=\"1939\">desenvolvimento muscular<\/strong>, e <strong data-start=\"1945\" data-end=\"1970\">melhoria metab\u00f3lica<\/strong>.<\/p>\n<hr data-start=\"1973\" data-end=\"1976\" \/>\n<h3 data-start=\"1978\" data-end=\"2014\"><strong data-start=\"1982\" data-end=\"2014\">Principais benef\u00edcios do Jintropin 100iu HGH<\/strong><\/h3>\n<p data-start=\"2015\" data-end=\"2135\">Estudos de investiga\u00e7\u00e3o sugerem que <strong data-start=\"2045\" data-end=\"2062\">Tops azuis HGH<\/strong> pode contribuir para as seguintes melhorias fisiol\u00f3gicas e celulares:<\/p>\n<ul data-start=\"2137\" data-end=\"2831\">\n<li data-start=\"2137\" data-end=\"2205\">\n<p data-start=\"2139\" data-end=\"2205\">Redu\u00e7\u00e3o de <strong data-start=\"2152\" data-end=\"2203\">celulite, rugas e sinais vis\u00edveis de envelhecimento<\/strong><\/p>\n<\/li>\n<li data-start=\"2206\" data-end=\"2286\">\n<p data-start=\"2208\" data-end=\"2286\">Apoio a <strong data-start=\"2220\" data-end=\"2235\">ganho muscular<\/strong>, <strong data-start=\"2237\" data-end=\"2249\">perda de gordura<\/strong>, e <strong data-start=\"2255\" data-end=\"2284\">melhoria da composi\u00e7\u00e3o corporal<\/strong><\/p>\n<\/li>\n<li data-start=\"2287\" data-end=\"2347\">\n<p data-start=\"2289\" data-end=\"2347\">Melhorado <strong data-start=\"2298\" data-end=\"2315\">sa\u00fade sexual<\/strong>, <strong data-start=\"2317\" data-end=\"2327\">libido<\/strong>, e <strong data-start=\"2333\" data-end=\"2345\">vitalidade<\/strong><\/p>\n<\/li>\n<li data-start=\"2348\" data-end=\"2415\">\n<p data-start=\"2350\" data-end=\"2415\">Promo\u00e7\u00e3o de <strong data-start=\"2363\" data-end=\"2390\">sono profundo e reparador<\/strong> e <strong data-start=\"2395\" data-end=\"2413\">estabilidade do humor<\/strong><\/p>\n<\/li>\n<li data-start=\"2416\" data-end=\"2485\">\n<p data-start=\"2418\" data-end=\"2485\">Estimula\u00e7\u00e3o de <strong data-start=\"2433\" data-end=\"2450\">crescimento do cabelo<\/strong> e restauro da cor natural<\/p>\n<\/li>\n<li data-start=\"2486\" data-end=\"2547\">\n<p data-start=\"2488\" data-end=\"2547\">Aumento not\u00e1vel de <strong data-start=\"2511\" data-end=\"2545\">energia, resist\u00eancia e resist\u00eancia<\/strong><\/p>\n<\/li>\n<li data-start=\"2548\" data-end=\"2603\">\n<p data-start=\"2550\" data-end=\"2603\">Melhorado <strong data-start=\"2559\" data-end=\"2601\">mem\u00f3ria, concentra\u00e7\u00e3o e aten\u00e7\u00e3o cognitiva<\/strong><\/p>\n<\/li>\n<li data-start=\"2604\" data-end=\"2690\">\n<p data-start=\"2606\" data-end=\"2690\">Apoio a <strong data-start=\"2618\" data-end=\"2634\">densidade \u00f3ssea<\/strong>, <strong data-start=\"2636\" data-end=\"2652\">sa\u00fade das articula\u00e7\u00f5es<\/strong>, e <strong data-start=\"2658\" data-end=\"2688\">recupera\u00e7\u00e3o do tecido conjuntivo<\/strong><\/p>\n<\/li>\n<li data-start=\"2691\" data-end=\"2777\">\n<p data-start=\"2693\" data-end=\"2777\">Melhoria em <strong data-start=\"2708\" data-end=\"2730\">n\u00edveis de colesterol<\/strong>, <strong data-start=\"2732\" data-end=\"2750\">tens\u00e3o arterial<\/strong>, e <strong data-start=\"2756\" data-end=\"2775\">fun\u00e7\u00e3o imunit\u00e1ria<\/strong><\/p>\n<\/li>\n<li data-start=\"2778\" data-end=\"2831\">\n<p data-start=\"2780\" data-end=\"2831\">Acelerado <strong data-start=\"2792\" data-end=\"2829\">recupera\u00e7\u00e3o de les\u00f5es ou fadiga<\/strong><\/p>\n<\/li>\n<\/ul>\n<blockquote data-start=\"2833\" data-end=\"2992\">\n<p data-start=\"2835\" data-end=\"2992\"><strong data-start=\"2835\" data-end=\"2844\">Nota:<\/strong> Todas as presta\u00e7\u00f5es acima referidas baseiam-se em <strong data-start=\"2885\" data-end=\"2921\">investiga\u00e7\u00e3o cl\u00ednica e laboratorial<\/strong>. Este produto \u00e9 <strong data-start=\"2939\" data-end=\"2991\">n\u00e3o se destina ao consumo humano ou veterin\u00e1rio<\/strong>.<\/p>\n<\/blockquote>\n<hr data-start=\"2994\" data-end=\"2997\" \/>\n<h3 data-start=\"2999\" data-end=\"3019\"><strong data-start=\"3003\" data-end=\"3019\">Aplica\u00e7\u00f5es de Jintropin 100iu HGH<\/strong><\/h3>\n<p data-start=\"3020\" data-end=\"3090\">Jintropin 100iu HGH \u00e9 amplamente estudado pelos seus efeitos potenciais em:<\/p>\n<ul data-start=\"3091\" data-end=\"3303\">\n<li data-start=\"3091\" data-end=\"3131\">\n<p data-start=\"3093\" data-end=\"3131\"><strong data-start=\"3093\" data-end=\"3129\">Investiga\u00e7\u00e3o end\u00f3crina e metab\u00f3lica<\/strong><\/p>\n<\/li>\n<li data-start=\"3132\" data-end=\"3170\">\n<p data-start=\"3134\" data-end=\"3170\"><strong data-start=\"3134\" data-end=\"3168\">Estudos de crescimento e desenvolvimento<\/strong><\/p>\n<\/li>\n<li data-start=\"3171\" data-end=\"3214\">\n<p data-start=\"3173\" data-end=\"3214\"><strong data-start=\"3173\" data-end=\"3212\">Repara\u00e7\u00e3o de tecidos e regenera\u00e7\u00e3o celular<\/strong><\/p>\n<\/li>\n<li data-start=\"3215\" data-end=\"3255\">\n<p data-start=\"3217\" data-end=\"3255\"><strong data-start=\"3217\" data-end=\"3253\">Investiga\u00e7\u00e3o sobre anti-envelhecimento e vitalidade<\/strong><\/p>\n<\/li>\n<li data-start=\"3256\" data-end=\"3303\">\n<p data-start=\"3258\" data-end=\"3303\"><strong data-start=\"3258\" data-end=\"3303\">Estudos de desempenho e recupera\u00e7\u00e3o desportiva<\/strong><\/p>\n<\/li>\n<\/ul>\n<p data-start=\"3305\" data-end=\"3518\">Al\u00e9m disso, observou-se que a hormona de crescimento humana <strong data-start=\"3360\" data-end=\"3395\">aumentar a resist\u00eancia dos ossos e dos \u00f3rg\u00e3os<\/strong>, <strong data-start=\"3397\" data-end=\"3422\">apoiar o crescimento dos tend\u00f5es<\/strong>, e <strong data-start=\"3428\" data-end=\"3460\">estimular a s\u00edntese de colag\u00e9nio<\/strong> - aspectos fundamentais da fun\u00e7\u00e3o e da recupera\u00e7\u00e3o celular dos jovens.<\/p>\n<hr data-start=\"3520\" data-end=\"3523\" \/>\n<h3 data-start=\"3525\" data-end=\"3545\"><strong data-start=\"3529\" data-end=\"3545\">Como funciona Jintropin 100iu HGH<\/strong><\/h3>\n<p data-start=\"3546\" data-end=\"3867\">A HGH funciona atrav\u00e9s da liga\u00e7\u00e3o a <strong data-start=\"3583\" data-end=\"3611\">receptores da hormona do crescimento<\/strong>, desencadeando a liberta\u00e7\u00e3o de <strong data-start=\"3639\" data-end=\"3648\">IGF-1<\/strong>, um potente mediador anab\u00f3lico.<br data-start=\"3679\" data-end=\"3682\" \/>Atrav\u00e9s deste mecanismo, a HGH ajuda <strong data-start=\"3716\" data-end=\"3737\">ganhar massa muscular magra<\/strong>, <strong data-start=\"3739\" data-end=\"3764\">reduzir o tecido adiposo<\/strong>, e <strong data-start=\"3770\" data-end=\"3804\">restaurar a vitalidade fisiol\u00f3gica<\/strong> melhorando a efic\u00e1cia metab\u00f3lica e o rejuvenescimento celular.<\/p>\n<hr data-start=\"3869\" data-end=\"3872\" \/>\n<h3 data-start=\"3874\" data-end=\"3902\"><strong data-start=\"3878\" data-end=\"3902\">Instru\u00e7\u00f5es de armazenamento<\/strong><\/h3>\n<ul data-start=\"3903\" data-end=\"4172\">\n<li data-start=\"3903\" data-end=\"3960\">\n<p data-start=\"3905\" data-end=\"3960\">Armazenar entre <strong data-start=\"3919\" data-end=\"3928\">2-8\u00b0C<\/strong>, protegida da luz direta.<\/p>\n<\/li>\n<li data-start=\"3961\" data-end=\"4022\">\n<p data-start=\"3963\" data-end=\"4022\">Manter selado num local fresco e seco antes da reconstitui\u00e7\u00e3o.<\/p>\n<\/li>\n<li data-start=\"4023\" data-end=\"4099\">\n<p data-start=\"4025\" data-end=\"4099\">Quando refrigerado, o produto mant\u00e9m-se est\u00e1vel at\u00e9 \u00e0 data de validade.<\/p>\n<\/li>\n<li data-start=\"4100\" data-end=\"4172\">\n<p data-start=\"4102\" data-end=\"4172\">Evitar a exposi\u00e7\u00e3o a temperaturas superiores a <strong data-start=\"4139\" data-end=\"4147\">30\u00b0C<\/strong> para preservar a integridade.<\/p>\n<\/li>\n<\/ul>\n<hr data-start=\"4174\" data-end=\"4177\" \/>\n<h3 data-start=\"4179\" data-end=\"4197\"><strong data-start=\"4183\" data-end=\"4197\">Declara\u00e7\u00e3o de exonera\u00e7\u00e3o de responsabilidade<\/strong><\/h3>\n<p data-start=\"4198\" data-end=\"4376\">Este <strong data-start=\"4203\" data-end=\"4254\">HGH Blue Tops Hormona de crescimento humano de alta qualidade<\/strong> \u00e9 vendido <strong data-start=\"4263\" data-end=\"4312\">estritamente para uso laboratorial e de investiga\u00e7\u00e3o<\/strong>.<br data-start=\"4313\" data-end=\"4316\" \/>\u00c9 <strong data-start=\"4322\" data-end=\"4373\">n\u00e3o aprovado para administra\u00e7\u00e3o a seres humanos ou animais<\/strong>.<\/p>\n<hr data-start=\"4378\" data-end=\"4381\" \/>\n<h3 data-start=\"4383\" data-end=\"4419\"><strong data-start=\"4387\" data-end=\"4417\">Meta t\u00edtulo (70 caracteres)<\/strong><\/h3>\n<p data-start=\"4420\" data-end=\"4492\">HGH Blue Tops Hormona do crescimento humano de alta qualidade 99% Pureza | Venda a granel<\/p>\n<h3 data-start=\"4494\" data-end=\"4537\"><strong data-start=\"4498\" data-end=\"4535\">Meta Descri\u00e7\u00e3o (160 caracteres)<\/strong><\/h3>\n<p data-start=\"4538\" data-end=\"4688\">Comprar HGH Blue Tops Human Growth Hormone (pureza 99%) de qualidade superior para investiga\u00e7\u00e3o. P\u00f3 liofilizado a granel de qualidade farmac\u00eautica, n\u00e3o rotulado, dispon\u00edvel online.<\/p>\n<h3 data-start=\"4690\" data-end=\"4727\"><strong data-start=\"4694\" data-end=\"4725\">Palavra-chave de foco para o RankMath:<\/strong><\/h3>","protected":false},"excerpt":{"rendered":"<p>Jintropin 100iu HGH Product Overview Our Jintropin 100iu HGH\u00a0Human Growth Hormone is a premium-grade recombinant peptide offered in bulk unlabelled form for laboratory and pharmaceutical research purposes.This lyophilized white powder demonstrates 99% purity, ensuring consistent quality and reliability for advanced biological and pharmacological studies. Product Specifications Parameter Details Product Name Jintropin 100iu HGH Purity 99% [&hellip;]<\/p>\n","protected":false},"featured_media":1766,"comment_status":"open","ping_status":"closed","template":"","meta":[],"product_brand":[],"product_cat":[391],"product_tag":[752,935,944,934,949,945,938,933,932,943,751,753,748,749,939,750,931,940,937,948,936,946,947,942,941],"class_list":{"0":"post-1765","1":"product","2":"type-product","3":"status-publish","4":"has-post-thumbnail","6":"product_cat-peptides","7":"product_tag-10iu-blue-tops-hgh-unlabelled-bulk-whlosale","8":"product_tag-aas-poland","9":"product_tag-aas-raw-materials-australia","10":"product_tag-aas-raws","11":"product_tag-anabolic-steroid-manufacturer-canada","12":"product_tag-anabolic-steroid-powders-online","13":"product_tag-best-steroid-powder-supplier-usa","14":"product_tag-buy-aas-raws-online","15":"product_tag-buy-raw-steroid-powders-online","16":"product_tag-buy-raw-steroids-china","17":"product_tag-growth-hormone-bulk-buy-china","18":"product_tag-hgh-191aa-for-sale-china","19":"product_tag-hgh-unlabelled-bulk-buy-china","20":"product_tag-hgh-vials-bulk-wholesale","21":"product_tag-high-purity-anabolic-steroids-canada","22":"product_tag-pure-hgh-unlabelled-for-sale","23":"product_tag-raw-steroids-for-sale","24":"product_tag-steroid-raw-material-factory-europe","25":"product_tag-steroid-raws-online","26":"product_tag-steroid-raws-supplier-florida","27":"product_tag-supplier-usa","28":"product_tag-testosterone-raw-powder-poland","29":"product_tag-trenbolone-powder-thailand","30":"product_tag-trusted-steroid-raw-supplier-worldwide","31":"product_tag-wholesale-steroid-powders-australia","33":"first","34":"instock","35":"shipping-taxable","36":"product-type-simple"},"_links":{"self":[{"href":"https:\/\/shgotopharm.com\/pt\/wp-json\/wp\/v2\/product\/1765","targetHints":{"allow":["GET"]}}],"collection":[{"href":"https:\/\/shgotopharm.com\/pt\/wp-json\/wp\/v2\/product"}],"about":[{"href":"https:\/\/shgotopharm.com\/pt\/wp-json\/wp\/v2\/types\/product"}],"replies":[{"embeddable":true,"href":"https:\/\/shgotopharm.com\/pt\/wp-json\/wp\/v2\/comments?post=1765"}],"wp:featuredmedia":[{"embeddable":true,"href":"https:\/\/shgotopharm.com\/pt\/wp-json\/wp\/v2\/media\/1766"}],"wp:attachment":[{"href":"https:\/\/shgotopharm.com\/pt\/wp-json\/wp\/v2\/media?parent=1765"}],"wp:term":[{"taxonomy":"product_brand","embeddable":true,"href":"https:\/\/shgotopharm.com\/pt\/wp-json\/wp\/v2\/product_brand?post=1765"},{"taxonomy":"product_cat","embeddable":true,"href":"https:\/\/shgotopharm.com\/pt\/wp-json\/wp\/v2\/product_cat?post=1765"},{"taxonomy":"product_tag","embeddable":true,"href":"https:\/\/shgotopharm.com\/pt\/wp-json\/wp\/v2\/product_tag?post=1765"}],"curies":[{"name":"wp","href":"https:\/\/api.w.org\/{rel}","templated":true}]}}