{"id":1772,"date":"2025-11-05T01:02:32","date_gmt":"2025-11-05T01:02:32","guid":{"rendered":"https:\/\/shgotopharm.com\/?post_type=product&#038;p=1772"},"modified":"2025-11-10T10:05:02","modified_gmt":"2025-11-10T10:05:02","slug":"raw-drostanolone-propionate-masteron","status":"publish","type":"product","link":"https:\/\/shgotopharm.com\/pt\/product\/raw-drostanolone-propionate-masteron\/","title":{"rendered":"Masteron Propionato de Drostanolona em bruto"},"content":{"rendered":"<h2><a href=\"https:\/\/shgotopharm.com\/pt\/product\/raw-drostanolone-propionate-masteron\/\"><strong data-start=\"263\" data-end=\"303\">Masteron Propionato de Drostanolona em bruto<\/strong><\/a><\/h2>\n<p data-start=\"305\" data-end=\"649\"><strong data-start=\"305\" data-end=\"345\">Masteron Propionato de Drostanolona em bruto<\/strong> \u00e9 um esteroide anabolizante de qualidade superior amplamente reconhecido pela sua capacidade de aumentar a dureza, densidade e defini\u00e7\u00e3o muscular. Originalmente desenvolvido para uso m\u00e9dico, tornou-se um favorito entre atletas e culturistas de competi\u00e7\u00e3o que pretendem manter a for\u00e7a enquanto reduzem a gordura corporal e a reten\u00e7\u00e3o de \u00e1gua.<\/p>\n<p data-start=\"651\" data-end=\"1015\">Este composto \u00e9 especialmente ben\u00e9fico para <strong data-start=\"694\" data-end=\"741\">corredores, lutadores e atletas de rendimento<\/strong> que necessitam de manter a for\u00e7a e a pot\u00eancia m\u00e1ximas sem ganhar peso em excesso. Na comunidade dos culturistas, <strong data-start=\"853\" data-end=\"880\">Propionato de Drostanolona<\/strong> \u00e9 admirado pela sua <strong data-start=\"900\" data-end=\"941\">efeitos diur\u00e9ticos e modeladores do f\u00edsico<\/strong>, ajudando os utilizadores a obter uma apar\u00eancia magra, seca e bem definida em palco.<\/p>\n<hr data-start=\"1017\" data-end=\"1020\" \/>\n<h3 data-start=\"1022\" data-end=\"1080\"><strong data-start=\"1025\" data-end=\"1080\">Especifica\u00e7\u00f5es do Masteron Propionato de Drostanolona em bruto<\/strong><\/h3>\n<ul data-start=\"1082\" data-end=\"1276\">\n<li data-start=\"1082\" data-end=\"1106\">\n<p data-start=\"1084\" data-end=\"1106\"><strong data-start=\"1084\" data-end=\"1095\">ID CAS:<\/strong> 521-12-0<\/p>\n<\/li>\n<li data-start=\"1107\" data-end=\"1128\">\n<p data-start=\"1109\" data-end=\"1128\"><strong data-start=\"1109\" data-end=\"1120\">Pureza:<\/strong> \u2265 99%<\/p>\n<\/li>\n<li data-start=\"1129\" data-end=\"1157\">\n<p data-start=\"1131\" data-end=\"1157\"><strong data-start=\"1131\" data-end=\"1145\">N.\u00ba EINECS<\/strong> 208-303-1<\/p>\n<\/li>\n<li data-start=\"1158\" data-end=\"1193\">\n<p data-start=\"1160\" data-end=\"1193\"><strong data-start=\"1160\" data-end=\"1182\">F\u00f3rmula molecular:<\/strong> C\u2082\u2083H\u2083\u2086O\u2083<\/p>\n<\/li>\n<li data-start=\"1194\" data-end=\"1226\">\n<p data-start=\"1196\" data-end=\"1226\"><strong data-start=\"1196\" data-end=\"1217\">Peso molecular:<\/strong> 360.53<\/p>\n<\/li>\n<li data-start=\"1227\" data-end=\"1276\">\n<p data-start=\"1229\" data-end=\"1276\"><strong data-start=\"1229\" data-end=\"1244\">Apar\u00eancia:<\/strong> P\u00f3 cristalino fino branco<\/p>\n<\/li>\n<\/ul>\n<p data-start=\"1278\" data-end=\"1464\">O nosso <strong data-start=\"1282\" data-end=\"1329\">Masteron Propionato de Drostanolona em p\u00f3<\/strong> \u00e9 de elevada pureza e qualidade farmac\u00eautica - perfeito para investiga\u00e7\u00e3o, formula\u00e7\u00e3o ou prepara\u00e7\u00e3o avan\u00e7ada sob orienta\u00e7\u00e3o especializada.<\/p>\n<hr data-start=\"1466\" data-end=\"1469\" \/>\n<h3 data-start=\"1471\" data-end=\"1502\"><strong data-start=\"1474\" data-end=\"1502\">Principais benef\u00edcios e efeitos<\/strong><\/h3>\n<p data-start=\"1504\" data-end=\"1692\"><strong data-start=\"1504\" data-end=\"1531\">Propionato de Drostanolona<\/strong> aumenta a defini\u00e7\u00e3o e a densidade muscular, criando um aspeto mais n\u00edtido e duro, especialmente em atletas com n\u00edveis de gordura corporal j\u00e1 baixos. Quando utilizado corretamente, pode:<\/p>\n<ul data-start=\"1694\" data-end=\"1919\">\n<li data-start=\"1694\" data-end=\"1742\">\n<p data-start=\"1696\" data-end=\"1742\"><strong data-start=\"1696\" data-end=\"1740\">Aumenta a dureza e a vasculariza\u00e7\u00e3o dos m\u00fasculos<\/strong><\/p>\n<\/li>\n<li data-start=\"1743\" data-end=\"1787\">\n<p data-start=\"1745\" data-end=\"1787\"><strong data-start=\"1745\" data-end=\"1785\">Aumenta a for\u00e7a sem aumentar o volume<\/strong><\/p>\n<\/li>\n<li data-start=\"1788\" data-end=\"1856\">\n<p data-start=\"1790\" data-end=\"1856\"><strong data-start=\"1790\" data-end=\"1854\">Apoia a perda de gordura e previne a degrada\u00e7\u00e3o muscular durante a redu\u00e7\u00e3o de peso<\/strong><\/p>\n<\/li>\n<li data-start=\"1857\" data-end=\"1919\">\n<p data-start=\"1859\" data-end=\"1919\"><strong data-start=\"1859\" data-end=\"1917\">Manter ou melhorar o desempenho em desportos da classe de peso<\/strong><\/p>\n<\/li>\n<\/ul>\n<p data-start=\"1921\" data-end=\"2047\">Estas propriedades tornam <strong data-start=\"1943\" data-end=\"1983\">Masteron Propionato de Drostanolona em bruto<\/strong> um composto de elei\u00e7\u00e3o para os ciclos de corte e as fases pr\u00e9-competitivas.<\/p>\n<hr data-start=\"2049\" data-end=\"2052\" \/>\n<h4 data-start=\"2054\" data-end=\"2087\"><strong data-start=\"2057\" data-end=\"2087\">Ciclos de Masteron para principiantes<\/strong><\/h4>\n<p data-start=\"2089\" data-end=\"2309\">Para novos utilizadores, recomenda-se a inje\u00e7\u00e3o de <strong data-start=\"2131\" data-end=\"2158\">Propionato de Drostanolona<\/strong> <strong data-start=\"2159\" data-end=\"2178\">dia sim, dia n\u00e3o<\/strong> devido \u00e0 sua meia-vida mais curta. Alternativamente, <strong data-start=\"2224\" data-end=\"2250\">Enantato de Drostanolona<\/strong> (a vers\u00e3o de \u00e9ster mais longo) pode ser injetado duas vezes por semana.<\/p>\n<p data-start=\"2311\" data-end=\"2341\"><strong data-start=\"2311\" data-end=\"2339\">Dose semanal sugerida:<\/strong><\/p>\n<ul data-start=\"2342\" data-end=\"2444\">\n<li data-start=\"2342\" data-end=\"2392\">\n<p data-start=\"2344\" data-end=\"2392\"><strong data-start=\"2344\" data-end=\"2368\">Propionato de Masteron:<\/strong> At\u00e9 300 mg por semana<\/p>\n<\/li>\n<li data-start=\"2393\" data-end=\"2444\">\n<p data-start=\"2395\" data-end=\"2444\"><strong data-start=\"2395\" data-end=\"2422\">Enantato de Drostanolona:<\/strong> 400-600 mg por semana<\/p>\n<\/li>\n<\/ul>\n<p data-start=\"2446\" data-end=\"2510\">A dura\u00e7\u00e3o do ciclo n\u00e3o deve exceder <strong data-start=\"2479\" data-end=\"2495\">4 a 6 semanas<\/strong> para principiantes.<\/p>\n<hr data-start=\"2512\" data-end=\"2515\" \/>\n<h3 data-start=\"2517\" data-end=\"2561\"><strong data-start=\"2520\" data-end=\"2561\">Orienta\u00e7\u00f5es de dosagem de propionato de Masteron<\/strong><\/h3>\n<ul data-start=\"2563\" data-end=\"2734\">\n<li data-start=\"2563\" data-end=\"2609\">\n<p data-start=\"2565\" data-end=\"2609\"><strong data-start=\"2565\" data-end=\"2592\">Dose m\u00ednima eficaz:<\/strong> 100 mg por dia<\/p>\n<\/li>\n<li data-start=\"2610\" data-end=\"2665\">\n<p data-start=\"2612\" data-end=\"2665\"><strong data-start=\"2612\" data-end=\"2641\">Intervalo semanal recomendado:<\/strong> At\u00e9 600 mg por semana<\/p>\n<\/li>\n<li data-start=\"2666\" data-end=\"2734\">\n<p data-start=\"2668\" data-end=\"2734\"><strong data-start=\"2668\" data-end=\"2692\">Frequ\u00eancia de inje\u00e7\u00e3o:<\/strong> A cada 2-3 dias (devido \u00e0 semi-vida curta)<\/p>\n<\/li>\n<\/ul>\n<p data-start=\"2736\" data-end=\"2859\">Enquanto <strong data-start=\"2742\" data-end=\"2765\">Propionato de Masteron<\/strong> n\u00e3o \u00e9 tipicamente aconselhado para as mulheres, algumas atletas femininas utilizam doses baixas antes das competi\u00e7\u00f5es.<\/p>\n<ul data-start=\"2860\" data-end=\"2912\">\n<li data-start=\"2860\" data-end=\"2912\">\n<p data-start=\"2862\" data-end=\"2912\"><strong data-start=\"2862\" data-end=\"2888\">Dose feminina sugerida:<\/strong> 100 mg a cada 4-5 dias<\/p>\n<\/li>\n<\/ul>\n<hr data-start=\"2914\" data-end=\"2917\" \/>\n<h4 data-start=\"2919\" data-end=\"2936\"><strong data-start=\"2922\" data-end=\"2936\">Conclus\u00e3o<\/strong><\/h4>\n<p data-start=\"2938\" data-end=\"3324\"><strong data-start=\"2938\" data-end=\"2978\">Masteron Propionato de Drostanolona em bruto<\/strong> continua a ser um dos compostos anab\u00f3licos mais procurados por aqueles que procuram um f\u00edsico magro, seco e pronto para a competi\u00e7\u00e3o. A sua combina\u00e7\u00e3o de <strong data-start=\"3118\" data-end=\"3143\">preserva\u00e7\u00e3o da for\u00e7a<\/strong>, <strong data-start=\"3145\" data-end=\"3165\">endurecimento muscular<\/strong>, e <strong data-start=\"3171\" data-end=\"3199\">efeitos anti-estrog\u00e9nicos<\/strong> torna-o uma escolha fi\u00e1vel tanto para os culturistas profissionais como para os atletas de rendimento durante as fases de corte ou pr\u00e9-concurso.<\/p>","protected":false},"excerpt":{"rendered":"<h2><a href=\"https:\/\/shgotopharm.com\/pt\/product\/raw-drostanolone-propionate-masteron\/\"><strong data-start=\"263\" data-end=\"303\">Masteron Propionato de Drostanolona em bruto<\/strong><\/a><\/h2>\n<p data-start=\"305\" data-end=\"649\"><strong data-start=\"305\" data-end=\"345\">Masteron Propionato de Drostanolona em bruto<\/strong> \u00e9 um esteroide anabolizante de qualidade superior amplamente reconhecido pela sua capacidade de aumentar a dureza, densidade e defini\u00e7\u00e3o muscular<\/p>","protected":false},"featured_media":1773,"comment_status":"open","ping_status":"closed","template":"","meta":[],"product_brand":[],"product_cat":[390],"product_tag":[935,944,934,949,945,788,938,933,790,793,787,932,943,771,939,777,765,769,783,774,778,780,792,791,795,794,785,773,789,770,766,781,772,775,767,786,784,768,779,782,776,931,940,937,948,936,946,947,942,941],"class_list":{"0":"post-1772","1":"product","2":"type-product","3":"status-publish","4":"has-post-thumbnail","6":"product_cat-oral-steroids","7":"product_tag-aas-poland","8":"product_tag-aas-raw-materials-australia","9":"product_tag-aas-raws","10":"product_tag-anabolic-steroid-manufacturer-canada","11":"product_tag-anabolic-steroid-powders-online","12":"product_tag-best-masteron-propionate-powder","13":"product_tag-best-steroid-powder-supplier-usa","14":"product_tag-buy-aas-raws-online","15":"product_tag-buy-masteron-enanthate","16":"product_tag-buy-masteron-enanthate-uk","17":"product_tag-buy-masteron-online","18":"product_tag-buy-raw-steroid-powders-online","19":"product_tag-buy-raw-steroids-china","20":"product_tag-drostanolone-propionate-steroid-side-effects","21":"product_tag-high-purity-anabolic-steroids-canada","22":"product_tag-how-to-use-masteron-propionate","23":"product_tag-masteron-powders-buy-masteron-propionate","24":"product_tag-masteron-propionate-100mg","25":"product_tag-masteron-propionate-brazil","26":"product_tag-masteron-propionate-buy","27":"product_tag-masteron-propionate-canada","28":"product_tag-masteron-propionate-china","29":"product_tag-masteron-propionate-dosage","30":"product_tag-masteron-propionate-factory","31":"product_tag-masteron-propionate-half-life","32":"product_tag-masteron-propionate-manufacturer","33":"product_tag-masteron-propionate-new-zealand","34":"product_tag-masteron-propionate-powder","35":"product_tag-masteron-propionate-recipe","36":"product_tag-masteron-propionate-stack","37":"product_tag-masteron-propionate-supplier","38":"product_tag-masteron-propionate-sweden","39":"product_tag-masteron-propionate-uk","40":"product_tag-masteron-propionate-usa","41":"product_tag-masteron-propionate-vs-enanthate","42":"product_tag-masteron-raw-powder","43":"product_tag-masteron-steroid-benefits","44":"product_tag-masteron-steroid-buy","45":"product_tag-masteron-steroid-dosage","46":"product_tag-masteron-steroid-price-in-india","47":"product_tag-masteron-steroid-profile","48":"product_tag-raw-steroids-for-sale","49":"product_tag-steroid-raw-material-factory-europe","50":"product_tag-steroid-raws-online","51":"product_tag-steroid-raws-supplier-florida","52":"product_tag-supplier-usa","53":"product_tag-testosterone-raw-powder-poland","54":"product_tag-trenbolone-powder-thailand","55":"product_tag-trusted-steroid-raw-supplier-worldwide","56":"product_tag-wholesale-steroid-powders-australia","58":"first","59":"instock","60":"shipping-taxable","61":"product-type-simple"},"_links":{"self":[{"href":"https:\/\/shgotopharm.com\/pt\/wp-json\/wp\/v2\/product\/1772","targetHints":{"allow":["GET"]}}],"collection":[{"href":"https:\/\/shgotopharm.com\/pt\/wp-json\/wp\/v2\/product"}],"about":[{"href":"https:\/\/shgotopharm.com\/pt\/wp-json\/wp\/v2\/types\/product"}],"replies":[{"embeddable":true,"href":"https:\/\/shgotopharm.com\/pt\/wp-json\/wp\/v2\/comments?post=1772"}],"wp:featuredmedia":[{"embeddable":true,"href":"https:\/\/shgotopharm.com\/pt\/wp-json\/wp\/v2\/media\/1773"}],"wp:attachment":[{"href":"https:\/\/shgotopharm.com\/pt\/wp-json\/wp\/v2\/media?parent=1772"}],"wp:term":[{"taxonomy":"product_brand","embeddable":true,"href":"https:\/\/shgotopharm.com\/pt\/wp-json\/wp\/v2\/product_brand?post=1772"},{"taxonomy":"product_cat","embeddable":true,"href":"https:\/\/shgotopharm.com\/pt\/wp-json\/wp\/v2\/product_cat?post=1772"},{"taxonomy":"product_tag","embeddable":true,"href":"https:\/\/shgotopharm.com\/pt\/wp-json\/wp\/v2\/product_tag?post=1772"}],"curies":[{"name":"wp","href":"https:\/\/api.w.org\/{rel}","templated":true}]}}