{"id":1775,"date":"2025-11-05T02:19:07","date_gmt":"2025-11-05T02:19:07","guid":{"rendered":"https:\/\/shgotopharm.com\/?post_type=product&#038;p=1775"},"modified":"2025-11-10T10:04:34","modified_gmt":"2025-11-10T10:04:34","slug":"raw-nandrolone-decanoate","status":"publish","type":"product","link":"https:\/\/shgotopharm.com\/pt\/product\/raw-nandrolone-decanoate\/","title":{"rendered":"Decanoato de nandrolona em bruto (Deca Durabolin)"},"content":{"rendered":"<h2 data-start=\"373\" data-end=\"430\"><a href=\"https:\/\/shgotopharm.com\/pt\/product\/raw-nandrolone-decanoate\/\"><strong data-start=\"376\" data-end=\"430\">Decanoato de nandrolona em bruto (Deca Durabolin)\u00a0<\/strong><\/a><\/h2>\n<p data-start=\"432\" data-end=\"811\"><strong data-start=\"432\" data-end=\"460\">Decanoato de nandrolona em bruto<\/strong>, vulgarmente conhecido pela sua designa\u00e7\u00e3o comercial <strong data-start=\"495\" data-end=\"513\">Deca Durabolin<\/strong>, \u00e9 um dos ester\u00f3ides anabolizantes mais reconhecidos e amplamente utilizados na comunidade dos culturistas e atletas. Conhecido pela sua capacidade de aumentar <strong data-start=\"656\" data-end=\"711\">crescimento muscular, recupera\u00e7\u00e3o das articula\u00e7\u00f5es e for\u00e7a geral<\/strong>, Este composto \u00e9 uma escolha poderosa tanto para atletas profissionais como para entusiastas s\u00e9rios da boa forma f\u00edsica.<\/p>\n<hr data-start=\"813\" data-end=\"816\" \/>\n<h2 data-start=\"818\" data-end=\"869\"><strong data-start=\"821\" data-end=\"869\">Informa\u00e7\u00f5es sobre o produto Decanoato de nandrolona em bruto<\/strong><\/h2>\n<ul data-start=\"871\" data-end=\"1275\">\n<li data-start=\"871\" data-end=\"913\">\n<p data-start=\"873\" data-end=\"913\"><strong data-start=\"873\" data-end=\"890\">Nome do produto:<\/strong> Decanoato de nandrolona<\/p>\n<\/li>\n<li data-start=\"914\" data-end=\"950\">\n<p data-start=\"916\" data-end=\"950\"><strong data-start=\"916\" data-end=\"932\">Outros nomes:<\/strong> Deca, Durabolin<\/p>\n<\/li>\n<li data-start=\"951\" data-end=\"979\">\n<p data-start=\"953\" data-end=\"979\"><strong data-start=\"953\" data-end=\"968\">N\u00famero CAS:<\/strong> 360-70-3<\/p>\n<\/li>\n<li data-start=\"980\" data-end=\"1005\">\n<p data-start=\"982\" data-end=\"1005\"><strong data-start=\"982\" data-end=\"993\">EINECS:<\/strong> 206-639-3<\/p>\n<\/li>\n<li data-start=\"1006\" data-end=\"1041\">\n<p data-start=\"1008\" data-end=\"1041\"><strong data-start=\"1008\" data-end=\"1030\">F\u00f3rmula molecular:<\/strong> C\u2082\u2088H\u2084\u2084O\u2083<\/p>\n<\/li>\n<li data-start=\"1042\" data-end=\"1074\">\n<p data-start=\"1044\" data-end=\"1074\"><strong data-start=\"1044\" data-end=\"1065\">Peso molecular:<\/strong> 428.65<\/p>\n<\/li>\n<li data-start=\"1075\" data-end=\"1102\">\n<p data-start=\"1077\" data-end=\"1102\"><strong data-start=\"1077\" data-end=\"1088\">Pureza:<\/strong> 99% m\u00ednimo<\/p>\n<\/li>\n<li data-start=\"1103\" data-end=\"1147\">\n<p data-start=\"1105\" data-end=\"1147\"><strong data-start=\"1105\" data-end=\"1120\">Apar\u00eancia:<\/strong> P\u00f3 cristalino branco<\/p>\n<\/li>\n<li data-start=\"1148\" data-end=\"1217\">\n<p data-start=\"1150\" data-end=\"1217\"><strong data-start=\"1150\" data-end=\"1164\">Embalagem:<\/strong> Saco de folha de alum\u00ednio de 1 kg (embalagem personalizada dispon\u00edvel)<\/p>\n<\/li>\n<li data-start=\"1218\" data-end=\"1275\">\n<p data-start=\"1220\" data-end=\"1275\"><strong data-start=\"1220\" data-end=\"1230\">Utiliza\u00e7\u00e3o:<\/strong> Material de qualidade farmac\u00eautica e de investiga\u00e7\u00e3o<\/p>\n<\/li>\n<\/ul>\n<hr data-start=\"1277\" data-end=\"1280\" \/>\n<h2 data-start=\"1282\" data-end=\"1315\"><strong data-start=\"1285\" data-end=\"1315\">Descri\u00e7\u00e3o e antecedentes<\/strong><\/h2>\n<p data-start=\"1317\" data-end=\"1584\"><strong data-start=\"1317\" data-end=\"1341\">Decanoato de nandrolona<\/strong>, ou <strong data-start=\"1346\" data-end=\"1364\">Deca Durabolin<\/strong>, \u00e9 um medicamento de a\u00e7\u00e3o prolongada <strong data-start=\"1383\" data-end=\"1420\">esteroide anabolizante-androg\u00e9nico (AAS)<\/strong> derivado da testosterona. Introduzido pela primeira vez na d\u00e9cada de 1960, tornou-se desde ent\u00e3o um elemento b\u00e1sico para os indiv\u00edduos que pretendem <strong data-start=\"1534\" data-end=\"1581\">aumenta o tamanho, a for\u00e7a e a recupera\u00e7\u00e3o dos m\u00fasculos<\/strong>.<\/p>\n<p data-start=\"1586\" data-end=\"1924\">Em termos m\u00e9dicos, <strong data-start=\"1597\" data-end=\"1621\">Decanoato de nandrolona<\/strong> \u00e9 prescrito para tratar <strong data-start=\"1645\" data-end=\"1700\">anemia, osteoporose e doen\u00e7as de desgaste muscular<\/strong>, A vitamina C \u00e9 uma das mais importantes do mundo, ajudando o corpo a reconstruir os tecidos enfraquecidos devido a doen\u00e7as ou les\u00f5es. No desporto e na boa forma, \u00e9 admirada pela sua <strong data-start=\"1825\" data-end=\"1853\">efeitos protectores das articula\u00e7\u00f5es<\/strong> e <strong data-start=\"1858\" data-end=\"1896\">capacidade de aumentar a massa magra<\/strong> sem ganho excessivo de gordura.<\/p>\n<p data-start=\"1926\" data-end=\"2181\">Este composto tem uma <strong data-start=\"1946\" data-end=\"1986\">meia-vida de aproximadamente 6-12 dias<\/strong>, tornando-o ideal para <strong data-start=\"2008\" data-end=\"2035\">ciclos de inje\u00e7\u00e3o semanais<\/strong>. Promove <strong data-start=\"2049\" data-end=\"2071\">reten\u00e7\u00e3o de azoto<\/strong> e <strong data-start=\"2076\" data-end=\"2105\">produ\u00e7\u00e3o de gl\u00f3bulos vermelhos<\/strong>, o que leva a uma maior resist\u00eancia, recupera\u00e7\u00e3o e desempenho atl\u00e9tico geral.<\/p>\n<hr data-start=\"2183\" data-end=\"2186\" \/>\n<h2 data-start=\"2188\" data-end=\"2235\"><strong data-start=\"2191\" data-end=\"2235\">Principais benef\u00edcios do Decanoato de Nandrolona em bruto<\/strong><\/h2>\n<ul data-start=\"2237\" data-end=\"2764\">\n<li data-start=\"2237\" data-end=\"2324\">\n<p data-start=\"2239\" data-end=\"2324\"><strong data-start=\"2239\" data-end=\"2266\">Apoia o crescimento muscular:<\/strong> Aumenta a s\u00edntese proteica e o desenvolvimento dos m\u00fasculos magros.<\/p>\n<\/li>\n<li data-start=\"2325\" data-end=\"2416\">\n<p data-start=\"2327\" data-end=\"2416\"><strong data-start=\"2327\" data-end=\"2361\">Aumenta a for\u00e7a e a resist\u00eancia:<\/strong> Melhora a capacidade de treino e o desempenho desportivo.<\/p>\n<\/li>\n<li data-start=\"2417\" data-end=\"2506\">\n<p data-start=\"2419\" data-end=\"2506\"><strong data-start=\"2419\" data-end=\"2445\">Promove a sa\u00fade das articula\u00e7\u00f5es:<\/strong> Conhecido pelo seu efeito lubrificante e protetor das articula\u00e7\u00f5es.<\/p>\n<\/li>\n<li data-start=\"2507\" data-end=\"2583\">\n<p data-start=\"2509\" data-end=\"2583\"><strong data-start=\"2509\" data-end=\"2544\">Aumenta a contagem de gl\u00f3bulos vermelhos:<\/strong> Aumenta o fornecimento de oxig\u00e9nio aos m\u00fasculos.<\/p>\n<\/li>\n<li data-start=\"2584\" data-end=\"2662\">\n<p data-start=\"2586\" data-end=\"2662\"><strong data-start=\"2586\" data-end=\"2604\">Ajuda \u00e0 recupera\u00e7\u00e3o:<\/strong> Acelera a cicatriza\u00e7\u00e3o de treinos intensos e les\u00f5es.<\/p>\n<\/li>\n<li data-start=\"2663\" data-end=\"2764\">\n<p data-start=\"2665\" data-end=\"2764\"><strong data-start=\"2665\" data-end=\"2701\">Efeitos secund\u00e1rios androg\u00e9nicos m\u00ednimos:<\/strong> Menor risco de queda de cabelo e acne em compara\u00e7\u00e3o com outros ester\u00f3ides.<\/p>\n<\/li>\n<\/ul>\n<p data-start=\"2766\" data-end=\"2971\">Os atletas referem frequentemente <strong data-start=\"2788\" data-end=\"2812\">maior conforto para as articula\u00e7\u00f5es<\/strong> e <strong data-start=\"2817\" data-end=\"2843\">melhoria do tempo de recupera\u00e7\u00e3o<\/strong> ao administrar doses baixas de <strong data-start=\"2870\" data-end=\"2898\">Decanoato de nandrolona em bruto<\/strong>, o que o torna um complemento valioso para regimes terap\u00eauticos e de aumento de volume.<\/p>\n<hr data-start=\"2973\" data-end=\"2976\" \/>\n<h2 data-start=\"2978\" data-end=\"3023\"><strong data-start=\"2981\" data-end=\"3023\">Dosagem sugerida e informa\u00e7\u00f5es sobre o ciclo<\/strong><\/h2>\n<h3 data-start=\"3025\" data-end=\"3056\"><strong data-start=\"3029\" data-end=\"3056\">Para os culturistas (homens):<\/strong><\/h3>\n<ul data-start=\"3057\" data-end=\"3287\">\n<li data-start=\"3057\" data-end=\"3125\">\n<p data-start=\"3059\" data-end=\"3125\"><strong data-start=\"3059\" data-end=\"3089\">Dose semanal recomendada:<\/strong> 1,8-3 mg por libra de peso corporal<\/p>\n<\/li>\n<li data-start=\"3126\" data-end=\"3173\">\n<p data-start=\"3128\" data-end=\"3173\"><strong data-start=\"3128\" data-end=\"3151\">Dosagem terap\u00eautica:<\/strong> 100-200 mg por semana<\/p>\n<\/li>\n<li data-start=\"3174\" data-end=\"3211\">\n<p data-start=\"3176\" data-end=\"3211\"><strong data-start=\"3176\" data-end=\"3201\">Dura\u00e7\u00e3o m\u00ednima do ciclo:<\/strong> 8 semanas<\/p>\n<\/li>\n<li data-start=\"3212\" data-end=\"3248\">\n<p data-start=\"3214\" data-end=\"3248\"><strong data-start=\"3214\" data-end=\"3237\">Dura\u00e7\u00e3o ideal do ciclo:<\/strong> 12 semanas<\/p>\n<\/li>\n<li data-start=\"3249\" data-end=\"3287\">\n<p data-start=\"3251\" data-end=\"3287\"><strong data-start=\"3251\" data-end=\"3276\">Dura\u00e7\u00e3o m\u00e1xima do ciclo:<\/strong> 16 semanas<\/p>\n<\/li>\n<\/ul>\n<h3 data-start=\"3289\" data-end=\"3307\"><strong data-start=\"3293\" data-end=\"3307\">Para mulheres:<\/strong><\/h3>\n<ul data-start=\"3308\" data-end=\"3395\">\n<li data-start=\"3308\" data-end=\"3395\">\n<p data-start=\"3310\" data-end=\"3395\"><strong data-start=\"3310\" data-end=\"3346\">A utiliza\u00e7\u00e3o n\u00e3o \u00e9 geralmente recomendada<\/strong> devido ao potencial de efeitos de viriliza\u00e7\u00e3o.<\/p>\n<\/li>\n<\/ul>\n<hr data-start=\"3397\" data-end=\"3400\" \/>\n<h2 data-start=\"3402\" data-end=\"3445\"><strong data-start=\"3405\" data-end=\"3445\">Porqu\u00ea escolher o Decanoato de Nandrolona em bruto?<\/strong><\/h2>\n<p data-start=\"3447\" data-end=\"3689\">O nosso <strong data-start=\"3451\" data-end=\"3486\">Decanoato de nandrolona em p\u00f3<\/strong> \u00e9 fabricado segundo normas de controlo de qualidade rigorosas, garantindo <strong data-start=\"3552\" data-end=\"3589\">99% pureza e pot\u00eancia consistente<\/strong>. \u00c9 ideal para <strong data-start=\"3607\" data-end=\"3677\">investiga\u00e7\u00e3o, formula\u00e7\u00e3o farmac\u00eautica e composi\u00e7\u00e3o profissional<\/strong> objectivos.<\/p>\n<p data-start=\"3691\" data-end=\"3900\">Quer o seu objetivo seja <strong data-start=\"3715\" data-end=\"3780\">aumentar a for\u00e7a, apoiar a recupera\u00e7\u00e3o ou manter o tecido muscular<\/strong> durante uma fase de corte, <strong data-start=\"3805\" data-end=\"3833\">Decanoato de nandrolona em bruto<\/strong> continua a ser um dos compostos mais fi\u00e1veis e eficazes dispon\u00edveis.<\/p>","protected":false},"excerpt":{"rendered":"<h2 data-start=\"373\" data-end=\"430\"><a href=\"https:\/\/shgotopharm.com\/pt\/product\/raw-nandrolone-decanoate\/\"><strong data-start=\"376\" data-end=\"430\">Decanoato de nandrolona em bruto (Deca Durabolin)\u00a0<\/strong><\/a><\/h2>\n<p data-start=\"432\" data-end=\"811\"><strong data-start=\"432\" data-end=\"460\">Decanoato de nandrolona em bruto<\/strong>, vulgarmente conhecido pela sua designa\u00e7\u00e3o comercial <strong data-start=\"495\" data-end=\"513\">Deca Durabolin<\/strong>,<\/p>","protected":false},"featured_media":1776,"comment_status":"open","ping_status":"closed","template":"","meta":[],"product_brand":[],"product_cat":[796],"product_tag":[935,944,934,949,945,268,938,933,841,805,810,814,843,818,823,828,802,807,838,812,833,816,826,831,830,820,825,835,932,943,799,804,840,845,809,813,817,822,827,832,842,837,847,801,806,811,800,815,819,939,281,808,846,829,824,834,839,844,798,803,836,821,797,931,940,937,948,282,936,946,947,942,941],"class_list":{"0":"post-1775","1":"product","2":"type-product","3":"status-publish","4":"has-post-thumbnail","6":"product_cat-nandrolone","7":"product_tag-aas-poland","8":"product_tag-aas-raw-materials-australia","9":"product_tag-aas-raws","10":"product_tag-anabolic-steroid-manufacturer-canada","11":"product_tag-anabolic-steroid-powders-online","12":"product_tag-anabolic-steroids","13":"product_tag-best-steroid-powder-supplier-usa","14":"product_tag-buy-aas-raws-online","15":"product_tag-buy-anabolic-steroids","16":"product_tag-buy-deca-durabolin","17":"product_tag-buy-deca-durabolin-300-mg","18":"product_tag-buy-deca-durabolin-australia","19":"product_tag-buy-deca-durabolin-canada","20":"product_tag-buy-deca-durabolin-injectable","21":"product_tag-buy-deca-durabolin-injectable-uk","22":"product_tag-buy-deca-durabolin-online","23":"product_tag-buy-deca-durabolin-online-canada","24":"product_tag-buy-deca-durabolin-pills-uk","25":"product_tag-buy-deca-durabolin-polan","26":"product_tag-buy-deca-durabolin-powder","27":"product_tag-buy-deca-durabolin-usa","28":"product_tag-buy-deca-durabolin-with-paypal","29":"product_tag-buy-nandrolone-decanoate","30":"product_tag-buy-nandrolone-decanoate-online","31":"product_tag-buy-nandrolone-decanoate-online-uk","32":"product_tag-buy-nandrolone-decanoate-powder","33":"product_tag-buy-nandrolone-decanoate-thailand","34":"product_tag-buy-nandrolone-decanoate-uk","35":"product_tag-buy-raw-steroid-powders-online","36":"product_tag-buy-raw-steroids-china","37":"product_tag-deca","38":"product_tag-deca-durabolin","39":"product_tag-deca-durabolin-buy","40":"product_tag-deca-durabolin-dosage","41":"product_tag-deca-durabolin-for-sale","42":"product_tag-deca-durabolin-gains","43":"product_tag-deca-durabolin-half-life","44":"product_tag-deca-durabolin-manufacturer","45":"product_tag-deca-durabolin-nandrolone-decanoate-buy","46":"product_tag-deca-durabolin-powder","47":"product_tag-deca-durabolin-powder-conversion","48":"product_tag-deca-durabolin-powder-for-sale","49":"product_tag-deca-durabolin-price","50":"product_tag-deca-durabolin-source","51":"product_tag-deca-durabolin-steroids","52":"product_tag-deca-durabolin-suppliers","53":"product_tag-deca-durabolin-sustanon-dianabol","54":"product_tag-deca-durabolin-wholesale","55":"product_tag-deca-powder","56":"product_tag-high-purity-anabolic-steroids-canada","57":"product_tag-hormone","58":"product_tag-how-to-make-deca-durabolin-from-powder","59":"product_tag-nandrolone-decanoate","60":"product_tag-nandrolone-decanoate-200-mg","61":"product_tag-nandrolone-decanoate-for-sale","62":"product_tag-nandrolone-decanoate-powder","63":"product_tag-nandrolone-decanoate-powder-buy","64":"product_tag-nandrolone-decanoate-powder-price","65":"product_tag-nandrolone-decanoate-price","66":"product_tag-nandrolone-decanoate-raw-powder","67":"product_tag-nandrolone-decanoate-steroid","68":"product_tag-nandrolone-powders-aas","69":"product_tag-nandrolone-raw-powders-buy-deca-durabolin-brazil","70":"product_tag-raw-steroids-for-sale","71":"product_tag-steroid-raw-material-factory-europe","72":"product_tag-steroid-raws-online","73":"product_tag-steroid-raws-supplier-florida","74":"product_tag-steroids","75":"product_tag-supplier-usa","76":"product_tag-testosterone-raw-powder-poland","77":"product_tag-trenbolone-powder-thailand","78":"product_tag-trusted-steroid-raw-supplier-worldwide","79":"product_tag-wholesale-steroid-powders-australia","81":"first","82":"instock","83":"shipping-taxable","84":"product-type-simple"},"_links":{"self":[{"href":"https:\/\/shgotopharm.com\/pt\/wp-json\/wp\/v2\/product\/1775","targetHints":{"allow":["GET"]}}],"collection":[{"href":"https:\/\/shgotopharm.com\/pt\/wp-json\/wp\/v2\/product"}],"about":[{"href":"https:\/\/shgotopharm.com\/pt\/wp-json\/wp\/v2\/types\/product"}],"replies":[{"embeddable":true,"href":"https:\/\/shgotopharm.com\/pt\/wp-json\/wp\/v2\/comments?post=1775"}],"wp:featuredmedia":[{"embeddable":true,"href":"https:\/\/shgotopharm.com\/pt\/wp-json\/wp\/v2\/media\/1776"}],"wp:attachment":[{"href":"https:\/\/shgotopharm.com\/pt\/wp-json\/wp\/v2\/media?parent=1775"}],"wp:term":[{"taxonomy":"product_brand","embeddable":true,"href":"https:\/\/shgotopharm.com\/pt\/wp-json\/wp\/v2\/product_brand?post=1775"},{"taxonomy":"product_cat","embeddable":true,"href":"https:\/\/shgotopharm.com\/pt\/wp-json\/wp\/v2\/product_cat?post=1775"},{"taxonomy":"product_tag","embeddable":true,"href":"https:\/\/shgotopharm.com\/pt\/wp-json\/wp\/v2\/product_tag?post=1775"}],"curies":[{"name":"wp","href":"https:\/\/api.w.org\/{rel}","templated":true}]}}