{"id":1779,"date":"2025-11-05T02:52:50","date_gmt":"2025-11-05T02:52:50","guid":{"rendered":"https:\/\/shgotopharm.com\/?post_type=product&#038;p=1779"},"modified":"2025-11-10T10:04:07","modified_gmt":"2025-11-10T10:04:07","slug":"buy-usp-methandrostenolone-dianabol","status":"publish","type":"product","link":"https:\/\/shgotopharm.com\/pt\/product\/buy-usp-methandrostenolone-dianabol\/","title":{"rendered":"Comprar Methandrostenolone Dianabol em p\u00f3 USP"},"content":{"rendered":"<h2 data-start=\"319\" data-end=\"347\"><a href=\"https:\/\/shgotopharm.com\/pt\/product\/buy-usp-methandrostenolone-dianabol\/\">Comprar Methandrostenolone Dianabol em p\u00f3 USP - SHGOTOPHARM<\/a><\/h2>\n<p data-start=\"349\" data-end=\"754\">Comprar USP Methandrostenolone Dianabol,<strong data-start=\"349\" data-end=\"364\"> SHGOTOPHARM<\/strong> oferece uma qualidade superior <strong data-start=\"386\" data-end=\"428\">USP Methandrostenolone Dianabol (Dbol)<\/strong> - um dos ester\u00f3ides anabolizantes mais potentes e fi\u00e1veis alguma vez desenvolvidos para um r\u00e1pido crescimento muscular e melhoria do desempenho. Conhecido pelas suas propriedades de a\u00e7\u00e3o r\u00e1pida, <strong data-start=\"592\" data-end=\"623\">Methandrostenolone Dianabol<\/strong> proporciona ganhos significativos de for\u00e7a e tamanho, tornando-o a escolha preferida dos culturistas e atletas profissionais de todo o mundo.<\/p>\n<hr data-start=\"756\" data-end=\"759\" \/>\n<h3 data-start=\"761\" data-end=\"807\"><strong data-start=\"765\" data-end=\"807\">O que \u00e9 a Methandrostenolone (Dianabol)?<\/strong><\/h3>\n<p data-start=\"809\" data-end=\"1118\"><strong data-start=\"809\" data-end=\"831\">Metandrostenolona<\/strong>, vulgarmente conhecido por <strong data-start=\"851\" data-end=\"871\">Dianabol ou Dbol<\/strong>, \u00e9 um cl\u00e1ssico <strong data-start=\"886\" data-end=\"911\">esteroide anabolizante oral<\/strong> derivado da testosterona. Foi um dos primeiros ester\u00f3ides sint\u00e9ticos alguma vez produzidos e rapidamente ganhou um estatuto lend\u00e1rio pela sua not\u00e1vel capacidade de promover <strong data-start=\"1070\" data-end=\"1115\">hipertrofia muscular e reten\u00e7\u00e3o de azoto<\/strong>.<\/p>\n<p data-start=\"1120\" data-end=\"1316\">Quando <strong data-start=\"1129\" data-end=\"1185\">comprar USP Methandrostenolone Dianabol de SHGOTOPHARM<\/strong>, est\u00e1 a receber <strong data-start=\"1202\" data-end=\"1234\">qualidade de grau farmac\u00eautico<\/strong> com pureza e consist\u00eancia excepcionais - ideal para investiga\u00e7\u00e3o e utiliza\u00e7\u00e3o em formula\u00e7\u00f5es.<\/p>\n<hr data-start=\"1318\" data-end=\"1321\" \/>\n<h3 data-start=\"1323\" data-end=\"1357\"><strong data-start=\"1327\" data-end=\"1357\">Detalhes qu\u00edmicos e do produto<\/strong><\/h3>\n<ul data-start=\"1359\" data-end=\"1683\">\n<li data-start=\"1359\" data-end=\"1416\">\n<p data-start=\"1361\" data-end=\"1416\"><strong data-start=\"1361\" data-end=\"1378\">Nome do produto:<\/strong> Methandrostenolone (Dianabol, Dbol)<\/p>\n<\/li>\n<li data-start=\"1417\" data-end=\"1444\">\n<p data-start=\"1419\" data-end=\"1444\"><strong data-start=\"1419\" data-end=\"1434\">N\u00famero CAS:<\/strong> 72-63-9<\/p>\n<\/li>\n<li data-start=\"1445\" data-end=\"1480\">\n<p data-start=\"1447\" data-end=\"1480\"><strong data-start=\"1447\" data-end=\"1469\">F\u00f3rmula molecular:<\/strong> C20H28O2<\/p>\n<\/li>\n<li data-start=\"1481\" data-end=\"1513\">\n<p data-start=\"1483\" data-end=\"1513\"><strong data-start=\"1483\" data-end=\"1504\">Peso molecular:<\/strong> 300.44<\/p>\n<\/li>\n<li data-start=\"1514\" data-end=\"1558\">\n<p data-start=\"1516\" data-end=\"1558\"><strong data-start=\"1516\" data-end=\"1531\">Apar\u00eancia:<\/strong> P\u00f3 cristalino branco<\/p>\n<\/li>\n<li data-start=\"1559\" data-end=\"1589\">\n<p data-start=\"1561\" data-end=\"1589\"><strong data-start=\"1561\" data-end=\"1572\">Pureza:<\/strong> \u226599% Grau USP<\/p>\n<\/li>\n<li data-start=\"1590\" data-end=\"1627\">\n<p data-start=\"1592\" data-end=\"1627\"><strong data-start=\"1592\" data-end=\"1604\">Armazenamento:<\/strong> 2-8\u00b0C (Refrigerado)<\/p>\n<\/li>\n<li data-start=\"1628\" data-end=\"1683\">\n<p data-start=\"1630\" data-end=\"1683\"><strong data-start=\"1630\" data-end=\"1644\">Embalagem:<\/strong> 1kg\/saco de folha de alum\u00ednio ou personalizado<\/p>\n<\/li>\n<\/ul>\n<hr data-start=\"1685\" data-end=\"1688\" \/>\n<h3 data-start=\"1690\" data-end=\"1735\"><strong data-start=\"1694\" data-end=\"1735\">Como funciona a Methandrostenolone Dianabol<\/strong><\/h3>\n<p data-start=\"1737\" data-end=\"2054\">O Dianabol actua aumentando <strong data-start=\"1765\" data-end=\"1786\">s\u00edntese proteica<\/strong> e promover <strong data-start=\"1801\" data-end=\"1821\">balan\u00e7o de azoto<\/strong>, ambos cr\u00edticos para o crescimento e repara\u00e7\u00e3o muscular. Tamb\u00e9m aumenta a glicogen\u00f3lise, levando a m\u00fasculos mais cheios e duros. Muitos atletas utilizam <strong data-start=\"1954\" data-end=\"1962\">Dbol<\/strong> para iniciar os seus ciclos de aumento de volume ou fazer a ponte entre ester\u00f3ides inject\u00e1veis para manter os ganhos.<\/p>\n<hr data-start=\"2056\" data-end=\"2059\" \/>\n<h3 data-start=\"2061\" data-end=\"2095\"><strong data-start=\"2065\" data-end=\"2095\">Dosagem e utiliza\u00e7\u00e3o recomendadas<\/strong><\/h3>\n<ul data-start=\"2097\" data-end=\"2351\">\n<li data-start=\"2097\" data-end=\"2137\">\n<p data-start=\"2099\" data-end=\"2137\"><strong data-start=\"2099\" data-end=\"2119\">Dosagem para principiantes:<\/strong> 10-20mg por dia<\/p>\n<\/li>\n<li data-start=\"2138\" data-end=\"2182\">\n<p data-start=\"2140\" data-end=\"2182\"><strong data-start=\"2140\" data-end=\"2164\">Dosagem interm\u00e9dia:<\/strong> 25-40mg por dia<\/p>\n<\/li>\n<li data-start=\"2183\" data-end=\"2223\">\n<p data-start=\"2185\" data-end=\"2223\"><strong data-start=\"2185\" data-end=\"2205\">Dosagem avan\u00e7ada:<\/strong> 40-50mg por dia<\/p>\n<\/li>\n<li data-start=\"2224\" data-end=\"2319\">\n<p data-start=\"2226\" data-end=\"2319\"><strong data-start=\"2226\" data-end=\"2244\">Pilha t\u00edpica:<\/strong> Frequentemente combinado com 500-1000mg\/semana de compostos de testosterona inject\u00e1veis<\/p>\n<\/li>\n<li data-start=\"2320\" data-end=\"2351\">\n<p data-start=\"2322\" data-end=\"2351\"><strong data-start=\"2322\" data-end=\"2339\">Dura\u00e7\u00e3o do ciclo:<\/strong> 4-6 semanas<\/p>\n<\/li>\n<\/ul>\n<p data-start=\"2353\" data-end=\"2394\"><strong data-start=\"2353\" data-end=\"2394\">Apenas para investiga\u00e7\u00e3o e utiliza\u00e7\u00e3o em laborat\u00f3rio.<\/strong><\/p>\n<hr data-start=\"2396\" data-end=\"2399\" \/>\n<h3 data-start=\"2401\" data-end=\"2446\"><strong data-start=\"2405\" data-end=\"2446\">Amostra de Receita Oral - Solu\u00e7\u00e3o 50mg\/ml<\/strong><\/h3>\n<p data-start=\"2448\" data-end=\"2477\"><strong data-start=\"2448\" data-end=\"2475\">Ingredientes (para 20ml):<\/strong><\/p>\n<ul data-start=\"2478\" data-end=\"2592\">\n<li data-start=\"2478\" data-end=\"2510\">\n<p data-start=\"2480\" data-end=\"2510\">1g de Methandrostenolone em p\u00f3<\/p>\n<\/li>\n<li data-start=\"2511\" data-end=\"2592\">\n<p data-start=\"2513\" data-end=\"2592\">19 ml de \u00e1lcool de cereais de 190 proof<br data-start=\"2541\" data-end=\"2544\" \/><strong data-start=\"2544\" data-end=\"2553\">Nota:<\/strong> N\u00e3o \u00e9 necess\u00e1rio PEG (utilizar receita sem PEG).<\/p>\n<\/li>\n<\/ul>\n<hr data-start=\"2594\" data-end=\"2597\" \/>\n<h3 data-start=\"2599\" data-end=\"2654\"><strong data-start=\"2603\" data-end=\"2654\">Principais benef\u00edcios da Methandrostenolone Dianabol USP<\/strong><\/h3>\n<ul data-start=\"2656\" data-end=\"2969\">\n<li data-start=\"2656\" data-end=\"2699\">\n<p data-start=\"2658\" data-end=\"2699\">R\u00e1pido e vis\u00edvel <strong data-start=\"2676\" data-end=\"2697\">ganhos de massa muscular<\/strong><\/p>\n<\/li>\n<li data-start=\"2700\" data-end=\"2739\">\n<p data-start=\"2702\" data-end=\"2739\">Melhorado <strong data-start=\"2711\" data-end=\"2737\">for\u00e7a e resist\u00eancia<\/strong><\/p>\n<\/li>\n<li data-start=\"2740\" data-end=\"2795\">\n<p data-start=\"2742\" data-end=\"2795\">Acelerado <strong data-start=\"2754\" data-end=\"2776\">metabolismo das prote\u00ednas<\/strong> e <strong data-start=\"2781\" data-end=\"2793\">recupera\u00e7\u00e3o<\/strong><\/p>\n<\/li>\n<li data-start=\"2796\" data-end=\"2855\">\n<p data-start=\"2798\" data-end=\"2855\">Preserva\u00e7\u00e3o de <strong data-start=\"2814\" data-end=\"2829\">tecido magro<\/strong> durante um treino intenso<\/p>\n<\/li>\n<li data-start=\"2856\" data-end=\"2912\">\n<p data-start=\"2858\" data-end=\"2912\">Impulsos <strong data-start=\"2865\" data-end=\"2883\">taxa metab\u00f3lica<\/strong> e ajudas <strong data-start=\"2893\" data-end=\"2910\">redu\u00e7\u00e3o de gordura<\/strong><\/p>\n<\/li>\n<li data-start=\"2913\" data-end=\"2969\">\n<p data-start=\"2915\" data-end=\"2969\">Excelente <strong data-start=\"2925\" data-end=\"2948\">composto de arranque<\/strong> para ciclos de aumento de volume<\/p>\n<\/li>\n<\/ul>\n<hr data-start=\"2971\" data-end=\"2974\" \/>\n<h3 data-start=\"2976\" data-end=\"3007\"><strong data-start=\"2980\" data-end=\"3007\">Porqu\u00ea escolher a SHGOTOPHARM?<\/strong><\/h3>\n<p data-start=\"3009\" data-end=\"3360\">Em <strong data-start=\"3012\" data-end=\"3027\">SHGOTOPHARM<\/strong>, Somos especializados em <strong data-start=\"3046\" data-end=\"3081\">p\u00f3s de ester\u00f3ides em bruto de alta pureza<\/strong> fabricados segundo normas rigorosas de controlo de qualidade e de testes laboratoriais. Os nossos <strong data-start=\"3162\" data-end=\"3197\">USP Methandrostenolone Dianabol<\/strong> \u00e9 obtido e produzido com precis\u00e3o para cumprir os requisitos farmac\u00eauticos globais - garantindo que cada lote fornece <strong data-start=\"3312\" data-end=\"3359\">pot\u00eancia, pureza e fiabilidade consistentes<\/strong>.<\/p>\n<p data-start=\"3362\" data-end=\"3537\">Quer seja para investiga\u00e7\u00e3o profissional, formula\u00e7\u00e3o ou desenvolvimento de desempenho avan\u00e7ado, a SHGOTOPHARM continua a ser o seu fornecedor de confian\u00e7a para <strong data-start=\"3493\" data-end=\"3536\">Dianabol e outros anabolizantes em p\u00f3<\/strong>.<\/p>","protected":false},"excerpt":{"rendered":"<h2 data-start=\"319\" data-end=\"347\"><a href=\"https:\/\/shgotopharm.com\/pt\/product\/buy-usp-methandrostenolone-dianabol\/\">Comprar Methandrostenolone Dianabol em p\u00f3 USP - SHGOTOPHARM<\/a><\/h2>\n<p data-start=\"349\" data-end=\"754\">Comprar USP Methandrostenolone Dianabol,<strong data-start=\"349\" data-end=\"364\"> SHGOTOPHARM<\/strong> oferece uma qualidade superior <strong data-start=\"386\" data-end=\"428\">USP Methandrostenolone Dianabol (Dbol)<\/strong><\/p>","protected":false},"featured_media":1780,"comment_status":"open","ping_status":"closed","template":"","meta":[],"product_brand":[],"product_cat":[390],"product_tag":[935,944,934,949,945,938,933,470,493,483,489,509,505,496,502,499,486,504,507,484,932,943,503,500,482,498,506,511,495,501,485,488,492,939,494,481,491,487,508,510,490,479,931,480,940,937,948,936,946,947,942,497,941],"class_list":{"0":"post-1779","1":"product","2":"type-product","3":"status-publish","4":"has-post-thumbnail","6":"product_cat-oral-steroids","7":"product_tag-aas-poland","8":"product_tag-aas-raw-materials-australia","9":"product_tag-aas-raws","10":"product_tag-anabolic-steroid-manufacturer-canada","11":"product_tag-anabolic-steroid-powders-online","12":"product_tag-best-steroid-powder-supplier-usa","13":"product_tag-buy-aas-raws-online","14":"product_tag-buy-dianabol","15":"product_tag-buy-dianabol-in-brazil","16":"product_tag-buy-dianabol-in-canada","17":"product_tag-buy-dianabol-in-europe","18":"product_tag-buy-dianabol-in-france","19":"product_tag-buy-dianabol-in-india","20":"product_tag-buy-dianabol-in-mexico","21":"product_tag-buy-dianabol-in-poland","22":"product_tag-buy-dianabol-in-sweden","23":"product_tag-buy-dianabol-in-switzerland","24":"product_tag-buy-dianabol-in-uk","25":"product_tag-buy-dianabol-in-usa","26":"product_tag-buy-methandrostenolone","27":"product_tag-buy-raw-steroid-powders-online","28":"product_tag-buy-raw-steroids-china","29":"product_tag-dianabol-cutting","30":"product_tag-dianabol-dosage","31":"product_tag-dianabol-pills","32":"product_tag-dianabol-pills-for-sale","33":"product_tag-dianabol-powder","34":"product_tag-dianabol-price","35":"product_tag-dianabol-price-in-dollars","36":"product_tag-dianabol-tablets-10mg","37":"product_tag-dianabol-tablets-amazon","38":"product_tag-dianabol-tablets-online-shopping","39":"product_tag-dianabol-tablets-side-effects","40":"product_tag-high-purity-anabolic-steroids-canada","41":"product_tag-legit-dianabol-source","42":"product_tag-methandrostenolone-buy","43":"product_tag-methandrostenolone-cycle","44":"product_tag-methandrostenolone-dosage","45":"product_tag-methandrostenolone-powder","46":"product_tag-methandrostenolone-price","47":"product_tag-online-dianabol-store","48":"product_tag-oral-steroid-powder","49":"product_tag-raw-steroids-for-sale","50":"product_tag-recent-post-buy-dianabol-in-australia","51":"product_tag-steroid-raw-material-factory-europe","52":"product_tag-steroid-raws-online","53":"product_tag-steroid-raws-supplier-florida","54":"product_tag-supplier-usa","55":"product_tag-testosterone-raw-powder-poland","56":"product_tag-trenbolone-powder-thailand","57":"product_tag-trusted-steroid-raw-supplier-worldwide","58":"product_tag-where-to-buy-dianabol-dianabol-buy","59":"product_tag-wholesale-steroid-powders-australia","61":"first","62":"instock","63":"shipping-taxable","64":"product-type-simple"},"_links":{"self":[{"href":"https:\/\/shgotopharm.com\/pt\/wp-json\/wp\/v2\/product\/1779","targetHints":{"allow":["GET"]}}],"collection":[{"href":"https:\/\/shgotopharm.com\/pt\/wp-json\/wp\/v2\/product"}],"about":[{"href":"https:\/\/shgotopharm.com\/pt\/wp-json\/wp\/v2\/types\/product"}],"replies":[{"embeddable":true,"href":"https:\/\/shgotopharm.com\/pt\/wp-json\/wp\/v2\/comments?post=1779"}],"wp:featuredmedia":[{"embeddable":true,"href":"https:\/\/shgotopharm.com\/pt\/wp-json\/wp\/v2\/media\/1780"}],"wp:attachment":[{"href":"https:\/\/shgotopharm.com\/pt\/wp-json\/wp\/v2\/media?parent=1779"}],"wp:term":[{"taxonomy":"product_brand","embeddable":true,"href":"https:\/\/shgotopharm.com\/pt\/wp-json\/wp\/v2\/product_brand?post=1779"},{"taxonomy":"product_cat","embeddable":true,"href":"https:\/\/shgotopharm.com\/pt\/wp-json\/wp\/v2\/product_cat?post=1779"},{"taxonomy":"product_tag","embeddable":true,"href":"https:\/\/shgotopharm.com\/pt\/wp-json\/wp\/v2\/product_tag?post=1779"}],"curies":[{"name":"wp","href":"https:\/\/api.w.org\/{rel}","templated":true}]}}