{"id":1781,"date":"2025-11-05T03:08:05","date_gmt":"2025-11-05T03:08:05","guid":{"rendered":"https:\/\/shgotopharm.com\/?post_type=product&#038;p=1781"},"modified":"2025-12-13T09:50:43","modified_gmt":"2025-12-13T09:50:43","slug":"buy-oral-turinabol-powder","status":"publish","type":"product","link":"https:\/\/shgotopharm.com\/pt\/product\/buy-oral-turinabol-powder\/","title":{"rendered":"Comprar Turinabol Oral em P\u00f3"},"content":{"rendered":"<h2 data-start=\"1587\" data-end=\"1657\"><a href=\"https:\/\/shgotopharm.com\/pt\/product\/buy-oral-turinabol-powder\/\">Comprar Turinabol Oral em P\u00f3<\/a><\/h2>\n<p data-start=\"1659\" data-end=\"2022\"><strong data-start=\"1659\" data-end=\"1677\">Turinabol oral<\/strong>, tamb\u00e9m conhecido por <strong data-start=\"1693\" data-end=\"1714\">Turinabol ou Tbol<\/strong>, \u00e9 um lend\u00e1rio <strong data-start=\"1731\" data-end=\"1751\">esteroide anabolizante<\/strong> que combina os pontos fortes qu\u00edmicos de <strong data-start=\"1792\" data-end=\"1825\">Metandrostenolona (Dianabol)<\/strong> e <strong data-start=\"1830\" data-end=\"1843\">Clostebol<\/strong>.<br data-start=\"1844\" data-end=\"1847\" \/>Quando <strong data-start=\"1856\" data-end=\"1885\">Comprar Turinabol Oral em P\u00f3<\/strong> de <strong data-start=\"1891\" data-end=\"1906\">SHGOTOPHARM<\/strong>, obt\u00e9m-se <strong data-start=\"1916\" data-end=\"1951\">p\u00f3 bruto de qualidade farmac\u00eautica<\/strong> Concebido para aplica\u00e7\u00f5es de investiga\u00e7\u00e3o e formula\u00e7\u00e3o precisas e fi\u00e1veis.<\/p>\n<p data-start=\"2024\" data-end=\"2248\">Esta estrutura \u00fanica permite <strong data-start=\"2052\" data-end=\"2081\">Turinabol oral em p\u00f3 bruto<\/strong> efeitos anab\u00f3licos potentes com propriedades androg\u00e9nicas muito reduzidas - ideal para quem procura <strong data-start=\"2170\" data-end=\"2201\">crescimento muscular magro e definido<\/strong> sem reten\u00e7\u00e3o de \u00e1gua ou incha\u00e7o excessivo.<\/p>\n<hr data-start=\"2250\" data-end=\"2253\" \/>\n<h3 data-start=\"2255\" data-end=\"2303\">\u2697\ufe0f <strong data-start=\"2262\" data-end=\"2303\">Especifica\u00e7\u00f5es do produto Turinabol oral<\/strong><\/h3>\n<ul data-start=\"2305\" data-end=\"2680\">\n<li data-start=\"2305\" data-end=\"2341\">\n<p data-start=\"2307\" data-end=\"2341\"><strong data-start=\"2307\" data-end=\"2324\">Nome do produto:<\/strong> Turinabol oral<\/p>\n<\/li>\n<li data-start=\"2342\" data-end=\"2398\">\n<p data-start=\"2344\" data-end=\"2398\"><strong data-start=\"2344\" data-end=\"2362\">Nome qu\u00edmico:<\/strong> 4-Clorodehidrometiltestosterona<\/p>\n<\/li>\n<li data-start=\"2399\" data-end=\"2428\">\n<p data-start=\"2401\" data-end=\"2428\"><strong data-start=\"2401\" data-end=\"2416\">N\u00famero CAS:<\/strong> 2446-23-3<\/p>\n<\/li>\n<li data-start=\"2429\" data-end=\"2466\">\n<p data-start=\"2431\" data-end=\"2466\"><strong data-start=\"2431\" data-end=\"2453\">F\u00f3rmula molecular:<\/strong> C20H27ClO2<\/p>\n<\/li>\n<li data-start=\"2467\" data-end=\"2499\">\n<p data-start=\"2469\" data-end=\"2499\"><strong data-start=\"2469\" data-end=\"2490\">Peso molecular:<\/strong> 334.88<\/p>\n<\/li>\n<li data-start=\"2500\" data-end=\"2537\">\n<p data-start=\"2502\" data-end=\"2537\"><strong data-start=\"2502\" data-end=\"2513\">Pureza:<\/strong> \u226599% USP\/Grau farmac\u00eautico<\/p>\n<\/li>\n<li data-start=\"2538\" data-end=\"2582\">\n<p data-start=\"2540\" data-end=\"2582\"><strong data-start=\"2540\" data-end=\"2555\">Apar\u00eancia:<\/strong> P\u00f3 cristalino branco<\/p>\n<\/li>\n<li data-start=\"2583\" data-end=\"2623\">\n<p data-start=\"2585\" data-end=\"2623\"><strong data-start=\"2585\" data-end=\"2597\">Armazenamento:<\/strong> 2-8\u00b0C (local fresco e seco)<\/p>\n<\/li>\n<li data-start=\"2624\" data-end=\"2680\">\n<p data-start=\"2626\" data-end=\"2680\"><strong data-start=\"2626\" data-end=\"2640\">Embalagem:<\/strong> 1 kg\/saco de folha de alum\u00ednio ou conforme necess\u00e1rio<\/p>\n<\/li>\n<\/ul>\n<p data-start=\"2682\" data-end=\"2797\">Cada lote de <strong data-start=\"2697\" data-end=\"2729\">SHGOTOPHARM Turinabol em p\u00f3<\/strong> \u00e9 testado em laborat\u00f3rio para garantir uma consist\u00eancia e pureza inigual\u00e1veis.<\/p>\n<hr data-start=\"2799\" data-end=\"2802\" \/>\n<h3 data-start=\"2804\" data-end=\"2862\"><strong data-start=\"2811\" data-end=\"2862\">Porqu\u00ea comprar Turinabol Oral em P\u00f3 na SHGOTOPHARM?<\/strong><\/h3>\n<ol data-start=\"2864\" data-end=\"3218\">\n<li data-start=\"2864\" data-end=\"2907\">\n<p data-start=\"2867\" data-end=\"2907\"><strong data-start=\"2867\" data-end=\"2883\">Alta pureza:<\/strong> \u226599% verificado por HPLC<\/p>\n<\/li>\n<li data-start=\"2908\" data-end=\"2974\">\n<p data-start=\"2911\" data-end=\"2974\"><strong data-start=\"2911\" data-end=\"2938\">Qualidade farmac\u00eautica:<\/strong> Normas de fabrico de n\u00edvel USP<\/p>\n<\/li>\n<li data-start=\"2975\" data-end=\"3047\">\n<p data-start=\"2978\" data-end=\"3047\"><strong data-start=\"2978\" data-end=\"3001\">Ganhos est\u00e1veis e magros:<\/strong> Aumenta a resist\u00eancia, a dureza e a defini\u00e7\u00e3o<\/p>\n<\/li>\n<li data-start=\"3048\" data-end=\"3116\">\n<p data-start=\"3051\" data-end=\"3116\"><strong data-start=\"3051\" data-end=\"3077\">Baixo impacto estrog\u00e9nico:<\/strong> Reten\u00e7\u00e3o m\u00ednima de \u00e1gua ou incha\u00e7o<\/p>\n<\/li>\n<li data-start=\"3117\" data-end=\"3218\">\n<p data-start=\"3120\" data-end=\"3218\"><strong data-start=\"3120\" data-end=\"3141\">Fornecedor de confian\u00e7a:<\/strong> SHGOTOPHARM \u00e9 um fabricante e exportador profissional de p\u00f3 de ester\u00f3ides em bruto<\/p>\n<\/li>\n<\/ol>\n<p data-start=\"3220\" data-end=\"3410\">Ao optar por <strong data-start=\"3235\" data-end=\"3264\">Comprar Turinabol Oral em P\u00f3<\/strong> da SHGOTOPHARM, os investigadores e especialistas em formula\u00e7\u00f5es t\u00eam acesso a um dos mais fi\u00e1veis <strong data-start=\"3358\" data-end=\"3389\">Ester\u00f3ides anabolizantes Turinabol<\/strong> dispon\u00edvel em todo o mundo.<\/p>\n<hr data-start=\"3412\" data-end=\"3415\" \/>\n<h3 data-start=\"3417\" data-end=\"3452\"><strong data-start=\"3424\" data-end=\"3452\">Como funciona o Turinabol Oral<\/strong><\/h3>\n<p data-start=\"3454\" data-end=\"3773\">Turinabol oral promove <strong data-start=\"3478\" data-end=\"3499\">s\u00edntese proteica<\/strong>, melhora <strong data-start=\"3510\" data-end=\"3530\">balan\u00e7o de azoto<\/strong>, e melhora <strong data-start=\"3545\" data-end=\"3574\">produ\u00e7\u00e3o de gl\u00f3bulos vermelhos<\/strong>, que aceleram a recupera\u00e7\u00e3o muscular e a resist\u00eancia.<br data-start=\"3630\" data-end=\"3633\" \/>Ao contr\u00e1rio dos agentes de volume tradicionais, <strong data-start=\"3668\" data-end=\"3697\">Turinabol oral em p\u00f3 bruto<\/strong> suporta ganhos constantes e de qualidade - ideal para ciclos de corte ou de recomposi\u00e7\u00e3o.<\/p>\n<hr data-start=\"3775\" data-end=\"3778\" \/>\n<h3 data-start=\"3780\" data-end=\"3839\"><strong data-start=\"3787\" data-end=\"3839\">Dosagem recomendada para investiga\u00e7\u00e3o (para utiliza\u00e7\u00e3o em laborat\u00f3rio)<\/strong><\/h3>\n<ul data-start=\"3841\" data-end=\"3925\">\n<li data-start=\"3841\" data-end=\"3866\">\n<p data-start=\"3843\" data-end=\"3866\"><strong data-start=\"3843\" data-end=\"3851\">Homens:<\/strong> 20-50 mg\/dia<\/p>\n<\/li>\n<li data-start=\"3867\" data-end=\"3893\">\n<p data-start=\"3869\" data-end=\"3893\"><strong data-start=\"3869\" data-end=\"3879\">Mulheres:<\/strong> 5-10 mg\/dia<\/p>\n<\/li>\n<li data-start=\"3894\" data-end=\"3925\">\n<p data-start=\"3896\" data-end=\"3925\"><strong data-start=\"3896\" data-end=\"3913\">Dura\u00e7\u00e3o do ciclo:<\/strong> 6-8 semanas<\/p>\n<\/li>\n<\/ul>\n<p data-start=\"3927\" data-end=\"4011\"><em data-start=\"3927\" data-end=\"4011\">(Apenas para uso laboratorial, anal\u00edtico ou de formula\u00e7\u00e3o - n\u00e3o para consumo humano).<\/em><\/p>\n<hr data-start=\"4013\" data-end=\"4016\" \/>\n<h3 data-start=\"4018\" data-end=\"4048\"><strong data-start=\"4025\" data-end=\"4048\">Antecedentes e legado<\/strong><\/h3>\n<p data-start=\"4050\" data-end=\"4445\">Originalmente desenvolvido em 1962 por <strong data-start=\"4082\" data-end=\"4095\">Jenapharm<\/strong> na Alemanha de Leste, <strong data-start=\"4113\" data-end=\"4131\">Turinabol oral<\/strong> rapidamente se tornou famoso pela sua <strong data-start=\"4162\" data-end=\"4185\">perfil de seguran\u00e7a elevado<\/strong> e <strong data-start=\"4190\" data-end=\"4216\">efic\u00e1cia cl\u00ednica<\/strong> na manuten\u00e7\u00e3o da massa muscular e da densidade \u00f3ssea.<br data-start=\"4261\" data-end=\"4264\" \/>A sua combina\u00e7\u00e3o de <strong data-start=\"4283\" data-end=\"4304\">anabolizantes moderados<\/strong> e <strong data-start=\"4309\" data-end=\"4327\">pouco androg\u00e9nico<\/strong> A sua atividade tornou-o adequado tanto para homens como para mulheres em aplica\u00e7\u00f5es m\u00e9dicas, antes de ganhar aten\u00e7\u00e3o para uso desportivo.<\/p>\n<p data-start=\"4447\" data-end=\"4609\">Hoje, <strong data-start=\"4454\" data-end=\"4486\">SHGOTOPHARM Turinabol em p\u00f3<\/strong> continua esse legado de precis\u00e3o e pureza - agora dispon\u00edvel para investiga\u00e7\u00e3o avan\u00e7ada e desenvolvimento de formula\u00e7\u00f5es em todo o mundo.<\/p>\n<hr data-start=\"4611\" data-end=\"4614\" \/>\n<h3 data-start=\"4616\" data-end=\"4664\"><strong data-start=\"4623\" data-end=\"4664\">Principais benef\u00edcios do Turinabol Oral em P\u00f3<\/strong><\/h3>\n<ul data-start=\"4666\" data-end=\"4930\">\n<li data-start=\"4666\" data-end=\"4718\">\n<p data-start=\"4668\" data-end=\"4718\">Promove <strong data-start=\"4677\" data-end=\"4699\">crescimento do m\u00fasculo magro<\/strong> sem incha\u00e7o<\/p>\n<\/li>\n<li data-start=\"4719\" data-end=\"4765\">\n<p data-start=\"4721\" data-end=\"4765\">Melhora <strong data-start=\"4730\" data-end=\"4763\">for\u00e7a, pot\u00eancia e recupera\u00e7\u00e3o<\/strong><\/p>\n<\/li>\n<li data-start=\"4766\" data-end=\"4812\">\n<p data-start=\"4768\" data-end=\"4812\">Apoios <strong data-start=\"4777\" data-end=\"4810\">perda de gordura e reten\u00e7\u00e3o muscular<\/strong><\/p>\n<\/li>\n<li data-start=\"4813\" data-end=\"4871\">\n<p data-start=\"4815\" data-end=\"4871\">Fornece <strong data-start=\"4824\" data-end=\"4869\">resultados de desempenho constantes e consistentes<\/strong><\/p>\n<\/li>\n<li data-start=\"4872\" data-end=\"4930\">\n<p data-start=\"4874\" data-end=\"4930\">Ideal para <strong data-start=\"4884\" data-end=\"4928\">ciclos de investiga\u00e7\u00e3o de corte ou de recomposi\u00e7\u00e3o<\/strong><\/p>\n<\/li>\n<\/ul>\n<hr data-start=\"4932\" data-end=\"4935\" \/>\n<h3 data-start=\"4937\" data-end=\"4970\"><strong data-start=\"4944\" data-end=\"4970\">Porqu\u00ea escolher a SHGOTOPHARM<\/strong><\/h3>\n<p data-start=\"4972\" data-end=\"5310\">Como l\u00edder mundial em <strong data-start=\"4994\" data-end=\"5026\">p\u00f3s de ester\u00f3ides anabolizantes em bruto<\/strong>, <strong data-start=\"5028\" data-end=\"5043\">SHGOTOPHARM<\/strong> garante <strong data-start=\"5052\" data-end=\"5104\">pureza de n\u00edvel farmac\u00eautico, pre\u00e7os competitivos<\/strong>, e <strong data-start=\"5110\" data-end=\"5141\">entrega fi\u00e1vel em todo o mundo<\/strong>.<br data-start=\"5142\" data-end=\"5145\" \/>Quando <strong data-start=\"5154\" data-end=\"5183\">Comprar Turinabol Oral em P\u00f3<\/strong> com a SHGOTOPHARM, est\u00e1 a fazer uma parceria com uma empresa dedicada \u00e0 qualidade, transpar\u00eancia e excel\u00eancia na investiga\u00e7\u00e3o do desempenho.<\/p>","protected":false},"excerpt":{"rendered":"<p>Comprar Turinabol Oral em P\u00f3 da SHGOTOPHARM - 99% p\u00f3 anab\u00f3lico puro em bruto para crescimento muscular magro, for\u00e7a e desempenho. Fornecedor de confian\u00e7a de mat\u00e9rias-primas de Turinabol em todo o mundo.<\/p>","protected":false},"featured_media":1782,"comment_status":"open","ping_status":"closed","template":"","meta":[],"product_brand":[],"product_cat":[390],"product_tag":[874,935,944,934,949,945,938,933,870,932,943,939,871,876,877,931,872,940,937,948,936,946,947,942,873,880,879,882,875,881,878,941],"class_list":{"0":"post-1781","1":"product","2":"type-product","3":"status-publish","4":"has-post-thumbnail","6":"product_cat-oral-steroids","7":"product_tag-4-chlorodehydromethyltestosterone","8":"product_tag-aas-poland","9":"product_tag-aas-raw-materials-australia","10":"product_tag-aas-raws","11":"product_tag-anabolic-steroid-manufacturer-canada","12":"product_tag-anabolic-steroid-powders-online","13":"product_tag-best-steroid-powder-supplier-usa","14":"product_tag-buy-aas-raws-online","15":"product_tag-buy-oral-turinabol-powder-usa","16":"product_tag-buy-raw-steroid-powders-online","17":"product_tag-buy-raw-steroids-china","18":"product_tag-high-purity-anabolic-steroids-canada","19":"product_tag-oral-turinabol-raw-powder","20":"product_tag-oral-turinabol-supplier","21":"product_tag-raw-steroid-powders-for-research","22":"product_tag-raw-steroids-for-sale","23":"product_tag-shgotopharm-turinabol","24":"product_tag-steroid-raw-material-factory-europe","25":"product_tag-steroid-raws-online","26":"product_tag-steroid-raws-supplier-florida","27":"product_tag-supplier-usa","28":"product_tag-testosterone-raw-powder-poland","29":"product_tag-trenbolone-powder-thailand","30":"product_tag-trusted-steroid-raw-supplier-worldwide","31":"product_tag-turinabol-anabolic-steroid","32":"product_tag-turinabol-australia","33":"product_tag-turinabol-canada","34":"product_tag-turinabol-europe","35":"product_tag-turinabol-for-muscle-growth","36":"product_tag-turinabol-uk","37":"product_tag-turinabol-usa","38":"product_tag-wholesale-steroid-powders-australia","40":"first","41":"instock","42":"shipping-taxable","43":"product-type-simple"},"_links":{"self":[{"href":"https:\/\/shgotopharm.com\/pt\/wp-json\/wp\/v2\/product\/1781","targetHints":{"allow":["GET"]}}],"collection":[{"href":"https:\/\/shgotopharm.com\/pt\/wp-json\/wp\/v2\/product"}],"about":[{"href":"https:\/\/shgotopharm.com\/pt\/wp-json\/wp\/v2\/types\/product"}],"replies":[{"embeddable":true,"href":"https:\/\/shgotopharm.com\/pt\/wp-json\/wp\/v2\/comments?post=1781"}],"wp:featuredmedia":[{"embeddable":true,"href":"https:\/\/shgotopharm.com\/pt\/wp-json\/wp\/v2\/media\/1782"}],"wp:attachment":[{"href":"https:\/\/shgotopharm.com\/pt\/wp-json\/wp\/v2\/media?parent=1781"}],"wp:term":[{"taxonomy":"product_brand","embeddable":true,"href":"https:\/\/shgotopharm.com\/pt\/wp-json\/wp\/v2\/product_brand?post=1781"},{"taxonomy":"product_cat","embeddable":true,"href":"https:\/\/shgotopharm.com\/pt\/wp-json\/wp\/v2\/product_cat?post=1781"},{"taxonomy":"product_tag","embeddable":true,"href":"https:\/\/shgotopharm.com\/pt\/wp-json\/wp\/v2\/product_tag?post=1781"}],"curies":[{"name":"wp","href":"https:\/\/api.w.org\/{rel}","templated":true}]}}