{"id":1717,"date":"2025-10-24T12:05:56","date_gmt":"2025-10-24T12:05:56","guid":{"rendered":"https:\/\/shgotopharm.com\/?post_type=product&#038;p=1717"},"modified":"2025-12-13T09:57:47","modified_gmt":"2025-12-13T09:57:47","slug":"buy-testosterone-cypionate-powder","status":"publish","type":"product","link":"https:\/\/shgotopharm.com\/sv\/product\/buy-testosterone-cypionate-powder\/","title":{"rendered":"K\u00f6p Testosteron Cypionate Powder"},"content":{"rendered":"<h2><a href=\"https:\/\/shgotopharm.com\/sv\/product\/buy-testosterone-cypionate-powder\/\">K\u00f6p Testosteron Cypionate Powder<\/a><\/h2>\n<p>K\u00f6p Testosteron Cypionate Powder \u00e4r en testosteronbaserad steroid som rutinm\u00e4ssigt ordineras av l\u00e4kare till m\u00e4n som inte har utvecklat sina sekund\u00e4ra manliga egenskaper och v\u00e4ljer testosteroners\u00e4ttningsterapi. Detta derivat av testosteron rekommenderas ocks\u00e5 f\u00f6r reversering av vissa infertilitetskomplikationer, om de har varit ett resultat av l\u00e5gt testosteron i kroppen.<\/p>\n<h4>K\u00f6p Testosteron Cypionate Powder Specifikationer<\/h4>\n<p>Produktnamn: Testosteroncypionat<br \/>\nCAS:58-20-8<br \/>\nEINECS: 200-368-4<br \/>\nRenhet: 99%<br \/>\nMolekyl\u00e4r formel: C27H40O3<br \/>\nMolekylvikt: 412,61<br \/>\nMolekyl\u00e4r struktur:<br \/>\nF\u00f6rpackning: foliep\u00e5se eller burk.<br \/>\nKarakt\u00e4r: vitt eller benvitt kristallint pulver.<br \/>\nAnv\u00e4ndning: Farmaceutiskt material, Steroidhormon, Anabolic. Som ett manligt hormon och ett anabolt hormon.<br \/>\nEffektiv dos (m\u00e4n): 300-2000 mg + vecka<br \/>\nEffektiv dos (kvinnor): Rekommenderas ej<br \/>\nAktiv livsl\u00e4ngd: 15-16 dagar<br \/>\nDetektionstid: 3 m\u00e5nader<br \/>\nAnabolt\/androgent f\u00f6rh\u00e5llande:100\/100.<\/p>\n<h4>F\u00f6rdelar med att anv\u00e4nda Testosteron Cypionate<\/h4>\n<p>En av de st\u00f6rsta f\u00f6rdelarna med testosteroncypionat \u00e4r att det \u00f6kar antalet r\u00f6da blodkroppar i kroppen, vilket leder till en v\u00e4ndning av biverkningarna i samband med anemi eller l\u00e5gt antal r\u00f6da blodkroppar.<\/p>\n<p>Molekylvikten f\u00f6r testosteroncypionat \u00e4r 132.1184 g \/ mol vid basen, och den har ett anabolt \/ androgent f\u00f6rh\u00e5llande p\u00e5 100:100, vilket inneb\u00e4r att detta derivat av testosteron \u00e4r lika anabolt som androgent.<\/p>\n<p>Den anabola steroiden \u00e4r ocks\u00e5 beundrad f\u00f6r att fr\u00e4mja niv\u00e5erna av kv\u00e4veretention och proteinsyntes, f\u00f6rutom att underl\u00e4tta en \u00f6kning av niv\u00e5n av IGF-1, vilket \u00e4r viktigt f\u00f6r fullst\u00e4ndig tillv\u00e4xt och utveckling av h\u00f6gkvalitativa muskler. F\u00f6rutom alla dessa f\u00f6rdelar \u00e4r testosteronf\u00f6reningen ocks\u00e5 anv\u00e4ndbar f\u00f6r att l\u00e4ka \u00e4rr genom att fr\u00e4mja aktiviteten hos satellitceller som reparerar kroppens skadade muskler.<\/p>\n<p>Steroiden har f\u00f6rm\u00e5gan att \u00f6ka b\u00e5de styrka och storlek i betydande utstr\u00e4ckning, vilket ytterligare fr\u00e4mjar mager v\u00e4vnad och \u00e4mnesoms\u00e4ttning. Denna mycket potenta steroid \u00e4r ocks\u00e5 effektiv f\u00f6r att minska m\u00e4ngden fett i kroppen och f\u00f6rhindra musklerna fr\u00e5n muskelavfallshormoner.<\/p>\n<p>Professionella idrottsm\u00e4n beundrar cypionatversionen av testosteron \u00f6ver andra prestationsh\u00f6jande l\u00e4kemedel eftersom det f\u00f6rb\u00e4ttrar aggressionsniv\u00e5n och prestandan p\u00e5 kort tid, vilket l\u00e4tt kan g\u00f6ra en stor skillnad n\u00e4r idrottsm\u00e4n m\u00e5ste tr\u00e4na h\u00e5rt de senaste dagarna f\u00f6re en t\u00e4vlingsevenemang.<\/p>\n<h4>Standarddosering av testosteroncypionat<\/h4>\n<p>Standarddoseringen av testosteron cypionate \u00e4r 300-800 mg per vecka f\u00f6r m\u00e4n (6-8 veckor). Anv\u00e4ndare av den anabola steroiden kan f\u00f6rv\u00e4nta sig en betydande vinst n\u00e4r det g\u00e4ller muskelmassa, muskeldefinition, kroppsstyrka, uth\u00e5llighet och prestanda under en cykel. Testosteron cypionate kan uppt\u00e4ckas f\u00f6r en tid av tv\u00e5 till tre m\u00e5nader och har en aktiv liv av n\u00e4stan 15-16 dagar.<\/p>\n<h4>K\u00f6p Testosteron Cypionate Powder | SKGOTOPHARM<\/h4>\n<p>Det \u00e4r ofta staplade med Dianabol, Primobolan, Equipoise, och Clenbuterol. Hj\u00e4lpmedel l\u00e4kemedel s\u00e5som Nolvadex, Clomid, Arimidex, Femara, eller Aromasin b\u00f6r h\u00e5llas (som en del av post-cykel terapi) praktiskt som anv\u00e4ndning av detta testosteron derivat kan leda till \u00f6strogener, vilket resulterar i fet hud, akne, och gynekomasti. Det \u00e4r viktigt att notera att anv\u00e4ndare av testosteron cypionat b\u00f6r b\u00f6rja post-cykel terapi tre veckor f\u00f6re den sista cypionat injektion, eftersom steroid \u00e4r en l\u00e5ng-ester-baserade testosteron.<\/p>\n<p>Testosteron Cypionate Powder till salu, K\u00f6p Testosteron Cypionate Steroid Powder China, Testosteron Cypionate Powder Manufacturer, Testosteron Cypionate steroidpulverleverant\u00f6rer; K\u00f6p Legit Steroidpulver Kina Leverant\u00f6r, h\u00f6gkvalitativa steroidpulver till salu legit hormon steroidpulver leverant\u00f6rer Kina<\/p>\n<p>&nbsp;<\/p>","protected":false},"excerpt":{"rendered":"<h2><a href=\"https:\/\/shgotopharm.com\/sv\/product\/buy-testosterone-cypionate-powder\/\">K\u00f6p Testosteron Cypionate Powder<\/a><\/h2>\n<p>K\u00f6p Testosteron Cypionate Powder \u00e4r en testosteronbaserad steroid som rutinm\u00e4ssigt ordineras av l\u00e4kare till m\u00e4n<\/p>","protected":false},"featured_media":1718,"comment_status":"open","ping_status":"closed","template":"","meta":[],"product_brand":[],"product_cat":[213],"product_tag":[935,944,934,949,945,938,933,932,943,247,246,222,261,249,250,248,245,939,931,243,940,937,948,244,936,258,266,251,254,260,256,257,264,259,262,221,223,263,224,255,252,265,253,946,947,942,941],"class_list":{"0":"post-1717","1":"product","2":"type-product","3":"status-publish","4":"has-post-thumbnail","6":"product_cat-testosterone","7":"product_tag-aas-poland","8":"product_tag-aas-raw-materials-australia","9":"product_tag-aas-raws","10":"product_tag-anabolic-steroid-manufacturer-canada","11":"product_tag-anabolic-steroid-powders-online","12":"product_tag-best-steroid-powder-supplier-usa","13":"product_tag-buy-aas-raws-online","14":"product_tag-buy-raw-steroid-powders-online","15":"product_tag-buy-raw-steroids-china","16":"product_tag-buy-testosterone-australia","17":"product_tag-buy-testosterone-canada","18":"product_tag-buy-testosterone-cypionate-steroid-powder-china","19":"product_tag-buy-testosterone-cypionate-usa","20":"product_tag-buy-testosterone-europe","21":"product_tag-buy-testosterone-mexico","22":"product_tag-buy-testosterone-uk","23":"product_tag-buy-testosterone-usa","24":"product_tag-high-purity-anabolic-steroids-canada","25":"product_tag-raw-steroids-for-sale","26":"product_tag-raw-steroids-powders","27":"product_tag-steroid-raw-material-factory-europe","28":"product_tag-steroid-raws-online","29":"product_tag-steroid-raws-supplier-florida","30":"product_tag-steroids-australia","31":"product_tag-supplier-usa","32":"product_tag-test-cypionate-vs-enanthate","33":"product_tag-testosterone-cypionate-300-mg-dosage","34":"product_tag-testosterone-cypionate-australia","35":"product_tag-testosterone-cypionate-canada","36":"product_tag-testosterone-cypionate-china","37":"product_tag-testosterone-cypionate-crystallize","38":"product_tag-testosterone-cypionate-dosage","39":"product_tag-testosterone-cypionate-half-life","40":"product_tag-testosterone-cypionate-manufacturer","41":"product_tag-testosterone-cypionate-online-store","42":"product_tag-testosterone-cypionate-powder-for-sale","43":"product_tag-testosterone-cypionate-powder-manufacturer","44":"product_tag-testosterone-cypionate-price-uk","45":"product_tag-testosterone-cypionate-steroid-powder-suppliers-buy-legit-steroid-p","46":"product_tag-testosterone-cypionate-supplier","47":"product_tag-testosterone-cypionate-usa","48":"product_tag-testosterone-cypionate-vs-steroids","49":"product_tag-testosterone-powders","50":"product_tag-testosterone-raw-powder-poland","51":"product_tag-trenbolone-powder-thailand","52":"product_tag-trusted-steroid-raw-supplier-worldwide","53":"product_tag-wholesale-steroid-powders-australia","55":"first","56":"instock","57":"shipping-taxable","58":"product-type-simple"},"_links":{"self":[{"href":"https:\/\/shgotopharm.com\/sv\/wp-json\/wp\/v2\/product\/1717","targetHints":{"allow":["GET"]}}],"collection":[{"href":"https:\/\/shgotopharm.com\/sv\/wp-json\/wp\/v2\/product"}],"about":[{"href":"https:\/\/shgotopharm.com\/sv\/wp-json\/wp\/v2\/types\/product"}],"replies":[{"embeddable":true,"href":"https:\/\/shgotopharm.com\/sv\/wp-json\/wp\/v2\/comments?post=1717"}],"wp:featuredmedia":[{"embeddable":true,"href":"https:\/\/shgotopharm.com\/sv\/wp-json\/wp\/v2\/media\/1718"}],"wp:attachment":[{"href":"https:\/\/shgotopharm.com\/sv\/wp-json\/wp\/v2\/media?parent=1717"}],"wp:term":[{"taxonomy":"product_brand","embeddable":true,"href":"https:\/\/shgotopharm.com\/sv\/wp-json\/wp\/v2\/product_brand?post=1717"},{"taxonomy":"product_cat","embeddable":true,"href":"https:\/\/shgotopharm.com\/sv\/wp-json\/wp\/v2\/product_cat?post=1717"},{"taxonomy":"product_tag","embeddable":true,"href":"https:\/\/shgotopharm.com\/sv\/wp-json\/wp\/v2\/product_tag?post=1717"}],"curies":[{"name":"wp","href":"https:\/\/api.w.org\/{rel}","templated":true}]}}