{"id":1722,"date":"2025-10-24T13:09:16","date_gmt":"2025-10-24T13:09:16","guid":{"rendered":"https:\/\/shgotopharm.com\/?post_type=product&#038;p=1722"},"modified":"2025-10-24T13:17:25","modified_gmt":"2025-10-24T13:17:25","slug":"ra-testosteron-baspulver","status":"publish","type":"product","link":"https:\/\/shgotopharm.com\/sv\/product\/raw-testosterone-base-powder\/","title":{"rendered":"R\u00e5 testosteronbaspulver 99%"},"content":{"rendered":"<p data-rm-block-id=\"block-1\"><a href=\"https:\/\/shgotopharm.com\/sv\/product\/ra-testosteron-baspulver\/\">R\u00e5 testosteronbaspulver<\/a> \u00e4r en injicerbar steroid som inneh\u00e5ller testosteron med ingen ester kopplad till den. Det \u00e4r rent testosteron och har ingen ester f\u00e4st, och d\u00e4rmed ingen ester cis ber\u00e4knas i vikten. D\u00e4r 100 mg av en testosteronester \u00e4r lika med 100 mg minus vikten av estern, inneh\u00e5ller 100 mg testosteronbas en faktisk 100 mg av steroiden. Mycket potent och mycket kraftfull.<\/p>\n<h3 data-rm-block-id=\"block-2\">R\u00e5 testosteronbaspulver \/ Specifikationer<\/h3>\n<p data-rm-block-id=\"block-3\">Kemiskt namn: 4-Androsten-17\u03b2-ol-3-on<br \/>\nSynonymer:17beta-Hydroxyandrost-4-en-3-one<br \/>\nCAS: 58-22-0<br \/>\nEINECS: 200-370-5<br \/>\nAnalys: 99% min.<br \/>\nMolekyl\u00e4r formel: C19H28O2<br \/>\nF\u00f6rpackning: foliep\u00e5se eller burk.<br \/>\nUtseende: vitt eller benvitt kristallint pulver<br \/>\nAnv\u00e4ndning: Farmaceutiskt material, Steroidhormon, Anabolin. F\u00f6r sjukdomsfri testosteroners\u00e4ttningsterapi, manlig klimakteriet, impotens och andra sjukdomar behandling.<\/p>\n<h3 data-rm-block-id=\"block-4\">F\u00f6rdelar med att k\u00f6pa testosteronbas fr\u00e5n SKGOTOPHARM<\/h3>\n<p data-rm-block-id=\"block-5\">\u00c4ven om det \u00e4r en ganska r\u00e5 f\u00f6rening, \u00e4r det utan tvekan mycket, mycket effektiv. Testosteron Bas \u00e4r det vanligaste anabola hormonet som det finns och anses ocks\u00e5 vara den mest grundl\u00e4ggande. P\u00e5 grund av detta anser kroppsbyggare ofta att det \u00e4r bassteroiden till de flesta alla cykler. Testosteron Base \u00e4r b\u00e5de anabola och androgena i naturen. Anv\u00e4ndare av denna steroid kommer att m\u00e4rka en dramatisk vinst i muskelstorlek och styrka, liksom en \u00f6vergripande k\u00e4nsla av v\u00e4lbefinnande och en \u00f6kning av libido och sexlust.<\/p>\n<p data-rm-block-id=\"block-6\">Testosteron Base aromatizes mycket l\u00e4tt och d\u00e4rf\u00f6r \u00f6strogen uppbyggnad och biverkningar kan bli ett problem f\u00f6r anv\u00e4ndare som \u00e4r k\u00e4nsliga f\u00f6r dessa problem eller de som v\u00e4ljer att anv\u00e4nda en h\u00f6g dos av denna f\u00f6rening. D\u00e4rf\u00f6r, n\u00e4r du anv\u00e4nder Testosteron Base, kroppsbyggare v\u00e4ljer ofta i inf\u00f6rliva en anti-\u00f6strogen s\u00e5som Anastrozol, Proviron, eller Tamoxifen f\u00f6r att hj\u00e4lpa till att h\u00e5lla \u00f6strogenrelaterade biverkningar till ett minimum. Extremt k\u00e4nsliga anv\u00e4ndare, eller anv\u00e4ndare som anv\u00e4nder mycket h\u00f6ga doser (800-1200) kan finna att starkare anti-\u00f6strogener s\u00e5som Letrozole eller Exemestane \u00e4r mer l\u00e4mpliga.<\/p>\n<h3 data-rm-block-id=\"block-7\">Hur r\u00e5 testosteronbaspulver reagerar med kroppen<\/h3>\n<p data-rm-block-id=\"block-8\">Androgena biverkningar, s\u00e5som fet hud, \u00e4r ocks\u00e5 m\u00f6jligt n\u00e4r du tar Testosteron Base. Kroppsbyggare som vill bulk upp, ofta stack Testosteron Base med andra steroider s\u00e5som Deca 250 och \/ eller Boldenone 200. Den manliga kroppsbyggare dosering av denna steroid skulle typiskt vara i 400-1200 mg per vecka intervall och cykel varaktighet skulle vara fr\u00e5n 8-20 veckor, beroende p\u00e5 kurs, e p\u00e5 m\u00e5len f\u00f6r idrottaren. Kvinnor ser vanligtvis \u00f6nskv\u00e4rda resultat fr\u00e5n doser p\u00e5 50-100 mg per vecka. R\u00e5 testosteron baspulver<\/p>\n<h3 data-rm-block-id=\"block-9\">Anv\u00e4ndningar av r\u00e5 testosteronbaspulver<\/h3>\n<p data-rm-block-id=\"block-10\">Den mest popul\u00e4ra praxis med testosteron bas \u00e4r att injicera l\u00e4kemedlet varje dag. Doseringen kommer att variera kraftigt beroende p\u00e5 individens behov, men \u00e4r oftast i intervallet 50mg till 100mg per skott. I de flesta fall kommer resultaten att bli fantastiska. \u00c4ven om vissa anv\u00e4ndare kommer att klaga p\u00e5 obehag vid injektion av vattenbaserade steroider, \u00e4r basen vanligtvis v\u00e4l tolererad.<\/p>\n<p data-rm-block-id=\"block-11\">Som man kan f\u00f6rv\u00e4nta sig med en stark androgen, kan basen producera ett antal obehagliga biverkningar. Som med alla testosteron produkt, kommer det att finnas en h\u00f6g grad av \u00f6strogen omvandling. \u00d6strogenniv\u00e5er, i sj\u00e4lva verket, bygger mycket snabbt med testosteronbas, vilket f\u00f6rmodligen \u00e4r det v\u00e4rsta testosteronet att anv\u00e4nda n\u00e4r man vill undvika vattenuppbl\u00e5sning. R\u00e5 testosteron baspulver<\/p>\n<h3 data-rm-block-id=\"block-12\">R\u00e5 testosteronbaspulverberedningar<\/h3>\n<p data-rm-block-id=\"block-13\">Gynekomasti kan ocks\u00e5 utvecklas mycket snabbt under en cykel, och i m\u00e5nga fall kommer detta l\u00e4kemedel att vara outh\u00e4rdligt utan att dessutom ta en anti-\u00f6strogen. En kombination av Nolvadex och Proviron \u00e4r ett effektivt s\u00e4tt att undvika att uppleva s\u00e5dana biverkningar och tas ofta fr\u00e5n b\u00f6rjan av en cykel f\u00f6r att f\u00f6rhindra s\u00e5dana h\u00e4ndelser innan de blir ett problem. K\u00e4nsliga individer kan tycka att en investering i anti-aromatas Arimidex, Femara eller Aromasin \u00e4r klokare.<\/p>\n<p data-rm-block-id=\"block-14\">Dessa anti-aromatasl\u00e4kemedel \u00e4r mycket mer effektiva f\u00f6r att kontrollera \u00f6strogen. Det \u00e4r ocks\u00e5 viktigt att idrottaren \u00f6vervakar blodtryck och njurfunktioner noggrant under en tung cykel, eftersom vattenretention blir mer uttalad. R\u00e5 testosteron baspulver<\/p>\n<p data-rm-block-id=\"block-15\">Legit Steroid Powder Source i Kina. K\u00f6p Raw Testosterone Base Steroid Powder Online Kina rent testosteronpulver till salu.<\/p>","protected":false},"excerpt":{"rendered":"<p><a href=\"https:\/\/shgotopharm.com\/sv\/product\/ra-testosteron-baspulver\/\">R\u00e5 testosteronbaspulver<\/a> \u00e4r en injicerbar steroid som inneh\u00e5ller testosteron utan n\u00e5gon ester kopplad till den<\/p>","protected":false},"featured_media":1723,"comment_status":"open","ping_status":"closed","template":"","meta":[],"product_brand":[],"product_cat":[213],"product_tag":[247,246,249,250,248,245,243,227,226,244,239,241,236,230,234,238,242,228,232,229,231,240,235,233,237,225],"class_list":{"0":"post-1722","1":"product","2":"type-product","3":"status-publish","4":"has-post-thumbnail","6":"product_cat-testosterone","7":"product_tag-buy-testosterone-australia","8":"product_tag-buy-testosterone-canada","9":"product_tag-buy-testosterone-europe","10":"product_tag-buy-testosterone-mexico","11":"product_tag-buy-testosterone-uk","12":"product_tag-buy-testosterone-usa","13":"product_tag-raw-steroids-powders","14":"product_tag-raw-testosterone-acetate-usa","15":"product_tag-recent-post-buy-testosterone-acetate","16":"product_tag-steroids-australia","17":"product_tag-test-ace-half-life","18":"product_tag-test-ace-steroid","19":"product_tag-testosterone-acetate-benefits","20":"product_tag-testosterone-acetate-china","21":"product_tag-testosterone-acetate-cycle","22":"product_tag-testosterone-acetate-dosage","23":"product_tag-testosterone-acetate-for-sale","24":"product_tag-testosterone-acetate-manufacturer-china","25":"product_tag-testosterone-acetate-powder","26":"product_tag-testosterone-acetate-powder-store","27":"product_tag-testosterone-acetate-price-australia","28":"product_tag-testosterone-acetate-supplier","29":"product_tag-testosterone-acetate-uses","30":"product_tag-testosterone-acetate-vs-enanthate","31":"product_tag-testosterone-acetate-vs-propionate","32":"product_tag-testosterone-powders-uk","34":"first","35":"instock","36":"shipping-taxable","37":"product-type-simple"},"_links":{"self":[{"href":"https:\/\/shgotopharm.com\/sv\/wp-json\/wp\/v2\/product\/1722","targetHints":{"allow":["GET"]}}],"collection":[{"href":"https:\/\/shgotopharm.com\/sv\/wp-json\/wp\/v2\/product"}],"about":[{"href":"https:\/\/shgotopharm.com\/sv\/wp-json\/wp\/v2\/types\/product"}],"replies":[{"embeddable":true,"href":"https:\/\/shgotopharm.com\/sv\/wp-json\/wp\/v2\/comments?post=1722"}],"wp:featuredmedia":[{"embeddable":true,"href":"https:\/\/shgotopharm.com\/sv\/wp-json\/wp\/v2\/media\/1723"}],"wp:attachment":[{"href":"https:\/\/shgotopharm.com\/sv\/wp-json\/wp\/v2\/media?parent=1722"}],"wp:term":[{"taxonomy":"product_brand","embeddable":true,"href":"https:\/\/shgotopharm.com\/sv\/wp-json\/wp\/v2\/product_brand?post=1722"},{"taxonomy":"product_cat","embeddable":true,"href":"https:\/\/shgotopharm.com\/sv\/wp-json\/wp\/v2\/product_cat?post=1722"},{"taxonomy":"product_tag","embeddable":true,"href":"https:\/\/shgotopharm.com\/sv\/wp-json\/wp\/v2\/product_tag?post=1722"}],"curies":[{"name":"wp","href":"https:\/\/api.w.org\/{rel}","templated":true}]}}