{"id":1731,"date":"2025-10-25T04:52:08","date_gmt":"2025-10-25T04:52:08","guid":{"rendered":"https:\/\/shgotopharm.com\/?post_type=product&#038;p=1731"},"modified":"2025-12-13T09:58:16","modified_gmt":"2025-12-13T09:58:16","slug":"kopa-testosteron-sustanon-250-pulver","status":"publish","type":"product","link":"https:\/\/shgotopharm.com\/sv\/product\/buy-testosterone-sustanon-250-powder\/","title":{"rendered":"K\u00f6p testosteron Sustanon 250 pulver"},"content":{"rendered":"<p data-rm-block-id=\"block-1\">N\u00e4r du k\u00f6per <a href=\"https:\/\/shgotopharm.com\/sv\/product\/testosterone-sustanon-250-powder\/\">Testosteron Sustanon 250 Pulver<\/a>, v\u00e4ljer du en v\u00e4lk\u00e4nd testosteronblandning som \u00e4r utformad f\u00f6r att kombinera f\u00f6rdelarna med kort- och l\u00e5ngverkande estrar. Denna formulering, som ursprungligen utvecklades av Organon, s\u00e4kerst\u00e4ller stabila testosteronniv\u00e5er med f\u00e4rre injektioner, vilket ger snabba resultat och l\u00e5ngvariga effekter. Det \u00e4r en f\u00f6rstklassig l\u00f6sning f\u00f6r testosteroners\u00e4ttningsterapi (TRT), och SHGOTOPHARM \u00e4r det b\u00e4sta st\u00e4llet att k\u00f6pa Testosteron Sustanon 250 Pulver.<br \/>\nGenom att integrera fyra olika testosteronestrar - propionat, fenylpropionat, isokaproat och dekanoat - minimerar Sustanon 250 topparna och dalarna hos testosteron med en enda ester, vilket skapar en balanserad fris\u00e4ttningsprofil som \u00e4r idealisk f\u00f6r medicinska och prestationsh\u00f6jande \u00e4ndam\u00e5l.<br \/>\nF\u00f6rdelning av Sustanon 250 Esters:<\/p>\n<h3 data-rm-block-id=\"block-2\">\nSammans\u00e4ttning av Testosteron Sustanon 250 Pulver:<\/h3>\n<p data-rm-block-id=\"block-3\">Testosteron propionat: 30g<br \/>\nTestosteron fenylpropionat: 60 g<br \/>\nTestosteron Isocaproate: 60 g<br \/>\nTestosterondekanoat: 100 g<br \/>\nRenhet: 98,6%<br \/>\nUtseende: Fint vitt pulver<br \/>\nF\u00f6rh\u00e5llande: 3:6:6:10<br \/>\nLeveranskapacitet: 500 kg\/m\u00e5nad<\/p>\n<p data-rm-block-id=\"block-4\">\n<p data-rm-block-id=\"block-5\">Testosteronpropionat (30 mg): En snabbverkande ester med en halveringstid p\u00e5 3,5 dagar, perfekt f\u00f6r snabba resultat. Dess korta varaktighet minskar aromatisering, idealisk f\u00f6r kortare cykler (8 veckor eller mindre).<br \/>\nTestosteron fenylpropionat (60 mg): Med en 4,5 dagars halveringstid, uppr\u00e4tth\u00e5ller denna ester testosteronniv\u00e5erna som Propionate avtar.<br \/>\nTestosteron Isocaproate (60 mg): En ester i mellanklassen med en halveringstid p\u00e5 9 dagar, vilket s\u00e4kerst\u00e4ller en smidig \u00f6verg\u00e5ng till mer l\u00e5ngverkande komponenter.<br \/>\nTestosterondekanoat (100 mg): Den l\u00e4ngsta estern, med en 15-dagars halveringstid, ger l\u00e5ngvarig testosteronfris\u00e4ttning f\u00f6r l\u00e5ngvariga effekter.<\/p>\n<p data-rm-block-id=\"block-6\">Sustanon 250 pulverrecept:<\/p>\n<p data-rm-block-id=\"block-7\">250 mg\/ml @ 100 ml:<\/p>\n<p data-rm-block-id=\"block-8\">25 g Sustanon-pulver (18,75 ml)<br \/>\n2% Bensylalkohol (2ml)<br \/>\n20% Bensylbensoat (20ml)<br \/>\n59,25 ml druvk\u00e4rnolja<\/p>\n<p data-rm-block-id=\"block-9\">\n300mg\/ml @ 100ml:<\/p>\n<p data-rm-block-id=\"block-10\">30 g Sustanon-pulver (22,5 ml)<br \/>\n2% Bensylalkohol (2ml)<br \/>\n20% Bensylbensoat (20ml)<br \/>\n55,5 ml druvk\u00e4rneolja<\/p>\n<p data-rm-block-id=\"block-11\">\n400mg\/ml @ 100ml:<\/p>\n<p data-rm-block-id=\"block-12\">40 g Sustanon-pulver (30 ml)<br \/>\n2% Bensylalkohol (2ml)<br \/>\n20% Bensylbensoat (20ml)<br \/>\n48 ml druvk\u00e4rnolja<\/p>\n<p data-rm-block-id=\"block-13\">\n<p data-rm-block-id=\"block-14\">Varf\u00f6r Sustanon 250 utm\u00e4rker sig:<\/p>\n<p>N\u00e4r du k\u00f6per Testosteron Sustanon 250 pulver f\u00e5r du en synergistisk blandning av estrar som ger en stadig testosteronfris\u00e4ttning. Det kortverkande propionatet ger en omedelbar boost, fenylpropionat och isokaproat uppr\u00e4tth\u00e5ller niv\u00e5erna och dekanoat s\u00e4kerst\u00e4ller l\u00e5ngvariga effekter. Detta g\u00f6r det till ett f\u00f6rstahandsval f\u00f6r TRT och prestationsf\u00f6rb\u00e4ttring, exklusivt tillg\u00e4ngligt via SHGOTOPHARM.<\/p>\n<h3 data-rm-block-id=\"block-15\">\nF\u00f6rdelar med prestanda:<\/h3>\n<p data-rm-block-id=\"block-16\">Bulking: Med tillr\u00e4ckliga kalorier fr\u00e4mjar Sustanon 250 betydande magra muskelvinster och styrke\u00f6kningar, med minskad fettansamling p\u00e5 grund av testosterons metaboliska f\u00f6rdelar.<br \/>\nNedsk\u00e4rning: Under kaloriunderskott bevarar den muskelmassan och \u00f6kar fettf\u00f6rbr\u00e4nningen f\u00f6r en smalare kropp.<br \/>\n\u00d6vergripande f\u00f6rb\u00e4ttring: \u00d6kar uth\u00e5lligheten, p\u00e5skyndar \u00e5terh\u00e4mtningen och f\u00f6rb\u00e4ttrar den atletiska prestationen, vilket g\u00f6r det till ett m\u00e5ngsidigt alternativ f\u00f6r alla m\u00e5l.<\/p>\n<h3 data-rm-block-id=\"block-17\">Dosering och administrering av testosteron Sustanon 250 pulver:<\/h3>\n<p data-rm-block-id=\"block-18\">\nTypiska doser str\u00e4cker sig fr\u00e5n 250 mg till 1 500 mg per vecka, med 500-750 mg som vanligast. Injektioner var tredje dag maximerar propionatesterns f\u00f6rdelar, \u00e4ven om veckoinjektioner fungerar bra f\u00f6r de flesta anv\u00e4ndare.<\/p>\n<h3 data-rm-block-id=\"block-19\">\nVarf\u00f6r k\u00f6pa testosteron Sustanon 250 pulver fr\u00e5n SHGOTOPHARM?<\/h3>\n<p data-rm-block-id=\"block-20\">Kommer fr\u00e5n en betrodd l\u00e4kemedelstillverkare.<br \/>\nCertifierad enligt GMP- och ISO9001-standarder.<br \/>\nGaranterad renhet p\u00e5 \u00f6ver 98%.<br \/>\nP\u00e5litlig leverans genom en dedikerad logistikpartner.<br \/>\nMinimibest\u00e4llning p\u00e5 10 g, med inrikes leverans f\u00f6r best\u00e4llningar \u00f6ver 1 kg.<br \/>\nFlexibla betalningsalternativ: T\/T, Western Union, MoneyGram, Bitcoin.<\/p>\n<p data-rm-block-id=\"block-21\">SHGOTOPHARM \u00e4r det b\u00e4sta st\u00e4llet att k\u00f6pa Testosteron Sustanon 250 Pulver, som erbjuder en kraftfull testosteronblandning med o\u00f6vertr\u00e4ffad m\u00e5ngsidighet f\u00f6r TRT och prestationsm\u00e5l. Dess noggrant konstruerade esterkombination s\u00e4kerst\u00e4ller konsekventa resultat, vilket g\u00f6r den till en favorit bland idrottare och kroppsbyggare \u00f6ver hela v\u00e4rlden. Lita p\u00e5 SHGOTOPHARM f\u00f6r Sustanon 250 av h\u00f6gsta kvalitet p\u00e5 marknaden.<\/p>","protected":false},"excerpt":{"rendered":"<p>N\u00e4r du k\u00f6per <a href=\"https:\/\/shgotopharm.com\/sv\/product\/testosterone-sustanon-250-powder\/\">Testosteron Sustanon 250 Pulver<\/a>, v\u00e4ljer du en v\u00e4lrenommerad testosteronblandning som \u00e4r utformad f\u00f6r att kombinera f\u00f6rdelarna med kort- och l\u00e5ngverkande estrar<\/p>","protected":false},"featured_media":1732,"comment_status":"open","ping_status":"closed","template":"","meta":[],"product_brand":[],"product_cat":[213],"product_tag":[935,944,934,949,945,268,938,933,932,943,269,270,271,272,273,274,275,276,277,278,279,280,939,281,931,940,937,948,282,936,283,284,285,286,287,288,289,290,291,292,293,294,295,296,297,298,299,300,301,302,303,304,305,306,267,946,307,308,309,310,311,312,313,314,315,947,942,941],"class_list":{"0":"post-1731","1":"product","2":"type-product","3":"status-publish","4":"has-post-thumbnail","6":"product_cat-testosterone","7":"product_tag-aas-poland","8":"product_tag-aas-raw-materials-australia","9":"product_tag-aas-raws","10":"product_tag-anabolic-steroid-manufacturer-canada","11":"product_tag-anabolic-steroid-powders-online","12":"product_tag-anabolic-steroids","13":"product_tag-best-steroid-powder-supplier-usa","14":"product_tag-buy-aas-raws-online","15":"product_tag-buy-raw-steroid-powders-online","16":"product_tag-buy-raw-steroids-china","17":"product_tag-buy-sustanon","18":"product_tag-buy-sustanon-250","19":"product_tag-buy-sustanon-250-australia","20":"product_tag-buy-sustanon-250-canada","21":"product_tag-buy-sustanon-250-cycle","22":"product_tag-buy-sustanon-250-injectable-online","23":"product_tag-buy-sustanon-250-online-with-credit-card","24":"product_tag-buy-sustanon-250-uk","25":"product_tag-buy-sustanon-350","26":"product_tag-buy-sustanon-500","27":"product_tag-buy-sustanon-powder","28":"product_tag-buy-sustanon-steroid","29":"product_tag-high-purity-anabolic-steroids-canada","30":"product_tag-hormone","31":"product_tag-raw-steroids-for-sale","32":"product_tag-steroid-raw-material-factory-europe","33":"product_tag-steroid-raws-online","34":"product_tag-steroid-raws-supplier-florida","35":"product_tag-steroids","36":"product_tag-supplier-usa","37":"product_tag-sustanon","38":"product_tag-sustanon-250","39":"product_tag-sustanon-250-cycle","40":"product_tag-sustanon-250-oral","41":"product_tag-sustanon-250-powder","42":"product_tag-sustanon-250-powder-recipe","43":"product_tag-sustanon-250-price","44":"product_tag-sustanon-250-price-in-mexico","45":"product_tag-sustanon-300","46":"product_tag-sustanon-350","47":"product_tag-sustanon-buy","48":"product_tag-sustanon-dosage","49":"product_tag-sustanon-for-sale","50":"product_tag-sustanon-manufacturer","51":"product_tag-sustanon-powder","52":"product_tag-sustanon-powder-conversion","53":"product_tag-sustanon-powder-price","54":"product_tag-sustanon-powder-recipes","55":"product_tag-sustanon-price","56":"product_tag-sustanon-raw-powder","57":"product_tag-sustanon-source","58":"product_tag-sustanon-steroids","59":"product_tag-sustanon-suppliers","60":"product_tag-sustanon-wholesale","61":"product_tag-testosterone-powders-aas","62":"product_tag-testosterone-raw-powder-poland","63":"product_tag-testosterone-sustanon","64":"product_tag-testosterone-sustanon-250","65":"product_tag-testosterone-sustanon-250-for-sale","66":"product_tag-testosterone-sustanon-250-price","67":"product_tag-testosterone-sustanon-250-side-effects","68":"product_tag-testosterone-sustanon-250-stack","69":"product_tag-testosterone-sustanon-300-mg","70":"product_tag-testosterone-sustanon-400-mg","71":"product_tag-testosterone-sustanon-500","72":"product_tag-trenbolone-powder-thailand","73":"product_tag-trusted-steroid-raw-supplier-worldwide","74":"product_tag-wholesale-steroid-powders-australia","76":"first","77":"instock","78":"shipping-taxable","79":"product-type-simple"},"_links":{"self":[{"href":"https:\/\/shgotopharm.com\/sv\/wp-json\/wp\/v2\/product\/1731","targetHints":{"allow":["GET"]}}],"collection":[{"href":"https:\/\/shgotopharm.com\/sv\/wp-json\/wp\/v2\/product"}],"about":[{"href":"https:\/\/shgotopharm.com\/sv\/wp-json\/wp\/v2\/types\/product"}],"replies":[{"embeddable":true,"href":"https:\/\/shgotopharm.com\/sv\/wp-json\/wp\/v2\/comments?post=1731"}],"wp:featuredmedia":[{"embeddable":true,"href":"https:\/\/shgotopharm.com\/sv\/wp-json\/wp\/v2\/media\/1732"}],"wp:attachment":[{"href":"https:\/\/shgotopharm.com\/sv\/wp-json\/wp\/v2\/media?parent=1731"}],"wp:term":[{"taxonomy":"product_brand","embeddable":true,"href":"https:\/\/shgotopharm.com\/sv\/wp-json\/wp\/v2\/product_brand?post=1731"},{"taxonomy":"product_cat","embeddable":true,"href":"https:\/\/shgotopharm.com\/sv\/wp-json\/wp\/v2\/product_cat?post=1731"},{"taxonomy":"product_tag","embeddable":true,"href":"https:\/\/shgotopharm.com\/sv\/wp-json\/wp\/v2\/product_tag?post=1731"}],"curies":[{"name":"wp","href":"https:\/\/api.w.org\/{rel}","templated":true}]}}