{"id":1733,"date":"2025-10-25T05:14:10","date_gmt":"2025-10-25T05:14:10","guid":{"rendered":"https:\/\/shgotopharm.com\/?post_type=product&#038;p=1733"},"modified":"2025-11-10T10:07:26","modified_gmt":"2025-11-10T10:07:26","slug":"raw-testosterone-propionate-powder","status":"publish","type":"product","link":"https:\/\/shgotopharm.com\/sv\/product\/raw-testosterone-propionate-powder\/","title":{"rendered":"R\u00e5 testosteron propionatpulver"},"content":{"rendered":"<h3>K\u00f6p r\u00e5 testosteron propionatpulver: Premiumkvalitet fr\u00e5n SHGOTOPHARM<\/h3>\n<p>N\u00e4r du k\u00f6per <a href=\"https:\/\/shgotopharm.com\/sv\/product\/raw-testosterone-propionate-powder\/\">R\u00e5 testosteron propionatpulver<\/a> fr\u00e5n SHGOTOPHARM v\u00e4ljer du en av de mest p\u00e5litliga och effektiva testosteronprodukterna som finns tillg\u00e4ngliga. K\u00e4nd f\u00f6r sin snabbverkande natur p\u00e5 grund av propionatestern, ger denna f\u00f6rening snabba resultat men kr\u00e4ver frekventa injektioner p\u00e5 grund av sin korta halveringstid. Idrottare injicerar ofta dagligen eller varannan dag f\u00f6r att uppr\u00e4tth\u00e5lla stabila blodniv\u00e5er, vilket g\u00f6r det till ett val f\u00f6r prestationsf\u00f6rb\u00e4ttring.<\/p>\n<h3>Viktiga egenskaper hos r\u00e5 testosteronpropionatpulver:<\/h3>\n<p>Raw Testosterone Propionate Powder \u00e4r en ren, syntetisk replika av det naturligt producerade manliga hormonet testosteron, bundet till propionatestern. Denna lilla, kortverkande ester kontrollerar hormonets fris\u00e4ttning, f\u00f6rhindrar snabb spridning och m\u00f6jligg\u00f6r mindre frekventa injektioner j\u00e4mf\u00f6rt med esterfritt testosteron. Med en halveringstid p\u00e5 cirka 4,5 dagar \u00e4r det betydligt mer l\u00e5ngvarigt \u00e4n obundet testosteron (2-4 timmar), vilket garanterar stadiga effekter.<\/p>\n<p>Vissa anv\u00e4ndare rapporterar att Raw Testosterone Propionate Powder orsakar mindre vattenretention j\u00e4mf\u00f6rt med andra testosteronformer, vilket g\u00f6r det till ett f\u00f6redraget alternativ f\u00f6r dem som s\u00f6ker smalare vinster. Medan det \u00e4r mycket effektivt kan en liten delm\u00e4ngd av anv\u00e4ndarna uppleva k\u00e4nslighet, vilket ofta kan hanteras genom att byta till alternativa f\u00f6reningar.<br \/>\nTerapeutiska och prestationsm\u00e4ssiga anv\u00e4ndningsomr\u00e5den:<\/p>\n<p>Ut\u00f6ver prestanda har Raw Testosterone Propionate Powder anv\u00e4nts terapeutiskt f\u00f6r att behandla tillst\u00e5nd som menopausala symtom, kronisk cystisk mastit, \u00f6verdriven laktation och endometrios. Medan det en g\u00e5ng var ett vanligt val f\u00f6r kvinnliga medicinska behandlingar, anv\u00e4nds det nu fr\u00e4mst i manlig TRT i USA och f\u00f6rblir popul\u00e4r globalt, \u00e4ven om Cypionate och Enanthate dominerar i m\u00e5nga regioner.<\/p>\n<h3>Mekanism och f\u00f6rdelar:<\/h3>\n<p>Propionatesteren i Raw Testosterone Propionate Powder f\u00f6rb\u00e4ttrar fettl\u00f6sligheten, vilket m\u00f6jligg\u00f6r en l\u00e5ngsam fris\u00e4ttning fr\u00e5n injektionsst\u00e4llet. N\u00e4r de injiceras separerar enzymer gradvis estern och frig\u00f6r testosteron f\u00f6r att fr\u00e4mja kv\u00e4veretention, muskeltillv\u00e4xt och \u00f6kade IGF-1-niv\u00e5er, vilket st\u00f6der tillv\u00e4xt och metabolism. Detta g\u00f6r den idealisk f\u00f6r att bygga muskelmassa, \u00f6ka styrkan och f\u00f6rb\u00e4ttra \u00e5terh\u00e4mtningen.<\/p>\n<h3>Dosering och cykelrekommendationer:<\/h3>\n<p>TRT-planer: Standarddoser varierar fr\u00e5n 25-50 mg, injiceras 2-3 g\u00e5nger per vecka. F\u00f6r optimal stabilitet rekommenderas injektioner varannan dag p\u00e5 grund av den korta halveringstiden.<br \/>\nF\u00f6rb\u00e4ttring av prestanda: Doser b\u00f6rjar vanligtvis med 100 mg varannan dag (350 mg \/ vecka i genomsnitt), tolereras v\u00e4l av de flesta friska m\u00e4n. Cyklerna varar i allm\u00e4nhet 8-12 veckor, med hardcore-cykler som str\u00e4cker sig till 16 veckor, ofta \u00f6verg\u00e5r fr\u00e5n l\u00e4ngre estrar.<br \/>\nInjektionsst\u00e4llen: Kan injiceras i vilken stor muskel som helst, t.ex. skinkan, axeln eller triceps.<\/p>\n<h3>Analyscertifikat (COA):<\/h3>\n<p>Produkt: Testosteronpropionat<br \/>\nBatchnummer: MC160525<br \/>\nKvantitet: 5 kg<br \/>\nMFG Datum: 25 maj 2016<br \/>\nSista giltighetsdag: 22 maj 2019<br \/>\nStandard: USP28<br \/>\nUtseende: Vitt eller benvitt kristallint pulver (\u00f6verensst\u00e4mmer)<br \/>\nSpecifik rotation: +83\u00b0 till +90\u00b0 (+87,2\u00b0)<br \/>\nF\u00f6rlust vid torkning: \u22640,50% (0,30%)<br \/>\nAnalys: 97,0-103,0% (99,2%)<br \/>\nSlutsats: \u00d6verensst\u00e4mmer med USP28-standarderna<\/p>\n<p>R\u00e5 testosteron propionatpulverrecept:<\/p>\n<p>100mg\/ml @ 100ml:<\/p>\n<p>10 g Testosteronpropionatpulver (7,5 ml)<br \/>\n2ml BA (2%)<br \/>\n20 ml BB (20%)<br \/>\n70,5 ml olja<\/p>\n<p>150 mg\/ml @ 100 ml:<\/p>\n<p>15 g testosteronpropionatpulver (11,25 ml)<br \/>\n2ml BA (2%)<br \/>\n30 ml BB (30%)<br \/>\n56,75 ml olja<\/p>\n<p>200mg\/ml @ 100ml:<\/p>\n<p>20 g Testosteronpropionatpulver (15 ml)<br \/>\n2ml BA (2%)<br \/>\n20 ml BB (20%)<br \/>\n50,4 ml EO<br \/>\n12,6 ml olja<\/p>\n<p>&nbsp;<\/p>\n<h3>Varf\u00f6r k\u00f6pa r\u00e5 testosteronpropionatpulver fr\u00e5n SHGOTOPHARM?<\/h3>\n<p>H\u00f6g kvalitet: Kommer fr\u00e5n en betrodd l\u00e4kemedelstillverkare, certifierad av GMP och ISO9001, med \u00f6ver 98% renhet.<br \/>\nSnabb leverans: Produkter i lager skickas samma dag som betalningen tas emot, med tillf\u00f6rlitliga expressalternativ (FedEx, UPS, DHL, EMS, TNT, HKEMS) eller flygfrakt.<\/p>\n<p>Kundsupport: 24\/7 service efter f\u00f6rs\u00e4ljning f\u00f6r att snabbt ta itu med eventuella fr\u00e5gor.<br \/>\nFlexibel best\u00e4llning: Minimibest\u00e4llning p\u00e5 10 g, med inrikes leverans f\u00f6r best\u00e4llningar \u00f6ver 1 kg. Konkurrenskraftiga priser och rabatter f\u00f6r bulkbest\u00e4llningar.<br \/>\nS\u00e4kra betalningar: Alternativen inkluderar T\/T, Western Union, MoneyGram och Bitcoin.<\/p>\n<p>SHGOTOPHARM \u00e4r det b\u00e4sta st\u00e4llet att k\u00f6pa Raw Testosterone Propionate Powder och erbjuder en premiumprodukt som idrottare och kroppsbyggare \u00f6ver hela v\u00e4rlden litar p\u00e5. Dess snabbverkande natur och m\u00e5ngsidiga applikationer g\u00f6r det till ett toppval f\u00f6r TRT och prestationsm\u00e5l. V\u00e4lj SHGOTOPHARM f\u00f6r o\u00f6vertr\u00e4ffad kvalitet och service<\/p>","protected":false},"excerpt":{"rendered":"<h3>K\u00f6p r\u00e5 testosteron propionatpulver: Premiumkvalitet fr\u00e5n SHGOTOPHARM<\/h3>\n<p>N\u00e4r du k\u00f6per Raw <a href=\"https:\/\/shgotopharm.com\/sv\/product\/raw-testosterone-propionate-powder\/\">Testosteron<\/a> Propionatpulver fr\u00e5n SHGOTOPHARM, v\u00e4ljer du en av de mest p\u00e5litliga och effektiva testosteronprodukterna som finns tillg\u00e4ngliga<\/p>","protected":false},"featured_media":1734,"comment_status":"open","ping_status":"closed","template":"","meta":[],"product_brand":[],"product_cat":[213],"product_tag":[935,944,934,949,945,268,938,933,932,943,316,317,318,319,320,321,322,323,324,325,326,327,328,329,330,939,281,931,940,937,948,282,936,331,332,333,334,335,336,337,338,339,340,267,341,342,343,344,345,346,347,348,349,350,351,352,353,354,355,946,947,942,941],"class_list":{"0":"post-1733","1":"product","2":"type-product","3":"status-publish","4":"has-post-thumbnail","6":"product_cat-testosterone","7":"product_tag-aas-poland","8":"product_tag-aas-raw-materials-australia","9":"product_tag-aas-raws","10":"product_tag-anabolic-steroid-manufacturer-canada","11":"product_tag-anabolic-steroid-powders-online","12":"product_tag-anabolic-steroids","13":"product_tag-best-steroid-powder-supplier-usa","14":"product_tag-buy-aas-raws-online","15":"product_tag-buy-raw-steroid-powders-online","16":"product_tag-buy-raw-steroids-china","17":"product_tag-buy-test-prop-100","18":"product_tag-buy-test-prop-australia","19":"product_tag-buy-test-prop-canada","20":"product_tag-buy-test-prop-online","21":"product_tag-buy-test-prop-online-uk","22":"product_tag-buy-test-prop-powder","23":"product_tag-buy-test-prop-uk","24":"product_tag-buy-test-propionate","25":"product_tag-buy-test-propionate-uk","26":"product_tag-buy-testosterone-propionate","27":"product_tag-buy-testosterone-propionate-in-usa","28":"product_tag-buy-testosterone-propionate-online","29":"product_tag-buy-testosterone-propionate-online-india","30":"product_tag-buy-testosterone-propionate-powder","31":"product_tag-buy-testosterone-propionate-uk","32":"product_tag-high-purity-anabolic-steroids-canada","33":"product_tag-hormone","34":"product_tag-raw-steroids-for-sale","35":"product_tag-steroid-raw-material-factory-europe","36":"product_tag-steroid-raws-online","37":"product_tag-steroid-raws-supplier-florida","38":"product_tag-steroids","39":"product_tag-supplier-usa","40":"product_tag-test-prop","41":"product_tag-test-prop-powder","42":"product_tag-test-prop-powder-conversion","43":"product_tag-test-prop-powder-for-sale","44":"product_tag-test-prop-powder-recipe","45":"product_tag-test-propionate","46":"product_tag-test-propionate-100","47":"product_tag-test-propionate-for-sale","48":"product_tag-test-propionate-powder","49":"product_tag-test-propionate-vs-test-enanthate","50":"product_tag-testosterone-powders-aas","51":"product_tag-testosterone-propionate","52":"product_tag-testosterone-propionate-buy","53":"product_tag-testosterone-propionate-buy-india","54":"product_tag-testosterone-propionate-cycle","55":"product_tag-testosterone-propionate-for-sale","56":"product_tag-testosterone-propionate-manufacturer","57":"product_tag-testosterone-propionate-powder","58":"product_tag-testosterone-propionate-powder-conversion","59":"product_tag-testosterone-propionate-powder-sale","60":"product_tag-testosterone-propionate-price","61":"product_tag-testosterone-propionate-source","62":"product_tag-testosterone-propionate-steroids","63":"product_tag-testosterone-propionate-suppliers","64":"product_tag-testosterone-propionate-vs-cypionate","65":"product_tag-testosterone-propionate-wholesale","66":"product_tag-testosterone-raw-powder-poland","67":"product_tag-trenbolone-powder-thailand","68":"product_tag-trusted-steroid-raw-supplier-worldwide","69":"product_tag-wholesale-steroid-powders-australia","71":"first","72":"instock","73":"shipping-taxable","74":"product-type-simple"},"_links":{"self":[{"href":"https:\/\/shgotopharm.com\/sv\/wp-json\/wp\/v2\/product\/1733","targetHints":{"allow":["GET"]}}],"collection":[{"href":"https:\/\/shgotopharm.com\/sv\/wp-json\/wp\/v2\/product"}],"about":[{"href":"https:\/\/shgotopharm.com\/sv\/wp-json\/wp\/v2\/types\/product"}],"replies":[{"embeddable":true,"href":"https:\/\/shgotopharm.com\/sv\/wp-json\/wp\/v2\/comments?post=1733"}],"wp:featuredmedia":[{"embeddable":true,"href":"https:\/\/shgotopharm.com\/sv\/wp-json\/wp\/v2\/media\/1734"}],"wp:attachment":[{"href":"https:\/\/shgotopharm.com\/sv\/wp-json\/wp\/v2\/media?parent=1733"}],"wp:term":[{"taxonomy":"product_brand","embeddable":true,"href":"https:\/\/shgotopharm.com\/sv\/wp-json\/wp\/v2\/product_brand?post=1733"},{"taxonomy":"product_cat","embeddable":true,"href":"https:\/\/shgotopharm.com\/sv\/wp-json\/wp\/v2\/product_cat?post=1733"},{"taxonomy":"product_tag","embeddable":true,"href":"https:\/\/shgotopharm.com\/sv\/wp-json\/wp\/v2\/product_tag?post=1733"}],"curies":[{"name":"wp","href":"https:\/\/api.w.org\/{rel}","templated":true}]}}