{"id":1737,"date":"2025-10-25T05:51:41","date_gmt":"2025-10-25T05:51:41","guid":{"rendered":"https:\/\/shgotopharm.com\/?post_type=product&#038;p=1737"},"modified":"2025-11-10T10:07:04","modified_gmt":"2025-11-10T10:07:04","slug":"raw-testosterone-phenylpropionate","status":"publish","type":"product","link":"https:\/\/shgotopharm.com\/sv\/product\/raw-testosterone-phenylpropionate\/","title":{"rendered":"R\u00e5 testosteron fenylpropionat"},"content":{"rendered":"<h2><a href=\"https:\/\/shgotopharm.com\/sv\/product\/raw-testosterone-phenylpropionate\/\">K\u00f6p Raw Testosterone Phenylpropionate Powder | \u00d6versikt \u00f6ver Raw Testosterone Phenylpropionate Powder:<\/a><\/h2>\n<p>N\u00e4r du k\u00f6per Raw Testosterone Phenylpropionate Powder fr\u00e5n SHGOTOPHARM v\u00e4ljer du en h\u00f6gkvalitativ testosteronbaserad steroid som \u00e4r k\u00e4nd f\u00f6r sina unika egenskaper. \u00c4ven om det kanske inte ger de omedelbara resultaten av snabbare verkande steroider, \u00e4r Raw Testosterone Phenylpropionate Powder mycket effektivt n\u00e4r det anv\u00e4nds korrekt, vilket ger betydande f\u00f6rdelar f\u00f6r idrottare och kroppsbyggare som s\u00f6ker magra muskelvinster och fettf\u00f6rlust. Med korrekt administration kan denna steroid producera imponerande resultat, vilket g\u00f6r det till ett v\u00e4rdefullt tillskott till alla prestationsh\u00f6jande regimer.<\/p>\n<h3>K\u00f6p r\u00e5 testosteron fenylpropionatpulver | Specifikationer:<\/h3>\n<p>Produkt: Testosteron fenylpropionatpulver<br \/>\nRenhet: 98% minimum<br \/>\nCAS: 1255-49-8<br \/>\nEINECS: 215-014-4<br \/>\nMolekyl\u00e4r formel: C28H36O3<br \/>\nMolekylvikt: 420,58<br \/>\nUtseende: Vitt kristallint pulver<br \/>\nSynonymer: Retandrol; 17\u03b2-hydroxiandrost-4-en-3-on 3-fenylpropionat<br \/>\nF\u00f6rpackning: Foliep\u00e5se eller burk<br \/>\nFrakt: Tillg\u00e4nglig fr\u00e5n Kanada, Europa och USA<\/p>\n<h3>Om r\u00e5 testosteron fenylpropionatpulver:<\/h3>\n<p>Ursprungligen h\u00e4rr\u00f6rande fr\u00e5n tjurens testiklar, \u00e4r Raw Testosterone Phenylpropionate Powder nu syntetiskt producerat och har en fenylpropionatester, vilket ger den en kort halveringstid p\u00e5 1-2 dagar. Detta kr\u00e4ver frekventa injektioner, vanligtvis varannan dag, f\u00f6r att uppr\u00e4tth\u00e5lla stabila blodniv\u00e5er och uppn\u00e5 optimala resultat. N\u00e4r det anv\u00e4nds konsekvent fr\u00e4mjar Raw Testosterone Phenylpropionate Powder mager muskeltillv\u00e4xt, vilket g\u00f6r det till ett f\u00f6redraget val f\u00f6r idrottare som v\u00e4rdes\u00e4tter kvalitet \u00f6ver snabba, vattentunga vinster.<br \/>\nVarf\u00f6r v\u00e4lja r\u00e5 testosteron fenylpropionatpulver?<\/p>\n<p>Ingen vattenretention: Fenylpropionatestern minimerar v\u00e4tskeretention, vilket g\u00f6r det m\u00f6jligt f\u00f6r anv\u00e4ndare att f\u00e5 h\u00f6gkvalitativ, mager muskelmassa som \u00e4r idealisk f\u00f6r t\u00e4vlingssporter och estetiska m\u00e5l.<br \/>\nF\u00f6rdelar med fettf\u00f6rlust: Denna steroid st\u00f6der fettf\u00f6rlust, vilket g\u00f6r den popul\u00e4r bland idrottare och individer som syftar till att uppn\u00e5 en smalare kroppsbyggnad f\u00f6r prestanda eller utseende.<br \/>\nEffektiv med korrekt anv\u00e4ndning: N\u00e4r det injiceras varannan dag och kombineras med en disciplinerad diet och tr\u00e4ningsrutin, levererar Raw Testosterone Phenylpropionate Powder m\u00e4rkbar muskeldefinition och styrka vinster.<\/p>\n<h3>K\u00f6pa testosteron fenylpropionatpulver online:<\/h3>\n<p>Som en kontrollerad substans \u00e4r det utmanande att k\u00f6pa testosteronfenylpropionat \u00f6ver disk, s\u00e4rskilt i USA. Det s\u00e4kraste och mest p\u00e5litliga s\u00e4ttet att k\u00f6pa Raw Testosterone Phenylpropionate Powder \u00e4r genom p\u00e5litliga online-leverant\u00f6rer som SHGOTOPHARM. Till skillnad fr\u00e5n svarta marknadsk\u00e4llor, som ofta tillhandah\u00e5ller l\u00e5gkvalitativa eller os\u00e4kra produkter, garanterar SHGOTOPHARM premiumkvalitet, snabb leverans och s\u00e4kra transaktioner. Steroider av l\u00e5g kvalitet kan vara ineffektiva och skadliga, s\u00e5 att v\u00e4lja en ansedd leverant\u00f6r \u00e4r avg\u00f6rande f\u00f6r att uppn\u00e5 \u00f6nskade resultat p\u00e5 ett s\u00e4kert s\u00e4tt.<\/p>\n<h3>Tips f\u00f6r optimal anv\u00e4ndning:<\/h3>\n<p>F\u00f6r att maximera f\u00f6rdelarna med Raw Testosterone Phenylpropionate Powder, kombinera det med en balanserad kost och konsekvent tr\u00e4ningsregim. Att l\u00e4sa anv\u00e4ndarrecensioner av leverant\u00f6rer kan hj\u00e4lpa dig att fatta ett v\u00e4lgrundat beslut och se till att du k\u00f6per fr\u00e5n en p\u00e5litlig k\u00e4lla som SHGOTOPHARM.<\/p>\n<h3>Varf\u00f6r Testosteron fenylpropionatpulver fr\u00e5n SHGOTOPHARM?<\/h3>\n<p>H\u00f6gsta kvalitet: Certifierad enligt GMP- och ISO9001-standarder, med en renhet p\u00e5 \u00f6ver 98%.<br \/>\nSnabb och s\u00e4ker leverans: Leverans samma dag med tillf\u00f6rlitliga expressalternativ (FedEx, UPS, DHL, EMS, TNT, HKEMS) eller flygfrakt, inklusive inrikes leverans f\u00f6r best\u00e4llningar \u00f6ver 1 kg.<br \/>\nKundsupport: 24\/7 service efter f\u00f6rs\u00e4ljning f\u00f6r att snabbt ta itu med eventuella fr\u00e5gor.<br \/>\nFlexibel best\u00e4llning: Minimibest\u00e4llning p\u00e5 10 g, med konkurrenskraftiga priser och rabatter f\u00f6r bulkk\u00f6p.<br \/>\nS\u00e4kra betalningar: Alternativen inkluderar T\/T, Western Union, MoneyGram och Bitcoin.<br \/>\nGlobal tillg\u00e4nglighet: Vi betj\u00e4nar kunder i USA, Kanada, Storbritannien, Tyskland, Brasilien, Australien, Italien m.fl.<\/p>\n<p>SHGOTOPHARM \u00e4r det b\u00e4sta st\u00e4llet att k\u00f6pa Raw Testosterone Phenylpropionate Powder och erbjuder en h\u00f6gkvalitativ produkt som idrottare \u00f6ver hela v\u00e4rlden litar p\u00e5. Dess f\u00f6rm\u00e5ga att fr\u00e4mja mager muskeltillv\u00e4xt och fettf\u00f6rlust, i kombination med minimal vattenretention, g\u00f6r det till ett utm\u00e4rkt val f\u00f6r prestanda och estetiska m\u00e5l. Lita p\u00e5 SHGOTOPHARM f\u00f6r \u00f6verl\u00e4gsen kvalitet och p\u00e5litlig service<\/p>","protected":false},"excerpt":{"rendered":"<p>N\u00e4r du k\u00f6per Raw Testosterone Phenylpropionate Powder fr\u00e5n SHGOTOPHARM v\u00e4ljer du en h\u00f6gkvalitativ testosteronbaserad steroid som \u00e4r k\u00e4nd f\u00f6r sina unika egenskaper.<\/p>","protected":false},"featured_media":1738,"comment_status":"open","ping_status":"closed","template":"","meta":[],"product_brand":[],"product_cat":[213],"product_tag":[935,944,934,949,945,362,938,933,932,943,364,363,939,281,931,940,937,948,365,936,367,368,369,370,366,371,372,373,374,375,376,377,378,379,380,381,382,383,384,385,386,387,388,267,946,947,942,941],"class_list":{"0":"post-1737","1":"product","2":"type-product","3":"status-publish","4":"has-post-thumbnail","6":"product_cat-testosterone","7":"product_tag-aas-poland","8":"product_tag-aas-raw-materials-australia","9":"product_tag-aas-raws","10":"product_tag-anabolic-steroid-manufacturer-canada","11":"product_tag-anabolic-steroid-powders-online","12":"product_tag-anabolic-steroids-australia","13":"product_tag-best-steroid-powder-supplier-usa","14":"product_tag-buy-aas-raws-online","15":"product_tag-buy-raw-steroid-powders-online","16":"product_tag-buy-raw-steroids-china","17":"product_tag-buy-testosterone-phenylpropionate-powder","18":"product_tag-buy-testosterone-phenylpropionate-usa","19":"product_tag-high-purity-anabolic-steroids-canada","20":"product_tag-hormone","21":"product_tag-raw-steroids-for-sale","22":"product_tag-steroid-raw-material-factory-europe","23":"product_tag-steroid-raws-online","24":"product_tag-steroid-raws-supplier-florida","25":"product_tag-steroids-uk","26":"product_tag-supplier-usa","27":"product_tag-test-phenylpropionate-cycle","28":"product_tag-test-phenylpropionate-dosage","29":"product_tag-test-phenylpropionate-powder","30":"product_tag-test-phenylpropionate-results","31":"product_tag-test-phenylpropionate-usa","32":"product_tag-test-phenylpropionate-vs-prop","33":"product_tag-test-phenylpropionate-vs-propionate","34":"product_tag-testosterone-phenylpropionate","35":"product_tag-testosterone-phenylpropionate-benefits","36":"product_tag-testosterone-phenylpropionate-buy","37":"product_tag-testosterone-phenylpropionate-dosage","38":"product_tag-testosterone-phenylpropionate-for-sale","39":"product_tag-testosterone-phenylpropionate-half-life","40":"product_tag-testosterone-phenylpropionate-manufacturer","41":"product_tag-testosterone-phenylpropionate-powder","42":"product_tag-testosterone-phenylpropionate-price","43":"product_tag-testosterone-phenylpropionate-recipe","44":"product_tag-testosterone-phenylpropionate-side-effects","45":"product_tag-testosterone-phenylpropionate-source","46":"product_tag-testosterone-phenylpropionate-steroids","47":"product_tag-testosterone-phenylpropionate-suppliers","48":"product_tag-testosterone-phenylpropionate-vs-propionate","49":"product_tag-testosterone-phenylpropionate-wholesale","50":"product_tag-testosterone-powders-aas","51":"product_tag-testosterone-raw-powder-poland","52":"product_tag-trenbolone-powder-thailand","53":"product_tag-trusted-steroid-raw-supplier-worldwide","54":"product_tag-wholesale-steroid-powders-australia","56":"first","57":"instock","58":"shipping-taxable","59":"product-type-simple"},"_links":{"self":[{"href":"https:\/\/shgotopharm.com\/sv\/wp-json\/wp\/v2\/product\/1737","targetHints":{"allow":["GET"]}}],"collection":[{"href":"https:\/\/shgotopharm.com\/sv\/wp-json\/wp\/v2\/product"}],"about":[{"href":"https:\/\/shgotopharm.com\/sv\/wp-json\/wp\/v2\/types\/product"}],"replies":[{"embeddable":true,"href":"https:\/\/shgotopharm.com\/sv\/wp-json\/wp\/v2\/comments?post=1737"}],"wp:featuredmedia":[{"embeddable":true,"href":"https:\/\/shgotopharm.com\/sv\/wp-json\/wp\/v2\/media\/1738"}],"wp:attachment":[{"href":"https:\/\/shgotopharm.com\/sv\/wp-json\/wp\/v2\/media?parent=1737"}],"wp:term":[{"taxonomy":"product_brand","embeddable":true,"href":"https:\/\/shgotopharm.com\/sv\/wp-json\/wp\/v2\/product_brand?post=1737"},{"taxonomy":"product_cat","embeddable":true,"href":"https:\/\/shgotopharm.com\/sv\/wp-json\/wp\/v2\/product_cat?post=1737"},{"taxonomy":"product_tag","embeddable":true,"href":"https:\/\/shgotopharm.com\/sv\/wp-json\/wp\/v2\/product_tag?post=1737"}],"curies":[{"name":"wp","href":"https:\/\/api.w.org\/{rel}","templated":true}]}}