{"id":1747,"date":"2025-10-30T13:22:39","date_gmt":"2025-10-30T13:22:39","guid":{"rendered":"https:\/\/shgotopharm.com\/?post_type=product&#038;p=1747"},"modified":"2025-12-13T09:51:10","modified_gmt":"2025-12-13T09:51:10","slug":"anavar-oxandrolon-pulver","status":"publish","type":"product","link":"https:\/\/shgotopharm.com\/sv\/product\/anavar-oxandrolone-powder\/","title":{"rendered":"K\u00f6p Anavar Oxandrolone pulver"},"content":{"rendered":"<h3><a href=\"https:\/\/shgotopharm.com\/sv\/product\/anavar-oxandrolon-pulver\/\">Anavar Oxandrolone pulver<\/a><\/h3>\n<p>Anavar Oxandrolone Powder \u00e4r en dihydrotestosteron (DHT) h\u00e4rledd anabolisk androgen steroid. Specifikt \u00e4r Oxandrolone DHT-hormonet med tillsats av en syreatom i st\u00e4llet f\u00f6r kol-2 i A-ringen. Det \u00e4r s\u00e5 s\u00e4ker att, till skillnad fr\u00e5n andra steroider, som anv\u00e4ndes f\u00f6r undern\u00e4ring och anemi, Oxandrolone var ursprungligen f\u00f6reskrivs fr\u00e4mst f\u00f6r br\u00e4nna offer.<\/p>\n<p>Anavar Oxandrolone Powder, som kommer ut ur androgena egenskaper, kan orsaka retention av kv\u00e4ve, kalium och fosfor, och fr\u00e4mja anabolism och h\u00e4mma \u00f6verdriven katabolism. Det anv\u00e4nds ofta f\u00f6r pojkar som st\u00f6ter p\u00e5 onormal tillv\u00e4xt och sen pubertet, och \u00e4ven f\u00f6r flickor som st\u00f6ter p\u00e5 medf\u00f6dd ovariehypoplasi.<\/p>\n<p>Anavar Oxandrolone Powder absorberas snabbt av till tarmar och mage. Dess metaboliter och of\u00f6r\u00e4ndrad oxandrolon uts\u00f6ndras av njurarna, och en liten m\u00e4ngd utesluts fr\u00e5n mag-tarmkanalen.<\/p>\n<h3>Specifikationer f\u00f6r Anavar Oxandrolone Powder<\/h3>\n<p>Oxandrolone \/ Anavar Info:<br \/>\nAnavar Oxandrolone CAS NO: 53-39-4<br \/>\nAnavar Oxandrolone MF: C19H30O3<br \/>\nAnavar Oxandrolone MW: C19H30O3<br \/>\nAnavar Oxandrolone L\u00f6slighet: DMSO 4 mg\/mL<br \/>\nAnavar Oxandrolone F\u00f6rvaring: 2-8\u00b0C, torrt, f\u00f6rseglat<br \/>\nAnavar Oxandrolone Biologisk halveringstid: vuxna: 9,4-10,4 hus;<br \/>\nAnavar Oxandrolone Metabolism: Njurar (prim\u00e4rt), lever<br \/>\nAnavar Oxandrolone Kategori (Engelska: DRUG Class): Androgen; Anabolisk steroid<\/p>\n<h3>Anavar Oxandrolone pulver till salu<\/h3>\n<p>Legal Oxandrolone Anavar Steroid Pulver till salu, Var man kan k\u00f6pa inrikes leverans Anavar Pulver? 99% renhet Oxandrolone Pulver Leverant\u00f6r, Frakt inom Kanada, Storbritannien.<br \/>\nOxandrolone\/Anavar \u00e4r en av de mest popul\u00e4ra orala anabola steroider. Det f\u00f6rb\u00e4ttrar din styrka och energi. Och detta \u00e4r en av de f\u00e5 anabola steroider som kan anv\u00e4ndas av m\u00e4n och kvinnor p\u00e5 ett s\u00e4kert s\u00e4tt. Det \u00e4r en mycket v\u00e4nlig bieffekt. Oxandrolone\/Anavar \u00e4r utan tvekan en extremt f\u00f6rdelaktig anabol steroid.<\/p>\n<p>V\u00e5rt oxandrolon (anavar) pulver har ett juridiskt och s\u00e4kerhetscertifikat. Det \u00e4r en s\u00e4ker steroid. V\u00e5rt oxandrolon anavar pulver s\u00e4ljer 200 kilo per m\u00e5nad, och varje kund s\u00e4ger att v\u00e5ra produkter \u00e4r de b\u00e4sta.<\/p>\n<h3>Anavar (Oxandrolone) Steroidpulver<\/h3>\n<p>Anavar (Oxandrolone) \u00e4r en mycket k\u00e4nd anabol steroid, och du kommer knappast att hitta en professionell idrottsman som inte har h\u00f6rt talas om den h\u00e4r produkten. Det tog de ledande positionerna fr\u00e5n b\u00f6rjan av dess existens. Det uppfanns \u00e5r 1964 av f\u00f6retaget Sear Laboratories. Denna produkt g\u00f6r det m\u00f6jligt att f\u00e5 bra resultat i gymmet.<\/p>\n<p>Oxandrolon \u00e4r en av de vanligaste f\u00f6rfalskade steroiderna som n\u00e5gonsin har funnits.<br \/>\nOxandrolon \u00e4r en oralt intagen anabol steroid som normalt f\u00f6reskrivs i 5-10 mg per dag intervall, med f\u00f6reskrivna doser s\u00e4llan \u00f6verstiger 20 mg per dag. Anv\u00e4ndningen kommer normalt att p\u00e5g\u00e5 2-4 veckor, f\u00f6ljt av en kort paus och upprepa cykeln tills problemet \u00e4r l\u00f6st. Anv\u00e4ndning av denna typ kan i vissa fall p\u00e5g\u00e5 p\u00e5 obest\u00e4md tid.<\/p>\n<h3>Hur man anv\u00e4nder Anavar Oxandrolone Powder<\/h3>\n<p>F\u00f6r den manliga anabola steroidanv\u00e4ndaren, 20-30 mg per dag, \u00e4ven om en l\u00e5g dos kommer att producera en anabolisk bump. Men 40-50 mg per dag \u00e4r mycket vanligare och effektivare. Vissa m\u00e4n kommer att anv\u00e4nda s\u00e5 mycket som 80-100 mg per dag, men kom ih\u00e5g att detta \u00f6kar risken f\u00f6r biverkningar.<\/p>\n<p>Kvinnliga Oxandrolone anv\u00e4ndare kommer normalt dosera steroid p\u00e5 5-10 mg per dag. Det \u00e4r inte vanligt f\u00f6r en kvinna att beh\u00f6va mer \u00e4n 10 mg per dag, men om mer beh\u00f6vs, kan det \u00f6kas med 5 mg. Doser som \u00f6vertr\u00e4ffar 20 mg per dag kommer n\u00e4stan f\u00f6rs\u00e4kra viss niv\u00e5 av virilization. 6-8 veckors anv\u00e4ndning \u00e4r standard med b\u00e5de m\u00e4n och kvinnor.<\/p>\n<p>Om du letar efter detta steroidpulver \u00e4r det b\u00e4ttre att leta efter en toppleverant\u00f6r av Oxandrolone steroidpulver. SHGOTOPHARM \u00e4r r\u00e4tt plats f\u00f6r dig<\/p>","protected":false},"excerpt":{"rendered":"<h3><a href=\"https:\/\/shgotopharm.com\/sv\/product\/anavar-oxandrolon-pulver\/\">Anavar Oxandrolone pulver<\/a><\/h3>\n<p>Anavar Oxandrolone Powder \u00e4r en dihydrotestosteron (DHT) h\u00e4rledd anabolisk androgen steroid.<\/p>","protected":false},"featured_media":1748,"comment_status":"open","ping_status":"closed","template":"","meta":[],"product_brand":[],"product_cat":[390],"product_tag":[935,437,944,934,434,949,945,400,415,440,429,417,426,420,410,408,413,407,432,435,423,399,404,938,933,418,430,421,427,416,412,433,439,436,424,411,414,431,392,394,396,402,393,395,932,943,939,398,405,406,397,428,419,422,425,409,438,931,940,937,948,936,946,947,942,403,401,941],"class_list":{"0":"post-1747","1":"product","2":"type-product","3":"status-publish","4":"has-post-thumbnail","6":"product_cat-oral-steroids","7":"product_tag-aas-poland","8":"product_tag-aas-powder","9":"product_tag-aas-raw-materials-australia","10":"product_tag-aas-raws","11":"product_tag-anabolic-steroid-aas","12":"product_tag-anabolic-steroid-manufacturer-canada","13":"product_tag-anabolic-steroid-powders-online","14":"product_tag-anavar","15":"product_tag-anavar-benefits","16":"product_tag-anavar-cycle","17":"product_tag-anavar-dosage","18":"product_tag-anavar-for-man","19":"product_tag-anavar-for-sale","20":"product_tag-anavar-for-woman","21":"product_tag-anavar-oral-steroid-powder","22":"product_tag-anavar-oxandrolone-powder-for-sale","23":"product_tag-anavar-powder","24":"product_tag-anavar-powder-for-sale","25":"product_tag-anavar-powder-price","26":"product_tag-anavar-powder-taste","27":"product_tag-anavar-steroid","28":"product_tag-anavar-steroid-powder-for-sale","29":"product_tag-australia","30":"product_tag-best-steroid-powder-supplier-usa","31":"product_tag-buy-aas-raws-online","32":"product_tag-buy-anavar-in-australia","33":"product_tag-buy-anavar-in-brazil","34":"product_tag-buy-anavar-in-canada","35":"product_tag-buy-anavar-in-europe","36":"product_tag-buy-anavar-in-france","37":"product_tag-buy-anavar-in-india","38":"product_tag-buy-anavar-in-mexico","39":"product_tag-buy-anavar-in-poland","40":"product_tag-buy-anavar-in-sweden","41":"product_tag-buy-anavar-in-switzerland","42":"product_tag-buy-anavar-in-uk","43":"product_tag-buy-anavar-in-usa","44":"product_tag-buy-anavar-powder-online","45":"product_tag-buy-oxandrolone-anavar-australia","46":"product_tag-buy-oxandrolone-anavar-canada","47":"product_tag-buy-oxandrolone-anavar-europe","48":"product_tag-buy-oxandrolone-anavar-powder-online-canada","49":"product_tag-buy-oxandrolone-anavar-uk","50":"product_tag-buy-oxandrolone-anavar-usa","51":"product_tag-buy-raw-steroid-powders-online","52":"product_tag-buy-raw-steroids-china","53":"product_tag-high-purity-anabolic-steroids-canada","54":"product_tag-legal-oxandrolone","55":"product_tag-legit-anavar-powder","56":"product_tag-legit-oxandrolone-powder","57":"product_tag-ox","58":"product_tag-oxandrolone-powder-benefits","59":"product_tag-oxandrolone-powder-china","60":"product_tag-oxandrolone-powder-cost","61":"product_tag-oxandrolone-powder-for-sale","62":"product_tag-oxandrolone-powder-suppliers","63":"product_tag-raw-oxandrolone-powder","64":"product_tag-raw-steroids-for-sale","65":"product_tag-steroid-raw-material-factory-europe","66":"product_tag-steroid-raws-online","67":"product_tag-steroid-raws-supplier-florida","68":"product_tag-supplier-usa","69":"product_tag-testosterone-raw-powder-poland","70":"product_tag-trenbolone-powder-thailand","71":"product_tag-trusted-steroid-raw-supplier-worldwide","72":"product_tag-usa","73":"product_tag-where-to-buy-anavar-powder-99-purity-oxandrolone-powder-supplier","74":"product_tag-wholesale-steroid-powders-australia","76":"first","77":"instock","78":"shipping-taxable","79":"product-type-simple"},"_links":{"self":[{"href":"https:\/\/shgotopharm.com\/sv\/wp-json\/wp\/v2\/product\/1747","targetHints":{"allow":["GET"]}}],"collection":[{"href":"https:\/\/shgotopharm.com\/sv\/wp-json\/wp\/v2\/product"}],"about":[{"href":"https:\/\/shgotopharm.com\/sv\/wp-json\/wp\/v2\/types\/product"}],"replies":[{"embeddable":true,"href":"https:\/\/shgotopharm.com\/sv\/wp-json\/wp\/v2\/comments?post=1747"}],"wp:featuredmedia":[{"embeddable":true,"href":"https:\/\/shgotopharm.com\/sv\/wp-json\/wp\/v2\/media\/1748"}],"wp:attachment":[{"href":"https:\/\/shgotopharm.com\/sv\/wp-json\/wp\/v2\/media?parent=1747"}],"wp:term":[{"taxonomy":"product_brand","embeddable":true,"href":"https:\/\/shgotopharm.com\/sv\/wp-json\/wp\/v2\/product_brand?post=1747"},{"taxonomy":"product_cat","embeddable":true,"href":"https:\/\/shgotopharm.com\/sv\/wp-json\/wp\/v2\/product_cat?post=1747"},{"taxonomy":"product_tag","embeddable":true,"href":"https:\/\/shgotopharm.com\/sv\/wp-json\/wp\/v2\/product_tag?post=1747"}],"curies":[{"name":"wp","href":"https:\/\/api.w.org\/{rel}","templated":true}]}}