{"id":1755,"date":"2025-10-30T15:25:10","date_gmt":"2025-10-30T15:25:10","guid":{"rendered":"https:\/\/shgotopharm.com\/?post_type=product&#038;p=1755"},"modified":"2025-12-13T09:49:46","modified_gmt":"2025-12-13T09:49:46","slug":"trenbolon-enanthate-pulver","status":"publish","type":"product","link":"https:\/\/shgotopharm.com\/sv\/product\/trenbolone-enanthate-powder\/","title":{"rendered":"K\u00f6p Trenbolone Enanthate Powder"},"content":{"rendered":"<h2><a href=\"https:\/\/shgotopharm.com\/sv\/product\/trenbolon-enanthate-pulver\/\">Trenbolon Enanthate Pulver<\/a><\/h2>\n<p>Trenbolone enanthate \u00e4r hett hot-selling Trenbolone steroidpulver. Trenbolon enanthate \u00e4r en syntetisk och injiceras anabola androgen steroid. Trenbolon enanthate anv\u00e4nds fr\u00e4mst f\u00f6r bodybuilding \u00e4ndam\u00e5l, inklusive sk\u00e4rning och bulking.<\/p>\n<h3>Trenbolone Enanthate Info:<\/h3>\n<p>Trenbolon Enanthate CAS 10161-33-8<br \/>\nTrenbolone Enanthate Molekylformel: C25H34O3<br \/>\nTrenbolone Enanthate Specifikation: Enterprise Standard<br \/>\nTrenbolone Enanthate Beskrivning: gult eller n\u00e4stan gult kristallint pulver<br \/>\nTrenbolone Enanthate Kemiskt namn: 4,9,11-estratrien-17beta-ol-3-on Enanthate<\/p>\n<h3>Trenbolon Enanthate pulver anv\u00e4nder<\/h3>\n<p>Trenbolon enanthate \u00e4r en l\u00e5ngfristig underjordisk lab-skapade hopkok av Trenbolon. Enanthate \u00e4r en ester som g\u00f6r det m\u00f6jligt trenbolon att l\u00e5ngsamt sl\u00e4ppas in i kroppen. Medicinskt, det \u00e4r s\u00e4llan anv\u00e4nds f\u00f6r prim\u00e4r hypogonadism, hypogonadotropic hypogonadism, och f\u00f6rsenad puberteten hos m\u00e4n.<br \/>\nHos kvinnor anv\u00e4nds Trenbolone enanthate f\u00f6r att behandla metastaserande br\u00f6stcancer.<\/p>\n<h3>Trenbolone Enanthate Powder hos m\u00e4n och kvinnor<\/h3>\n<p>Trenbolon \u00e4r v\u00e4lk\u00e4nt f\u00f6r sin f\u00f6rm\u00e5ga att producera h\u00f6gkvalitativa, torra muskelvinster samt kraftigt \u00f6ka styrkan. Och till skillnad fr\u00e5n andra kraftfulla AAS, s\u00e5som Dianabol, vinster realiseras fr\u00e5n denna f\u00f6rening \u00e4r l\u00e4tt att underh\u00e5lla n\u00e4r cykeln slutar. Du \u00e4r mer ben\u00e4gna att beh\u00e5lla vinster som gjorts under en trenboloncykel \u00e4n du \u00e4r med de flesta andra steroider av liknande styrka. Andra f\u00f6rdelar inkluderar h\u00e5rdhet, brist p\u00e5 v\u00e4tskeretention, of\u00f6rm\u00e5ga att omvandlas till \u00f6strogen, \u00f6kad fettf\u00f6rbr\u00e4nning \/ f\u00f6rlust, f\u00f6rb\u00e4ttrad definition och \u00f6kad aggression. Dessa f\u00f6rdelar g\u00f6r det till ett popul\u00e4rt val av b\u00e5de konkurrens och fritids kroppsbyggare lika.<\/p>\n<h3>Trenbolone Enanthate f\u00f6rdelar:<\/h3>\n<p>Trenbolone Enanthate hj\u00e4lper till att uppn\u00e5 betydande f\u00f6rb\u00e4ttring av kraftprestanda.<br \/>\nTrenbolone Enanthate hj\u00e4lper till att f\u00f6rb\u00e4ttra bent\u00e4theten.<br \/>\nTrenbolone Enanthate hj\u00e4lper till att \u00f6ka libido (individuellt);<br \/>\nTrenbolone Enanthate hj\u00e4lper till att s\u00e4nka naturliga kortisol.<br \/>\nTrenbolone Enanthate hj\u00e4lper till att \u00f6ka antalet r\u00f6da blodkroppar och hemoglobin (mer syre till dina muskler och andra celler).<br \/>\nTrenbolone Enanthate hj\u00e4lper till att br\u00e4nna fett (genom IGF-1 tillv\u00e4xthormon faktorer);<br \/>\nTrenbolone Enanthate hj\u00e4lper till att f\u00f6rb\u00e4ttra den allm\u00e4nna hum\u00f6ret och sinnesst\u00e4mning.<br \/>\nTrenbolone Enanthate hj\u00e4lper ingen \u00f6verfl\u00f6dig v\u00e4tskeretention.<br \/>\nTrenbolone Enanthate hj\u00e4lper till att \u00f6ka kardiovaskul\u00e4r aktivitet (\u00f6kad uth\u00e5llighet);<\/p>","protected":false},"excerpt":{"rendered":"<h2><a href=\"https:\/\/shgotopharm.com\/sv\/product\/trenbolon-enanthate-pulver\/\">Trenbolon Enanthate Pulver<\/a><\/h2>\n<p>Trenbolone enanthate \u00e4r hett hot-selling Trenbolone steroidpulver<\/p>","protected":false},"featured_media":1756,"comment_status":"open","ping_status":"closed","template":"","meta":[],"product_brand":[],"product_cat":[24],"product_tag":[935,944,934,949,945,938,933,932,943,540,544,548,567,562,577,542,585,552,572,582,546,566,557,939,281,550,592,554,570,931,940,937,948,282,936,946,559,564,569,579,539,543,547,551,556,561,581,583,604,586,541,545,603,598,549,605,593,609,597,606,600,608,575,596,580,602,599,590,607,553,558,563,568,573,578,574,584,571,576,594,538,588,560,595,591,589,565,947,555,587,537,942,601,941],"class_list":{"0":"post-1755","1":"product","2":"type-product","3":"status-publish","4":"has-post-thumbnail","6":"product_cat-trenbolone","7":"product_tag-aas-poland","8":"product_tag-aas-raw-materials-australia","9":"product_tag-aas-raws","10":"product_tag-anabolic-steroid-manufacturer-canada","11":"product_tag-anabolic-steroid-powders-online","12":"product_tag-best-steroid-powder-supplier-usa","13":"product_tag-buy-aas-raws-online","14":"product_tag-buy-raw-steroid-powders-online","15":"product_tag-buy-raw-steroids-china","16":"product_tag-buy-tren-enanthate","17":"product_tag-buy-tren-enanthate-uk","18":"product_tag-buy-trenbolone-enanthate","19":"product_tag-buy-trenbolone-enanthate-brazil","20":"product_tag-buy-trenbolone-enanthate-canada","21":"product_tag-buy-trenbolone-enanthate-europe","22":"product_tag-buy-trenbolone-enanthate-mexico","23":"product_tag-buy-trenbolone-enanthate-online","24":"product_tag-buy-trenbolone-enanthate-powder","25":"product_tag-buy-trenbolone-enanthate-spain","26":"product_tag-buy-trenbolone-enanthate-sweden","27":"product_tag-buy-trenbolone-enanthate-switzerland","28":"product_tag-buy-trenbolone-enanthate-uk","29":"product_tag-buy-trenbolone-enanthate-usa","30":"product_tag-high-purity-anabolic-steroids-canada","31":"product_tag-hormone","32":"product_tag-how-to-make-trenbolone-enanthate-from-powder","33":"product_tag-inject-trenbolone-enanthate","34":"product_tag-parabola","35":"product_tag-quality-anabolic-steroid-powder","36":"product_tag-raw-steroids-for-sale","37":"product_tag-steroid-raw-material-factory-europe","38":"product_tag-steroid-raws-online","39":"product_tag-steroid-raws-supplier-florida","40":"product_tag-steroids","41":"product_tag-supplier-usa","42":"product_tag-testosterone-raw-powder-poland","43":"product_tag-tren-e","44":"product_tag-tren-e-powder","45":"product_tag-tren-e-powder-conversion","46":"product_tag-tren-e-powder-recipe","47":"product_tag-tren-enanthate","48":"product_tag-tren-enanthate-200","49":"product_tag-tren-enanthate-200-mg","50":"product_tag-tren-enanthate-cycle","51":"product_tag-tren-enanthate-for-sale-uk","52":"product_tag-tren-enanthate-half-life","53":"product_tag-tren-enanthate-powder","54":"product_tag-tren-enanthate-powder-conversion","55":"product_tag-trenbolone-enanthat-recipe","56":"product_tag-trenbolone-enanthate","57":"product_tag-trenbolone-enanthate-200","58":"product_tag-trenbolone-enanthate-200mg","59":"product_tag-trenbolone-enanthate-benefits","60":"product_tag-trenbolone-enanthate-brazil","61":"product_tag-trenbolone-enanthate-buy","62":"product_tag-trenbolone-enanthate-buy-online","63":"product_tag-trenbolone-enanthate-canada","64":"product_tag-trenbolone-enanthate-china","65":"product_tag-trenbolone-enanthate-cycle","66":"product_tag-trenbolone-enanthate-dosage","67":"product_tag-trenbolone-enanthate-dose","68":"product_tag-trenbolone-enanthate-factory","69":"product_tag-trenbolone-enanthate-for-sale","70":"product_tag-trenbolone-enanthate-hormone","71":"product_tag-trenbolone-enanthate-manufacturer","72":"product_tag-trenbolone-enanthate-melting-point","73":"product_tag-trenbolone-enanthate-new-zealand","74":"product_tag-trenbolone-enanthate-oil","75":"product_tag-trenbolone-enanthate-online","76":"product_tag-trenbolone-enanthate-powder","77":"product_tag-trenbolone-enanthate-powder-conversion","78":"product_tag-trenbolone-enanthate-powder-for-sale","79":"product_tag-trenbolone-enanthate-powder-price","80":"product_tag-trenbolone-enanthate-price","81":"product_tag-trenbolone-enanthate-raw-powder","82":"product_tag-trenbolone-enanthate-results","83":"product_tag-trenbolone-enanthate-reviews","84":"product_tag-trenbolone-enanthate-source","85":"product_tag-trenbolone-enanthate-stack","86":"product_tag-trenbolone-enanthate-steroid","87":"product_tag-trenbolone-enanthate-steroids","88":"product_tag-trenbolone-enanthate-supplier","89":"product_tag-trenbolone-enanthate-suppliers","90":"product_tag-trenbolone-enanthate-sweden","91":"product_tag-trenbolone-enanthate-uk","92":"product_tag-trenbolone-enanthate-usa","93":"product_tag-trenbolone-enanthate-wholesale","94":"product_tag-trenbolone-powder-thailand","95":"product_tag-trenbolone-powders-aas","96":"product_tag-trenbolone-powders-how-to-use-trenbolone-enanthate","97":"product_tag-trenbolone-raw-powders-buy-trenbolone-enanthate-poland","98":"product_tag-trusted-steroid-raw-supplier-worldwide","99":"product_tag-what-is-trenbolone-enanthate","100":"product_tag-wholesale-steroid-powders-australia","102":"first","103":"instock","104":"shipping-taxable","105":"product-type-simple"},"_links":{"self":[{"href":"https:\/\/shgotopharm.com\/sv\/wp-json\/wp\/v2\/product\/1755","targetHints":{"allow":["GET"]}}],"collection":[{"href":"https:\/\/shgotopharm.com\/sv\/wp-json\/wp\/v2\/product"}],"about":[{"href":"https:\/\/shgotopharm.com\/sv\/wp-json\/wp\/v2\/types\/product"}],"replies":[{"embeddable":true,"href":"https:\/\/shgotopharm.com\/sv\/wp-json\/wp\/v2\/comments?post=1755"}],"wp:featuredmedia":[{"embeddable":true,"href":"https:\/\/shgotopharm.com\/sv\/wp-json\/wp\/v2\/media\/1756"}],"wp:attachment":[{"href":"https:\/\/shgotopharm.com\/sv\/wp-json\/wp\/v2\/media?parent=1755"}],"wp:term":[{"taxonomy":"product_brand","embeddable":true,"href":"https:\/\/shgotopharm.com\/sv\/wp-json\/wp\/v2\/product_brand?post=1755"},{"taxonomy":"product_cat","embeddable":true,"href":"https:\/\/shgotopharm.com\/sv\/wp-json\/wp\/v2\/product_cat?post=1755"},{"taxonomy":"product_tag","embeddable":true,"href":"https:\/\/shgotopharm.com\/sv\/wp-json\/wp\/v2\/product_tag?post=1755"}],"curies":[{"name":"wp","href":"https:\/\/api.w.org\/{rel}","templated":true}]}}