{"id":1759,"date":"2025-10-30T16:19:05","date_gmt":"2025-10-30T16:19:05","guid":{"rendered":"https:\/\/shgotopharm.com\/?post_type=product&#038;p=1759"},"modified":"2025-11-10T10:05:57","modified_gmt":"2025-11-10T10:05:57","slug":"lgd-4033-ligandrol-powder","status":"publish","type":"product","link":"https:\/\/shgotopharm.com\/sv\/product\/lgd-4033-ligandrol-powder\/","title":{"rendered":"LGD-4033 Ligandrol pulver f\u00f6r fettf\u00f6rlust"},"content":{"rendered":"<h2 data-start=\"385\" data-end=\"491\"><strong data-start=\"391\" data-end=\"491\">LGD-4033 Ligandrol-pulver f\u00f6r fettf\u00f6rlust och kroppsbyggnad | Premium SARMs hormonpulverfabrik<\/strong><\/h2>\n<h3 data-start=\"493\" data-end=\"517\"><strong data-start=\"497\" data-end=\"517\">Produkt\u00f6versikt<\/strong><\/h3>\n<p data-start=\"518\" data-end=\"945\"><strong data-start=\"518\" data-end=\"549\">LGD-4033 Ligandrol pulver<\/strong>, \u00e4ven k\u00e4nd som <strong data-start=\"565\" data-end=\"579\">Anabolicum<\/strong>, \u00e4r en <strong data-start=\"586\" data-end=\"661\">h\u00f6g renhet, icke-steroid Selektiv androgenreceptormodulator (SARM)<\/strong> k\u00e4nd f\u00f6r sin kraftfulla anabola potential och exceptionella muskelbevarande effekter.<br data-start=\"749\" data-end=\"752\" \/>Med en <strong data-start=\"759\" data-end=\"782\">renhetsgrad av 98%<\/strong>, \u00e4r denna l\u00e4kemedelsklassade f\u00f6rening konstruerad f\u00f6r <strong data-start=\"837\" data-end=\"862\">forskningsapplikationer<\/strong> muskelutveckling, behandling av osteoporos och f\u00f6rb\u00e4ttring av \u00e4mnesoms\u00e4ttningen.<\/p>\n<p data-start=\"947\" data-end=\"1245\"><strong data-start=\"947\" data-end=\"978\">LGD-4033 Ligandrol pulver<\/strong> har uppm\u00e4rksammats inom vetenskap och fitnessforskning f\u00f6r sin f\u00f6rm\u00e5ga att <strong data-start=\"1068\" data-end=\"1160\">stimulerar muskeltillv\u00e4xt, f\u00f6rb\u00e4ttrar benmineraldensiteten och p\u00e5skyndar fettminskning<\/strong> - allt utan de o\u00f6nskade biverkningarna som vanligtvis f\u00f6rknippas med anabola steroider.<\/p>\n<hr data-start=\"1247\" data-end=\"1250\" \/>\n<h3 data-start=\"1252\" data-end=\"1277\"><strong data-start=\"1256\" data-end=\"1277\">Grundl\u00e4ggande information<\/strong><\/h3>\n<div class=\"_tableContainer_1rjym_1\">\n<div class=\"group _tableWrapper_1rjym_13 flex w-fit flex-col-reverse\" tabindex=\"-1\">\n<table class=\"w-fit min-w-(--thread-content-width)\" data-start=\"1278\" data-end=\"2056\">\n<thead data-start=\"1278\" data-end=\"1309\">\n<tr data-start=\"1278\" data-end=\"1309\">\n<th data-start=\"1278\" data-end=\"1294\" data-col-size=\"sm\"><strong data-start=\"1280\" data-end=\"1293\">Parameter<\/strong><\/th>\n<th data-start=\"1294\" data-end=\"1309\" data-col-size=\"md\"><strong data-start=\"1296\" data-end=\"1307\">Detaljer<\/strong><\/th>\n<\/tr>\n<\/thead>\n<tbody data-start=\"1343\" data-end=\"2056\">\n<tr data-start=\"1343\" data-end=\"1394\">\n<td data-start=\"1343\" data-end=\"1363\" data-col-size=\"sm\"><strong data-start=\"1345\" data-end=\"1362\">Produktnamn:<\/strong><\/td>\n<td data-col-size=\"md\" data-start=\"1363\" data-end=\"1394\">LGD-4033 (Ligandrol) Pulver<\/td>\n<\/tr>\n<tr data-start=\"1395\" data-end=\"1424\">\n<td data-start=\"1395\" data-end=\"1409\" data-col-size=\"sm\"><strong data-start=\"1397\" data-end=\"1408\">Renhet:<\/strong><\/td>\n<td data-col-size=\"md\" data-start=\"1409\" data-end=\"1424\">98% minimum<\/td>\n<\/tr>\n<tr data-start=\"1425\" data-end=\"1459\">\n<td data-start=\"1425\" data-end=\"1443\" data-col-size=\"sm\"><strong data-start=\"1427\" data-end=\"1442\">CAS-nummer:<\/strong><\/td>\n<td data-col-size=\"md\" data-start=\"1443\" data-end=\"1459\">1165910-22-4<\/td>\n<\/tr>\n<tr data-start=\"1460\" data-end=\"1513\">\n<td data-start=\"1460\" data-end=\"1478\" data-col-size=\"sm\"><strong data-start=\"1462\" data-end=\"1477\">Utseende:<\/strong><\/td>\n<td data-col-size=\"md\" data-start=\"1478\" data-end=\"1513\">Ljusgult kristallint pulver<\/td>\n<\/tr>\n<tr data-start=\"1514\" data-end=\"1543\">\n<td data-start=\"1514\" data-end=\"1532\" data-col-size=\"sm\"><strong data-start=\"1516\" data-end=\"1531\">H\u00e5llbarhetstid:<\/strong><\/td>\n<td data-col-size=\"md\" data-start=\"1532\" data-end=\"1543\">2 \u00e5r<\/td>\n<\/tr>\n<tr data-start=\"1544\" data-end=\"1592\">\n<td data-start=\"1544\" data-end=\"1557\" data-col-size=\"sm\"><strong data-start=\"1546\" data-end=\"1556\">Betyg:<\/strong><\/td>\n<td data-col-size=\"md\" data-start=\"1557\" data-end=\"1592\">Farmaceutisk \/ forskningsgrad<\/td>\n<\/tr>\n<tr data-start=\"1593\" data-end=\"1629\">\n<td data-start=\"1593\" data-end=\"1617\" data-col-size=\"sm\"><strong data-start=\"1595\" data-end=\"1616\">Kvalitetsstandard:<\/strong><\/td>\n<td data-col-size=\"md\" data-start=\"1617\" data-end=\"1629\">BP \/ USP<\/td>\n<\/tr>\n<tr data-start=\"1630\" data-end=\"1689\">\n<td data-start=\"1630\" data-end=\"1669\" data-col-size=\"sm\"><strong data-start=\"1632\" data-end=\"1668\">Rekommenderad dos (f\u00f6r forskning):<\/strong><\/td>\n<td data-col-size=\"md\" data-start=\"1669\" data-end=\"1689\">10-20 mg per dag<\/td>\n<\/tr>\n<tr data-start=\"1690\" data-end=\"1788\">\n<td data-start=\"1690\" data-end=\"1718\" data-col-size=\"sm\"><strong data-start=\"1692\" data-end=\"1717\">Prim\u00e4ra anv\u00e4ndningsomr\u00e5den:<\/strong><\/td>\n<td data-col-size=\"md\" data-start=\"1718\" data-end=\"1788\">Forskning om osteoporos, muskelf\u00f6rtvining och anabol prestanda<\/td>\n<\/tr>\n<tr data-start=\"1789\" data-end=\"1851\">\n<td data-start=\"1789\" data-end=\"1815\" data-col-size=\"sm\"><strong data-start=\"1791\" data-end=\"1814\">Tillg\u00e4ngliga paket:<\/strong><\/td>\n<td data-col-size=\"md\" data-start=\"1815\" data-end=\"1851\">10 g \/ 50 g \/ 100 g \/ 200 g p\u00e5sar<\/td>\n<\/tr>\n<tr data-start=\"1852\" data-end=\"1916\">\n<td data-start=\"1852\" data-end=\"1868\" data-col-size=\"sm\"><strong data-start=\"1854\" data-end=\"1867\">Kategori:<\/strong><\/td>\n<td data-col-size=\"md\" data-start=\"1868\" data-end=\"1916\">Selektiv androgenreceptormodulator (SARM)<\/td>\n<\/tr>\n<tr data-start=\"1917\" data-end=\"1984\">\n<td data-start=\"1917\" data-end=\"1938\" data-col-size=\"sm\"><strong data-start=\"1919\" data-end=\"1937\">Leveranstid:<\/strong><\/td>\n<td data-col-size=\"md\" data-start=\"1938\" data-end=\"1984\">Inom 12 timmar efter betalningsbekr\u00e4ftelse<\/td>\n<\/tr>\n<tr data-start=\"1985\" data-end=\"2056\">\n<td data-start=\"1985\" data-end=\"2002\" data-col-size=\"sm\"><strong data-start=\"1987\" data-end=\"2001\">F\u00f6rpackning:<\/strong><\/td>\n<td data-col-size=\"md\" data-start=\"2002\" data-end=\"2056\">S\u00e4ker, diskret och fuktskyddad f\u00f6rpackning<\/td>\n<\/tr>\n<\/tbody>\n<\/table>\n<\/div>\n<\/div>\n<hr data-start=\"2058\" data-end=\"2061\" \/>\n<h3 data-start=\"2063\" data-end=\"2101\"><strong data-start=\"2067\" data-end=\"2101\">Hur LGD-4033 Ligandrol fungerar<\/strong><\/h3>\n<p data-start=\"2102\" data-end=\"2520\"><strong data-start=\"2102\" data-end=\"2126\">LGD-4033 Ligandrol<\/strong>\u00a0fungerar genom <strong data-start=\"2139\" data-end=\"2189\">selektiv bindning till androgenreceptorer (AR)<\/strong> i <strong data-start=\"2193\" data-end=\"2219\">muskel- och benv\u00e4vnad<\/strong>, stimulerar anabol aktivitet utan att n\u00e4mnv\u00e4rt p\u00e5verka andra organ s\u00e5som lever eller prostata.<br data-start=\"2326\" data-end=\"2329\" \/>Detta <strong data-start=\"2334\" data-end=\"2366\">riktad verkningsmekanism<\/strong> hj\u00e4lper forskare att studera hur SARMs kan <strong data-start=\"2405\" data-end=\"2478\">\u00f6ka muskelmassan, f\u00f6rb\u00e4ttra styrkan och f\u00f6rb\u00e4ttra bent\u00e4theten<\/strong> samtidigt som de androgena biverkningarna minimeras.<\/p>\n<p data-start=\"2522\" data-end=\"2727\">I studier, <strong data-start=\"2534\" data-end=\"2553\">LGD-4033 Pulver<\/strong> visade en <strong data-start=\"2569\" data-end=\"2614\">h\u00f6g affinitet f\u00f6r muskel- och skelett-AR<\/strong>, vilket g\u00f6r den idealisk f\u00f6r forskning och utforskning <strong data-start=\"2655\" data-end=\"2724\">muskelregenerering, rehabilitering och prestationsoptimering<\/strong>.<\/p>\n<p data-start=\"2729\" data-end=\"2937\">Dessutom har f\u00f6reningen observerats f\u00f6r att <strong data-start=\"2777\" data-end=\"2860\">tillf\u00e4lligt undertrycker totalt testosteron och k\u00f6nshormonbindande globulin (SHBG)<\/strong> p\u00e5 ett dosberoende s\u00e4tt - ett beteende som k\u00e4nnetecknar de mest potenta SARMs.<\/p>\n<hr data-start=\"2939\" data-end=\"2942\" \/>\n<h3 data-start=\"2944\" data-end=\"2988\"><strong data-start=\"2948\" data-end=\"2988\">LGD-4033 Ligandrol pulver f\u00f6rdelar<\/strong><\/h3>\n<p data-start=\"2989\" data-end=\"3083\">Forskningsresultat och experimentella studier tyder p\u00e5 att <strong data-start=\"3045\" data-end=\"3076\">LGD-4033 (Ligandrol) Pulver<\/strong> kanske:<\/p>\n<ul data-start=\"3084\" data-end=\"3587\">\n<li data-start=\"3084\" data-end=\"3175\">\n<p data-start=\"3086\" data-end=\"3175\">St\u00f6d <strong data-start=\"3094\" data-end=\"3121\">tillv\u00e4xt av mager muskelmassa<\/strong> och <strong data-start=\"3126\" data-end=\"3146\">muskelretention<\/strong> under kalorirestriktion<\/p>\n<\/li>\n<li data-start=\"3176\" data-end=\"3234\">\n<p data-start=\"3178\" data-end=\"3234\">Fr\u00e4mja <strong data-start=\"3186\" data-end=\"3198\">fettf\u00f6rbr\u00e4nning<\/strong> samtidigt som muskelintegriteten bevaras<\/p>\n<\/li>\n<li data-start=\"3235\" data-end=\"3327\">\n<p data-start=\"3237\" data-end=\"3327\">F\u00f6rb\u00e4ttra <strong data-start=\"3245\" data-end=\"3282\">benstyrka och mineralt\u00e4thet<\/strong>, vilket g\u00f6r den idealisk f\u00f6r forskning om osteoporos<\/p>\n<\/li>\n<li data-start=\"3328\" data-end=\"3402\">\n<p data-start=\"3330\" data-end=\"3402\">F\u00f6rb\u00e4ttra <strong data-start=\"3338\" data-end=\"3400\">uth\u00e5llighet, \u00e5terh\u00e4mtning och allm\u00e4n fysisk prestationsf\u00f6rm\u00e5ga<\/strong><\/p>\n<\/li>\n<li data-start=\"3403\" data-end=\"3501\">\n<p data-start=\"3405\" data-end=\"3501\">Bist\u00e5 i studier som r\u00f6r <strong data-start=\"3434\" data-end=\"3471\">muskelatrofi och rehabilitering<\/strong> efter skada eller sjukdom<\/p>\n<\/li>\n<li data-start=\"3502\" data-end=\"3587\">\n<p data-start=\"3504\" data-end=\"3587\">F\u00f6rb\u00e4ttra <strong data-start=\"3512\" data-end=\"3543\">mentalt fokus och motivation<\/strong>, vilket har observerats i olika kognitiva studier<\/p>\n<\/li>\n<\/ul>\n<hr data-start=\"3589\" data-end=\"3592\" \/>\n<h3 data-start=\"3594\" data-end=\"3640\"><strong data-start=\"3598\" data-end=\"3640\">Varf\u00f6r v\u00e4lja LGD-4033 Ligandrol pulver<\/strong><\/h3>\n<ul data-start=\"3641\" data-end=\"3974\">\n<li data-start=\"3641\" data-end=\"3713\">\n<p data-start=\"3643\" data-end=\"3713\"><strong data-start=\"3643\" data-end=\"3681\">Renhet av farmaceutisk kvalitet (\u226598%)<\/strong> verifierad genom HPLC-testning<\/p>\n<\/li>\n<li data-start=\"3714\" data-end=\"3770\">\n<p data-start=\"3716\" data-end=\"3770\"><strong data-start=\"3716\" data-end=\"3745\">Stabil och snabbabsorberande<\/strong> icke-steroid f\u00f6rening<\/p>\n<\/li>\n<li data-start=\"3771\" data-end=\"3833\">\n<p data-start=\"3773\" data-end=\"3833\">Idealisk f\u00f6r <strong data-start=\"3783\" data-end=\"3831\">anabola forskningscykler p\u00e5 kort och medell\u00e5ng sikt<\/strong><\/p>\n<\/li>\n<li data-start=\"3834\" data-end=\"3904\">\n<p data-start=\"3836\" data-end=\"3904\"><strong data-start=\"3836\" data-end=\"3862\">Minimal levertoxicitet<\/strong> j\u00e4mf\u00f6rt med traditionella anabola medel<\/p>\n<\/li>\n<li data-start=\"3905\" data-end=\"3974\">\n<p data-start=\"3907\" data-end=\"3974\"><strong data-start=\"3907\" data-end=\"3934\">Vetenskapligt verifierad<\/strong> Selektiv androgenreceptormodulator<\/p>\n<\/li>\n<\/ul>\n<hr data-start=\"3976\" data-end=\"3979\" \/>\n<h3 data-start=\"3981\" data-end=\"4013\"><strong data-start=\"3985\" data-end=\"4013\">Till\u00e4mpningar inom forskning<\/strong><\/h3>\n<p data-start=\"4014\" data-end=\"4092\"><strong data-start=\"4014\" data-end=\"4045\">LGD-4033 Ligandrol pulver<\/strong> forts\u00e4tter att studeras i laboratorier f\u00f6r:<\/p>\n<ul data-start=\"4093\" data-end=\"4277\">\n<li data-start=\"4093\" data-end=\"4137\">\n<p data-start=\"4095\" data-end=\"4137\"><strong data-start=\"4095\" data-end=\"4135\">Modeller f\u00f6r muskelf\u00f6rtvining och sarkopeni<\/strong><\/p>\n<\/li>\n<li data-start=\"4138\" data-end=\"4183\">\n<p data-start=\"4140\" data-end=\"4183\"><strong data-start=\"4140\" data-end=\"4181\">Osteoporos- och bent\u00e4thetsstudier<\/strong><\/p>\n<\/li>\n<li data-start=\"4184\" data-end=\"4226\">\n<p data-start=\"4186\" data-end=\"4226\"><strong data-start=\"4186\" data-end=\"4224\">Mekanismer f\u00f6r prestationsf\u00f6rb\u00e4ttring<\/strong><\/p>\n<\/li>\n<li data-start=\"4227\" data-end=\"4277\">\n<p data-start=\"4229\" data-end=\"4277\"><strong data-start=\"4229\" data-end=\"4275\">Forskning om fettmetabolism och energibalans<\/strong><\/p>\n<\/li>\n<\/ul>\n<p data-start=\"4279\" data-end=\"4436\"><strong data-start=\"4279\" data-end=\"4288\">Obs!<\/strong> Denna produkt s\u00e4ljs endast f\u00f6r <strong data-start=\"4323\" data-end=\"4375\">endast f\u00f6r laboratorie- och vetenskapliga forsknings\u00e4ndam\u00e5l<\/strong>. Det \u00e4r <strong data-start=\"4383\" data-end=\"4435\">inte godk\u00e4nd f\u00f6r anv\u00e4ndning som livsmedel eller veterin\u00e4rmedicinsk produkt<\/strong>.<\/p>\n<hr data-start=\"4438\" data-end=\"4441\" \/>\n<h3 data-start=\"4443\" data-end=\"4471\"><strong data-start=\"4447\" data-end=\"4471\">F\u00f6rvaring och hantering<\/strong><\/h3>\n<ul data-start=\"4472\" data-end=\"4648\">\n<li data-start=\"4472\" data-end=\"4534\">\n<p data-start=\"4474\" data-end=\"4534\">F\u00f6rvara i en <strong data-start=\"4485\" data-end=\"4504\">sval, torr plats<\/strong>, skyddas fr\u00e5n direkt solljus.<\/p>\n<\/li>\n<li data-start=\"4535\" data-end=\"4584\">\n<p data-start=\"4537\" data-end=\"4584\">H\u00e5ll beh\u00e5llaren v\u00e4l tillsluten efter varje anv\u00e4ndning.<\/p>\n<\/li>\n<li data-start=\"4585\" data-end=\"4648\">\n<p data-start=\"4587\" data-end=\"4648\">Endast f\u00f6r laboratorieforskning - hantera med l\u00e4mplig personlig skyddsutrustning.<\/p>\n<\/li>\n<\/ul>\n<hr data-start=\"4650\" data-end=\"4653\" \/>\n<h3 data-start=\"4766\" data-end=\"4809\"><\/h3>\n<p data-start=\"4987\" data-end=\"5014\">","protected":false},"excerpt":{"rendered":"<p>K\u00f6p LGD-4033 Ligandrol-pulver med h\u00f6g renhet f\u00f6r SARMs-forskning. Perfekt f\u00f6r studier om muskeltillv\u00e4xt, fettf\u00f6rlust och anabolisk aktivitet. 98% renhet, snabb frakt.<\/p>","protected":false},"featured_media":1760,"comment_status":"open","ping_status":"closed","template":"","meta":[],"product_brand":[],"product_cat":[391],"product_tag":[935,944,934,949,945,938,933,932,943,691,939,682,704,693,666,670,683,675,685,697,688,677,690,680,687,672,679,660,703,658,931,674,665,681,671,676,694,698,701,659,689,669,662,667,684,700,668,692,696,699,702,663,673,695,686,678,940,937,948,664,282,936,661,946,947,942,941],"class_list":{"0":"post-1759","1":"product","2":"type-product","3":"status-publish","4":"has-post-thumbnail","6":"product_cat-peptides","7":"product_tag-aas-poland","8":"product_tag-aas-raw-materials-australia","9":"product_tag-aas-raws","10":"product_tag-anabolic-steroid-manufacturer-canada","11":"product_tag-anabolic-steroid-powders-online","12":"product_tag-best-steroid-powder-supplier-usa","13":"product_tag-buy-aas-raws-online","14":"product_tag-buy-raw-steroid-powders-online","15":"product_tag-buy-raw-steroids-china","16":"product_tag-china-steroid-powder-supplier","17":"product_tag-high-purity-anabolic-steroids-canada","18":"product_tag-lgd-4033-australia","19":"product_tag-lgd-4033-bodybuilding","20":"product_tag-lgd-4033-brazil","21":"product_tag-lgd-4033-cycle","22":"product_tag-lgd-4033-dosage","23":"product_tag-lgd-4033-factory","24":"product_tag-lgd-4033-for-sale","25":"product_tag-lgd-4033-formula","26":"product_tag-lgd-4033-libido","27":"product_tag-lgd-4033-online","28":"product_tag-lgd-4033-powder","29":"product_tag-lgd-4033-recipe","30":"product_tag-lgd-4033-reviews","31":"product_tag-ligandrol","32":"product_tag-mk-2866","33":"product_tag-oral-sarms","34":"product_tag-peptide","35":"product_tag-peptide-hormone","36":"product_tag-raw-sarms-powders-sarms-liquid","37":"product_tag-raw-steroids-for-sale","38":"product_tag-sarm-receptor","39":"product_tag-sarms","40":"product_tag-sarms-australia","41":"product_tag-sarms-brazil","42":"product_tag-sarms-canada","43":"product_tag-sarms-cycle","44":"product_tag-sarms-for-sale","45":"product_tag-sarms-hormone","46":"product_tag-sarms-liquid-vs-pills","47":"product_tag-sarms-pills","48":"product_tag-sarms-powder","49":"product_tag-sarms-steroid","50":"product_tag-sarms-uk","51":"product_tag-selective-androgen-receptor-modulators","52":"product_tag-ssteroid-hormone","53":"product_tag-steroid-cream","54":"product_tag-steroid-injection","55":"product_tag-steroid-liquid","56":"product_tag-steroid-liquid-oral","57":"product_tag-steroid-oral","58":"product_tag-steroid-powder","59":"product_tag-steroid-powder-canada","60":"product_tag-steroid-powder-conversion-recipe","61":"product_tag-steroid-powder-price","62":"product_tag-steroid-powder-uk","63":"product_tag-steroid-raw-material-factory-europe","64":"product_tag-steroid-raws-online","65":"product_tag-steroid-raws-supplier-florida","66":"product_tag-steroid-semi-finished-liquid","67":"product_tag-steroids","68":"product_tag-supplier-usa","69":"product_tag-synthetic-steroid-lgd-4033","70":"product_tag-testosterone-raw-powder-poland","71":"product_tag-trenbolone-powder-thailand","72":"product_tag-trusted-steroid-raw-supplier-worldwide","73":"product_tag-wholesale-steroid-powders-australia","75":"first","76":"instock","77":"shipping-taxable","78":"product-type-simple"},"_links":{"self":[{"href":"https:\/\/shgotopharm.com\/sv\/wp-json\/wp\/v2\/product\/1759","targetHints":{"allow":["GET"]}}],"collection":[{"href":"https:\/\/shgotopharm.com\/sv\/wp-json\/wp\/v2\/product"}],"about":[{"href":"https:\/\/shgotopharm.com\/sv\/wp-json\/wp\/v2\/types\/product"}],"replies":[{"embeddable":true,"href":"https:\/\/shgotopharm.com\/sv\/wp-json\/wp\/v2\/comments?post=1759"}],"wp:featuredmedia":[{"embeddable":true,"href":"https:\/\/shgotopharm.com\/sv\/wp-json\/wp\/v2\/media\/1760"}],"wp:attachment":[{"href":"https:\/\/shgotopharm.com\/sv\/wp-json\/wp\/v2\/media?parent=1759"}],"wp:term":[{"taxonomy":"product_brand","embeddable":true,"href":"https:\/\/shgotopharm.com\/sv\/wp-json\/wp\/v2\/product_brand?post=1759"},{"taxonomy":"product_cat","embeddable":true,"href":"https:\/\/shgotopharm.com\/sv\/wp-json\/wp\/v2\/product_cat?post=1759"},{"taxonomy":"product_tag","embeddable":true,"href":"https:\/\/shgotopharm.com\/sv\/wp-json\/wp\/v2\/product_tag?post=1759"}],"curies":[{"name":"wp","href":"https:\/\/api.w.org\/{rel}","templated":true}]}}