{"id":1765,"date":"2025-10-30T17:09:46","date_gmt":"2025-10-30T17:09:46","guid":{"rendered":"https:\/\/shgotopharm.com\/?post_type=product&#038;p=1765"},"modified":"2025-12-13T09:53:32","modified_gmt":"2025-12-13T09:53:32","slug":"jintropin-100iu-hgh","status":"publish","type":"product","link":"https:\/\/shgotopharm.com\/sv\/product\/jintropin-100iu-hgh\/","title":{"rendered":"Jintropin 100iu HGH"},"content":{"rendered":"<h1 class=\"product_h2\">Jintropin 100iu HGH<\/h1>\n<h3 data-start=\"488\" data-end=\"512\"><strong data-start=\"492\" data-end=\"512\">Produkt\u00f6versikt<\/strong><\/h3>\n<p data-start=\"513\" data-end=\"864\">V\u00e5r Jintropin 100iu HGH<strong data-start=\"517\" data-end=\"568\">\u00a0Humant tillv\u00e4xthormon<\/strong> \u00e4r en premiumklassad <strong data-start=\"588\" data-end=\"611\">Rekombinant peptid<\/strong> erbjuds i <strong data-start=\"623\" data-end=\"647\">bulk om\u00e4rkt form<\/strong> f\u00f6r laboratorie- och l\u00e4kemedelsforsknings\u00e4ndam\u00e5l.<br data-start=\"700\" data-end=\"703\" \/>Detta <strong data-start=\"708\" data-end=\"736\">frystorkat vitt pulver<\/strong> demonstrerar <strong data-start=\"750\" data-end=\"764\">99% renhet<\/strong>, vilket garanterar j\u00e4mn kvalitet och tillf\u00f6rlitlighet f\u00f6r avancerade biologiska och farmakologiska studier.<\/p>\n<hr data-start=\"866\" data-end=\"869\" \/>\n<h3 data-start=\"871\" data-end=\"901\"><strong data-start=\"875\" data-end=\"901\">Produktspecifikationer<\/strong><\/h3>\n<div class=\"_tableContainer_1rjym_1\">\n<div class=\"group _tableWrapper_1rjym_13 flex w-fit flex-col-reverse\" tabindex=\"-1\">\n<table class=\"w-fit min-w-(--thread-content-width)\" data-start=\"902\" data-end=\"1366\">\n<thead data-start=\"902\" data-end=\"933\">\n<tr data-start=\"902\" data-end=\"933\">\n<th data-start=\"902\" data-end=\"918\" data-col-size=\"sm\"><strong data-start=\"904\" data-end=\"917\">Parameter<\/strong><\/th>\n<th data-start=\"918\" data-end=\"933\" data-col-size=\"sm\"><strong data-start=\"920\" data-end=\"931\">Detaljer<\/strong><\/th>\n<\/tr>\n<\/thead>\n<tbody data-start=\"967\" data-end=\"1366\">\n<tr data-start=\"967\" data-end=\"1026\">\n<td data-start=\"967\" data-end=\"986\" data-col-size=\"sm\"><strong data-start=\"969\" data-end=\"985\">Produktens namn<\/strong><\/td>\n<td data-start=\"986\" data-end=\"1026\" data-col-size=\"sm\">Jintropin 100iu HGH<\/td>\n<\/tr>\n<tr data-start=\"1027\" data-end=\"1047\">\n<td data-start=\"1027\" data-end=\"1040\" data-col-size=\"sm\"><strong data-start=\"1029\" data-end=\"1039\">Renhet<\/strong><\/td>\n<td data-start=\"1040\" data-end=\"1047\" data-col-size=\"sm\">99%<\/td>\n<\/tr>\n<tr data-start=\"1048\" data-end=\"1070\">\n<td data-start=\"1048\" data-end=\"1061\" data-col-size=\"sm\"><strong data-start=\"1050\" data-end=\"1060\">Ursprung<\/strong><\/td>\n<td data-start=\"1061\" data-end=\"1070\" data-col-size=\"sm\">Kina<\/td>\n<\/tr>\n<tr data-start=\"1071\" data-end=\"1122\">\n<td data-start=\"1071\" data-end=\"1082\" data-col-size=\"sm\"><strong data-start=\"1073\" data-end=\"1081\">Typ<\/strong><\/td>\n<td data-start=\"1082\" data-end=\"1122\" data-col-size=\"sm\">Vitaminer, aminosyror och co-enzymer<\/td>\n<\/tr>\n<tr data-start=\"1123\" data-end=\"1179\">\n<td data-start=\"1123\" data-end=\"1144\" data-col-size=\"sm\"><strong data-start=\"1125\" data-end=\"1143\">Betyg Standard<\/strong><\/td>\n<td data-start=\"1144\" data-end=\"1179\" data-col-size=\"sm\">Farmaceutisk \/ medicinsk kvalitet<\/td>\n<\/tr>\n<tr data-start=\"1180\" data-end=\"1227\">\n<td data-start=\"1180\" data-end=\"1204\" data-col-size=\"sm\"><strong data-start=\"1182\" data-end=\"1203\">Analys Standard<\/strong><\/td>\n<td data-start=\"1204\" data-end=\"1227\" data-col-size=\"sm\">Enterprise Standard<\/td>\n<\/tr>\n<tr data-start=\"1228\" data-end=\"1273\">\n<td data-start=\"1228\" data-end=\"1245\" data-col-size=\"sm\"><strong data-start=\"1230\" data-end=\"1244\">Utseende<\/strong><\/td>\n<td data-start=\"1245\" data-end=\"1273\" data-col-size=\"sm\">Vitt frystorkat pulver<\/td>\n<\/tr>\n<tr data-start=\"1274\" data-end=\"1315\">\n<td data-start=\"1274\" data-end=\"1291\" data-col-size=\"sm\"><strong data-start=\"1276\" data-end=\"1290\">EINECS-nr.<\/strong><\/td>\n<td data-start=\"1291\" data-end=\"1315\" data-col-size=\"sm\">Tillg\u00e4nglig p\u00e5 beg\u00e4ran<\/td>\n<\/tr>\n<tr data-start=\"1316\" data-end=\"1366\">\n<td data-start=\"1316\" data-end=\"1340\" data-col-size=\"sm\"><strong data-start=\"1318\" data-end=\"1339\">F\u00f6rvaringsf\u00f6rh\u00e5llanden<\/strong><\/td>\n<td data-start=\"1340\" data-end=\"1366\" data-col-size=\"sm\">2-8\u00b0C, skyddas fr\u00e5n ljus<\/td>\n<\/tr>\n<\/tbody>\n<\/table>\n<\/div>\n<\/div>\n<hr data-start=\"1368\" data-end=\"1371\" \/>\n<h3 data-start=\"1373\" data-end=\"1392\"><strong data-start=\"1377\" data-end=\"1392\">Beskrivning<\/strong><\/h3>\n<p data-start=\"1393\" data-end=\"1764\">Jintropin 100iu HGH, \u00e4ven k\u00e4nd som <strong data-start=\"1439\" data-end=\"1453\">Somatropin<\/strong>, \u00e4r ett peptidhormon som produceras naturligt av <strong data-start=\"1502\" data-end=\"1521\">hypofysen<\/strong>.<br data-start=\"1522\" data-end=\"1525\" \/>V\u00e5r <strong data-start=\"1529\" data-end=\"1546\">HGH Bl\u00e5 toppar<\/strong> \u00e4r formulerade f\u00f6r <strong data-start=\"1566\" data-end=\"1591\">forskningsapplikationer<\/strong>, som erbjuder en bioidentisk sekvens till endogent HGH. Det anv\u00e4nds fr\u00e4mst i studier relaterade till <strong data-start=\"1689\" data-end=\"1751\">muskeltillv\u00e4xt, \u00e4mnesoms\u00e4ttning, cellul\u00e4r reparation och anti-aging<\/strong> funktioner.<\/p>\n<p data-start=\"1766\" data-end=\"1971\">Detta tillv\u00e4xthormon verkar genom stimulering av <strong data-start=\"1814\" data-end=\"1854\">IGF-1 (insulinliknande tillv\u00e4xtfaktor-1)<\/strong> som spelar en viktig roll i utvecklingen av <strong data-start=\"1892\" data-end=\"1915\">v\u00e4vnadsregenerering<\/strong>, <strong data-start=\"1917\" data-end=\"1939\">muskelutveckling<\/strong>, och <strong data-start=\"1945\" data-end=\"1970\">metabolisk f\u00f6rb\u00e4ttring<\/strong>.<\/p>\n<hr data-start=\"1973\" data-end=\"1976\" \/>\n<h3 data-start=\"1978\" data-end=\"2014\"><strong data-start=\"1982\" data-end=\"2014\">Viktiga f\u00f6rdelar med Jintropin 100iu HGH<\/strong><\/h3>\n<p data-start=\"2015\" data-end=\"2135\">Forskningsstudier tyder p\u00e5 att <strong data-start=\"2045\" data-end=\"2062\">HGH Bl\u00e5 toppar<\/strong> kan bidra till f\u00f6ljande fysiologiska och cellul\u00e4ra f\u00f6rb\u00e4ttringar:<\/p>\n<ul data-start=\"2137\" data-end=\"2831\">\n<li data-start=\"2137\" data-end=\"2205\">\n<p data-start=\"2139\" data-end=\"2205\">Minskning i <strong data-start=\"2152\" data-end=\"2203\">celluliter, rynkor och synliga tecken p\u00e5 \u00e5ldrande<\/strong><\/p>\n<\/li>\n<li data-start=\"2206\" data-end=\"2286\">\n<p data-start=\"2208\" data-end=\"2286\">St\u00f6d f\u00f6r <strong data-start=\"2220\" data-end=\"2235\">muskeltillv\u00e4xt<\/strong>, <strong data-start=\"2237\" data-end=\"2249\">fettf\u00f6rbr\u00e4nning<\/strong>, och <strong data-start=\"2255\" data-end=\"2284\">f\u00f6rb\u00e4ttrad kroppssammans\u00e4ttning<\/strong><\/p>\n<\/li>\n<li data-start=\"2287\" data-end=\"2347\">\n<p data-start=\"2289\" data-end=\"2347\">F\u00f6rb\u00e4ttrad <strong data-start=\"2298\" data-end=\"2315\">sexuell h\u00e4lsa<\/strong>, <strong data-start=\"2317\" data-end=\"2327\">libido<\/strong>, och <strong data-start=\"2333\" data-end=\"2345\">livskraft<\/strong><\/p>\n<\/li>\n<li data-start=\"2348\" data-end=\"2415\">\n<p data-start=\"2350\" data-end=\"2415\">Marknadsf\u00f6ring av <strong data-start=\"2363\" data-end=\"2390\">djup, \u00e5terh\u00e4mtande s\u00f6mn<\/strong> och <strong data-start=\"2395\" data-end=\"2413\">hum\u00f6rstabilitet<\/strong><\/p>\n<\/li>\n<li data-start=\"2416\" data-end=\"2485\">\n<p data-start=\"2418\" data-end=\"2485\">Stimulering av <strong data-start=\"2433\" data-end=\"2450\">\u00e5terv\u00e4xt av h\u00e5r<\/strong> och \u00e5terst\u00e4llande av naturlig f\u00e4rg<\/p>\n<\/li>\n<li data-start=\"2486\" data-end=\"2547\">\n<p data-start=\"2488\" data-end=\"2547\">M\u00e4rkbar \u00f6kning av <strong data-start=\"2511\" data-end=\"2545\">energi, stamina och uth\u00e5llighet<\/strong><\/p>\n<\/li>\n<li data-start=\"2548\" data-end=\"2603\">\n<p data-start=\"2550\" data-end=\"2603\">F\u00f6rb\u00e4ttrad <strong data-start=\"2559\" data-end=\"2601\">minne, fokus och kognitiv vakenhet<\/strong><\/p>\n<\/li>\n<li data-start=\"2604\" data-end=\"2690\">\n<p data-start=\"2606\" data-end=\"2690\">St\u00f6d f\u00f6r <strong data-start=\"2618\" data-end=\"2634\">bent\u00e4thet<\/strong>, <strong data-start=\"2636\" data-end=\"2652\">ledh\u00e4lsa<\/strong>, och <strong data-start=\"2658\" data-end=\"2688\">\u00e5terh\u00e4mtning av bindv\u00e4v<\/strong><\/p>\n<\/li>\n<li data-start=\"2691\" data-end=\"2777\">\n<p data-start=\"2693\" data-end=\"2777\">F\u00f6rb\u00e4ttring i <strong data-start=\"2708\" data-end=\"2730\">kolesterolniv\u00e5er<\/strong>, <strong data-start=\"2732\" data-end=\"2750\">blodtryck<\/strong>, och <strong data-start=\"2756\" data-end=\"2775\">immunf\u00f6rsvarets funktion<\/strong><\/p>\n<\/li>\n<li data-start=\"2778\" data-end=\"2831\">\n<p data-start=\"2780\" data-end=\"2831\">Accelererad <strong data-start=\"2792\" data-end=\"2829\">\u00e5terh\u00e4mtning fr\u00e5n skador eller tr\u00f6tthet<\/strong><\/p>\n<\/li>\n<\/ul>\n<blockquote data-start=\"2833\" data-end=\"2992\">\n<p data-start=\"2835\" data-end=\"2992\"><strong data-start=\"2835\" data-end=\"2844\">Obs!<\/strong> Alla ovanst\u00e5ende f\u00f6rm\u00e5ner \u00e4r baserade p\u00e5 l\u00f6pande <strong data-start=\"2885\" data-end=\"2921\">klinisk forskning och laboratorieforskning<\/strong>. Denna produkt \u00e4r <strong data-start=\"2939\" data-end=\"2991\">inte avsedd f\u00f6r m\u00e4nsklig eller veterin\u00e4r konsumtion<\/strong>.<\/p>\n<\/blockquote>\n<hr data-start=\"2994\" data-end=\"2997\" \/>\n<h3 data-start=\"2999\" data-end=\"3019\"><strong data-start=\"3003\" data-end=\"3019\">Till\u00e4mpningar av Jintropin 100iu HGH<\/strong><\/h3>\n<p data-start=\"3020\" data-end=\"3090\">Jintropin 100iu HGH studeras i stor utstr\u00e4ckning f\u00f6r deras potentiella effekter i:<\/p>\n<ul data-start=\"3091\" data-end=\"3303\">\n<li data-start=\"3091\" data-end=\"3131\">\n<p data-start=\"3093\" data-end=\"3131\"><strong data-start=\"3093\" data-end=\"3129\">Endokrin och metabolisk forskning<\/strong><\/p>\n<\/li>\n<li data-start=\"3132\" data-end=\"3170\">\n<p data-start=\"3134\" data-end=\"3170\"><strong data-start=\"3134\" data-end=\"3168\">Studier av tillv\u00e4xt och utveckling<\/strong><\/p>\n<\/li>\n<li data-start=\"3171\" data-end=\"3214\">\n<p data-start=\"3173\" data-end=\"3214\"><strong data-start=\"3173\" data-end=\"3212\">V\u00e4vnadsreparation och cellregenerering<\/strong><\/p>\n<\/li>\n<li data-start=\"3215\" data-end=\"3255\">\n<p data-start=\"3217\" data-end=\"3255\"><strong data-start=\"3217\" data-end=\"3253\">Forskning om anti-aging och vitalitet<\/strong><\/p>\n<\/li>\n<li data-start=\"3256\" data-end=\"3303\">\n<p data-start=\"3258\" data-end=\"3303\"><strong data-start=\"3258\" data-end=\"3303\">Studier av idrottslig prestation och \u00e5terh\u00e4mtning<\/strong><\/p>\n<\/li>\n<\/ul>\n<p data-start=\"3305\" data-end=\"3518\">Dessutom har humant tillv\u00e4xthormon observerats f\u00f6r att <strong data-start=\"3360\" data-end=\"3395\">\u00f6ka styrkan i ben och organ<\/strong>, <strong data-start=\"3397\" data-end=\"3422\">st\u00f6dja sentillv\u00e4xt<\/strong>, och <strong data-start=\"3428\" data-end=\"3460\">stimulera kollagensyntesen<\/strong> - viktiga aspekter av ungdomlig cellul\u00e4r funktion och \u00e5terh\u00e4mtning.<\/p>\n<hr data-start=\"3520\" data-end=\"3523\" \/>\n<h3 data-start=\"3525\" data-end=\"3545\"><strong data-start=\"3529\" data-end=\"3545\">Hur det fungerar Jintropin 100iu HGH<\/strong><\/h3>\n<p data-start=\"3546\" data-end=\"3867\">HGH fungerar genom att binda till specifika <strong data-start=\"3583\" data-end=\"3611\">tillv\u00e4xthormonreceptorer<\/strong>, vilket utl\u00f6ste frisl\u00e4ppandet av <strong data-start=\"3639\" data-end=\"3648\">IGF-1<\/strong>, en kraftfull anabol mediator.<br data-start=\"3679\" data-end=\"3682\" \/>Genom denna mekanism hj\u00e4lper HGH <strong data-start=\"3716\" data-end=\"3737\">bygga magra muskler<\/strong>, <strong data-start=\"3739\" data-end=\"3764\">minska fettv\u00e4vnaden<\/strong>, och <strong data-start=\"3770\" data-end=\"3804\">\u00e5terst\u00e4lla fysiologisk vitalitet<\/strong> genom att f\u00f6rb\u00e4ttra den metaboliska effektiviteten och cellf\u00f6ryngringen.<\/p>\n<hr data-start=\"3869\" data-end=\"3872\" \/>\n<h3 data-start=\"3874\" data-end=\"3902\"><strong data-start=\"3878\" data-end=\"3902\">Instruktioner f\u00f6r f\u00f6rvaring<\/strong><\/h3>\n<ul data-start=\"3903\" data-end=\"4172\">\n<li data-start=\"3903\" data-end=\"3960\">\n<p data-start=\"3905\" data-end=\"3960\">F\u00f6rvara mellan <strong data-start=\"3919\" data-end=\"3928\">2-8\u00b0C<\/strong>, skyddad fr\u00e5n direkt ljus.<\/p>\n<\/li>\n<li data-start=\"3961\" data-end=\"4022\">\n<p data-start=\"3963\" data-end=\"4022\">F\u00f6rvara f\u00f6rseglat p\u00e5 en sval, torr plats f\u00f6re rekonstituering.<\/p>\n<\/li>\n<li data-start=\"4023\" data-end=\"4099\">\n<p data-start=\"4025\" data-end=\"4099\">I kylsk\u00e5p h\u00e5ller sig produkten stabil fram till utg\u00e5ngsdatumet.<\/p>\n<\/li>\n<li data-start=\"4100\" data-end=\"4172\">\n<p data-start=\"4102\" data-end=\"4172\">Undvik exponering f\u00f6r temperaturer \u00f6ver <strong data-start=\"4139\" data-end=\"4147\">30\u00b0C<\/strong> f\u00f6r att bevara integriteten.<\/p>\n<\/li>\n<\/ul>\n<hr data-start=\"4174\" data-end=\"4177\" \/>\n<h3 data-start=\"4179\" data-end=\"4197\"><strong data-start=\"4183\" data-end=\"4197\">Ansvarsfriskrivning<\/strong><\/h3>\n<p data-start=\"4198\" data-end=\"4376\">Detta <strong data-start=\"4203\" data-end=\"4254\">H\u00f6gkvalitativ HGH Blue Tops Human Growth Hormone<\/strong> \u00e4r s\u00e5ld <strong data-start=\"4263\" data-end=\"4312\">endast f\u00f6r laboratorie- och forsknings\u00e4ndam\u00e5l<\/strong>.<br data-start=\"4313\" data-end=\"4316\" \/>Det \u00e4r <strong data-start=\"4322\" data-end=\"4373\">inte godk\u00e4nd f\u00f6r administrering till m\u00e4nniskor eller djur<\/strong>.<\/p>\n<hr data-start=\"4378\" data-end=\"4381\" \/>\n<h3 data-start=\"4383\" data-end=\"4419\"><strong data-start=\"4387\" data-end=\"4417\">Metatitel (70 tecken)<\/strong><\/h3>\n<p data-start=\"4420\" data-end=\"4492\">H\u00f6gkvalitativ HGH Blue Tops Human Growth Hormone 99% Renhet | Bulkf\u00f6rs\u00e4ljning<\/p>\n<h3 data-start=\"4494\" data-end=\"4537\"><strong data-start=\"4498\" data-end=\"4535\">Metabeskrivning (160 tecken)<\/strong><\/h3>\n<p data-start=\"4538\" data-end=\"4688\">K\u00f6p premium HGH Blue Tops Human Growth Hormone (99% renhet) f\u00f6r forskning. Farmaceutisk kvalitet, om\u00e4rkt bulk lyofiliserat pulver tillg\u00e4ngligt online.<\/p>\n<h3 data-start=\"4690\" data-end=\"4727\"><strong data-start=\"4694\" data-end=\"4725\">Fokusera s\u00f6kord f\u00f6r RankMath:<\/strong><\/h3>","protected":false},"excerpt":{"rendered":"<p>Jintropin 100iu HGH Product Overview Our Jintropin 100iu HGH\u00a0Human Growth Hormone is a premium-grade recombinant peptide offered in bulk unlabelled form for laboratory and pharmaceutical research purposes.This lyophilized white powder demonstrates 99% purity, ensuring consistent quality and reliability for advanced biological and pharmacological studies. Product Specifications Parameter Details Product Name Jintropin 100iu HGH Purity 99% [&hellip;]<\/p>\n","protected":false},"featured_media":1766,"comment_status":"open","ping_status":"closed","template":"","meta":[],"product_brand":[],"product_cat":[391],"product_tag":[752,935,944,934,949,945,938,933,932,943,751,753,748,749,939,750,931,940,937,948,936,946,947,942,941],"class_list":{"0":"post-1765","1":"product","2":"type-product","3":"status-publish","4":"has-post-thumbnail","6":"product_cat-peptides","7":"product_tag-10iu-blue-tops-hgh-unlabelled-bulk-whlosale","8":"product_tag-aas-poland","9":"product_tag-aas-raw-materials-australia","10":"product_tag-aas-raws","11":"product_tag-anabolic-steroid-manufacturer-canada","12":"product_tag-anabolic-steroid-powders-online","13":"product_tag-best-steroid-powder-supplier-usa","14":"product_tag-buy-aas-raws-online","15":"product_tag-buy-raw-steroid-powders-online","16":"product_tag-buy-raw-steroids-china","17":"product_tag-growth-hormone-bulk-buy-china","18":"product_tag-hgh-191aa-for-sale-china","19":"product_tag-hgh-unlabelled-bulk-buy-china","20":"product_tag-hgh-vials-bulk-wholesale","21":"product_tag-high-purity-anabolic-steroids-canada","22":"product_tag-pure-hgh-unlabelled-for-sale","23":"product_tag-raw-steroids-for-sale","24":"product_tag-steroid-raw-material-factory-europe","25":"product_tag-steroid-raws-online","26":"product_tag-steroid-raws-supplier-florida","27":"product_tag-supplier-usa","28":"product_tag-testosterone-raw-powder-poland","29":"product_tag-trenbolone-powder-thailand","30":"product_tag-trusted-steroid-raw-supplier-worldwide","31":"product_tag-wholesale-steroid-powders-australia","33":"first","34":"instock","35":"shipping-taxable","36":"product-type-simple"},"_links":{"self":[{"href":"https:\/\/shgotopharm.com\/sv\/wp-json\/wp\/v2\/product\/1765","targetHints":{"allow":["GET"]}}],"collection":[{"href":"https:\/\/shgotopharm.com\/sv\/wp-json\/wp\/v2\/product"}],"about":[{"href":"https:\/\/shgotopharm.com\/sv\/wp-json\/wp\/v2\/types\/product"}],"replies":[{"embeddable":true,"href":"https:\/\/shgotopharm.com\/sv\/wp-json\/wp\/v2\/comments?post=1765"}],"wp:featuredmedia":[{"embeddable":true,"href":"https:\/\/shgotopharm.com\/sv\/wp-json\/wp\/v2\/media\/1766"}],"wp:attachment":[{"href":"https:\/\/shgotopharm.com\/sv\/wp-json\/wp\/v2\/media?parent=1765"}],"wp:term":[{"taxonomy":"product_brand","embeddable":true,"href":"https:\/\/shgotopharm.com\/sv\/wp-json\/wp\/v2\/product_brand?post=1765"},{"taxonomy":"product_cat","embeddable":true,"href":"https:\/\/shgotopharm.com\/sv\/wp-json\/wp\/v2\/product_cat?post=1765"},{"taxonomy":"product_tag","embeddable":true,"href":"https:\/\/shgotopharm.com\/sv\/wp-json\/wp\/v2\/product_tag?post=1765"}],"curies":[{"name":"wp","href":"https:\/\/api.w.org\/{rel}","templated":true}]}}