{"id":1772,"date":"2025-11-05T01:02:32","date_gmt":"2025-11-05T01:02:32","guid":{"rendered":"https:\/\/shgotopharm.com\/?post_type=product&#038;p=1772"},"modified":"2025-11-10T10:05:02","modified_gmt":"2025-11-10T10:05:02","slug":"raw-drostanolone-propionate-masteron","status":"publish","type":"product","link":"https:\/\/shgotopharm.com\/sv\/product\/raw-drostanolone-propionate-masteron\/","title":{"rendered":"R\u00e5 Drostanolone Propionate Masteron"},"content":{"rendered":"<h2><a href=\"https:\/\/shgotopharm.com\/sv\/product\/raw-drostanolone-propionate-masteron\/\"><strong data-start=\"263\" data-end=\"303\">R\u00e5 Drostanolone Propionate Masteron<\/strong><\/a><\/h2>\n<p data-start=\"305\" data-end=\"649\"><strong data-start=\"305\" data-end=\"345\">R\u00e5 Drostanolone Propionate Masteron<\/strong> \u00e4r en anabol steroid av h\u00f6gsta kvalitet som \u00e4r allm\u00e4nt erk\u00e4nd f\u00f6r sin f\u00f6rm\u00e5ga att f\u00f6rb\u00e4ttra muskelh\u00e5rdhet, densitet och definition. Ursprungligen utvecklad f\u00f6r medicinskt bruk, har det blivit en favorit bland idrottare och konkurrenskraftiga kroppsbyggare som syftar till att beh\u00e5lla styrka samtidigt minska kroppsfett och vattenretention.<\/p>\n<p data-start=\"651\" data-end=\"1015\">Denna f\u00f6rening \u00e4r s\u00e4rskilt f\u00f6rdelaktig f\u00f6r <strong data-start=\"694\" data-end=\"741\">l\u00f6pare, fighters och prestationsidrottare<\/strong> som beh\u00f6ver bibeh\u00e5lla toppstyrka och kraft utan att g\u00e5 upp i \u00f6vervikt. Inom bodybuilding-samh\u00e4llet, <strong data-start=\"853\" data-end=\"880\">Drostanolonpropionat<\/strong> \u00e4r beundrad f\u00f6r sin <strong data-start=\"900\" data-end=\"941\">v\u00e4tskedrivande och kroppsformande effekter<\/strong>, och hj\u00e4lper anv\u00e4ndarna att f\u00e5 ett smalt, torrt och v\u00e4ldefinierat utseende p\u00e5 scenen.<\/p>\n<hr data-start=\"1017\" data-end=\"1020\" \/>\n<h3 data-start=\"1022\" data-end=\"1080\"><strong data-start=\"1025\" data-end=\"1080\">R\u00e5 Drostanolone Propionate Masteron Specifikationer<\/strong><\/h3>\n<ul data-start=\"1082\" data-end=\"1276\">\n<li data-start=\"1082\" data-end=\"1106\">\n<p data-start=\"1084\" data-end=\"1106\"><strong data-start=\"1084\" data-end=\"1095\">CAS ID:<\/strong> 521-12-0<\/p>\n<\/li>\n<li data-start=\"1107\" data-end=\"1128\">\n<p data-start=\"1109\" data-end=\"1128\"><strong data-start=\"1109\" data-end=\"1120\">Renhet:<\/strong> \u2265 99%<\/p>\n<\/li>\n<li data-start=\"1129\" data-end=\"1157\">\n<p data-start=\"1131\" data-end=\"1157\"><strong data-start=\"1131\" data-end=\"1145\">EINECS-nr<\/strong> 208-303-1<\/p>\n<\/li>\n<li data-start=\"1158\" data-end=\"1193\">\n<p data-start=\"1160\" data-end=\"1193\"><strong data-start=\"1160\" data-end=\"1182\">Molekyl\u00e4r formel:<\/strong> C\u2082\u2083H\u2083\u2086O\u2083<\/p>\n<\/li>\n<li data-start=\"1194\" data-end=\"1226\">\n<p data-start=\"1196\" data-end=\"1226\"><strong data-start=\"1196\" data-end=\"1217\">Molekylvikt:<\/strong> 360.53<\/p>\n<\/li>\n<li data-start=\"1227\" data-end=\"1276\">\n<p data-start=\"1229\" data-end=\"1276\"><strong data-start=\"1229\" data-end=\"1244\">Utseende:<\/strong> Vitt, fint kristallint pulver<\/p>\n<\/li>\n<\/ul>\n<p data-start=\"1278\" data-end=\"1464\">V\u00e5r <strong data-start=\"1282\" data-end=\"1329\">R\u00e5 Drostanolone Propionate Masteron pulver<\/strong> \u00e4r av h\u00f6g renhet och farmaceutisk kvalitet - perfekt f\u00f6r forskning, formulering eller avancerad beredning under experthandledning.<\/p>\n<hr data-start=\"1466\" data-end=\"1469\" \/>\n<h3 data-start=\"1471\" data-end=\"1502\"><strong data-start=\"1474\" data-end=\"1502\">Viktiga f\u00f6rdelar och effekter<\/strong><\/h3>\n<p data-start=\"1504\" data-end=\"1692\"><strong data-start=\"1504\" data-end=\"1531\">Drostanolonpropionat<\/strong> f\u00f6rb\u00e4ttrar muskeldefinition och densitet, vilket skapar ett skarpare, h\u00e5rdare utseende, s\u00e4rskilt hos idrottare med redan l\u00e5ga kroppsfettniv\u00e5er. N\u00e4r det anv\u00e4nds korrekt kan det:<\/p>\n<ul data-start=\"1694\" data-end=\"1919\">\n<li data-start=\"1694\" data-end=\"1742\">\n<p data-start=\"1696\" data-end=\"1742\"><strong data-start=\"1696\" data-end=\"1740\">\u00d6ka muskelh\u00e5rdheten och vaskulariteten<\/strong><\/p>\n<\/li>\n<li data-start=\"1743\" data-end=\"1787\">\n<p data-start=\"1745\" data-end=\"1787\"><strong data-start=\"1745\" data-end=\"1785\">F\u00f6rb\u00e4ttra styrkan utan att \u00f6ka omf\u00e5nget<\/strong><\/p>\n<\/li>\n<li data-start=\"1788\" data-end=\"1856\">\n<p data-start=\"1790\" data-end=\"1856\"><strong data-start=\"1790\" data-end=\"1854\">St\u00f6djer fettf\u00f6rbr\u00e4nning och f\u00f6rhindrar muskelnedbrytning under nedsk\u00e4rning<\/strong><\/p>\n<\/li>\n<li data-start=\"1857\" data-end=\"1919\">\n<p data-start=\"1859\" data-end=\"1919\"><strong data-start=\"1859\" data-end=\"1917\">Uppr\u00e4tth\u00e5lla eller f\u00f6rb\u00e4ttra prestationen i viktklassidrotter<\/strong><\/p>\n<\/li>\n<\/ul>\n<p data-start=\"1921\" data-end=\"2047\">Dessa egenskaper g\u00f6r <strong data-start=\"1943\" data-end=\"1983\">R\u00e5 Drostanolone Propionate Masteron<\/strong> ett preparat att anv\u00e4nda vid nedsk\u00e4rningscykler och f\u00f6re t\u00e4vlingar.<\/p>\n<hr data-start=\"2049\" data-end=\"2052\" \/>\n<h4 data-start=\"2054\" data-end=\"2087\"><strong data-start=\"2057\" data-end=\"2087\">Masteron-cykler f\u00f6r nyb\u00f6rjare<\/strong><\/h4>\n<p data-start=\"2089\" data-end=\"2309\">F\u00f6r nya anv\u00e4ndare rekommenderas det att injicera <strong data-start=\"2131\" data-end=\"2158\">Drostanolonpropionat<\/strong> <strong data-start=\"2159\" data-end=\"2178\">varannan dag<\/strong> p\u00e5 grund av dess kortare halveringstid. Alternativt, <strong data-start=\"2224\" data-end=\"2250\">Drostanolon Enanthate<\/strong> (den l\u00e4ngre esterversionen) kan injiceras tv\u00e5 g\u00e5nger i veckan.<\/p>\n<p data-start=\"2311\" data-end=\"2341\"><strong data-start=\"2311\" data-end=\"2339\">F\u00f6reslagen veckovis dosering:<\/strong><\/p>\n<ul data-start=\"2342\" data-end=\"2444\">\n<li data-start=\"2342\" data-end=\"2392\">\n<p data-start=\"2344\" data-end=\"2392\"><strong data-start=\"2344\" data-end=\"2368\">Masteron Propionate:<\/strong> Upp till 300 mg per vecka<\/p>\n<\/li>\n<li data-start=\"2393\" data-end=\"2444\">\n<p data-start=\"2395\" data-end=\"2444\"><strong data-start=\"2395\" data-end=\"2422\">Drostanolone Enanthate:<\/strong> 400-600 mg per vecka<\/p>\n<\/li>\n<\/ul>\n<p data-start=\"2446\" data-end=\"2510\">Cykelns l\u00e4ngd b\u00f6r inte \u00f6verstiga <strong data-start=\"2479\" data-end=\"2495\">4 till 6 veckor<\/strong> f\u00f6r nyb\u00f6rjare.<\/p>\n<hr data-start=\"2512\" data-end=\"2515\" \/>\n<h3 data-start=\"2517\" data-end=\"2561\"><strong data-start=\"2520\" data-end=\"2561\">Riktlinjer f\u00f6r dosering av Masteron Propionate<\/strong><\/h3>\n<ul data-start=\"2563\" data-end=\"2734\">\n<li data-start=\"2563\" data-end=\"2609\">\n<p data-start=\"2565\" data-end=\"2609\"><strong data-start=\"2565\" data-end=\"2592\">L\u00e4gsta effektiva dos:<\/strong> 100 mg per dag<\/p>\n<\/li>\n<li data-start=\"2610\" data-end=\"2665\">\n<p data-start=\"2612\" data-end=\"2665\"><strong data-start=\"2612\" data-end=\"2641\">Rekommenderat veckovis intervall:<\/strong> Upp till 600 mg per vecka<\/p>\n<\/li>\n<li data-start=\"2666\" data-end=\"2734\">\n<p data-start=\"2668\" data-end=\"2734\"><strong data-start=\"2668\" data-end=\"2692\">Injektionsfrekvens:<\/strong> Var 2-3:e dag (p\u00e5 grund av kort halveringstid)<\/p>\n<\/li>\n<\/ul>\n<p data-start=\"2736\" data-end=\"2859\">Medan <strong data-start=\"2742\" data-end=\"2765\">Masteron propionat<\/strong> rekommenderas vanligtvis inte f\u00f6r kvinnor, men vissa kvinnliga idrottare anv\u00e4nder l\u00e5ga doser f\u00f6re t\u00e4vlingar.<\/p>\n<ul data-start=\"2860\" data-end=\"2912\">\n<li data-start=\"2860\" data-end=\"2912\">\n<p data-start=\"2862\" data-end=\"2912\"><strong data-start=\"2862\" data-end=\"2888\">F\u00f6reslagen dos f\u00f6r kvinnor:<\/strong> 100 mg var 4-5:e dag<\/p>\n<\/li>\n<\/ul>\n<hr data-start=\"2914\" data-end=\"2917\" \/>\n<h4 data-start=\"2919\" data-end=\"2936\"><strong data-start=\"2922\" data-end=\"2936\">Slutsats<\/strong><\/h4>\n<p data-start=\"2938\" data-end=\"3324\"><strong data-start=\"2938\" data-end=\"2978\">R\u00e5 Drostanolone Propionate Masteron<\/strong> \u00e4r fortfarande en av de mest eftertraktade anabola f\u00f6reningarna f\u00f6r dem som str\u00e4var efter en mager, torr och t\u00e4vlingsberedd kroppsbyggnad. Dess kombination av <strong data-start=\"3118\" data-end=\"3143\">bevarande av styrka<\/strong>, <strong data-start=\"3145\" data-end=\"3165\">muskelh\u00e5rdnande<\/strong>, och <strong data-start=\"3171\" data-end=\"3199\">anti-\u00f6strogena f\u00f6rdelar<\/strong> g\u00f6r den till ett p\u00e5litligt val f\u00f6r b\u00e5de professionella kroppsbyggare och prestationsidrottare under nedtrappning eller f\u00f6re t\u00e4vling.<\/p>","protected":false},"excerpt":{"rendered":"<h2><a href=\"https:\/\/shgotopharm.com\/sv\/product\/raw-drostanolone-propionate-masteron\/\"><strong data-start=\"263\" data-end=\"303\">R\u00e5 Drostanolone Propionate Masteron<\/strong><\/a><\/h2>\n<p data-start=\"305\" data-end=\"649\"><strong data-start=\"305\" data-end=\"345\">R\u00e5 Drostanolone Propionate Masteron<\/strong> \u00e4r en anabol steroid av h\u00f6gsta kvalitet som \u00e4r allm\u00e4nt erk\u00e4nd f\u00f6r sin f\u00f6rm\u00e5ga att f\u00f6rb\u00e4ttra muskelh\u00e5rdhet, densitet och definition<\/p>","protected":false},"featured_media":1773,"comment_status":"open","ping_status":"closed","template":"","meta":[],"product_brand":[],"product_cat":[390],"product_tag":[935,944,934,949,945,788,938,933,790,793,787,932,943,771,939,777,765,769,783,774,778,780,792,791,795,794,785,773,789,770,766,781,772,775,767,786,784,768,779,782,776,931,940,937,948,936,946,947,942,941],"class_list":{"0":"post-1772","1":"product","2":"type-product","3":"status-publish","4":"has-post-thumbnail","6":"product_cat-oral-steroids","7":"product_tag-aas-poland","8":"product_tag-aas-raw-materials-australia","9":"product_tag-aas-raws","10":"product_tag-anabolic-steroid-manufacturer-canada","11":"product_tag-anabolic-steroid-powders-online","12":"product_tag-best-masteron-propionate-powder","13":"product_tag-best-steroid-powder-supplier-usa","14":"product_tag-buy-aas-raws-online","15":"product_tag-buy-masteron-enanthate","16":"product_tag-buy-masteron-enanthate-uk","17":"product_tag-buy-masteron-online","18":"product_tag-buy-raw-steroid-powders-online","19":"product_tag-buy-raw-steroids-china","20":"product_tag-drostanolone-propionate-steroid-side-effects","21":"product_tag-high-purity-anabolic-steroids-canada","22":"product_tag-how-to-use-masteron-propionate","23":"product_tag-masteron-powders-buy-masteron-propionate","24":"product_tag-masteron-propionate-100mg","25":"product_tag-masteron-propionate-brazil","26":"product_tag-masteron-propionate-buy","27":"product_tag-masteron-propionate-canada","28":"product_tag-masteron-propionate-china","29":"product_tag-masteron-propionate-dosage","30":"product_tag-masteron-propionate-factory","31":"product_tag-masteron-propionate-half-life","32":"product_tag-masteron-propionate-manufacturer","33":"product_tag-masteron-propionate-new-zealand","34":"product_tag-masteron-propionate-powder","35":"product_tag-masteron-propionate-recipe","36":"product_tag-masteron-propionate-stack","37":"product_tag-masteron-propionate-supplier","38":"product_tag-masteron-propionate-sweden","39":"product_tag-masteron-propionate-uk","40":"product_tag-masteron-propionate-usa","41":"product_tag-masteron-propionate-vs-enanthate","42":"product_tag-masteron-raw-powder","43":"product_tag-masteron-steroid-benefits","44":"product_tag-masteron-steroid-buy","45":"product_tag-masteron-steroid-dosage","46":"product_tag-masteron-steroid-price-in-india","47":"product_tag-masteron-steroid-profile","48":"product_tag-raw-steroids-for-sale","49":"product_tag-steroid-raw-material-factory-europe","50":"product_tag-steroid-raws-online","51":"product_tag-steroid-raws-supplier-florida","52":"product_tag-supplier-usa","53":"product_tag-testosterone-raw-powder-poland","54":"product_tag-trenbolone-powder-thailand","55":"product_tag-trusted-steroid-raw-supplier-worldwide","56":"product_tag-wholesale-steroid-powders-australia","58":"first","59":"instock","60":"shipping-taxable","61":"product-type-simple"},"_links":{"self":[{"href":"https:\/\/shgotopharm.com\/sv\/wp-json\/wp\/v2\/product\/1772","targetHints":{"allow":["GET"]}}],"collection":[{"href":"https:\/\/shgotopharm.com\/sv\/wp-json\/wp\/v2\/product"}],"about":[{"href":"https:\/\/shgotopharm.com\/sv\/wp-json\/wp\/v2\/types\/product"}],"replies":[{"embeddable":true,"href":"https:\/\/shgotopharm.com\/sv\/wp-json\/wp\/v2\/comments?post=1772"}],"wp:featuredmedia":[{"embeddable":true,"href":"https:\/\/shgotopharm.com\/sv\/wp-json\/wp\/v2\/media\/1773"}],"wp:attachment":[{"href":"https:\/\/shgotopharm.com\/sv\/wp-json\/wp\/v2\/media?parent=1772"}],"wp:term":[{"taxonomy":"product_brand","embeddable":true,"href":"https:\/\/shgotopharm.com\/sv\/wp-json\/wp\/v2\/product_brand?post=1772"},{"taxonomy":"product_cat","embeddable":true,"href":"https:\/\/shgotopharm.com\/sv\/wp-json\/wp\/v2\/product_cat?post=1772"},{"taxonomy":"product_tag","embeddable":true,"href":"https:\/\/shgotopharm.com\/sv\/wp-json\/wp\/v2\/product_tag?post=1772"}],"curies":[{"name":"wp","href":"https:\/\/api.w.org\/{rel}","templated":true}]}}