{"id":1779,"date":"2025-11-05T02:52:50","date_gmt":"2025-11-05T02:52:50","guid":{"rendered":"https:\/\/shgotopharm.com\/?post_type=product&#038;p=1779"},"modified":"2025-11-10T10:04:07","modified_gmt":"2025-11-10T10:04:07","slug":"kopa-usp-methandrostenolone-dianabol","status":"publish","type":"product","link":"https:\/\/shgotopharm.com\/sv\/product\/buy-usp-methandrostenolone-dianabol\/","title":{"rendered":"K\u00f6p USP Methandrostenolone Dianabol pulver"},"content":{"rendered":"<h2 data-start=\"319\" data-end=\"347\"><a href=\"https:\/\/shgotopharm.com\/sv\/product\/kopa-usp-methandrostenolone-dianabol\/\">K\u00f6p USP Methandrostenolone Dianabol pulver - SHGOTOPHARM<\/a><\/h2>\n<p data-start=\"349\" data-end=\"754\">K\u00f6p USP Methandrostenolone Dianabol,<strong data-start=\"349\" data-end=\"364\"> SHGOTOPHARM<\/strong> erbjuder premiumkvalitet <strong data-start=\"386\" data-end=\"428\">USP Methandrostenolone Dianabol (Dbol)<\/strong> - en av de mest kraftfulla och p\u00e5litliga anabola steroiderna som n\u00e5gonsin utvecklats f\u00f6r snabb muskeltillv\u00e4xt och prestationsf\u00f6rb\u00e4ttring. K\u00e4nd f\u00f6r sina snabbverkande egenskaper, <strong data-start=\"592\" data-end=\"623\">Methandrostenolone Dianabol<\/strong> ger betydande styrke- och storleks\u00f6kningar, vilket g\u00f6r det till ett f\u00f6redraget val bland professionella kroppsbyggare och idrottare \u00f6ver hela v\u00e4rlden.<\/p>\n<hr data-start=\"756\" data-end=\"759\" \/>\n<h3 data-start=\"761\" data-end=\"807\"><strong data-start=\"765\" data-end=\"807\">Vad \u00e4r methandrostenolone (Dianabol)?<\/strong><\/h3>\n<p data-start=\"809\" data-end=\"1118\"><strong data-start=\"809\" data-end=\"831\">Methandrostenolone<\/strong>, allm\u00e4nt k\u00e4nd som <strong data-start=\"851\" data-end=\"871\">Dianabol eller Dbol<\/strong>, \u00e4r en klassiker <strong data-start=\"886\" data-end=\"911\">oral anabol steroid<\/strong> h\u00e4rr\u00f6rande fr\u00e5n testosteron. Det var en av de f\u00f6rsta syntetiska steroiderna som n\u00e5gonsin producerats och fick snabbt legendarisk status f\u00f6r sin anm\u00e4rkningsv\u00e4rda f\u00f6rm\u00e5ga att fr\u00e4mja <strong data-start=\"1070\" data-end=\"1115\">muskelhypertrofi och kv\u00e4veretention<\/strong>.<\/p>\n<p data-start=\"1120\" data-end=\"1316\">N\u00e4r du <strong data-start=\"1129\" data-end=\"1185\">k\u00f6p USP Methandrostenolone Dianabol fr\u00e5n SHGOTOPHARM<\/strong>, f\u00e5r du <strong data-start=\"1202\" data-end=\"1234\">kvalitet av farmaceutisk klass<\/strong> med exceptionell renhet och konsistens - idealisk f\u00f6r forskning och formulering.<\/p>\n<hr data-start=\"1318\" data-end=\"1321\" \/>\n<h3 data-start=\"1323\" data-end=\"1357\"><strong data-start=\"1327\" data-end=\"1357\">Kemikalie- och produktinformation<\/strong><\/h3>\n<ul data-start=\"1359\" data-end=\"1683\">\n<li data-start=\"1359\" data-end=\"1416\">\n<p data-start=\"1361\" data-end=\"1416\"><strong data-start=\"1361\" data-end=\"1378\">Produktnamn:<\/strong> Methandrostenolone (Dianabol, Dbol)<\/p>\n<\/li>\n<li data-start=\"1417\" data-end=\"1444\">\n<p data-start=\"1419\" data-end=\"1444\"><strong data-start=\"1419\" data-end=\"1434\">CAS-nummer:<\/strong> 72-63-9<\/p>\n<\/li>\n<li data-start=\"1445\" data-end=\"1480\">\n<p data-start=\"1447\" data-end=\"1480\"><strong data-start=\"1447\" data-end=\"1469\">Molekyl\u00e4r formel:<\/strong> C20H28O2<\/p>\n<\/li>\n<li data-start=\"1481\" data-end=\"1513\">\n<p data-start=\"1483\" data-end=\"1513\"><strong data-start=\"1483\" data-end=\"1504\">Molekylvikt:<\/strong> 300.44<\/p>\n<\/li>\n<li data-start=\"1514\" data-end=\"1558\">\n<p data-start=\"1516\" data-end=\"1558\"><strong data-start=\"1516\" data-end=\"1531\">Utseende:<\/strong> Vitt kristallint pulver<\/p>\n<\/li>\n<li data-start=\"1559\" data-end=\"1589\">\n<p data-start=\"1561\" data-end=\"1589\"><strong data-start=\"1561\" data-end=\"1572\">Renhet:<\/strong> \u226599% USP-klass<\/p>\n<\/li>\n<li data-start=\"1590\" data-end=\"1627\">\n<p data-start=\"1592\" data-end=\"1627\"><strong data-start=\"1592\" data-end=\"1604\">F\u00f6rvaring:<\/strong> 2-8\u00b0C (kyld)<\/p>\n<\/li>\n<li data-start=\"1628\" data-end=\"1683\">\n<p data-start=\"1630\" data-end=\"1683\"><strong data-start=\"1630\" data-end=\"1644\">F\u00f6rpackning:<\/strong> 1 kg \/ aluminiumfoliep\u00e5se eller anpassad<\/p>\n<\/li>\n<\/ul>\n<hr data-start=\"1685\" data-end=\"1688\" \/>\n<h3 data-start=\"1690\" data-end=\"1735\"><strong data-start=\"1694\" data-end=\"1735\">Hur Methandrostenolone Dianabol fungerar<\/strong><\/h3>\n<p data-start=\"1737\" data-end=\"2054\">Dianabol fungerar genom att f\u00f6rb\u00e4ttra <strong data-start=\"1765\" data-end=\"1786\">proteinsyntes<\/strong> och fr\u00e4mja <strong data-start=\"1801\" data-end=\"1821\">kv\u00e4vebalans<\/strong>, b\u00e5da kritiska f\u00f6r muskeltillv\u00e4xt och reparation. Det \u00f6kar ocks\u00e5 glykogenolysen, vilket leder till fylligare och h\u00e5rdare muskler. M\u00e5nga idrottare anv\u00e4nder <strong data-start=\"1954\" data-end=\"1962\">Dbol<\/strong> att kickstarta sina bulkingcykler eller \u00f6verbrygga mellan injicerbara steroider f\u00f6r att bibeh\u00e5lla vinster.<\/p>\n<hr data-start=\"2056\" data-end=\"2059\" \/>\n<h3 data-start=\"2061\" data-end=\"2095\"><strong data-start=\"2065\" data-end=\"2095\">Rekommenderad dosering och anv\u00e4ndning<\/strong><\/h3>\n<ul data-start=\"2097\" data-end=\"2351\">\n<li data-start=\"2097\" data-end=\"2137\">\n<p data-start=\"2099\" data-end=\"2137\"><strong data-start=\"2099\" data-end=\"2119\">Dosering f\u00f6r nyb\u00f6rjare:<\/strong> 10-20 mg per dag<\/p>\n<\/li>\n<li data-start=\"2138\" data-end=\"2182\">\n<p data-start=\"2140\" data-end=\"2182\"><strong data-start=\"2140\" data-end=\"2164\">Mellanliggande dosering:<\/strong> 25-40 mg per dag<\/p>\n<\/li>\n<li data-start=\"2183\" data-end=\"2223\">\n<p data-start=\"2185\" data-end=\"2223\"><strong data-start=\"2185\" data-end=\"2205\">Avancerad dosering:<\/strong> 40-50 mg per dag<\/p>\n<\/li>\n<li data-start=\"2224\" data-end=\"2319\">\n<p data-start=\"2226\" data-end=\"2319\"><strong data-start=\"2226\" data-end=\"2244\">Typisk stack:<\/strong> Kombineras ofta med 500-1000 mg\/vecka av injicerbara testosteronf\u00f6reningar<\/p>\n<\/li>\n<li data-start=\"2320\" data-end=\"2351\">\n<p data-start=\"2322\" data-end=\"2351\"><strong data-start=\"2322\" data-end=\"2339\">Cykelns l\u00e4ngd:<\/strong> 4-6 veckor<\/p>\n<\/li>\n<\/ul>\n<p data-start=\"2353\" data-end=\"2394\"><strong data-start=\"2353\" data-end=\"2394\">Endast f\u00f6r forskning och laboratoriebruk.<\/strong><\/p>\n<hr data-start=\"2396\" data-end=\"2399\" \/>\n<h3 data-start=\"2401\" data-end=\"2446\"><strong data-start=\"2405\" data-end=\"2446\">Exempel p\u00e5 oralt recept - 50 mg\/ml l\u00f6sning<\/strong><\/h3>\n<p data-start=\"2448\" data-end=\"2477\"><strong data-start=\"2448\" data-end=\"2475\">Ingredienser (f\u00f6r 20 ml):<\/strong><\/p>\n<ul data-start=\"2478\" data-end=\"2592\">\n<li data-start=\"2478\" data-end=\"2510\">\n<p data-start=\"2480\" data-end=\"2510\">1 g Methandrostenolonpulver<\/p>\n<\/li>\n<li data-start=\"2511\" data-end=\"2592\">\n<p data-start=\"2513\" data-end=\"2592\">19 ml 190-procentig spannm\u00e5lsalkohol<br data-start=\"2541\" data-end=\"2544\" \/><strong data-start=\"2544\" data-end=\"2553\">Obs!<\/strong> Ingen PEG kr\u00e4vs (anv\u00e4nd recept utan PEG).<\/p>\n<\/li>\n<\/ul>\n<hr data-start=\"2594\" data-end=\"2597\" \/>\n<h3 data-start=\"2599\" data-end=\"2654\"><strong data-start=\"2603\" data-end=\"2654\">De viktigaste f\u00f6rdelarna med USP Methandrostenolone Dianabol<\/strong><\/h3>\n<ul data-start=\"2656\" data-end=\"2969\">\n<li data-start=\"2656\" data-end=\"2699\">\n<p data-start=\"2658\" data-end=\"2699\">Snabb och synlig <strong data-start=\"2676\" data-end=\"2697\">\u00f6kning av muskelmassa<\/strong><\/p>\n<\/li>\n<li data-start=\"2700\" data-end=\"2739\">\n<p data-start=\"2702\" data-end=\"2739\">F\u00f6rb\u00e4ttrad <strong data-start=\"2711\" data-end=\"2737\">styrka och uth\u00e5llighet<\/strong><\/p>\n<\/li>\n<li data-start=\"2740\" data-end=\"2795\">\n<p data-start=\"2742\" data-end=\"2795\">Accelererad <strong data-start=\"2754\" data-end=\"2776\">proteinmetabolism<\/strong> och <strong data-start=\"2781\" data-end=\"2793\">\u00e5terh\u00e4mtning<\/strong><\/p>\n<\/li>\n<li data-start=\"2796\" data-end=\"2855\">\n<p data-start=\"2798\" data-end=\"2855\">Bevarande av <strong data-start=\"2814\" data-end=\"2829\">mager v\u00e4vnad<\/strong> under intensiv tr\u00e4ning<\/p>\n<\/li>\n<li data-start=\"2856\" data-end=\"2912\">\n<p data-start=\"2858\" data-end=\"2912\">F\u00f6rst\u00e4rkningar <strong data-start=\"2865\" data-end=\"2883\">\u00e4mnesoms\u00e4ttning<\/strong> och hj\u00e4lpmedel <strong data-start=\"2893\" data-end=\"2910\">fettminskning<\/strong><\/p>\n<\/li>\n<li data-start=\"2913\" data-end=\"2969\">\n<p data-start=\"2915\" data-end=\"2969\">Utm\u00e4rkt <strong data-start=\"2925\" data-end=\"2948\">kick-start f\u00f6rening<\/strong> f\u00f6r bulkingcykler<\/p>\n<\/li>\n<\/ul>\n<hr data-start=\"2971\" data-end=\"2974\" \/>\n<h3 data-start=\"2976\" data-end=\"3007\"><strong data-start=\"2980\" data-end=\"3007\">Varf\u00f6r v\u00e4lja SHGOTOPHARM?<\/strong><\/h3>\n<p data-start=\"3009\" data-end=\"3360\">Vid <strong data-start=\"3012\" data-end=\"3027\">SHGOTOPHARM<\/strong>, \u00e4r vi specialiserade p\u00e5 <strong data-start=\"3046\" data-end=\"3081\">h\u00f6g renhet r\u00e5 steroidpulver<\/strong> tillverkas enligt strikta standarder f\u00f6r kvalitetskontroll och laboratorietester. V\u00e5ra <strong data-start=\"3162\" data-end=\"3197\">USP Methandrostenolone Dianabol<\/strong> anskaffas och produceras med precision f\u00f6r att uppfylla globala farmaceutiska krav - vilket s\u00e4kerst\u00e4ller att varje batch levererar <strong data-start=\"3312\" data-end=\"3359\">konsekvent styrka, renhet och tillf\u00f6rlitlighet<\/strong>.<\/p>\n<p data-start=\"3362\" data-end=\"3537\">Oavsett om det g\u00e4ller professionell forskning, formulering eller avancerad prestandautveckling, \u00e4r SHGOTOPHARM din p\u00e5litliga leverant\u00f6r f\u00f6r <strong data-start=\"3493\" data-end=\"3536\">Dianabol och andra r\u00e5a anabola pulver<\/strong>.<\/p>","protected":false},"excerpt":{"rendered":"<h2 data-start=\"319\" data-end=\"347\"><a href=\"https:\/\/shgotopharm.com\/sv\/product\/kopa-usp-methandrostenolone-dianabol\/\">K\u00f6p USP Methandrostenolone Dianabol pulver - SHGOTOPHARM<\/a><\/h2>\n<p data-start=\"349\" data-end=\"754\">K\u00f6p USP Methandrostenolone Dianabol,<strong data-start=\"349\" data-end=\"364\"> SHGOTOPHARM<\/strong> erbjuder premiumkvalitet <strong data-start=\"386\" data-end=\"428\">USP Methandrostenolone Dianabol (Dbol)<\/strong><\/p>","protected":false},"featured_media":1780,"comment_status":"open","ping_status":"closed","template":"","meta":[],"product_brand":[],"product_cat":[390],"product_tag":[935,944,934,949,945,938,933,470,493,483,489,509,505,496,502,499,486,504,507,484,932,943,503,500,482,498,506,511,495,501,485,488,492,939,494,481,491,487,508,510,490,479,931,480,940,937,948,936,946,947,942,497,941],"class_list":{"0":"post-1779","1":"product","2":"type-product","3":"status-publish","4":"has-post-thumbnail","6":"product_cat-oral-steroids","7":"product_tag-aas-poland","8":"product_tag-aas-raw-materials-australia","9":"product_tag-aas-raws","10":"product_tag-anabolic-steroid-manufacturer-canada","11":"product_tag-anabolic-steroid-powders-online","12":"product_tag-best-steroid-powder-supplier-usa","13":"product_tag-buy-aas-raws-online","14":"product_tag-buy-dianabol","15":"product_tag-buy-dianabol-in-brazil","16":"product_tag-buy-dianabol-in-canada","17":"product_tag-buy-dianabol-in-europe","18":"product_tag-buy-dianabol-in-france","19":"product_tag-buy-dianabol-in-india","20":"product_tag-buy-dianabol-in-mexico","21":"product_tag-buy-dianabol-in-poland","22":"product_tag-buy-dianabol-in-sweden","23":"product_tag-buy-dianabol-in-switzerland","24":"product_tag-buy-dianabol-in-uk","25":"product_tag-buy-dianabol-in-usa","26":"product_tag-buy-methandrostenolone","27":"product_tag-buy-raw-steroid-powders-online","28":"product_tag-buy-raw-steroids-china","29":"product_tag-dianabol-cutting","30":"product_tag-dianabol-dosage","31":"product_tag-dianabol-pills","32":"product_tag-dianabol-pills-for-sale","33":"product_tag-dianabol-powder","34":"product_tag-dianabol-price","35":"product_tag-dianabol-price-in-dollars","36":"product_tag-dianabol-tablets-10mg","37":"product_tag-dianabol-tablets-amazon","38":"product_tag-dianabol-tablets-online-shopping","39":"product_tag-dianabol-tablets-side-effects","40":"product_tag-high-purity-anabolic-steroids-canada","41":"product_tag-legit-dianabol-source","42":"product_tag-methandrostenolone-buy","43":"product_tag-methandrostenolone-cycle","44":"product_tag-methandrostenolone-dosage","45":"product_tag-methandrostenolone-powder","46":"product_tag-methandrostenolone-price","47":"product_tag-online-dianabol-store","48":"product_tag-oral-steroid-powder","49":"product_tag-raw-steroids-for-sale","50":"product_tag-recent-post-buy-dianabol-in-australia","51":"product_tag-steroid-raw-material-factory-europe","52":"product_tag-steroid-raws-online","53":"product_tag-steroid-raws-supplier-florida","54":"product_tag-supplier-usa","55":"product_tag-testosterone-raw-powder-poland","56":"product_tag-trenbolone-powder-thailand","57":"product_tag-trusted-steroid-raw-supplier-worldwide","58":"product_tag-where-to-buy-dianabol-dianabol-buy","59":"product_tag-wholesale-steroid-powders-australia","61":"first","62":"instock","63":"shipping-taxable","64":"product-type-simple"},"_links":{"self":[{"href":"https:\/\/shgotopharm.com\/sv\/wp-json\/wp\/v2\/product\/1779","targetHints":{"allow":["GET"]}}],"collection":[{"href":"https:\/\/shgotopharm.com\/sv\/wp-json\/wp\/v2\/product"}],"about":[{"href":"https:\/\/shgotopharm.com\/sv\/wp-json\/wp\/v2\/types\/product"}],"replies":[{"embeddable":true,"href":"https:\/\/shgotopharm.com\/sv\/wp-json\/wp\/v2\/comments?post=1779"}],"wp:featuredmedia":[{"embeddable":true,"href":"https:\/\/shgotopharm.com\/sv\/wp-json\/wp\/v2\/media\/1780"}],"wp:attachment":[{"href":"https:\/\/shgotopharm.com\/sv\/wp-json\/wp\/v2\/media?parent=1779"}],"wp:term":[{"taxonomy":"product_brand","embeddable":true,"href":"https:\/\/shgotopharm.com\/sv\/wp-json\/wp\/v2\/product_brand?post=1779"},{"taxonomy":"product_cat","embeddable":true,"href":"https:\/\/shgotopharm.com\/sv\/wp-json\/wp\/v2\/product_cat?post=1779"},{"taxonomy":"product_tag","embeddable":true,"href":"https:\/\/shgotopharm.com\/sv\/wp-json\/wp\/v2\/product_tag?post=1779"}],"curies":[{"name":"wp","href":"https:\/\/api.w.org\/{rel}","templated":true}]}}