{"id":1781,"date":"2025-11-05T03:08:05","date_gmt":"2025-11-05T03:08:05","guid":{"rendered":"https:\/\/shgotopharm.com\/?post_type=product&#038;p=1781"},"modified":"2025-12-13T09:50:43","modified_gmt":"2025-12-13T09:50:43","slug":"buy-oral-turinabol-powder","status":"publish","type":"product","link":"https:\/\/shgotopharm.com\/sv\/product\/buy-oral-turinabol-powder\/","title":{"rendered":"K\u00f6p oralt turinabolpulver"},"content":{"rendered":"<h2 data-start=\"1587\" data-end=\"1657\"><a href=\"https:\/\/shgotopharm.com\/sv\/product\/buy-oral-turinabol-powder\/\">K\u00f6p oralt turinabolpulver<\/a><\/h2>\n<p data-start=\"1659\" data-end=\"2022\"><strong data-start=\"1659\" data-end=\"1677\">Oral Turinabol<\/strong>, \u00e4ven k\u00e4nd som <strong data-start=\"1693\" data-end=\"1714\">Turinabol eller Tbol<\/strong>, \u00e4r en legendarisk <strong data-start=\"1731\" data-end=\"1751\">anabol steroid<\/strong> som kombinerar de kemiska styrkorna hos <strong data-start=\"1792\" data-end=\"1825\">Methandrostenolone (Dianabol)<\/strong> och <strong data-start=\"1830\" data-end=\"1843\">Clostebol<\/strong>.<br data-start=\"1844\" data-end=\"1847\" \/>N\u00e4r du <strong data-start=\"1856\" data-end=\"1885\">K\u00f6p oralt turinabolpulver<\/strong> fr\u00e5n <strong data-start=\"1891\" data-end=\"1906\">SHGOTOPHARM<\/strong>, f\u00e5r du <strong data-start=\"1916\" data-end=\"1951\">r\u00e5pulver av farmaceutisk kvalitet<\/strong> utformad f\u00f6r exakta och tillf\u00f6rlitliga forsknings- och formuleringsapplikationer.<\/p>\n<p data-start=\"2024\" data-end=\"2248\">Denna unika struktur ger <strong data-start=\"2052\" data-end=\"2081\">Oralt Turinabol r\u00e5pulver<\/strong> kraftfulla anabola effekter med mycket l\u00e5ga androgena egenskaper - perfekt f\u00f6r dem som s\u00f6ker <strong data-start=\"2170\" data-end=\"2201\">mager, definierad muskeltillv\u00e4xt<\/strong> utan vattenansamlingar eller \u00f6verdriven uppbl\u00e5sthet.<\/p>\n<hr data-start=\"2250\" data-end=\"2253\" \/>\n<h3 data-start=\"2255\" data-end=\"2303\">\u2697\ufe0f <strong data-start=\"2262\" data-end=\"2303\">Oral Turinabol Produktspecifikationer<\/strong><\/h3>\n<ul data-start=\"2305\" data-end=\"2680\">\n<li data-start=\"2305\" data-end=\"2341\">\n<p data-start=\"2307\" data-end=\"2341\"><strong data-start=\"2307\" data-end=\"2324\">Produktnamn:<\/strong> Oral Turinabol<\/p>\n<\/li>\n<li data-start=\"2342\" data-end=\"2398\">\n<p data-start=\"2344\" data-end=\"2398\"><strong data-start=\"2344\" data-end=\"2362\">Kemiskt namn:<\/strong> 4-klorodehydrometyltestosteron<\/p>\n<\/li>\n<li data-start=\"2399\" data-end=\"2428\">\n<p data-start=\"2401\" data-end=\"2428\"><strong data-start=\"2401\" data-end=\"2416\">CAS-nummer:<\/strong> 2446-23-3<\/p>\n<\/li>\n<li data-start=\"2429\" data-end=\"2466\">\n<p data-start=\"2431\" data-end=\"2466\"><strong data-start=\"2431\" data-end=\"2453\">Molekyl\u00e4r formel:<\/strong> C20H27ClO2<\/p>\n<\/li>\n<li data-start=\"2467\" data-end=\"2499\">\n<p data-start=\"2469\" data-end=\"2499\"><strong data-start=\"2469\" data-end=\"2490\">Molekylvikt:<\/strong> 334.88<\/p>\n<\/li>\n<li data-start=\"2500\" data-end=\"2537\">\n<p data-start=\"2502\" data-end=\"2537\"><strong data-start=\"2502\" data-end=\"2513\">Renhet:<\/strong> \u226599% USP\/Pharmakvalitet<\/p>\n<\/li>\n<li data-start=\"2538\" data-end=\"2582\">\n<p data-start=\"2540\" data-end=\"2582\"><strong data-start=\"2540\" data-end=\"2555\">Utseende:<\/strong> Vitt kristallint pulver<\/p>\n<\/li>\n<li data-start=\"2583\" data-end=\"2623\">\n<p data-start=\"2585\" data-end=\"2623\"><strong data-start=\"2585\" data-end=\"2597\">F\u00f6rvaring:<\/strong> 2-8\u00b0C (sval, torr plats)<\/p>\n<\/li>\n<li data-start=\"2624\" data-end=\"2680\">\n<p data-start=\"2626\" data-end=\"2680\"><strong data-start=\"2626\" data-end=\"2640\">F\u00f6rpackning:<\/strong> 1 kg\/p\u00e5se av aluminiumfolie eller enligt \u00f6nskem\u00e5l<\/p>\n<\/li>\n<\/ul>\n<p data-start=\"2682\" data-end=\"2797\">Varje parti av <strong data-start=\"2697\" data-end=\"2729\">SHGOTOPHARM Turinabol pulver<\/strong> \u00e4r laboratorietestade f\u00f6r att garantera o\u00f6vertr\u00e4ffad konsistens och renhet.<\/p>\n<hr data-start=\"2799\" data-end=\"2802\" \/>\n<h3 data-start=\"2804\" data-end=\"2862\"><strong data-start=\"2811\" data-end=\"2862\">Varf\u00f6r k\u00f6pa oralt Turinabol-pulver fr\u00e5n SHGOTOPHARM?<\/strong><\/h3>\n<ol data-start=\"2864\" data-end=\"3218\">\n<li data-start=\"2864\" data-end=\"2907\">\n<p data-start=\"2867\" data-end=\"2907\"><strong data-start=\"2867\" data-end=\"2883\">H\u00f6g renhet:<\/strong> \u226599% verifierad med HPLC<\/p>\n<\/li>\n<li data-start=\"2908\" data-end=\"2974\">\n<p data-start=\"2911\" data-end=\"2974\"><strong data-start=\"2911\" data-end=\"2938\">Farmaceutisk kvalitet:<\/strong> USP-klassade tillverkningsstandarder<\/p>\n<\/li>\n<li data-start=\"2975\" data-end=\"3047\">\n<p data-start=\"2978\" data-end=\"3047\"><strong data-start=\"2978\" data-end=\"3001\">Stadiga, magra \u00f6kningar:<\/strong> F\u00f6rb\u00e4ttrar styrka, h\u00e5rdhet och definition<\/p>\n<\/li>\n<li data-start=\"3048\" data-end=\"3116\">\n<p data-start=\"3051\" data-end=\"3116\"><strong data-start=\"3051\" data-end=\"3077\">L\u00e5g \u00f6strogen p\u00e5verkan:<\/strong> Minimal v\u00e4tskeansamling eller svullnad<\/p>\n<\/li>\n<li data-start=\"3117\" data-end=\"3218\">\n<p data-start=\"3120\" data-end=\"3218\"><strong data-start=\"3120\" data-end=\"3141\">P\u00e5litlig leverant\u00f6r:<\/strong> SHGOTOPHARM \u00e4r en professionell tillverkare och export\u00f6r av r\u00e5 steroidpulver<\/p>\n<\/li>\n<\/ol>\n<p data-start=\"3220\" data-end=\"3410\">Genom att v\u00e4lja att <strong data-start=\"3235\" data-end=\"3264\">K\u00f6p oralt turinabolpulver<\/strong> fr\u00e5n SHGOTOPHARM f\u00e5r forskare och formuleringsexperter tillg\u00e5ng till en av de mest p\u00e5litliga <strong data-start=\"3358\" data-end=\"3389\">Turinabol anabola steroider<\/strong> tillg\u00e4nglig \u00f6ver hela v\u00e4rlden.<\/p>\n<hr data-start=\"3412\" data-end=\"3415\" \/>\n<h3 data-start=\"3417\" data-end=\"3452\"><strong data-start=\"3424\" data-end=\"3452\">Hur Oral Turinabol fungerar<\/strong><\/h3>\n<p data-start=\"3454\" data-end=\"3773\">Oral Turinabol fr\u00e4mjar <strong data-start=\"3478\" data-end=\"3499\">proteinsyntes<\/strong>, f\u00f6rb\u00e4ttrar <strong data-start=\"3510\" data-end=\"3530\">kv\u00e4vebalans<\/strong>, och f\u00f6rb\u00e4ttrar <strong data-start=\"3545\" data-end=\"3574\">produktion av r\u00f6da blodkroppar<\/strong>, som alla p\u00e5skyndar muskel\u00e5terh\u00e4mtning och uth\u00e5llighet.<br data-start=\"3630\" data-end=\"3633\" \/>Till skillnad fr\u00e5n traditionella fyllnadsmedel, <strong data-start=\"3668\" data-end=\"3697\">Oralt Turinabol r\u00e5pulver<\/strong> ger stadiga kvalitetsf\u00f6rb\u00e4ttringar - perfekt f\u00f6r sk\u00e4rnings- eller omformningscykler.<\/p>\n<hr data-start=\"3775\" data-end=\"3778\" \/>\n<h3 data-start=\"3780\" data-end=\"3839\"><strong data-start=\"3787\" data-end=\"3839\">Rekommenderad forskningsdosering (f\u00f6r laboratoriebruk)<\/strong><\/h3>\n<ul data-start=\"3841\" data-end=\"3925\">\n<li data-start=\"3841\" data-end=\"3866\">\n<p data-start=\"3843\" data-end=\"3866\"><strong data-start=\"3843\" data-end=\"3851\">Men..:<\/strong> 20-50 mg\/dag<\/p>\n<\/li>\n<li data-start=\"3867\" data-end=\"3893\">\n<p data-start=\"3869\" data-end=\"3893\"><strong data-start=\"3869\" data-end=\"3879\">Kvinnor:<\/strong> 5-10 mg\/dag<\/p>\n<\/li>\n<li data-start=\"3894\" data-end=\"3925\">\n<p data-start=\"3896\" data-end=\"3925\"><strong data-start=\"3896\" data-end=\"3913\">Cykelns l\u00e4ngd:<\/strong> 6-8 veckor<\/p>\n<\/li>\n<\/ul>\n<p data-start=\"3927\" data-end=\"4011\"><em data-start=\"3927\" data-end=\"4011\">(Endast f\u00f6r laboratorie-, analys- eller formulerings\u00e4ndam\u00e5l - ej f\u00f6r m\u00e4nsklig konsumtion)<\/em><\/p>\n<hr data-start=\"4013\" data-end=\"4016\" \/>\n<h3 data-start=\"4018\" data-end=\"4048\"><strong data-start=\"4025\" data-end=\"4048\">Bakgrund och arv<\/strong><\/h3>\n<p data-start=\"4050\" data-end=\"4445\">Utvecklades ursprungligen 1962 av <strong data-start=\"4082\" data-end=\"4095\">Jenapharm<\/strong> i \u00d6sttyskland, <strong data-start=\"4113\" data-end=\"4131\">Oral Turinabol<\/strong> blev snabbt k\u00e4nd f\u00f6r sin <strong data-start=\"4162\" data-end=\"4185\">h\u00f6g s\u00e4kerhetsprofil<\/strong> och <strong data-start=\"4190\" data-end=\"4216\">klinisk effektivitet<\/strong> f\u00f6r att bibeh\u00e5lla muskelmassa och bent\u00e4thet.<br data-start=\"4261\" data-end=\"4264\" \/>Dess kombination av <strong data-start=\"4283\" data-end=\"4304\">m\u00e5ttlig anabol<\/strong> och <strong data-start=\"4309\" data-end=\"4327\">l\u00e5g androgen<\/strong> gjorde den l\u00e4mplig f\u00f6r b\u00e5de m\u00e4n och kvinnor i medicinska till\u00e4mpningar innan den uppm\u00e4rksammades f\u00f6r atletisk anv\u00e4ndning.<\/p>\n<p data-start=\"4447\" data-end=\"4609\">Idag.., <strong data-start=\"4454\" data-end=\"4486\">SHGOTOPHARM Turinabol pulver<\/strong> \u00e4r en forts\u00e4ttning p\u00e5 arvet av precision och renhet - nu tillg\u00e4nglig f\u00f6r avancerad forskning och formuleringsutveckling \u00f6ver hela v\u00e4rlden.<\/p>\n<hr data-start=\"4611\" data-end=\"4614\" \/>\n<h3 data-start=\"4616\" data-end=\"4664\"><strong data-start=\"4623\" data-end=\"4664\">Viktiga f\u00f6rdelar med oralt Turinabol-pulver<\/strong><\/h3>\n<ul data-start=\"4666\" data-end=\"4930\">\n<li data-start=\"4666\" data-end=\"4718\">\n<p data-start=\"4668\" data-end=\"4718\">Fr\u00e4mjar <strong data-start=\"4677\" data-end=\"4699\">tillv\u00e4xt av magra muskler<\/strong> utan uppbl\u00e5sthet<\/p>\n<\/li>\n<li data-start=\"4719\" data-end=\"4765\">\n<p data-start=\"4721\" data-end=\"4765\">F\u00f6rb\u00e4ttrar <strong data-start=\"4730\" data-end=\"4763\">styrka, kraft och \u00e5terh\u00e4mtning<\/strong><\/p>\n<\/li>\n<li data-start=\"4766\" data-end=\"4812\">\n<p data-start=\"4768\" data-end=\"4812\">St\u00f6d f\u00f6r <strong data-start=\"4777\" data-end=\"4810\">fettf\u00f6rbr\u00e4nning och bibeh\u00e5llande av muskelmassa<\/strong><\/p>\n<\/li>\n<li data-start=\"4813\" data-end=\"4871\">\n<p data-start=\"4815\" data-end=\"4871\">Tillhandah\u00e5ller <strong data-start=\"4824\" data-end=\"4869\">stabila och konsekventa resultat<\/strong><\/p>\n<\/li>\n<li data-start=\"4872\" data-end=\"4930\">\n<p data-start=\"4874\" data-end=\"4930\">Idealisk f\u00f6r <strong data-start=\"4884\" data-end=\"4928\">forskningscykler f\u00f6r sk\u00e4rning eller ombrytning<\/strong><\/p>\n<\/li>\n<\/ul>\n<hr data-start=\"4932\" data-end=\"4935\" \/>\n<h3 data-start=\"4937\" data-end=\"4970\"><strong data-start=\"4944\" data-end=\"4970\">Varf\u00f6r v\u00e4lja SHGOTOPHARM<\/strong><\/h3>\n<p data-start=\"4972\" data-end=\"5310\">Som en global ledare inom <strong data-start=\"4994\" data-end=\"5026\">r\u00e5a anabola steroidpulver<\/strong>, <strong data-start=\"5028\" data-end=\"5043\">SHGOTOPHARM<\/strong> s\u00e4kerst\u00e4ller <strong data-start=\"5052\" data-end=\"5104\">renhet p\u00e5 farmaceutisk niv\u00e5, konkurrenskraftig priss\u00e4ttning<\/strong>, och <strong data-start=\"5110\" data-end=\"5141\">p\u00e5litlig leverans \u00f6ver hela v\u00e4rlden<\/strong>.<br data-start=\"5142\" data-end=\"5145\" \/>N\u00e4r du <strong data-start=\"5154\" data-end=\"5183\">K\u00f6p oralt turinabolpulver<\/strong> fr\u00e5n SHGOTOPHARM, samarbetar du med ett f\u00f6retag som \u00e4r dedikerat till kvalitet, \u00f6ppenhet och excellens inom prestationsforskning.<\/p>","protected":false},"excerpt":{"rendered":"<p>K\u00f6p Oral Turinabol Powder fr\u00e5n SHGOTOPHARM - 99% rent anaboliskt r\u00e5pulver f\u00f6r mager muskeltillv\u00e4xt, styrka och prestanda. P\u00e5litlig leverant\u00f6r av Turinabol-r\u00e5varor \u00f6ver hela v\u00e4rlden.<\/p>","protected":false},"featured_media":1782,"comment_status":"open","ping_status":"closed","template":"","meta":[],"product_brand":[],"product_cat":[390],"product_tag":[874,935,944,934,949,945,938,933,870,932,943,939,871,876,877,931,872,940,937,948,936,946,947,942,873,880,879,882,875,881,878,941],"class_list":{"0":"post-1781","1":"product","2":"type-product","3":"status-publish","4":"has-post-thumbnail","6":"product_cat-oral-steroids","7":"product_tag-4-chlorodehydromethyltestosterone","8":"product_tag-aas-poland","9":"product_tag-aas-raw-materials-australia","10":"product_tag-aas-raws","11":"product_tag-anabolic-steroid-manufacturer-canada","12":"product_tag-anabolic-steroid-powders-online","13":"product_tag-best-steroid-powder-supplier-usa","14":"product_tag-buy-aas-raws-online","15":"product_tag-buy-oral-turinabol-powder-usa","16":"product_tag-buy-raw-steroid-powders-online","17":"product_tag-buy-raw-steroids-china","18":"product_tag-high-purity-anabolic-steroids-canada","19":"product_tag-oral-turinabol-raw-powder","20":"product_tag-oral-turinabol-supplier","21":"product_tag-raw-steroid-powders-for-research","22":"product_tag-raw-steroids-for-sale","23":"product_tag-shgotopharm-turinabol","24":"product_tag-steroid-raw-material-factory-europe","25":"product_tag-steroid-raws-online","26":"product_tag-steroid-raws-supplier-florida","27":"product_tag-supplier-usa","28":"product_tag-testosterone-raw-powder-poland","29":"product_tag-trenbolone-powder-thailand","30":"product_tag-trusted-steroid-raw-supplier-worldwide","31":"product_tag-turinabol-anabolic-steroid","32":"product_tag-turinabol-australia","33":"product_tag-turinabol-canada","34":"product_tag-turinabol-europe","35":"product_tag-turinabol-for-muscle-growth","36":"product_tag-turinabol-uk","37":"product_tag-turinabol-usa","38":"product_tag-wholesale-steroid-powders-australia","40":"first","41":"instock","42":"shipping-taxable","43":"product-type-simple"},"_links":{"self":[{"href":"https:\/\/shgotopharm.com\/sv\/wp-json\/wp\/v2\/product\/1781","targetHints":{"allow":["GET"]}}],"collection":[{"href":"https:\/\/shgotopharm.com\/sv\/wp-json\/wp\/v2\/product"}],"about":[{"href":"https:\/\/shgotopharm.com\/sv\/wp-json\/wp\/v2\/types\/product"}],"replies":[{"embeddable":true,"href":"https:\/\/shgotopharm.com\/sv\/wp-json\/wp\/v2\/comments?post=1781"}],"wp:featuredmedia":[{"embeddable":true,"href":"https:\/\/shgotopharm.com\/sv\/wp-json\/wp\/v2\/media\/1782"}],"wp:attachment":[{"href":"https:\/\/shgotopharm.com\/sv\/wp-json\/wp\/v2\/media?parent=1781"}],"wp:term":[{"taxonomy":"product_brand","embeddable":true,"href":"https:\/\/shgotopharm.com\/sv\/wp-json\/wp\/v2\/product_brand?post=1781"},{"taxonomy":"product_cat","embeddable":true,"href":"https:\/\/shgotopharm.com\/sv\/wp-json\/wp\/v2\/product_cat?post=1781"},{"taxonomy":"product_tag","embeddable":true,"href":"https:\/\/shgotopharm.com\/sv\/wp-json\/wp\/v2\/product_tag?post=1781"}],"curies":[{"name":"wp","href":"https:\/\/api.w.org\/{rel}","templated":true}]}}